{"id":1062,"date":"2024-10-03T21:55:57","date_gmt":"2024-10-03T18:55:57","guid":{"rendered":"https:\/\/flamekocamper.ee\/?page_id=1062"},"modified":"2024-11-14T12:33:29","modified_gmt":"2024-11-14T10:33:29","slug":"soiduki-lisagarantii","status":"publish","type":"page","link":"https:\/\/flamekocamper.ee\/en\/soiduki-lisagarantii\/","title":{"rendered":"S\u00f5iduki lisagarantii"},"content":{"rendered":"<p>Flameko Autohooldus ja Flameko Camper on <strong>Extendo Insurance O\u00dc<\/strong> partner remontt\u00f6\u00f6de teostamisel, s\u00f5idukite kontrollimisel ja garantii vormistamisel.<\/p>\n\n\n\n<p>K\u00fcsi lisainfot v\u00f5i tee hinnap\u00e4ring matkas\u00f5idukile otse Flameko Camperist!<br><a href=\"https:\/\/flamekocamper.ee\/en\/hinnaparing\/\">https:\/\/flamekocamper.ee\/hinnaparing\/<br><\/a><\/p>","protected":false},"excerpt":{"rendered":"<p>Flameko Autohooldus ja Flameko Camper on Extendo Insurance O\u00dc partner remontt\u00f6\u00f6de teostamisel, s\u00f5idukite kontrollimisel ja garantii vormistamisel. K\u00fcsi lisainfot v\u00f5i tee hinnap\u00e4ring matkas\u00f5idukile otse Flameko Camperist!https:\/\/flamekocamper.ee\/hinnaparing\/<\/p>","protected":false},"author":1,"featured_media":1063,"parent":0,"menu_order":0,"comment_status":"closed","ping_status":"closed","template":"","meta":{"_themeisle_gutenberg_block_has_review":false,"footnotes":""},"class_list":["post-1062","page","type-page","status-publish","has-post-thumbnail","hentry"],"yoast_head":"<!-- This site is optimized with the Yoast SEO plugin v27.2 - https:\/\/yoast.com\/product\/yoast-seo-wordpress\/ -->\n<title>S\u00f5iduki lisagarantii - Flameko Camper<\/title>\n<meta name=\"robots\" content=\"index, follow, max-snippet:-1, max-image-preview:large, max-video-preview:-1\" \/>\n<link rel=\"canonical\" href=\"https:\/\/flamekocamper.ee\/en\/soiduki-lisagarantii\/\" \/>\n<meta property=\"og:locale\" content=\"en_US\" \/>\n<meta property=\"og:type\" content=\"article\" \/>\n<meta property=\"og:title\" content=\"S\u00f5iduki lisagarantii - Flameko Camper\" \/>\n<meta property=\"og:description\" content=\"Flameko Autohooldus ja Flameko Camper on Extendo Insurance O\u00dc partner remontt\u00f6\u00f6de teostamisel, s\u00f5idukite kontrollimisel ja garantii vormistamisel. K\u00fcsi lisainfot v\u00f5i tee hinnap\u00e4ring matkas\u00f5idukile otse Flameko Camperist!https:\/\/flamekocamper.ee\/hinnaparing\/\" \/>\n<meta property=\"og:url\" content=\"https:\/\/flamekocamper.ee\/en\/soiduki-lisagarantii\/\" \/>\n<meta property=\"og:site_name\" content=\"Flameko Camper\" \/>\n<meta property=\"article:publisher\" content=\"https:\/\/www.facebook.com\/flamekocamper\" \/>\n<meta property=\"article:modified_time\" content=\"2024-11-14T10:33:29+00:00\" \/>\n<meta property=\"og:image\" content=\"https:\/\/flamekocamper.ee\/wp-content\/uploads\/2024\/10\/Flameko-garantii.jpg\" \/>\n\t<meta property=\"og:image:width\" content=\"1920\" \/>\n\t<meta property=\"og:image:height\" content=\"1080\" \/>\n\t<meta property=\"og:image:type\" content=\"image\/jpeg\" \/>\n<meta name=\"twitter:card\" content=\"summary_large_image\" \/>\n<meta name=\"twitter:label1\" content=\"Est. reading time\" \/>\n\t<meta name=\"twitter:data1\" content=\"1 minute\" \/>\n<script type=\"application\/ld+json\" class=\"yoast-schema-graph\">{\"@context\":\"https:\/\/schema.org\",\"@graph\":[{\"@type\":\"WebPage\",\"@id\":\"https:\/\/flamekocamper.ee\/soiduki-lisagarantii\/\",\"url\":\"https:\/\/flamekocamper.ee\/soiduki-lisagarantii\/\",\"name\":\"S\u00f5iduki lisagarantii - Flameko Camper\",\"isPartOf\":{\"@id\":\"https:\/\/flamekocamper.ee\/#website\"},\"primaryImageOfPage\":{\"@id\":\"https:\/\/flamekocamper.ee\/soiduki-lisagarantii\/#primaryimage\"},\"image\":{\"@id\":\"https:\/\/flamekocamper.ee\/soiduki-lisagarantii\/#primaryimage\"},\"thumbnailUrl\":\"https:\/\/flamekocamper.ee\/wp-content\/uploads\/2024\/10\/Flameko-garantii.jpg\",\"datePublished\":\"2024-10-03T18:55:57+00:00\",\"dateModified\":\"2024-11-14T10:33:29+00:00\",\"breadcrumb\":{\"@id\":\"https:\/\/flamekocamper.ee\/soiduki-lisagarantii\/#breadcrumb\"},\"inLanguage\":\"en-US\",\"potentialAction\":[{\"@type\":\"ReadAction\",\"target\":[\"https:\/\/flamekocamper.ee\/soiduki-lisagarantii\/\"]}]},{\"@type\":\"ImageObject\",\"inLanguage\":\"en-US\",\"@id\":\"https:\/\/flamekocamper.ee\/soiduki-lisagarantii\/#primaryimage\",\"url\":\"https:\/\/flamekocamper.ee\/wp-content\/uploads\/2024\/10\/Flameko-garantii.jpg\",\"contentUrl\":\"https:\/\/flamekocamper.ee\/wp-content\/uploads\/2024\/10\/Flameko-garantii.jpg\",\"width\":1920,\"height\":1080},{\"@type\":\"BreadcrumbList\",\"@id\":\"https:\/\/flamekocamper.ee\/soiduki-lisagarantii\/#breadcrumb\",\"itemListElement\":[{\"@type\":\"ListItem\",\"position\":1,\"name\":\"Home\",\"item\":\"https:\/\/flamekocamper.ee\/\"},{\"@type\":\"ListItem\",\"position\":2,\"name\":\"S\u00f5iduki lisagarantii\"}]},{\"@type\":\"WebSite\",\"@id\":\"https:\/\/flamekocamper.ee\/#website\",\"url\":\"https:\/\/flamekocamper.ee\/\",\"name\":\"Flameko Camper\",\"description\":\"K&otilde;ik hooldus ja remontt&ouml;&ouml;d Sinu matkaautole ja haagissuvilale. Seda k&otilde;ike nii autole endale kui ka elamuosale!\",\"publisher\":{\"@id\":\"https:\/\/flamekocamper.ee\/#organization\"},\"potentialAction\":[{\"@type\":\"SearchAction\",\"target\":{\"@type\":\"EntryPoint\",\"urlTemplate\":\"https:\/\/flamekocamper.ee\/?s={search_term_string}\"},\"query-input\":{\"@type\":\"PropertyValueSpecification\",\"valueRequired\":true,\"valueName\":\"search_term_string\"}}],\"inLanguage\":\"en-US\"},{\"@type\":\"Organization\",\"@id\":\"https:\/\/flamekocamper.ee\/#organization\",\"name\":\"Flameko Camper - Flameko O\u00dc\",\"url\":\"https:\/\/flamekocamper.ee\/\",\"logo\":{\"@type\":\"ImageObject\",\"inLanguage\":\"en-US\",\"@id\":\"https:\/\/flamekocamper.ee\/#\/schema\/logo\/image\/\",\"url\":\"https:\/\/flamekocamper.ee\/wp-content\/uploads\/2023\/04\/logo-2.png\",\"contentUrl\":\"https:\/\/flamekocamper.ee\/wp-content\/uploads\/2023\/04\/logo-2.png\",\"width\":400,\"height\":283,\"caption\":\"Flameko Camper - Flameko O\u00dc\"},\"image\":{\"@id\":\"https:\/\/flamekocamper.ee\/#\/schema\/logo\/image\/\"},\"sameAs\":[\"https:\/\/www.facebook.com\/flamekocamper\",\"https:\/\/www.instagram.com\/flamekocamper\/\"]}]}<\/script>\n<!-- \/ Yoast SEO plugin. -->","yoast_head_json":{"title":"S\u00f5iduki lisagarantii - Flameko Camper","robots":{"index":"index","follow":"follow","max-snippet":"max-snippet:-1","max-image-preview":"max-image-preview:large","max-video-preview":"max-video-preview:-1"},"canonical":"https:\/\/flamekocamper.ee\/en\/soiduki-lisagarantii\/","og_locale":"en_US","og_type":"article","og_title":"S\u00f5iduki lisagarantii - Flameko Camper","og_description":"Flameko Autohooldus ja Flameko Camper on Extendo Insurance O\u00dc partner remontt\u00f6\u00f6de teostamisel, s\u00f5idukite kontrollimisel ja garantii vormistamisel. K\u00fcsi lisainfot v\u00f5i tee hinnap\u00e4ring matkas\u00f5idukile otse Flameko Camperist!https:\/\/flamekocamper.ee\/hinnaparing\/","og_url":"https:\/\/flamekocamper.ee\/en\/soiduki-lisagarantii\/","og_site_name":"Flameko Camper","article_publisher":"https:\/\/www.facebook.com\/flamekocamper","article_modified_time":"2024-11-14T10:33:29+00:00","og_image":[{"width":1920,"height":1080,"url":"https:\/\/flamekocamper.ee\/wp-content\/uploads\/2024\/10\/Flameko-garantii.jpg","type":"image\/jpeg"}],"twitter_card":"summary_large_image","twitter_misc":{"Est. reading time":"1 minute"},"schema":{"@context":"https:\/\/schema.org","@graph":[{"@type":"WebPage","@id":"https:\/\/flamekocamper.ee\/soiduki-lisagarantii\/","url":"https:\/\/flamekocamper.ee\/soiduki-lisagarantii\/","name":"S\u00f5iduki lisagarantii - Flameko Camper","isPartOf":{"@id":"https:\/\/flamekocamper.ee\/#website"},"primaryImageOfPage":{"@id":"https:\/\/flamekocamper.ee\/soiduki-lisagarantii\/#primaryimage"},"image":{"@id":"https:\/\/flamekocamper.ee\/soiduki-lisagarantii\/#primaryimage"},"thumbnailUrl":"https:\/\/flamekocamper.ee\/wp-content\/uploads\/2024\/10\/Flameko-garantii.jpg","datePublished":"2024-10-03T18:55:57+00:00","dateModified":"2024-11-14T10:33:29+00:00","breadcrumb":{"@id":"https:\/\/flamekocamper.ee\/soiduki-lisagarantii\/#breadcrumb"},"inLanguage":"en-US","potentialAction":[{"@type":"ReadAction","target":["https:\/\/flamekocamper.ee\/soiduki-lisagarantii\/"]}]},{"@type":"ImageObject","inLanguage":"en-US","@id":"https:\/\/flamekocamper.ee\/soiduki-lisagarantii\/#primaryimage","url":"https:\/\/flamekocamper.ee\/wp-content\/uploads\/2024\/10\/Flameko-garantii.jpg","contentUrl":"https:\/\/flamekocamper.ee\/wp-content\/uploads\/2024\/10\/Flameko-garantii.jpg","width":1920,"height":1080},{"@type":"BreadcrumbList","@id":"https:\/\/flamekocamper.ee\/soiduki-lisagarantii\/#breadcrumb","itemListElement":[{"@type":"ListItem","position":1,"name":"Home","item":"https:\/\/flamekocamper.ee\/"},{"@type":"ListItem","position":2,"name":"S\u00f5iduki lisagarantii"}]},{"@type":"WebSite","@id":"https:\/\/flamekocamper.ee\/#website","url":"https:\/\/flamekocamper.ee\/","name":"Flameko Camper","description":"K&otilde;ik hooldus ja remontt&ouml;&ouml;d Sinu matkaautole ja haagissuvilale. Seda k&otilde;ike nii autole endale kui ka elamuosale!","publisher":{"@id":"https:\/\/flamekocamper.ee\/#organization"},"potentialAction":[{"@type":"SearchAction","target":{"@type":"EntryPoint","urlTemplate":"https:\/\/flamekocamper.ee\/?s={search_term_string}"},"query-input":{"@type":"PropertyValueSpecification","valueRequired":true,"valueName":"search_term_string"}}],"inLanguage":"en-US"},{"@type":"Organization","@id":"https:\/\/flamekocamper.ee\/#organization","name":"Flameko Camper - Flameko O\u00dc","url":"https:\/\/flamekocamper.ee\/","logo":{"@type":"ImageObject","inLanguage":"en-US","@id":"https:\/\/flamekocamper.ee\/#\/schema\/logo\/image\/","url":"https:\/\/flamekocamper.ee\/wp-content\/uploads\/2023\/04\/logo-2.png","contentUrl":"https:\/\/flamekocamper.ee\/wp-content\/uploads\/2023\/04\/logo-2.png","width":400,"height":283,"caption":"Flameko Camper - Flameko O\u00dc"},"image":{"@id":"https:\/\/flamekocamper.ee\/#\/schema\/logo\/image\/"},"sameAs":["https:\/\/www.facebook.com\/flamekocamper","https:\/\/www.instagram.com\/flamekocamper\/"]}]}},"_links":{"self":[{"href":"https:\/\/flamekocamper.ee\/en\/wp-json\/wp\/v2\/pages\/1062","targetHints":{"allow":["GET"]}}],"collection":[{"href":"https:\/\/flamekocamper.ee\/en\/wp-json\/wp\/v2\/pages"}],"about":[{"href":"https:\/\/flamekocamper.ee\/en\/wp-json\/wp\/v2\/types\/page"}],"author":[{"embeddable":true,"href":"https:\/\/flamekocamper.ee\/en\/wp-json\/wp\/v2\/users\/1"}],"replies":[{"embeddable":true,"href":"https:\/\/flamekocamper.ee\/en\/wp-json\/wp\/v2\/comments?post=1062"}],"version-history":[{"count":3,"href":"https:\/\/flamekocamper.ee\/en\/wp-json\/wp\/v2\/pages\/1062\/revisions"}],"predecessor-version":[{"id":1138,"href":"https:\/\/flamekocamper.ee\/en\/wp-json\/wp\/v2\/pages\/1062\/revisions\/1138"}],"wp:featuredmedia":[{"embeddable":true,"href":"https:\/\/flamekocamper.ee\/en\/wp-json\/wp\/v2\/media\/1063"}],"wp:attachment":[{"href":"https:\/\/flamekocamper.ee\/en\/wp-json\/wp\/v2\/media?parent=1062"}],"curies":[{"name":"wp","href":"https:\/\/api.w.org\/{rel}","templated":true}]}}