{"id":1119,"date":"2024-10-30T13:53:04","date_gmt":"2024-10-30T11:53:04","guid":{"rendered":"https:\/\/flamekocamper.ee\/?page_id=1119"},"modified":"2025-10-15T23:22:04","modified_gmt":"2025-10-15T20:22:04","slug":"knaus","status":"publish","type":"page","link":"https:\/\/flamekocamper.ee\/en\/meist\/knaus\/","title":{"rendered":"Knaus"},"content":{"rendered":"<p>KNAUS on \u00fcle 60 aasta olnud \u00fcks Euroopa juhtivaid matkaautode ja haagissuvilate tootjaid, pakkudes s\u00f5idukeid, mis \u00fchendavad&nbsp;<strong>Saksa insenerit\u00f6\u00f6 t\u00e4psuse, kaasaegse disaini ja uuendusliku tehnoloogia<\/strong>.<br>KNAUSi eesm\u00e4rk on lihtne \u2013 luua ratastel kodu, mis pakub maksimaalset mugavust, funktsionaalsust ja reisimisvabadust igas olukorras. Just sellep\u00e4rast on Knaus p\u00e4lvinud matkajate usalduse \u00fcle maailma.<\/p>\n\n\n\n<p>Flameko Camper on <a href=\"https:\/\/dealer.knaustabbert.de\/en-gb\/dealers\/flameko-ou-75d35ef4bc\/?brand=1100\">Knaus ametlik esindaja Eestis<\/a> ja pakub k\u00f5ike alates Knaus matkas\u00f5idukite m\u00fc\u00fcgist kuni garantiihoolduse, remondi ja lisavarustuse paigalduseni. Soovime, et sinu matkas\u00f5iduk oleks alati parimas korras ning valmis uueks seikluseks.<br>Meie juures on saadaval t\u00e4isteenus k\u00f5ikidele s\u00f5idukitele s\u00f5ltumata auto vanusest v\u00f5i ostukohast:<\/p>\n\n\n\n<ul class=\"wp-block-list\">\n<li>Garantiiremont, hooldus.<\/li>\n\n\n\n<li>Niiskuskontroll ja aastahooldus.<\/li>\n\n\n\n<li>Lisavarustuse paigaldus, varuosad.<\/li>\n\n\n\n<li>Kindlustusjuhtumite lahendamine, klaasivahetus.<\/li>\n\n\n\n<li>Ekspertide n\u00f5ustamine sobiva s\u00f5iduki valikul.<\/li>\n<\/ul>\n\n\n\n<blockquote class=\"wp-block-quote is-style-default is-layout-flow wp-block-quote-is-layout-flow\">\n<p>Sobiva mudeli leidmiseks kasutage julgelt KNAUSi kodulehe otsingufunktsiooni <a href=\"https:\/\/www.knaus.com\/en-int\/menu\/fahrzeuge\/grundrissfinder\/\">Floorplan Finder<\/a>.<\/p>\n\n\n\n<p>Indikatiivse pakkumise saamiseks kasutage <a href=\"https:\/\/konfigurator.knaustabbert.de\/configurator\/knaus\/de?lang=en\" target=\"_blank\" rel=\"noreferrer noopener\">tootja konfiguraatorit veebilehel<\/a>.<\/p>\n<\/blockquote>\n\n\n\n<div class=\"wp-block-group\"><div class=\"wp-block-group__inner-container is-layout-constrained wp-block-group-is-layout-constrained\">\n<p><strong>KNAUS-i tootekataloogiga saab allpool tutvuda:<\/strong><\/p>\n\n\n\n<div id=\"wp-block-themeisle-blocks-advanced-columns-bc654255\" class=\"wp-block-themeisle-blocks-advanced-columns has-3-columns has-desktop-equal-layout has-tablet-equal-layout has-mobile-collapsedRows-layout has-vertical-unset\"><div class=\"wp-block-themeisle-blocks-advanced-columns-overlay\"><\/div><div class=\"innerblocks-wrap\">\n<div id=\"wp-block-themeisle-blocks-advanced-column-1f60ad69\" class=\"wp-block-themeisle-blocks-advanced-column\">\n<div class=\"wp-block-cover is-light\"><span aria-hidden=\"true\" class=\"wp-block-cover__background has-background-dim-10 has-background-dim\"><\/span><div class=\"wp-block-cover__inner-container is-layout-flow wp-block-cover-is-layout-flow\">\n<div class=\"wp-block-group\"><div class=\"wp-block-group__inner-container is-layout-constrained wp-block-group-is-layout-constrained\">\n<figure class=\"wp-block-image size-full\"><a href=\"https:\/\/flamekocamper.ee\/en\/meist\/knaus\/knaus-motorhomes\/\"><img loading=\"lazy\" decoding=\"async\" width=\"388\" height=\"162\" src=\"https:\/\/flamekocamper.ee\/wp-content\/uploads\/2025\/10\/kta-knaus-2025-2026-navigation-wohnmobile1.png\" alt=\"matkaautode m\u00fc\u00fck\" class=\"wp-image-1362\" srcset=\"https:\/\/flamekocamper.ee\/wp-content\/uploads\/2025\/10\/kta-knaus-2025-2026-navigation-wohnmobile1.png 388w, https:\/\/flamekocamper.ee\/wp-content\/uploads\/2025\/10\/kta-knaus-2025-2026-navigation-wohnmobile1-300x125.png 300w, https:\/\/flamekocamper.ee\/wp-content\/uploads\/2025\/10\/kta-knaus-2025-2026-navigation-wohnmobile1-18x8.png 18w\" sizes=\"auto, (max-width: 388px) 100vw, 388px\" \/><\/a><\/figure>\n\n\n\n<p id=\"wp-block-themeisle-blocks-advanced-heading-916ecca3\" class=\"wp-block-themeisle-blocks-advanced-heading wp-block-themeisle-blocks-advanced-heading-916ecca3\"><strong><a href=\"https:\/\/flamekocamper.ee\/en\/meist\/knaus\/knaus-motorhomes\/\">Motorhomes<\/a><\/strong><\/p>\n<\/div><\/div>\n<\/div><\/div>\n<\/div>\n\n\n\n<div id=\"wp-block-themeisle-blocks-advanced-column-fc15d739\" class=\"wp-block-themeisle-blocks-advanced-column\">\n<div class=\"wp-block-cover is-light\"><span aria-hidden=\"true\" class=\"wp-block-cover__background has-background-dim-10 has-background-dim\"><\/span><div class=\"wp-block-cover__inner-container is-layout-flow wp-block-cover-is-layout-flow\">\n<div class=\"wp-block-group\"><div class=\"wp-block-group__inner-container is-layout-constrained wp-block-group-is-layout-constrained\">\n<figure class=\"wp-block-image size-full\"><a href=\"https:\/\/flamekocamper.ee\/en\/meist\/knaus\/knaus-caravans\/\"><img loading=\"lazy\" decoding=\"async\" width=\"388\" height=\"162\" src=\"https:\/\/flamekocamper.ee\/wp-content\/uploads\/2025\/10\/kta-knaus-2024-2025-wohnwagen1.png\" alt=\"Knaus haagissuvila\" class=\"wp-image-1373\" srcset=\"https:\/\/flamekocamper.ee\/wp-content\/uploads\/2025\/10\/kta-knaus-2024-2025-wohnwagen1.png 388w, https:\/\/flamekocamper.ee\/wp-content\/uploads\/2025\/10\/kta-knaus-2024-2025-wohnwagen1-300x125.png 300w, https:\/\/flamekocamper.ee\/wp-content\/uploads\/2025\/10\/kta-knaus-2024-2025-wohnwagen1-18x8.png 18w\" sizes=\"auto, (max-width: 388px) 100vw, 388px\" \/><\/a><\/figure>\n\n\n\n<p id=\"wp-block-themeisle-blocks-advanced-heading-b0f709a4\" class=\"wp-block-themeisle-blocks-advanced-heading wp-block-themeisle-blocks-advanced-heading-b0f709a4\"><strong><a href=\"https:\/\/flamekocamper.ee\/en\/meist\/knaus\/knaus-caravans\/\">Caravans<\/a><\/strong><\/p>\n<\/div><\/div>\n<\/div><\/div>\n<\/div>\n\n\n\n<div id=\"wp-block-themeisle-blocks-advanced-column-5f401ada\" class=\"wp-block-themeisle-blocks-advanced-column\">\n<div class=\"wp-block-cover is-light\"><span aria-hidden=\"true\" class=\"wp-block-cover__background has-background-dim-10 has-background-dim\"><\/span><div class=\"wp-block-cover__inner-container is-layout-flow wp-block-cover-is-layout-flow\">\n<div class=\"wp-block-group\"><div class=\"wp-block-group__inner-container is-layout-constrained wp-block-group-is-layout-constrained\">\n<figure class=\"wp-block-image size-full\"><a href=\"https:\/\/flamekocamper.ee\/en\/meist\/knaus\/knaus-camper-vans\/\"><img loading=\"lazy\" decoding=\"async\" width=\"388\" height=\"162\" src=\"https:\/\/flamekocamper.ee\/wp-content\/uploads\/2025\/10\/kta-knaus-2025-2026-navigation-camper-vans1.png\" alt=\"matkaauto m\u00fc\u00fck\" class=\"wp-image-1376\" srcset=\"https:\/\/flamekocamper.ee\/wp-content\/uploads\/2025\/10\/kta-knaus-2025-2026-navigation-camper-vans1.png 388w, https:\/\/flamekocamper.ee\/wp-content\/uploads\/2025\/10\/kta-knaus-2025-2026-navigation-camper-vans1-300x125.png 300w, https:\/\/flamekocamper.ee\/wp-content\/uploads\/2025\/10\/kta-knaus-2025-2026-navigation-camper-vans1-18x8.png 18w\" sizes=\"auto, (max-width: 388px) 100vw, 388px\" \/><\/a><\/figure>\n\n\n\n<p id=\"wp-block-themeisle-blocks-advanced-heading-a64531ff\" class=\"wp-block-themeisle-blocks-advanced-heading wp-block-themeisle-blocks-advanced-heading-a64531ff\"><a href=\"https:\/\/flamekocamper.ee\/en\/meist\/knaus\/knaus-camper-vans\/\"><strong>Camper Vans<\/strong><\/a><\/p>\n<\/div><\/div>\n<\/div><\/div>\n<\/div>\n<\/div><\/div>\n<\/div><\/div>\n\n\n\n<blockquote class=\"wp-block-quote is-layout-flow wp-block-quote-is-layout-flow\">\n<p>Knaus matkaautod on meil kohapeal olemas, tule tutvuma! <a href=\"http:\/\/flamekocamper.ee\/en\/autod\/?s&amp;make%5B%5D=Knaus\">Vaata k\u00f5iki laos olevaid matkaautosid siit<\/a>.<\/p>\n<\/blockquote>\n\n\n\n<div id=\"wp-block-themeisle-blocks-advanced-columns-7197088a\" class=\"wp-block-themeisle-blocks-advanced-columns has-3-columns has-desktop-equal-layout has-tablet-equal-layout has-mobile-collapsedRows-layout has-reverse-columns-mobile has-vertical-center\"><div class=\"wp-block-themeisle-blocks-advanced-columns-overlay\"><\/div><div class=\"innerblocks-wrap\">\n<div id=\"wp-block-themeisle-blocks-advanced-column-94261031\" class=\"wp-block-themeisle-blocks-advanced-column\">\n<p id=\"wp-block-themeisle-blocks-advanced-heading-7ec07a60\" class=\"wp-block-themeisle-blocks-advanced-heading wp-block-themeisle-blocks-advanced-heading-7ec07a60\"><strong>Knaus LIVE TI 700 MEG<\/strong><\/p>\n\n\n\n<h3 id=\"wp-block-themeisle-blocks-advanced-heading-a883a748\" class=\"wp-block-themeisle-blocks-advanced-heading wp-block-themeisle-blocks-advanced-heading-a883a748\">See suurep\u00e4rane auto on meie esinduses kohapeal. Tule vaatama!<\/h3>\n\n\n\n<div class=\"wp-block-buttons is-content-justification-left is-layout-flex wp-container-core-buttons-is-layout-fdcfc74e wp-block-buttons-is-layout-flex\">\n<div class=\"wp-block-button is-style-primary\"><a class=\"wp-block-button__link wp-element-button\" href=\"https:\/\/flamekocamper.ee\/en\/auto\/knaus-live-ti-700-meg\/\">Uuri lisaks<\/a><\/div>\n<\/div>\n<\/div>\n\n\n\n<div id=\"wp-block-themeisle-blocks-advanced-column-329f4620\" class=\"wp-block-themeisle-blocks-advanced-column\">\n<p id=\"wp-block-themeisle-blocks-advanced-heading-e5328585\" class=\"wp-block-themeisle-blocks-advanced-heading wp-block-themeisle-blocks-advanced-heading-e5328585\">Knaus Boxlife Pro 600<\/p>\n\n\n\n<h3 id=\"wp-block-themeisle-blocks-advanced-heading-186faeb0\" class=\"wp-block-themeisle-blocks-advanced-heading wp-block-themeisle-blocks-advanced-heading-186faeb0\">V\u00e4ga nutika siselahendusega, kompaktne. <br>Tule tutvuma!<\/h3>\n\n\n\n<div class=\"wp-block-buttons is-content-justification-left is-layout-flex wp-container-core-buttons-is-layout-fdcfc74e wp-block-buttons-is-layout-flex\">\n<div class=\"wp-block-button is-style-primary\"><a class=\"wp-block-button__link wp-element-button\" href=\"https:\/\/flamekocamper.ee\/en\/auto\/knaus-boxlife-pro-600-street-2-2-103kw\/\">Uuri lisaks<\/a><\/div>\n<\/div>\n<\/div>\n\n\n\n<div id=\"wp-block-themeisle-blocks-advanced-column-519e4c46\" class=\"wp-block-themeisle-blocks-advanced-column\">\n<figure data-wp-context=\"{&quot;imageId&quot;:&quot;69d72a365fc45&quot;}\" data-wp-interactive=\"core\/image\" data-wp-key=\"69d72a365fc45\" class=\"wp-block-image size-thumbnail wp-lightbox-container\"><img loading=\"lazy\" decoding=\"async\" width=\"150\" height=\"150\" data-wp-class--hide=\"state.isContentHidden\" data-wp-class--show=\"state.isContentVisible\" data-wp-init=\"callbacks.setButtonStyles\" data-wp-on--click=\"actions.showLightbox\" data-wp-on--load=\"callbacks.setButtonStyles\" data-wp-on-window--resize=\"callbacks.setButtonStyles\" src=\"https:\/\/flamekocamper.ee\/wp-content\/uploads\/2025\/10\/Knaus-LIVE-TI-700-MEG-150x150.jpg\" alt=\"Knaus\" class=\"wp-image-1534\" srcset=\"https:\/\/flamekocamper.ee\/wp-content\/uploads\/2025\/10\/Knaus-LIVE-TI-700-MEG-150x150.jpg 150w, https:\/\/flamekocamper.ee\/wp-content\/uploads\/2025\/10\/Knaus-LIVE-TI-700-MEG-100x100.jpg 100w\" sizes=\"auto, (max-width: 150px) 100vw, 150px\" \/><button\n\t\t\tclass=\"lightbox-trigger\"\n\t\t\ttype=\"button\"\n\t\t\taria-haspopup=\"dialog\"\n\t\t\taria-label=\"Enlarge\"\n\t\t\tdata-wp-init=\"callbacks.initTriggerButton\"\n\t\t\tdata-wp-on--click=\"actions.showLightbox\"\n\t\t\tdata-wp-style--right=\"state.imageButtonRight\"\n\t\t\tdata-wp-style--top=\"state.imageButtonTop\"\n\t\t>\n\t\t\t<svg xmlns=\"http:\/\/www.w3.org\/2000\/svg\" width=\"12\" height=\"12\" fill=\"none\" viewbox=\"0 0 12 12\">\n\t\t\t\t<path fill=\"#fff\" d=\"M2 0a2 2 0 0 0-2 2v2h1.5V2a.5.5 0 0 1 .5-.5h2V0H2Zm2 10.5H2a.5.5 0 0 1-.5-.5V8H0v2a2 2 0 0 0 2 2h2v-1.5ZM8 12v-1.5h2a.5.5 0 0 0 .5-.5V8H12v2a2 2 0 0 1-2 2H8Zm2-12a2 2 0 0 1 2 2v2h-1.5V2a.5.5 0 0 0-.5-.5H8V0h2Z\" \/>\n\t\t\t<\/svg>\n\t\t<\/button><\/figure>\n\n\n\n<figure data-wp-context=\"{&quot;imageId&quot;:&quot;69d72a365fda8&quot;}\" data-wp-interactive=\"core\/image\" data-wp-key=\"69d72a365fda8\" class=\"wp-block-image size-thumbnail wp-lightbox-container\"><img loading=\"lazy\" decoding=\"async\" width=\"150\" height=\"150\" data-wp-class--hide=\"state.isContentHidden\" data-wp-class--show=\"state.isContentVisible\" data-wp-init=\"callbacks.setButtonStyles\" data-wp-on--click=\"actions.showLightbox\" data-wp-on--load=\"callbacks.setButtonStyles\" data-wp-on-window--resize=\"callbacks.setButtonStyles\" src=\"https:\/\/flamekocamper.ee\/wp-content\/uploads\/2025\/10\/Knaus-Boxlife-Pro-600-150x150.jpg\" alt=\"Knaus matkaautod Eesti\" class=\"wp-image-1535\" srcset=\"https:\/\/flamekocamper.ee\/wp-content\/uploads\/2025\/10\/Knaus-Boxlife-Pro-600-150x150.jpg 150w, https:\/\/flamekocamper.ee\/wp-content\/uploads\/2025\/10\/Knaus-Boxlife-Pro-600-100x100.jpg 100w\" sizes=\"auto, (max-width: 150px) 100vw, 150px\" \/><button\n\t\t\tclass=\"lightbox-trigger\"\n\t\t\ttype=\"button\"\n\t\t\taria-haspopup=\"dialog\"\n\t\t\taria-label=\"Enlarge\"\n\t\t\tdata-wp-init=\"callbacks.initTriggerButton\"\n\t\t\tdata-wp-on--click=\"actions.showLightbox\"\n\t\t\tdata-wp-style--right=\"state.imageButtonRight\"\n\t\t\tdata-wp-style--top=\"state.imageButtonTop\"\n\t\t>\n\t\t\t<svg xmlns=\"http:\/\/www.w3.org\/2000\/svg\" width=\"12\" height=\"12\" fill=\"none\" viewbox=\"0 0 12 12\">\n\t\t\t\t<path fill=\"#fff\" d=\"M2 0a2 2 0 0 0-2 2v2h1.5V2a.5.5 0 0 1 .5-.5h2V0H2Zm2 10.5H2a.5.5 0 0 1-.5-.5V8H0v2a2 2 0 0 0 2 2h2v-1.5ZM8 12v-1.5h2a.5.5 0 0 0 .5-.5V8H12v2a2 2 0 0 1-2 2H8Zm2-12a2 2 0 0 1 2 2v2h-1.5V2a.5.5 0 0 0-.5-.5H8V0h2Z\" \/>\n\t\t\t<\/svg>\n\t\t<\/button><\/figure>\n<\/div>\n<\/div><\/div>\n\n\n\n<div class=\"wp-block-group\"><div class=\"wp-block-group__inner-container is-layout-constrained wp-block-group-is-layout-constrained\">\n<p><strong>Saksa t\u00e4psus ja t\u00f6\u00f6kindlus<\/strong><\/p>\n\n\n\n<p>Iga s\u00f5iduk on loodud kestma \u2013 alates tugevast konstruktsioonist kuni detailideni, mis muudavad kasutamise lihtsaks ja mugavaks. K\u00f5ik komponendid ja s\u00fcsteemid on testitud vastupidavuse ja ohutuse tagamiseks, et saaksid reisida rahuliku s\u00fcdamega.<br><br><strong>Innovatsioon igas pisidetailis<\/strong><\/p>\n\n\n\n<p>KNAUS on tuntud oma nutikate ruumilahenduste ja tehniliste uuenduste poolest. N\u00e4iteks&nbsp;<em>FoldXpand<\/em>&nbsp;tagakonstruktsioon pakub rohkem eluruumi ilma s\u00f5iduki pikkust muutmata, ja&nbsp;<em>ServiceBox<\/em>&nbsp;koondab k\u00f5ik olulised \u00fchendused \u00fchte kergesti ligip\u00e4\u00e4setavasse kohta.<br><br><strong>Disain, mis inspireerib<\/strong><\/p>\n\n\n\n<p>KNAUSi matkaautod ja haagissuvilad paistavad silma&nbsp;<strong>aerod\u00fcnaamilise ja autoliku disainiga<\/strong>, mida on tunnustatud mitmete rahvusvaheliste <a href=\"https:\/\/www.knaus.com\/en-int\/brand-world\/awards\/\">auhindadega<\/a>. Siseviimistlus on elegantne, valgusk\u00fcllane ja funktsionaalne \u2013 tunne end igal reisil nagu kodus.<br><br><strong>Kerge, kuid vastupidav<\/strong><\/p>\n\n\n\n<p>T\u00e4nu uuenduslikule kergekaalulisele konstruktsioonile on KNAUS s\u00f5idukid energias\u00e4\u00e4stlikud ja stabiilsed. V\u00e4iksem kaal t\u00e4hendab madalamat k\u00fctusekulu ja suuremat kandev\u00f5imet, ilma et see m\u00f5jutaks vastupidavust v\u00f5i kvaliteeti.<\/p>\n<\/div><\/div>\n\n\n\n<p>Kui soovite enda unistuste matkaautot siis meilt saab tellida sellise mis vastab t\u00e4pselt teie vajadustele! Pakume ka laia valikut lisavarustust koos paigaldusega.<\/p>\n\n\n\n<p>Matkaautode m\u00fc\u00fck ja lisainfo:<br><strong><a href=\"https:\/\/flamekocamper.ee\/en\/kontakt\/\">sale@flamekocamper.ee<\/a><\/strong><\/p>\n\n\n\n<p>Lisavarustuse, varuosade ja remont -ning hooldust\u00f6\u00f6de hinnap\u00e4ringu saab teha mugavalt siit:<br><a href=\"https:\/\/flamekocamper.ee\/en\/hinnaparing\/\">https:\/\/flamekocamper.ee\/hinnaparing\/<\/a><\/p>\n\n\n\n<p><\/p>","protected":false},"excerpt":{"rendered":"<p>KNAUS on \u00fcle 60 aasta olnud \u00fcks Euroopa juhtivaid matkaautode ja haagissuvilate tootjaid, pakkudes s\u00f5idukeid, mis \u00fchendavad&nbsp;Saksa insenerit\u00f6\u00f6 t\u00e4psuse, kaasaegse disaini ja uuendusliku tehnoloogia.KNAUSi eesm\u00e4rk on lihtne \u2013 luua ratastel kodu, mis pakub maksimaalset mugavust, funktsionaalsust ja reisimisvabadust igas olukorras. Just sellep\u00e4rast on Knaus p\u00e4lvinud matkajate usalduse \u00fcle maailma. Flameko Camper on Knaus ametlik esindaja [&hellip;]<\/p>\n","protected":false},"author":1,"featured_media":1126,"parent":263,"menu_order":0,"comment_status":"closed","ping_status":"closed","template":"page-full.php","meta":{"_themeisle_gutenberg_block_has_review":false,"footnotes":""},"class_list":["post-1119","page","type-page","status-publish","has-post-thumbnail","hentry"],"yoast_head":"<!-- This site is optimized with the Yoast SEO plugin v27.2 - https:\/\/yoast.com\/product\/yoast-seo-wordpress\/ -->\n<title>Knaus ametlik esindaja Eestis - Flameko Camper<\/title>\n<meta name=\"description\" content=\"Knaus esindaja Eestis -Flameko Camper. M\u00fc\u00fck, j\u00e4relteenindus, hooldus, lisavarustus. Tule matkaautodega tutvuma, ootame k\u00fclla!\" \/>\n<meta name=\"robots\" content=\"index, follow, max-snippet:-1, max-image-preview:large, max-video-preview:-1\" \/>\n<link rel=\"canonical\" href=\"https:\/\/flamekocamper.ee\/en\/meist\/knaus\/\" \/>\n<meta property=\"og:locale\" content=\"en_US\" \/>\n<meta property=\"og:type\" content=\"article\" \/>\n<meta property=\"og:title\" content=\"Knaus ametlik esindaja Eestis - Flameko Camper\" \/>\n<meta property=\"og:description\" content=\"Knaus esindaja Eestis -Flameko Camper. M\u00fc\u00fck, j\u00e4relteenindus, hooldus, lisavarustus. Tule matkaautodega tutvuma, ootame k\u00fclla!\" \/>\n<meta property=\"og:url\" content=\"https:\/\/flamekocamper.ee\/en\/meist\/knaus\/\" \/>\n<meta property=\"og:site_name\" content=\"Flameko Camper\" \/>\n<meta property=\"article:publisher\" content=\"https:\/\/www.facebook.com\/flamekocamper\" \/>\n<meta property=\"article:modified_time\" content=\"2025-10-15T20:22:04+00:00\" \/>\n<meta property=\"og:image\" content=\"https:\/\/flamekocamper.ee\/wp-content\/uploads\/2024\/10\/knauslogo.png\" \/>\n\t<meta property=\"og:image:width\" content=\"262\" \/>\n\t<meta property=\"og:image:height\" content=\"84\" \/>\n\t<meta property=\"og:image:type\" content=\"image\/png\" \/>\n<meta name=\"twitter:card\" content=\"summary_large_image\" \/>\n<meta name=\"twitter:label1\" content=\"Est. reading time\" \/>\n\t<meta name=\"twitter:data1\" content=\"3 minutes\" \/>\n<script type=\"application\/ld+json\" class=\"yoast-schema-graph\">{\"@context\":\"https:\/\/schema.org\",\"@graph\":[{\"@type\":\"WebPage\",\"@id\":\"https:\/\/flamekocamper.ee\/meist\/knaus\/\",\"url\":\"https:\/\/flamekocamper.ee\/meist\/knaus\/\",\"name\":\"Knaus ametlik esindaja Eestis - Flameko Camper\",\"isPartOf\":{\"@id\":\"https:\/\/flamekocamper.ee\/#website\"},\"primaryImageOfPage\":{\"@id\":\"https:\/\/flamekocamper.ee\/meist\/knaus\/#primaryimage\"},\"image\":{\"@id\":\"https:\/\/flamekocamper.ee\/meist\/knaus\/#primaryimage\"},\"thumbnailUrl\":\"https:\/\/flamekocamper.ee\/wp-content\/uploads\/2024\/10\/knauslogo.png\",\"datePublished\":\"2024-10-30T11:53:04+00:00\",\"dateModified\":\"2025-10-15T20:22:04+00:00\",\"description\":\"Knaus esindaja Eestis -Flameko Camper. M\u00fc\u00fck, j\u00e4relteenindus, hooldus, lisavarustus. Tule matkaautodega tutvuma, ootame k\u00fclla!\",\"breadcrumb\":{\"@id\":\"https:\/\/flamekocamper.ee\/meist\/knaus\/#breadcrumb\"},\"inLanguage\":\"en-US\",\"potentialAction\":[{\"@type\":\"ReadAction\",\"target\":[\"https:\/\/flamekocamper.ee\/meist\/knaus\/\"]}]},{\"@type\":\"ImageObject\",\"inLanguage\":\"en-US\",\"@id\":\"https:\/\/flamekocamper.ee\/meist\/knaus\/#primaryimage\",\"url\":\"https:\/\/flamekocamper.ee\/wp-content\/uploads\/2024\/10\/knauslogo.png\",\"contentUrl\":\"https:\/\/flamekocamper.ee\/wp-content\/uploads\/2024\/10\/knauslogo.png\",\"width\":262,\"height\":84},{\"@type\":\"BreadcrumbList\",\"@id\":\"https:\/\/flamekocamper.ee\/meist\/knaus\/#breadcrumb\",\"itemListElement\":[{\"@type\":\"ListItem\",\"position\":1,\"name\":\"Home\",\"item\":\"https:\/\/flamekocamper.ee\/\"},{\"@type\":\"ListItem\",\"position\":2,\"name\":\"Meist\",\"item\":\"https:\/\/flamekocamper.ee\/meist\/\"},{\"@type\":\"ListItem\",\"position\":3,\"name\":\"Knaus\"}]},{\"@type\":\"WebSite\",\"@id\":\"https:\/\/flamekocamper.ee\/#website\",\"url\":\"https:\/\/flamekocamper.ee\/\",\"name\":\"Flameko Camper\",\"description\":\"K&otilde;ik hooldus ja remontt&ouml;&ouml;d Sinu matkaautole ja haagissuvilale. Seda k&otilde;ike nii autole endale kui ka elamuosale!\",\"publisher\":{\"@id\":\"https:\/\/flamekocamper.ee\/#organization\"},\"potentialAction\":[{\"@type\":\"SearchAction\",\"target\":{\"@type\":\"EntryPoint\",\"urlTemplate\":\"https:\/\/flamekocamper.ee\/?s={search_term_string}\"},\"query-input\":{\"@type\":\"PropertyValueSpecification\",\"valueRequired\":true,\"valueName\":\"search_term_string\"}}],\"inLanguage\":\"en-US\"},{\"@type\":\"Organization\",\"@id\":\"https:\/\/flamekocamper.ee\/#organization\",\"name\":\"Flameko Camper - Flameko O\u00dc\",\"url\":\"https:\/\/flamekocamper.ee\/\",\"logo\":{\"@type\":\"ImageObject\",\"inLanguage\":\"en-US\",\"@id\":\"https:\/\/flamekocamper.ee\/#\/schema\/logo\/image\/\",\"url\":\"https:\/\/flamekocamper.ee\/wp-content\/uploads\/2023\/04\/logo-2.png\",\"contentUrl\":\"https:\/\/flamekocamper.ee\/wp-content\/uploads\/2023\/04\/logo-2.png\",\"width\":400,\"height\":283,\"caption\":\"Flameko Camper - Flameko O\u00dc\"},\"image\":{\"@id\":\"https:\/\/flamekocamper.ee\/#\/schema\/logo\/image\/\"},\"sameAs\":[\"https:\/\/www.facebook.com\/flamekocamper\",\"https:\/\/www.instagram.com\/flamekocamper\/\"]}]}<\/script>\n<!-- \/ Yoast SEO plugin. -->","yoast_head_json":{"title":"Knaus ametlik esindaja Eestis - Flameko Camper","description":"Knaus esindaja Eestis -Flameko Camper. M\u00fc\u00fck, j\u00e4relteenindus, hooldus, lisavarustus. Tule matkaautodega tutvuma, ootame k\u00fclla!","robots":{"index":"index","follow":"follow","max-snippet":"max-snippet:-1","max-image-preview":"max-image-preview:large","max-video-preview":"max-video-preview:-1"},"canonical":"https:\/\/flamekocamper.ee\/en\/meist\/knaus\/","og_locale":"en_US","og_type":"article","og_title":"Knaus ametlik esindaja Eestis - Flameko Camper","og_description":"Knaus esindaja Eestis -Flameko Camper. M\u00fc\u00fck, j\u00e4relteenindus, hooldus, lisavarustus. Tule matkaautodega tutvuma, ootame k\u00fclla!","og_url":"https:\/\/flamekocamper.ee\/en\/meist\/knaus\/","og_site_name":"Flameko Camper","article_publisher":"https:\/\/www.facebook.com\/flamekocamper","article_modified_time":"2025-10-15T20:22:04+00:00","og_image":[{"width":262,"height":84,"url":"https:\/\/flamekocamper.ee\/wp-content\/uploads\/2024\/10\/knauslogo.png","type":"image\/png"}],"twitter_card":"summary_large_image","twitter_misc":{"Est. reading time":"3 minutes"},"schema":{"@context":"https:\/\/schema.org","@graph":[{"@type":"WebPage","@id":"https:\/\/flamekocamper.ee\/meist\/knaus\/","url":"https:\/\/flamekocamper.ee\/meist\/knaus\/","name":"Knaus ametlik esindaja Eestis - Flameko Camper","isPartOf":{"@id":"https:\/\/flamekocamper.ee\/#website"},"primaryImageOfPage":{"@id":"https:\/\/flamekocamper.ee\/meist\/knaus\/#primaryimage"},"image":{"@id":"https:\/\/flamekocamper.ee\/meist\/knaus\/#primaryimage"},"thumbnailUrl":"https:\/\/flamekocamper.ee\/wp-content\/uploads\/2024\/10\/knauslogo.png","datePublished":"2024-10-30T11:53:04+00:00","dateModified":"2025-10-15T20:22:04+00:00","description":"Knaus esindaja Eestis -Flameko Camper. M\u00fc\u00fck, j\u00e4relteenindus, hooldus, lisavarustus. Tule matkaautodega tutvuma, ootame k\u00fclla!","breadcrumb":{"@id":"https:\/\/flamekocamper.ee\/meist\/knaus\/#breadcrumb"},"inLanguage":"en-US","potentialAction":[{"@type":"ReadAction","target":["https:\/\/flamekocamper.ee\/meist\/knaus\/"]}]},{"@type":"ImageObject","inLanguage":"en-US","@id":"https:\/\/flamekocamper.ee\/meist\/knaus\/#primaryimage","url":"https:\/\/flamekocamper.ee\/wp-content\/uploads\/2024\/10\/knauslogo.png","contentUrl":"https:\/\/flamekocamper.ee\/wp-content\/uploads\/2024\/10\/knauslogo.png","width":262,"height":84},{"@type":"BreadcrumbList","@id":"https:\/\/flamekocamper.ee\/meist\/knaus\/#breadcrumb","itemListElement":[{"@type":"ListItem","position":1,"name":"Home","item":"https:\/\/flamekocamper.ee\/"},{"@type":"ListItem","position":2,"name":"Meist","item":"https:\/\/flamekocamper.ee\/meist\/"},{"@type":"ListItem","position":3,"name":"Knaus"}]},{"@type":"WebSite","@id":"https:\/\/flamekocamper.ee\/#website","url":"https:\/\/flamekocamper.ee\/","name":"Flameko Camper","description":"K&otilde;ik hooldus ja remontt&ouml;&ouml;d Sinu matkaautole ja haagissuvilale. Seda k&otilde;ike nii autole endale kui ka elamuosale!","publisher":{"@id":"https:\/\/flamekocamper.ee\/#organization"},"potentialAction":[{"@type":"SearchAction","target":{"@type":"EntryPoint","urlTemplate":"https:\/\/flamekocamper.ee\/?s={search_term_string}"},"query-input":{"@type":"PropertyValueSpecification","valueRequired":true,"valueName":"search_term_string"}}],"inLanguage":"en-US"},{"@type":"Organization","@id":"https:\/\/flamekocamper.ee\/#organization","name":"Flameko Camper - Flameko O\u00dc","url":"https:\/\/flamekocamper.ee\/","logo":{"@type":"ImageObject","inLanguage":"en-US","@id":"https:\/\/flamekocamper.ee\/#\/schema\/logo\/image\/","url":"https:\/\/flamekocamper.ee\/wp-content\/uploads\/2023\/04\/logo-2.png","contentUrl":"https:\/\/flamekocamper.ee\/wp-content\/uploads\/2023\/04\/logo-2.png","width":400,"height":283,"caption":"Flameko Camper - Flameko O\u00dc"},"image":{"@id":"https:\/\/flamekocamper.ee\/#\/schema\/logo\/image\/"},"sameAs":["https:\/\/www.facebook.com\/flamekocamper","https:\/\/www.instagram.com\/flamekocamper\/"]}]}},"_links":{"self":[{"href":"https:\/\/flamekocamper.ee\/en\/wp-json\/wp\/v2\/pages\/1119","targetHints":{"allow":["GET"]}}],"collection":[{"href":"https:\/\/flamekocamper.ee\/en\/wp-json\/wp\/v2\/pages"}],"about":[{"href":"https:\/\/flamekocamper.ee\/en\/wp-json\/wp\/v2\/types\/page"}],"author":[{"embeddable":true,"href":"https:\/\/flamekocamper.ee\/en\/wp-json\/wp\/v2\/users\/1"}],"replies":[{"embeddable":true,"href":"https:\/\/flamekocamper.ee\/en\/wp-json\/wp\/v2\/comments?post=1119"}],"version-history":[{"count":34,"href":"https:\/\/flamekocamper.ee\/en\/wp-json\/wp\/v2\/pages\/1119\/revisions"}],"predecessor-version":[{"id":1635,"href":"https:\/\/flamekocamper.ee\/en\/wp-json\/wp\/v2\/pages\/1119\/revisions\/1635"}],"up":[{"embeddable":true,"href":"https:\/\/flamekocamper.ee\/en\/wp-json\/wp\/v2\/pages\/263"}],"wp:featuredmedia":[{"embeddable":true,"href":"https:\/\/flamekocamper.ee\/en\/wp-json\/wp\/v2\/media\/1126"}],"wp:attachment":[{"href":"https:\/\/flamekocamper.ee\/en\/wp-json\/wp\/v2\/media?parent=1119"}],"curies":[{"name":"wp","href":"https:\/\/api.w.org\/{rel}","templated":true}]}}