{"id":1220,"date":"2025-04-25T01:55:19","date_gmt":"2025-04-24T22:55:19","guid":{"rendered":"https:\/\/flamekocamper.ee\/?page_id=1220"},"modified":"2025-04-25T02:31:24","modified_gmt":"2025-04-24T23:31:24","slug":"soidukikindlustuse-hinnaparing","status":"publish","type":"page","link":"https:\/\/flamekocamper.ee\/en\/soidukikindlustuse-hinnaparing\/","title":{"rendered":"Vehicle insurance quote request"},"content":{"rendered":"<div class=\"wp-block-image\">\n<figure class=\"alignright size-thumbnail\"><img loading=\"lazy\" decoding=\"async\" width=\"150\" height=\"150\" src=\"https:\/\/flamekocamper.ee\/wp-content\/uploads\/2023\/12\/PZU-LOGO-150x150.png\" alt=\"\" class=\"wp-image-590\" srcset=\"https:\/\/flamekocamper.ee\/wp-content\/uploads\/2023\/12\/PZU-LOGO-150x150.png 150w, https:\/\/flamekocamper.ee\/wp-content\/uploads\/2023\/12\/PZU-LOGO-300x300.png 300w, https:\/\/flamekocamper.ee\/wp-content\/uploads\/2023\/12\/PZU-LOGO-12x12.png 12w, https:\/\/flamekocamper.ee\/wp-content\/uploads\/2023\/12\/PZU-LOGO-100x100.png 100w, https:\/\/flamekocamper.ee\/wp-content\/uploads\/2023\/12\/PZU-LOGO.png 478w\" sizes=\"auto, (max-width: 150px) 100vw, 150px\" \/><\/figure>\n<\/div>\n\n\n<p>S\u00f5idukikindlustuse pakkumine sisaldab kaskokindlustuse pakkumist (v.a kui s\u00f5iduki vanus on rohkem kui 24 aastat) ning liikluskindluse pakkumist.<\/p>\n\n\n\n<p>Saadame kindlustuspakkumise 1 t\u00f6\u00f6p\u00e4eva jooksul p\u00e4rast taotluse esitamist.<\/p>\n\n\n\n<div class=\"wpcf7 no-js\" id=\"wpcf7-f1219-o1\" lang=\"et\" dir=\"ltr\" data-wpcf7-id=\"1219\">\n<div class=\"screen-reader-response\"><p role=\"status\" aria-live=\"polite\" aria-atomic=\"true\"><\/p> <ul><\/ul><\/div>\n<form action=\"\/en\/wp-json\/wp\/v2\/pages\/1220#wpcf7-f1219-o1\" method=\"post\" class=\"wpcf7-form init\" aria-label=\"Contact form\" novalidate=\"novalidate\" data-status=\"init\">\n<fieldset class=\"hidden-fields-container\"><input type=\"hidden\" name=\"_wpcf7\" value=\"1219\" \/><input type=\"hidden\" name=\"_wpcf7_version\" value=\"6.1.5\" \/><input type=\"hidden\" name=\"_wpcf7_locale\" value=\"et\" \/><input type=\"hidden\" name=\"_wpcf7_unit_tag\" value=\"wpcf7-f1219-o1\" \/><input type=\"hidden\" name=\"_wpcf7_container_post\" value=\"0\" \/><input type=\"hidden\" name=\"_wpcf7_posted_data_hash\" value=\"\" \/><input type=\"hidden\" name=\"_wpcf7cf_hidden_group_fields\" value=\"[]\" \/><input type=\"hidden\" name=\"_wpcf7cf_hidden_groups\" value=\"[]\" \/><input type=\"hidden\" name=\"_wpcf7cf_visible_groups\" value=\"[]\" \/><input type=\"hidden\" name=\"_wpcf7cf_repeaters\" value=\"[]\" \/><input type=\"hidden\" name=\"_wpcf7cf_steps\" value=\"{}\" \/><input type=\"hidden\" name=\"_wpcf7cf_options\" value=\"{&quot;form_id&quot;:1219,&quot;conditions&quot;:[{&quot;then_field&quot;:&quot;group-228&quot;,&quot;and_rules&quot;:[{&quot;if_field&quot;:&quot;radio-652&quot;,&quot;operator&quot;:&quot;equals&quot;,&quot;if_value&quot;:&quot;Ei&quot;},{&quot;if_field&quot;:&quot;-1&quot;,&quot;operator&quot;:&quot;equals&quot;,&quot;if_value&quot;:&quot;&quot;}]}],&quot;settings&quot;:{&quot;animation&quot;:&quot;yes&quot;,&quot;animation_intime&quot;:200,&quot;animation_outtime&quot;:200,&quot;conditions_ui&quot;:&quot;normal&quot;,&quot;notice_dismissed&quot;:false}}\" \/><input type=\"hidden\" name=\"_wpcf7_recaptcha_response\" value=\"\" \/>\n<\/fieldset>\n<div id=\"responsive-form\" class=\"clearfix\">\n\t<div class=\"form-row\">\n\t\t<div class=\"column-name\">\n\t\t\t<p><label> Kindlustsv\u00f5tja nimi \/ Ettev\u00f5tte nimi * <\/label>\n\t\t\t<\/p>\n\t\t<\/div>\n\t\t<div class=\"column-half\">\n\t\t\t<p><span class=\"wpcf7-form-control-wrap\" data-name=\"your-name\"><input size=\"40\" maxlength=\"400\" class=\"wpcf7-form-control wpcf7-text wpcf7-validates-as-required\" autocomplete=\"name\" aria-required=\"true\" aria-invalid=\"false\" value=\"\" type=\"text\" name=\"your-name\" \/><\/span>\n\t\t\t<\/p>\n\t\t<\/div>\n\t<\/div>\n\t<div id=\"responsive-form\" class=\"clearfix\">\n\t\t<div class=\"form-row\">\n\t\t\t<div class=\"column-name\">\n\t\t\t\t<p><label> Isikukood \/ Reg. kood * <\/label>\n\t\t\t\t<\/p>\n\t\t\t<\/div>\n\t\t\t<div class=\"column-half\">\n\t\t\t\t<p><span class=\"wpcf7-form-control-wrap\" data-name=\"your-personal-code\"><input size=\"40\" maxlength=\"400\" class=\"wpcf7-form-control wpcf7-text wpcf7-validates-as-required\" aria-required=\"true\" aria-invalid=\"false\" value=\"\" type=\"text\" name=\"your-personal-code\" \/><\/span>\n\t\t\t\t<\/p>\n\t\t\t<\/div>\n\t\t<\/div>\n\t\t<div class=\"form-row\">\n\t\t\t<div class=\"column-name\">\n\t\t\t\t<p><label> E-mail *<\/label>\n\t\t\t\t<\/p>\n\t\t\t<\/div>\n\t\t\t<div class=\"column-half\">\n\t\t\t\t<p><span class=\"wpcf7-form-control-wrap\" data-name=\"your-email\"><input size=\"40\" maxlength=\"400\" class=\"wpcf7-form-control wpcf7-email wpcf7-validates-as-required wpcf7-text wpcf7-validates-as-email\" autocomplete=\"email\" aria-required=\"true\" aria-invalid=\"false\" value=\"\" type=\"email\" name=\"your-email\" \/><\/span>\n\t\t\t\t<\/p>\n\t\t\t<\/div>\n\t\t<\/div>\n\t\t<div class=\"form-row\">\n\t\t\t<div class=\"column-name\">\n\t\t\t\t<p><label> Telefon *<\/label>\n\t\t\t\t<\/p>\n\t\t\t<\/div>\n\t\t\t<div class=\"column-half\">\n\t\t\t\t<p><span class=\"wpcf7-form-control-wrap\" data-name=\"tel-357\"><input size=\"40\" maxlength=\"400\" class=\"wpcf7-form-control wpcf7-tel wpcf7-validates-as-required wpcf7-text wpcf7-validates-as-tel\" aria-required=\"true\" aria-invalid=\"false\" value=\"+372\" type=\"tel\" name=\"tel-357\" \/><\/span>\n\t\t\t\t<\/p>\n\t\t\t<\/div>\n\t\t<\/div>\n\t\t<div class=\"form-row\">\n\t\t\t<p><b>S\u00f5iduki andmed<\/b>\n\t\t\t<\/p>\n\t\t<\/div>\n\t\t<div class=\"form-row\">\n\t\t\t<div class=\"column-name\">\n\t\t\t\t<p><label> S\u00f5iduk on registris * <\/label>\n\t\t\t\t<\/p>\n\t\t\t<\/div>\n\t\t\t<div class=\"column-half\">\n\t\t\t\t<p><span class=\"wpcf7-form-control-wrap\" data-name=\"radio-652\"><span class=\"wpcf7-form-control wpcf7-radio column-half\"><span class=\"wpcf7-list-item first\"><label><input type=\"radio\" name=\"radio-652\" value=\"Jah\" \/><span class=\"wpcf7-list-item-label\">Jah<\/span><\/label><\/span><span class=\"wpcf7-list-item last\"><label><input type=\"radio\" name=\"radio-652\" value=\"Ei\" \/><span class=\"wpcf7-list-item-label\">Ei<\/span><\/label><\/span><\/span><\/span>\n\t\t\t\t<\/p>\n\t\t\t<\/div>\n\t\t<\/div>\n\t\t<div class=\"form-row\">\n\t\t\t<div class=\"column-name\">\n\t\t\t\t<p><label> S\u00f5iduki Eesti reg. number *<\/label>\n\t\t\t\t<\/p>\n\t\t\t<\/div>\n\t\t\t<div class=\"column-half\">\n\t\t\t\t<p><span class=\"wpcf7-form-control-wrap\" data-name=\"AutoNum\"><input size=\"40\" maxlength=\"400\" class=\"wpcf7-form-control wpcf7-text wpcf7-validates-as-required\" aria-required=\"true\" aria-invalid=\"false\" value=\"\" type=\"text\" name=\"AutoNum\" \/><\/span>\n\t\t\t\t<\/p>\n\t\t\t<\/div>\n\t\t<\/div>\n\t\t<div class=\"form-row\">\n\t\t\t<div class=\"column-name\">\n\t\t\t\t<p><label> S\u00f5iduki v\u00e4\u00e4rtus (k\u00e4ibemaksuta) *<\/label>\n\t\t\t\t<\/p>\n\t\t\t<\/div>\n\t\t\t<div class=\"column-half\">\n\t\t\t\t<p><span class=\"wpcf7-form-control-wrap\" data-name=\"AutoSum\"><input size=\"40\" maxlength=\"400\" class=\"wpcf7-form-control wpcf7-text wpcf7-validates-as-required\" aria-required=\"true\" aria-invalid=\"false\" value=\"\" type=\"text\" name=\"AutoSum\" \/><\/span>\n\t\t\t\t<\/p>\n\t\t\t<\/div>\n\t\t<\/div>\n\t\t<div data-id=\"group-228\" data-orig_data_id=\"group-228\"  class=\"form-row\" data-class=\"wpcf7cf_group\">\n\t\t\t<div class=\"column-full\">\n\t\t\t\t<p>S\u00f5iduki andmed\n\t\t\t\t<\/p>\n\t\t\t<\/div>\n\t\t\t<div class=\"column-half\">\n\t\t\t\t<p><label>Auto mark <span class=\"wpcf7-form-control-wrap\" data-name=\"AutoMark\"><input size=\"40\" maxlength=\"400\" class=\"wpcf7-form-control wpcf7-text\" aria-invalid=\"false\" value=\"\" type=\"text\" name=\"AutoMark\" \/><\/span><\/label>\n\t\t\t\t<\/p>\n\t\t\t<\/div>\n\t\t\t<div class=\"column-half\">\n\t\t\t\t<p><label>Mudel <span class=\"wpcf7-form-control-wrap\" data-name=\"AutoModel\"><input size=\"40\" maxlength=\"400\" class=\"wpcf7-form-control wpcf7-text\" aria-invalid=\"false\" value=\"\" type=\"text\" name=\"AutoModel\" \/><\/span><\/label>\n\t\t\t\t<\/p>\n\t\t\t<\/div>\n\t\t\t<div class=\"column-half\">\n\t\t\t\t<p><label>Ehitusaasta <span class=\"wpcf7-form-control-wrap\" data-name=\"AutoYear\"><input size=\"40\" maxlength=\"400\" class=\"wpcf7-form-control wpcf7-text\" aria-invalid=\"false\" value=\"\" type=\"text\" name=\"AutoYear\" \/><\/span><\/label>\n\t\t\t\t<\/p>\n\t\t\t<\/div>\n\t\t\t<div class=\"column-half\">\n\t\t\t\t<p><label>V\u00f5imsus kw <span class=\"wpcf7-form-control-wrap\" data-name=\"AutoPower\"><input size=\"40\" maxlength=\"400\" class=\"wpcf7-form-control wpcf7-text\" aria-invalid=\"false\" value=\"\" type=\"text\" name=\"AutoPower\" \/><\/span><\/label>\n\t\t\t\t<\/p>\n\t\t\t<\/div>\n\t\t\t<div class=\"column-name\">\n\t\t\t\t<p><label>K\u00fctuse liik<\/label>\n\t\t\t\t<\/p>\n\t\t\t<\/div>\n\t\t\t<div class=\"column-half\">\n\t\t\t\t<p><span class=\"wpcf7-form-control-wrap\" data-name=\"select-503\"><select class=\"wpcf7-form-control wpcf7-select\" aria-invalid=\"false\" name=\"select-503\"><option value=\"Bensiin\">Bensiin<\/option><option value=\"Diisel\">Diisel<\/option><option value=\"H\u00fcbriid\">H\u00fcbriid<\/option><option value=\"Elekter\">Elekter<\/option><option value=\"Gaas\">Gaas<\/option><option value=\"Muu\">Muu<\/option><\/select><\/span>\n\t\t\t\t<\/p>\n\t\t\t<\/div>\n\t\t<\/div>\n\t\t<p><a>Tutvu enne pakkumuse k\u00fcsimist ning kindlustuslepingu s\u00f5lmimist&nbsp;<\/a><a href=\\\"https:\/\/pzu.ee\/tingimused\/#toggle14\\\">PZU kaskokindlustuse ja liikluskindlustuse kindlustusteenuse teabedokumentidega&nbsp;<\/a>ning&nbsp;<a href=\\\"https:\/\/pzu.ee\/uldtingimused\/#toggle2\\\">PZU Kindlustuslepingute \u00fcldtingimustega ja kaskokindlustuse tingimustega<\/a>. Liikluskindlustust reguleerib&nbsp;<a href=\\\"https:\/\/pzu.ee\/uldtingimused\/#toggle1\\\">liikluskindlustuse seadus<\/a>. Vajaduse korral pea n\u00f5u asjatundjaga numbril 622 4599.\n\t\t<\/p>\n\t\t<p>Kindlustusagent saab kindlustuse vahendamise eest agenditasu, mis sisaldub kindlustusmakses. PZU Kindlustuse poolt agendile makstav vahendustasu on kaskokindlustuse puhul 15% kindlustusmaksest ja liikluskindlustuse puhul 10% kindlustusmaksest.\n\t\t<\/p>\n\t\t<p><strong>Isikuandmete t\u00f6\u00f6tlemine<\/strong>\n\t\t<\/p>\n\t\t<p>Juhime t\u00e4helepanu, et n\u00f5ustudes selle PZU kindlustuspakkumusega, kinnitad PZU-le, et oled aru saanud PZU isikuandmete t\u00f6\u00f6tlemise p\u00f5him\u00f5tetest, millega saad tutvuda&nbsp;<a href=\\\"https:\/\/pzu.ee\/isikuandmete-tootlemine\/\\\" target=\\\"_blank\\\" rel=\\\"noreferrer noopener\\\">PZU kodulehel.<\/a>\n\t\t<\/p>\n\t\t<p><strong>Vaidluste lahendamine, finantsj\u00e4relevalve ja lepingu suhtes kohaldatav \u00f5igus<\/strong>\n\t\t<\/p>\n\t\t<p>Kindlustuslepinguga seotud kaebus tuleb esitada e-kirja teel aadressile info@pzu.ee v\u00f5i posti teel aadressile PZU Kindlustus, P\u00e4rnu mnt 141, Tallinn 11314. Kaebusele vastatakse hiljemalt 15 p\u00e4eva jooksul, kui kaebuse esitajat ei ole teavitatud teisiti. PZU kaebuse menetlemise korraga saab tutvuda&nbsp;<a href=\\\"https:\/\/pzu.ee\/kaebuste-lahendamine\/\\\" target=\\\"_blank\\\" rel=\\\"noreferrer noopener\\\">PZU kodulehel.<\/a>\n\t\t<\/p>\n\t\t<p>Vaidluse korral v\u00f5ib p\u00f6\u00f6rduda kindlustuse lepitusorgani poole, mis tegutseb Eesti Kindlustusseltside Liidu (EKsL) juures aadressil Mustam\u00e4e tee 46, Tallinn 10621. T\u00e4psem info&nbsp;<a href=\\\"https:\/\/www.lkf.ee\/et\/lepitusorgan\\\" target=\\\"_blank\\\" rel=\\\"noreferrer noopener\\\">EKsLi veebilehel.<\/a>\n\t\t<\/p>\n\t\t<p>Tarbija v\u00f5ib lepingust tekkinud vaidlusega p\u00f6\u00f6rduda ka Tarbijakaitse ja Tehnilise J\u00e4relevalve Ameti juures asuva tarbijavaidluste komisjoni poole, mille kontaktandmed on: Endla 10a, 10142 Tallinn; e post avaldus@komisjon.ee. T\u00e4psema info tarbijavaidluste komisjoni menetlusreeglite kohta leiad&nbsp;<a href=\\\"https:\/\/ttja.ee\/tarbijavaidluste-komisjon\\\" target=\\\"_blank\\\" rel=\\\"noreferrer noopener\\\">tarbijavaidluste komisjoni veebilehelt<\/a>.\n\t\t<\/p>\n\t\t<p>Kindlustusv\u00f5tjal on \u00f5igus esitada kindlustusandja tegevuse kohta kaebus Finantsinspektsioonile aadressil Sakala 4, 15030 Tallinn.\n\t\t<\/p>\n\t\t<p>PZU on AB \\\"Lietuvos draudimas\\\" Eesti filiaali kaubam\u00e4rk Eestis. AB \\\"Lietuvos draudimas\\\" on Leedu kahjukindlustusselts, mis kuulub rahvusvahelisse PZU kontserni. Flameko O\u00dc tegutseb&nbsp;AB \\\"Lietuvos draudimas\\\" Eesti filiaali kindlustusagendina ja on kantud Finantsinspektsiooni veebilehel avalikustatud kindlustusvahendajate nimekirja. Nimekirja leiate aadressilt&nbsp;<a href=\\\"https:\/\/www.fi.ee\/\\\" target=\\\"_blank\\\" rel=\\\"noreferrer noopener\\\">www.fi.ee<\/a>.\n\t\t<\/p>\n\t\t<p><strong>Vajutades nuppu \\\"Saada\\\" kinnitad, et n\u00f5ustud oma andmete t\u00f6\u00f6tlemisega \u00fclaltoodud korras.<\/strong>\n\t\t<\/p>\n\t\t<p><input class=\"wpcf7-form-control wpcf7-submit has-spinner\" type=\"submit\" value=\"Saada\" \/>\n\t\t<\/p>\n\t<\/div>\n<\/div><div class=\"wpcf7-response-output\" aria-hidden=\"true\"><\/div>\n<\/form>\n<\/div>\n\n","protected":false},"excerpt":{"rendered":"<p>S\u00f5idukikindlustuse pakkumine sisaldab kaskokindlustuse pakkumist (v.a kui s\u00f5iduki vanus on rohkem kui 24 aastat) ning liikluskindluse pakkumist. Saadame kindlustuspakkumise 1 t\u00f6\u00f6p\u00e4eva jooksul p\u00e4rast taotluse esitamist.<\/p>","protected":false},"author":1,"featured_media":0,"parent":0,"menu_order":0,"comment_status":"closed","ping_status":"closed","template":"","meta":{"_themeisle_gutenberg_block_has_review":false,"footnotes":""},"class_list":["post-1220","page","type-page","status-publish","hentry"],"yoast_head":"<!-- This site is optimized with the Yoast SEO plugin v27.2 - https:\/\/yoast.com\/product\/yoast-seo-wordpress\/ -->\n<title>S\u00f5idukikindlustuse hinnap\u00e4ring - Flameko Camper<\/title>\n<meta name=\"robots\" content=\"index, follow, max-snippet:-1, max-image-preview:large, max-video-preview:-1\" \/>\n<link rel=\"canonical\" href=\"https:\/\/flamekocamper.ee\/en\/soidukikindlustuse-hinnaparing\/\" \/>\n<meta property=\"og:locale\" content=\"en_US\" \/>\n<meta property=\"og:type\" content=\"article\" \/>\n<meta property=\"og:title\" content=\"S\u00f5idukikindlustuse hinnap\u00e4ring - Flameko Camper\" \/>\n<meta property=\"og:description\" content=\"S\u00f5idukikindlustuse pakkumine sisaldab kaskokindlustuse pakkumist (v.a kui s\u00f5iduki vanus on rohkem kui 24 aastat) ning liikluskindluse pakkumist. Saadame kindlustuspakkumise 1 t\u00f6\u00f6p\u00e4eva jooksul p\u00e4rast taotluse esitamist.\" \/>\n<meta property=\"og:url\" content=\"https:\/\/flamekocamper.ee\/en\/soidukikindlustuse-hinnaparing\/\" \/>\n<meta property=\"og:site_name\" content=\"Flameko Camper\" \/>\n<meta property=\"article:publisher\" content=\"https:\/\/www.facebook.com\/flamekocamper\" \/>\n<meta property=\"article:modified_time\" content=\"2025-04-24T23:31:24+00:00\" \/>\n<meta property=\"og:image\" content=\"https:\/\/flamekocamper.ee\/wp-content\/uploads\/2023\/12\/PZU-LOGO.png\" \/>\n\t<meta property=\"og:image:width\" content=\"478\" \/>\n\t<meta property=\"og:image:height\" content=\"479\" \/>\n\t<meta property=\"og:image:type\" content=\"image\/png\" \/>\n<meta name=\"twitter:card\" content=\"summary_large_image\" \/>\n<meta name=\"twitter:label1\" content=\"Est. reading time\" \/>\n\t<meta name=\"twitter:data1\" content=\"1 minute\" \/>\n<script type=\"application\/ld+json\" class=\"yoast-schema-graph\">{\"@context\":\"https:\/\/schema.org\",\"@graph\":[{\"@type\":\"WebPage\",\"@id\":\"https:\/\/flamekocamper.ee\/soidukikindlustuse-hinnaparing\/\",\"url\":\"https:\/\/flamekocamper.ee\/soidukikindlustuse-hinnaparing\/\",\"name\":\"S\u00f5idukikindlustuse hinnap\u00e4ring - Flameko Camper\",\"isPartOf\":{\"@id\":\"https:\/\/flamekocamper.ee\/#website\"},\"primaryImageOfPage\":{\"@id\":\"https:\/\/flamekocamper.ee\/soidukikindlustuse-hinnaparing\/#primaryimage\"},\"image\":{\"@id\":\"https:\/\/flamekocamper.ee\/soidukikindlustuse-hinnaparing\/#primaryimage\"},\"thumbnailUrl\":\"https:\/\/flamekocamper.ee\/wp-content\/uploads\/2023\/12\/PZU-LOGO-150x150.png\",\"datePublished\":\"2025-04-24T22:55:19+00:00\",\"dateModified\":\"2025-04-24T23:31:24+00:00\",\"breadcrumb\":{\"@id\":\"https:\/\/flamekocamper.ee\/soidukikindlustuse-hinnaparing\/#breadcrumb\"},\"inLanguage\":\"en-US\",\"potentialAction\":[{\"@type\":\"ReadAction\",\"target\":[\"https:\/\/flamekocamper.ee\/soidukikindlustuse-hinnaparing\/\"]}]},{\"@type\":\"ImageObject\",\"inLanguage\":\"en-US\",\"@id\":\"https:\/\/flamekocamper.ee\/soidukikindlustuse-hinnaparing\/#primaryimage\",\"url\":\"https:\/\/flamekocamper.ee\/wp-content\/uploads\/2023\/12\/PZU-LOGO-150x150.png\",\"contentUrl\":\"https:\/\/flamekocamper.ee\/wp-content\/uploads\/2023\/12\/PZU-LOGO-150x150.png\"},{\"@type\":\"BreadcrumbList\",\"@id\":\"https:\/\/flamekocamper.ee\/soidukikindlustuse-hinnaparing\/#breadcrumb\",\"itemListElement\":[{\"@type\":\"ListItem\",\"position\":1,\"name\":\"Home\",\"item\":\"https:\/\/flamekocamper.ee\/\"},{\"@type\":\"ListItem\",\"position\":2,\"name\":\"S\u00f5idukikindlustuse hinnap\u00e4ring\"}]},{\"@type\":\"WebSite\",\"@id\":\"https:\/\/flamekocamper.ee\/#website\",\"url\":\"https:\/\/flamekocamper.ee\/\",\"name\":\"Flameko Camper\",\"description\":\"K&otilde;ik hooldus ja remontt&ouml;&ouml;d Sinu matkaautole ja haagissuvilale. Seda k&otilde;ike nii autole endale kui ka elamuosale!\",\"publisher\":{\"@id\":\"https:\/\/flamekocamper.ee\/#organization\"},\"potentialAction\":[{\"@type\":\"SearchAction\",\"target\":{\"@type\":\"EntryPoint\",\"urlTemplate\":\"https:\/\/flamekocamper.ee\/?s={search_term_string}\"},\"query-input\":{\"@type\":\"PropertyValueSpecification\",\"valueRequired\":true,\"valueName\":\"search_term_string\"}}],\"inLanguage\":\"en-US\"},{\"@type\":\"Organization\",\"@id\":\"https:\/\/flamekocamper.ee\/#organization\",\"name\":\"Flameko Camper - Flameko O\u00dc\",\"url\":\"https:\/\/flamekocamper.ee\/\",\"logo\":{\"@type\":\"ImageObject\",\"inLanguage\":\"en-US\",\"@id\":\"https:\/\/flamekocamper.ee\/#\/schema\/logo\/image\/\",\"url\":\"https:\/\/flamekocamper.ee\/wp-content\/uploads\/2023\/04\/logo-2.png\",\"contentUrl\":\"https:\/\/flamekocamper.ee\/wp-content\/uploads\/2023\/04\/logo-2.png\",\"width\":400,\"height\":283,\"caption\":\"Flameko Camper - Flameko O\u00dc\"},\"image\":{\"@id\":\"https:\/\/flamekocamper.ee\/#\/schema\/logo\/image\/\"},\"sameAs\":[\"https:\/\/www.facebook.com\/flamekocamper\",\"https:\/\/www.instagram.com\/flamekocamper\/\"]}]}<\/script>\n<!-- \/ Yoast SEO plugin. -->","yoast_head_json":{"title":"S\u00f5idukikindlustuse hinnap\u00e4ring - Flameko Camper","robots":{"index":"index","follow":"follow","max-snippet":"max-snippet:-1","max-image-preview":"max-image-preview:large","max-video-preview":"max-video-preview:-1"},"canonical":"https:\/\/flamekocamper.ee\/en\/soidukikindlustuse-hinnaparing\/","og_locale":"en_US","og_type":"article","og_title":"S\u00f5idukikindlustuse hinnap\u00e4ring - Flameko Camper","og_description":"S\u00f5idukikindlustuse pakkumine sisaldab kaskokindlustuse pakkumist (v.a kui s\u00f5iduki vanus on rohkem kui 24 aastat) ning liikluskindluse pakkumist. Saadame kindlustuspakkumise 1 t\u00f6\u00f6p\u00e4eva jooksul p\u00e4rast taotluse esitamist.","og_url":"https:\/\/flamekocamper.ee\/en\/soidukikindlustuse-hinnaparing\/","og_site_name":"Flameko Camper","article_publisher":"https:\/\/www.facebook.com\/flamekocamper","article_modified_time":"2025-04-24T23:31:24+00:00","og_image":[{"width":478,"height":479,"url":"https:\/\/flamekocamper.ee\/wp-content\/uploads\/2023\/12\/PZU-LOGO.png","type":"image\/png"}],"twitter_card":"summary_large_image","twitter_misc":{"Est. reading time":"1 minute"},"schema":{"@context":"https:\/\/schema.org","@graph":[{"@type":"WebPage","@id":"https:\/\/flamekocamper.ee\/soidukikindlustuse-hinnaparing\/","url":"https:\/\/flamekocamper.ee\/soidukikindlustuse-hinnaparing\/","name":"S\u00f5idukikindlustuse hinnap\u00e4ring - Flameko Camper","isPartOf":{"@id":"https:\/\/flamekocamper.ee\/#website"},"primaryImageOfPage":{"@id":"https:\/\/flamekocamper.ee\/soidukikindlustuse-hinnaparing\/#primaryimage"},"image":{"@id":"https:\/\/flamekocamper.ee\/soidukikindlustuse-hinnaparing\/#primaryimage"},"thumbnailUrl":"https:\/\/flamekocamper.ee\/wp-content\/uploads\/2023\/12\/PZU-LOGO-150x150.png","datePublished":"2025-04-24T22:55:19+00:00","dateModified":"2025-04-24T23:31:24+00:00","breadcrumb":{"@id":"https:\/\/flamekocamper.ee\/soidukikindlustuse-hinnaparing\/#breadcrumb"},"inLanguage":"en-US","potentialAction":[{"@type":"ReadAction","target":["https:\/\/flamekocamper.ee\/soidukikindlustuse-hinnaparing\/"]}]},{"@type":"ImageObject","inLanguage":"en-US","@id":"https:\/\/flamekocamper.ee\/soidukikindlustuse-hinnaparing\/#primaryimage","url":"https:\/\/flamekocamper.ee\/wp-content\/uploads\/2023\/12\/PZU-LOGO-150x150.png","contentUrl":"https:\/\/flamekocamper.ee\/wp-content\/uploads\/2023\/12\/PZU-LOGO-150x150.png"},{"@type":"BreadcrumbList","@id":"https:\/\/flamekocamper.ee\/soidukikindlustuse-hinnaparing\/#breadcrumb","itemListElement":[{"@type":"ListItem","position":1,"name":"Home","item":"https:\/\/flamekocamper.ee\/"},{"@type":"ListItem","position":2,"name":"S\u00f5idukikindlustuse hinnap\u00e4ring"}]},{"@type":"WebSite","@id":"https:\/\/flamekocamper.ee\/#website","url":"https:\/\/flamekocamper.ee\/","name":"Flameko Camper","description":"K&otilde;ik hooldus ja remontt&ouml;&ouml;d Sinu matkaautole ja haagissuvilale. Seda k&otilde;ike nii autole endale kui ka elamuosale!","publisher":{"@id":"https:\/\/flamekocamper.ee\/#organization"},"potentialAction":[{"@type":"SearchAction","target":{"@type":"EntryPoint","urlTemplate":"https:\/\/flamekocamper.ee\/?s={search_term_string}"},"query-input":{"@type":"PropertyValueSpecification","valueRequired":true,"valueName":"search_term_string"}}],"inLanguage":"en-US"},{"@type":"Organization","@id":"https:\/\/flamekocamper.ee\/#organization","name":"Flameko Camper - Flameko O\u00dc","url":"https:\/\/flamekocamper.ee\/","logo":{"@type":"ImageObject","inLanguage":"en-US","@id":"https:\/\/flamekocamper.ee\/#\/schema\/logo\/image\/","url":"https:\/\/flamekocamper.ee\/wp-content\/uploads\/2023\/04\/logo-2.png","contentUrl":"https:\/\/flamekocamper.ee\/wp-content\/uploads\/2023\/04\/logo-2.png","width":400,"height":283,"caption":"Flameko Camper - Flameko O\u00dc"},"image":{"@id":"https:\/\/flamekocamper.ee\/#\/schema\/logo\/image\/"},"sameAs":["https:\/\/www.facebook.com\/flamekocamper","https:\/\/www.instagram.com\/flamekocamper\/"]}]}},"_links":{"self":[{"href":"https:\/\/flamekocamper.ee\/en\/wp-json\/wp\/v2\/pages\/1220","targetHints":{"allow":["GET"]}}],"collection":[{"href":"https:\/\/flamekocamper.ee\/en\/wp-json\/wp\/v2\/pages"}],"about":[{"href":"https:\/\/flamekocamper.ee\/en\/wp-json\/wp\/v2\/types\/page"}],"author":[{"embeddable":true,"href":"https:\/\/flamekocamper.ee\/en\/wp-json\/wp\/v2\/users\/1"}],"replies":[{"embeddable":true,"href":"https:\/\/flamekocamper.ee\/en\/wp-json\/wp\/v2\/comments?post=1220"}],"version-history":[{"count":2,"href":"https:\/\/flamekocamper.ee\/en\/wp-json\/wp\/v2\/pages\/1220\/revisions"}],"predecessor-version":[{"id":1225,"href":"https:\/\/flamekocamper.ee\/en\/wp-json\/wp\/v2\/pages\/1220\/revisions\/1225"}],"wp:attachment":[{"href":"https:\/\/flamekocamper.ee\/en\/wp-json\/wp\/v2\/media?parent=1220"}],"curies":[{"name":"wp","href":"https:\/\/api.w.org\/{rel}","templated":true}]}}