{"id":1317,"date":"2025-09-26T15:00:56","date_gmt":"2025-09-26T12:00:56","guid":{"rendered":"https:\/\/flamekocamper.ee\/?page_id=1317"},"modified":"2025-10-13T12:59:19","modified_gmt":"2025-10-13T09:59:19","slug":"weinsberg","status":"publish","type":"page","link":"https:\/\/flamekocamper.ee\/en\/meist\/weinsberg\/","title":{"rendered":"WEINSBERG"},"content":{"rendered":"<p><\/p>\n\n\n\n<h3 class=\"wp-block-heading\">WEINSBERG ametlik esindaja Eestis \u2013 Flameko Camper<\/h3>\n\n\n\n<p><\/p>\n\n\n\n<p>WEINSBERG on juba \u00fcle 50 aasta p\u00fchendunud sellele, et muuta sinu puhkus veelgi nauditavamaks, \u00fchendades omavahel suure kogemuse, innovaatilised ideed ja kire matkamise vastu.<br><br>Flameko Camper pakub k\u00f5ike alates Weinsberg matkas\u00f5idukite m\u00fc\u00fcgist kuni garantiihoolduse, remondi ja lisavarustuse paigalduseni. Soovime, et sinu matkas\u00f5iduk oleks alati parimas korras ning valmis uueks seikluseks.<br>Meie juures on saadaval t\u00e4isteenus k\u00f5ikidele WEINSBERGi s\u00f5idukitele s\u00f5ltumata auto vanusest v\u00f5i ostukohast:<\/p>\n\n\n\n<ul class=\"wp-block-list\">\n<li>Garantiiremont, hooldus.<\/li>\n\n\n\n<li>Niiskuskontroll ja aastahooldus.<\/li>\n\n\n\n<li>Lisavarustuse paigaldus, varuosad.<\/li>\n\n\n\n<li>Kindlustusjuhtumite lahendamine, klaasivahetus.<\/li>\n\n\n\n<li>Ekspertide n\u00f5ustamine sobiva s\u00f5iduki valikul.<\/li>\n<\/ul>\n\n\n\n<p>Meil on hea meel, et saame teile pakkuda WEINSBERG matkas\u00f5idukeid, mis on p\u00e4lvinud mitmeid rahvusvahelisi auhindu, vaata siit: <a href=\"https:\/\/weinsberg.com\/en-int\/the-brand\/awards\">weinsberg.com\/en-int\/the-brand\/awards<\/a><\/p>\n\n\n\n<p>Kui otsid uut WEINSBERG matkaautot v\u00f5i vajad oma olemasolevale s\u00f5idukile hooldust, garantiiteenust v\u00f5i lisavarustuse paigaldust, oled alati oodatud meie Laagri esindusse Lepatriinu tee 8.<\/p>\n\n\n\n<p>Flameko Camper \u2013 sinu WEINSBERGi t\u00e4isteeninduskeskus Eestis.<\/p>\n\n\n\n<blockquote class=\"wp-block-quote is-layout-flow wp-block-quote-is-layout-flow\">\n<p>Sobiva mudeli leidmiseks kasutage julgelt WEINSBERGi kodulehe otsingufunktsiooni <a href=\"https:\/\/weinsberg.com\/en-int\/vehicle-advisor\/\" target=\"_blank\" rel=\"noreferrer noopener\">Vehicle advisor<\/a>.<\/p>\n\n\n\n<p>Indikatiivse pakkumise saamiseks kasutage <a href=\"https:\/\/konfigurator.knaustabbert.de\/configurator\/weinsberg\/de?lang=en\" target=\"_blank\" rel=\"noreferrer noopener\">tootja konfiguraatorit veebilehel<\/a>.<\/p>\n<\/blockquote>\n\n\n\n<div class=\"wp-block-group\"><div class=\"wp-block-group__inner-container is-layout-constrained wp-block-group-is-layout-constrained\">\n<p><strong>WEINSBERG-i <strong>tootekataloogiga saab allpool tutvuda:<\/strong><\/strong><\/p>\n\n\n\n<div id=\"wp-block-themeisle-blocks-advanced-columns-bc654255\" class=\"wp-block-themeisle-blocks-advanced-columns has-3-columns has-desktop-equal-layout has-tablet-equal-layout has-mobile-collapsedRows-layout has-vertical-unset\"><div class=\"wp-block-themeisle-blocks-advanced-columns-overlay\"><\/div><div class=\"innerblocks-wrap\">\n<div id=\"wp-block-themeisle-blocks-advanced-column-1f60ad69\" class=\"wp-block-themeisle-blocks-advanced-column\">\n<div class=\"wp-block-cover is-light\"><span aria-hidden=\"true\" class=\"wp-block-cover__background has-background-dim-10 has-background-dim\"><\/span><div class=\"wp-block-cover__inner-container is-layout-flow wp-block-cover-is-layout-flow\">\n<div class=\"wp-block-group\"><div class=\"wp-block-group__inner-container is-layout-constrained wp-block-group-is-layout-constrained\">\n<figure class=\"wp-block-image size-full\"><a href=\"https:\/\/flamekocamper.ee\/en\/meist\/weinsberg\/weinsberg-motorhomes\/\"><img loading=\"lazy\" decoding=\"async\" width=\"283\" height=\"181\" src=\"https:\/\/flamekocamper.ee\/wp-content\/uploads\/2025\/10\/kta-weinsberg-2024-2025-caracompact-freisteller1.png\" alt=\"\" class=\"wp-image-1421\" srcset=\"https:\/\/flamekocamper.ee\/wp-content\/uploads\/2025\/10\/kta-weinsberg-2024-2025-caracompact-freisteller1.png 283w, https:\/\/flamekocamper.ee\/wp-content\/uploads\/2025\/10\/kta-weinsberg-2024-2025-caracompact-freisteller1-18x12.png 18w\" sizes=\"auto, (max-width: 283px) 100vw, 283px\" \/><\/a><\/figure>\n\n\n\n<p id=\"wp-block-themeisle-blocks-advanced-heading-916ecca3\" class=\"wp-block-themeisle-blocks-advanced-heading wp-block-themeisle-blocks-advanced-heading-916ecca3\"><strong><a href=\"https:\/\/flamekocamper.ee\/en\/meist\/weinsberg\/weinsberg-motorhomes\/\">Motorhomes<\/a><\/strong><\/p>\n<\/div><\/div>\n<\/div><\/div>\n<\/div>\n\n\n\n<div id=\"wp-block-themeisle-blocks-advanced-column-fc15d739\" class=\"wp-block-themeisle-blocks-advanced-column\">\n<div class=\"wp-block-cover is-light\"><span aria-hidden=\"true\" class=\"wp-block-cover__background has-background-dim-10 has-background-dim\"><\/span><div class=\"wp-block-cover__inner-container is-layout-flow wp-block-cover-is-layout-flow\">\n<div class=\"wp-block-group\"><div class=\"wp-block-group__inner-container is-layout-constrained wp-block-group-is-layout-constrained\">\n<figure class=\"wp-block-image size-full\"><a href=\"https:\/\/flamekocamper.ee\/en\/meist\/weinsberg\/weinsberg-caravans\/\"><img loading=\"lazy\" decoding=\"async\" width=\"283\" height=\"181\" src=\"https:\/\/flamekocamper.ee\/wp-content\/uploads\/2025\/10\/kta-weinsberg-2021-2022-caraone-freisteller1.png\" alt=\"\" class=\"wp-image-1423\" srcset=\"https:\/\/flamekocamper.ee\/wp-content\/uploads\/2025\/10\/kta-weinsberg-2021-2022-caraone-freisteller1.png 283w, https:\/\/flamekocamper.ee\/wp-content\/uploads\/2025\/10\/kta-weinsberg-2021-2022-caraone-freisteller1-18x12.png 18w\" sizes=\"auto, (max-width: 283px) 100vw, 283px\" \/><\/a><\/figure>\n\n\n\n<p id=\"wp-block-themeisle-blocks-advanced-heading-b0f709a4\" class=\"wp-block-themeisle-blocks-advanced-heading wp-block-themeisle-blocks-advanced-heading-b0f709a4\"><strong><a href=\"https:\/\/flamekocamper.ee\/en\/meist\/weinsberg\/weinsberg-caravans\/\">Caravans<\/a><\/strong><\/p>\n<\/div><\/div>\n<\/div><\/div>\n<\/div>\n\n\n\n<div id=\"wp-block-themeisle-blocks-advanced-column-5f401ada\" class=\"wp-block-themeisle-blocks-advanced-column\">\n<div class=\"wp-block-cover is-light\"><span aria-hidden=\"true\" class=\"wp-block-cover__background has-background-dim-10 has-background-dim\"><\/span><div class=\"wp-block-cover__inner-container is-layout-flow wp-block-cover-is-layout-flow\">\n<div class=\"wp-block-group\"><div class=\"wp-block-group__inner-container is-layout-constrained wp-block-group-is-layout-constrained\">\n<figure class=\"wp-block-image size-full\"><a href=\"https:\/\/flamekocamper.ee\/en\/meist\/weinsberg\/weinsberg-camper-vans\/\"><img loading=\"lazy\" decoding=\"async\" width=\"283\" height=\"181\" src=\"https:\/\/flamekocamper.ee\/wp-content\/uploads\/2025\/10\/kta-weinsberg-2025-2026-edition-fire-modellfamilie-freisteller1.png\" alt=\"Weinsberg\" class=\"wp-image-1433\" srcset=\"https:\/\/flamekocamper.ee\/wp-content\/uploads\/2025\/10\/kta-weinsberg-2025-2026-edition-fire-modellfamilie-freisteller1.png 283w, https:\/\/flamekocamper.ee\/wp-content\/uploads\/2025\/10\/kta-weinsberg-2025-2026-edition-fire-modellfamilie-freisteller1-18x12.png 18w\" sizes=\"auto, (max-width: 283px) 100vw, 283px\" \/><\/a><\/figure>\n\n\n\n<p id=\"wp-block-themeisle-blocks-advanced-heading-a64531ff\" class=\"wp-block-themeisle-blocks-advanced-heading wp-block-themeisle-blocks-advanced-heading-a64531ff\"><a href=\"https:\/\/flamekocamper.ee\/en\/meist\/weinsberg\/weinsberg-camper-vans\/\"><strong>Camper Vans<\/strong><\/a><\/p>\n<\/div><\/div>\n<\/div><\/div>\n<\/div>\n<\/div><\/div>\n<\/div><\/div>\n\n\n\n<p><strong>WEINSBERG matkaautod<\/strong><\/p>\n\n\n\n<p>Kompaktsed mudelid, ruumikad matkaautod kogu perele v\u00f5i t\u00e4isvarustuses erimudelid \u2013 WEINSBERGi valikust leiad kindlasti oma matkaauto.<\/p>\n\n\n\n<p>K\u00f5ik WEINSBERGi matkaautod pakuvad laia valikut lisavarustust ja paindlikke lahendusi, et s\u00f5iduk vastaks just sinu vajadustele.<br>T\u00e4nu nutikale ruumikasutusele, kaasaegsele disainile ja suurep\u00e4rasele hinna-kvaliteedi suhtele on WEINSBERG ideaalne valik k\u00f5igile, kes hindavad vabadust ja mugavust teel olles.<br><br><strong>WEINSBERG haagissuvilad \u2013 CaraOne ja CaraCito<\/strong><\/p>\n\n\n\n<p><strong>WEINSBERG CaraOne<\/strong>&nbsp;and&nbsp;<strong>CaraCito<\/strong>&nbsp;on suurep\u00e4rased, kvaliteetsed ja praktilised haagissuvilad \u00fchendades endas mugavuse, disaini ja vastupidavuse. Need mudelid koondavad k\u00f5ik WEINSBERGi parimad omadused, pakkudes hinnaklassis lahendust millega on raske konkureerida.<\/p>\n\n\n\n<p>Olgu sinu eesm\u00e4rk perepuhkus, n\u00e4dalavahetuse seiklus v\u00f5i pikem teekond \u2013 WEINSBERGi haagissuvilad on loodud selleks, et muuta iga reis mugavaks ja nauditavaks. K\u00f5rge kvaliteet, l\u00e4bim\u00f5eldud ruumikasutus ja rikkalik varustus tagavad, et tunned end igal reisil nagu kodus.<\/p>\n\n\n\n<p>Kui otsid WEINSBERGi haagissuvilat, on valikus kas&nbsp;<strong>CaraOne<\/strong>, mis on usaldusv\u00e4\u00e4rne ja ajatu klassik, v\u00f5i&nbsp;<strong>CaraCito<\/strong>, mis toob kaasa modernse stiili ja uuenduslikud lahendused.<br>\u00dches on Flameko Camperi meeskond kindel \u2013&nbsp;<strong>m\u00f5lemal juhul teed suurep\u00e4rase valiku<\/strong>.<br><br><strong>WEINSBERG Camper Van\u2019id<\/strong><\/p>\n\n\n\n<p>WEINSBERGi matkabussid on kompaktsed, h\u00e4sti varustatud ja loodud neile, kes hindavad liikuvust ja s\u00f5ltumatust.<br><strong>CaraBus<\/strong>&nbsp;and&nbsp;<strong>CaraBus GREY<\/strong>&nbsp;on populaarsed t\u00e4nu nutikale sisekujundusele, praktilisele varustusele ja vastupidavusele.<br>T\u00f5elistele seiklejatele on loodud&nbsp;<strong>CaraLife<\/strong>&nbsp;\u2013 t\u00e4ielikult varustatud vanlife-unistus, ning erimudel&nbsp;<strong>CaraBus<\/strong>, mille avar garaa\u017e mahutab isegi kaks mootorratast!<\/p>\n\n\n\n<p>Uued&nbsp;<strong>MQH k\u00f5rge katusega mudelid<\/strong>&nbsp;and&nbsp;<strong>t\u00e4iesti uus t\u00f5stetava katusega lahendus<\/strong>&nbsp;pakub rohkem ruumi, valgust ja vabadust \u2013 k\u00f5ik see on saavutatud kaotamata s\u00f5idumugavuses.<br>T\u00f5stetav katus on&nbsp;<strong>oma klassi tipp<\/strong>, \u00fcletades turul olevad sarnased lahendused&nbsp;<strong>disaini, funktsionaalsuse kui ka kvaliteedi poolest<\/strong>. WEINSBERG t\u00f5i sellega uued standardid, milline matkabuss v\u00f5iks olla. Nutikalt l\u00e4bim\u00f5eldud siselahendused, kvaliteetsed materjalid ja detailselt viimistletud disain \u2013 k\u00f5ik selleks, et iga s\u00f5it oleks mugav, avar ja inspireeriv.<\/p>\n\n\n\n<blockquote class=\"wp-block-quote is-layout-flow wp-block-quote-is-layout-flow\">\n<p>Kui sul tekib k\u00fcsimusi, soovid hinnapakkumist v\u00f5i infot uute matkaautode kohta, oleme alati valmis sind aitama \u2013 <a href=\"https:\/\/flamekocamper.ee\/en\/kontakt\/\">v\u00f5ta meiega julgelt \u00fchendust.<\/a><\/p>\n<\/blockquote>","protected":false},"excerpt":{"rendered":"<p>WEINSBERG ametlik esindaja Eestis \u2013 Flameko Camper WEINSBERG on juba \u00fcle 50 aasta p\u00fchendunud sellele, et muuta sinu puhkus veelgi nauditavamaks, \u00fchendades omavahel suure kogemuse, innovaatilised ideed ja kire matkamise vastu. Flameko Camper pakub k\u00f5ike alates Weinsberg matkas\u00f5idukite m\u00fc\u00fcgist kuni garantiihoolduse, remondi ja lisavarustuse paigalduseni. Soovime, et sinu matkas\u00f5iduk oleks alati parimas korras ning valmis [&hellip;]<\/p>\n","protected":false},"author":1,"featured_media":1319,"parent":263,"menu_order":0,"comment_status":"closed","ping_status":"closed","template":"page-full.php","meta":{"_themeisle_gutenberg_block_has_review":false,"footnotes":""},"class_list":["post-1317","page","type-page","status-publish","has-post-thumbnail","hentry"],"yoast_head":"<!-- This site is optimized with the Yoast SEO plugin v27.2 - https:\/\/yoast.com\/product\/yoast-seo-wordpress\/ -->\n<title>WEINSBERG - Flameko Camper<\/title>\n<meta name=\"description\" content=\"Flameko Camper on Weinsberg ametlik esindaja Eestis. Matkas\u00f5idukite m\u00fc\u00fck, hooldus, garantiiremont, lisavarustus. Ootame teid k\u00fclla!\" \/>\n<meta name=\"robots\" content=\"index, follow, max-snippet:-1, max-image-preview:large, max-video-preview:-1\" \/>\n<link rel=\"canonical\" href=\"https:\/\/flamekocamper.ee\/en\/meist\/weinsberg\/\" \/>\n<meta property=\"og:locale\" content=\"en_US\" \/>\n<meta property=\"og:type\" content=\"article\" \/>\n<meta property=\"og:title\" content=\"WEINSBERG - Flameko Camper\" \/>\n<meta property=\"og:description\" content=\"Flameko Camper on Weinsberg ametlik esindaja Eestis. Matkas\u00f5idukite m\u00fc\u00fck, hooldus, garantiiremont, lisavarustus. Ootame teid k\u00fclla!\" \/>\n<meta property=\"og:url\" content=\"https:\/\/flamekocamper.ee\/en\/meist\/weinsberg\/\" \/>\n<meta property=\"og:site_name\" content=\"Flameko Camper\" \/>\n<meta property=\"article:publisher\" content=\"https:\/\/www.facebook.com\/flamekocamper\" \/>\n<meta property=\"article:modified_time\" content=\"2025-10-13T09:59:19+00:00\" \/>\n<meta property=\"og:image\" content=\"https:\/\/flamekocamper.ee\/wp-content\/uploads\/2025\/09\/weinsberg.png\" \/>\n\t<meta property=\"og:image:width\" content=\"332\" \/>\n\t<meta property=\"og:image:height\" content=\"32\" \/>\n\t<meta property=\"og:image:type\" content=\"image\/png\" \/>\n<meta name=\"twitter:card\" content=\"summary_large_image\" \/>\n<meta name=\"twitter:label1\" content=\"Est. reading time\" \/>\n\t<meta name=\"twitter:data1\" content=\"4 minutes\" \/>\n<script type=\"application\/ld+json\" class=\"yoast-schema-graph\">{\"@context\":\"https:\/\/schema.org\",\"@graph\":[{\"@type\":\"WebPage\",\"@id\":\"https:\/\/flamekocamper.ee\/meist\/weinsberg\/\",\"url\":\"https:\/\/flamekocamper.ee\/meist\/weinsberg\/\",\"name\":\"WEINSBERG - Flameko Camper\",\"isPartOf\":{\"@id\":\"https:\/\/flamekocamper.ee\/#website\"},\"primaryImageOfPage\":{\"@id\":\"https:\/\/flamekocamper.ee\/meist\/weinsberg\/#primaryimage\"},\"image\":{\"@id\":\"https:\/\/flamekocamper.ee\/meist\/weinsberg\/#primaryimage\"},\"thumbnailUrl\":\"https:\/\/flamekocamper.ee\/wp-content\/uploads\/2025\/09\/weinsberg.png\",\"datePublished\":\"2025-09-26T12:00:56+00:00\",\"dateModified\":\"2025-10-13T09:59:19+00:00\",\"description\":\"Flameko Camper on Weinsberg ametlik esindaja Eestis. Matkas\u00f5idukite m\u00fc\u00fck, hooldus, garantiiremont, lisavarustus. Ootame teid k\u00fclla!\",\"breadcrumb\":{\"@id\":\"https:\/\/flamekocamper.ee\/meist\/weinsberg\/#breadcrumb\"},\"inLanguage\":\"en-US\",\"potentialAction\":[{\"@type\":\"ReadAction\",\"target\":[\"https:\/\/flamekocamper.ee\/meist\/weinsberg\/\"]}]},{\"@type\":\"ImageObject\",\"inLanguage\":\"en-US\",\"@id\":\"https:\/\/flamekocamper.ee\/meist\/weinsberg\/#primaryimage\",\"url\":\"https:\/\/flamekocamper.ee\/wp-content\/uploads\/2025\/09\/weinsberg.png\",\"contentUrl\":\"https:\/\/flamekocamper.ee\/wp-content\/uploads\/2025\/09\/weinsberg.png\",\"width\":332,\"height\":32},{\"@type\":\"BreadcrumbList\",\"@id\":\"https:\/\/flamekocamper.ee\/meist\/weinsberg\/#breadcrumb\",\"itemListElement\":[{\"@type\":\"ListItem\",\"position\":1,\"name\":\"Home\",\"item\":\"https:\/\/flamekocamper.ee\/\"},{\"@type\":\"ListItem\",\"position\":2,\"name\":\"Meist\",\"item\":\"https:\/\/flamekocamper.ee\/meist\/\"},{\"@type\":\"ListItem\",\"position\":3,\"name\":\"WEINSBERG\"}]},{\"@type\":\"WebSite\",\"@id\":\"https:\/\/flamekocamper.ee\/#website\",\"url\":\"https:\/\/flamekocamper.ee\/\",\"name\":\"Flameko Camper\",\"description\":\"K&otilde;ik hooldus ja remontt&ouml;&ouml;d Sinu matkaautole ja haagissuvilale. Seda k&otilde;ike nii autole endale kui ka elamuosale!\",\"publisher\":{\"@id\":\"https:\/\/flamekocamper.ee\/#organization\"},\"potentialAction\":[{\"@type\":\"SearchAction\",\"target\":{\"@type\":\"EntryPoint\",\"urlTemplate\":\"https:\/\/flamekocamper.ee\/?s={search_term_string}\"},\"query-input\":{\"@type\":\"PropertyValueSpecification\",\"valueRequired\":true,\"valueName\":\"search_term_string\"}}],\"inLanguage\":\"en-US\"},{\"@type\":\"Organization\",\"@id\":\"https:\/\/flamekocamper.ee\/#organization\",\"name\":\"Flameko Camper - Flameko O\u00dc\",\"url\":\"https:\/\/flamekocamper.ee\/\",\"logo\":{\"@type\":\"ImageObject\",\"inLanguage\":\"en-US\",\"@id\":\"https:\/\/flamekocamper.ee\/#\/schema\/logo\/image\/\",\"url\":\"https:\/\/flamekocamper.ee\/wp-content\/uploads\/2023\/04\/logo-2.png\",\"contentUrl\":\"https:\/\/flamekocamper.ee\/wp-content\/uploads\/2023\/04\/logo-2.png\",\"width\":400,\"height\":283,\"caption\":\"Flameko Camper - Flameko O\u00dc\"},\"image\":{\"@id\":\"https:\/\/flamekocamper.ee\/#\/schema\/logo\/image\/\"},\"sameAs\":[\"https:\/\/www.facebook.com\/flamekocamper\",\"https:\/\/www.instagram.com\/flamekocamper\/\"]}]}<\/script>\n<!-- \/ Yoast SEO plugin. -->","yoast_head_json":{"title":"WEINSBERG - Flameko Camper","description":"Flameko Camper on Weinsberg ametlik esindaja Eestis. Matkas\u00f5idukite m\u00fc\u00fck, hooldus, garantiiremont, lisavarustus. Ootame teid k\u00fclla!","robots":{"index":"index","follow":"follow","max-snippet":"max-snippet:-1","max-image-preview":"max-image-preview:large","max-video-preview":"max-video-preview:-1"},"canonical":"https:\/\/flamekocamper.ee\/en\/meist\/weinsberg\/","og_locale":"en_US","og_type":"article","og_title":"WEINSBERG - Flameko Camper","og_description":"Flameko Camper on Weinsberg ametlik esindaja Eestis. Matkas\u00f5idukite m\u00fc\u00fck, hooldus, garantiiremont, lisavarustus. Ootame teid k\u00fclla!","og_url":"https:\/\/flamekocamper.ee\/en\/meist\/weinsberg\/","og_site_name":"Flameko Camper","article_publisher":"https:\/\/www.facebook.com\/flamekocamper","article_modified_time":"2025-10-13T09:59:19+00:00","og_image":[{"width":332,"height":32,"url":"https:\/\/flamekocamper.ee\/wp-content\/uploads\/2025\/09\/weinsberg.png","type":"image\/png"}],"twitter_card":"summary_large_image","twitter_misc":{"Est. reading time":"4 minutes"},"schema":{"@context":"https:\/\/schema.org","@graph":[{"@type":"WebPage","@id":"https:\/\/flamekocamper.ee\/meist\/weinsberg\/","url":"https:\/\/flamekocamper.ee\/meist\/weinsberg\/","name":"WEINSBERG - Flameko Camper","isPartOf":{"@id":"https:\/\/flamekocamper.ee\/#website"},"primaryImageOfPage":{"@id":"https:\/\/flamekocamper.ee\/meist\/weinsberg\/#primaryimage"},"image":{"@id":"https:\/\/flamekocamper.ee\/meist\/weinsberg\/#primaryimage"},"thumbnailUrl":"https:\/\/flamekocamper.ee\/wp-content\/uploads\/2025\/09\/weinsberg.png","datePublished":"2025-09-26T12:00:56+00:00","dateModified":"2025-10-13T09:59:19+00:00","description":"Flameko Camper on Weinsberg ametlik esindaja Eestis. Matkas\u00f5idukite m\u00fc\u00fck, hooldus, garantiiremont, lisavarustus. Ootame teid k\u00fclla!","breadcrumb":{"@id":"https:\/\/flamekocamper.ee\/meist\/weinsberg\/#breadcrumb"},"inLanguage":"en-US","potentialAction":[{"@type":"ReadAction","target":["https:\/\/flamekocamper.ee\/meist\/weinsberg\/"]}]},{"@type":"ImageObject","inLanguage":"en-US","@id":"https:\/\/flamekocamper.ee\/meist\/weinsberg\/#primaryimage","url":"https:\/\/flamekocamper.ee\/wp-content\/uploads\/2025\/09\/weinsberg.png","contentUrl":"https:\/\/flamekocamper.ee\/wp-content\/uploads\/2025\/09\/weinsberg.png","width":332,"height":32},{"@type":"BreadcrumbList","@id":"https:\/\/flamekocamper.ee\/meist\/weinsberg\/#breadcrumb","itemListElement":[{"@type":"ListItem","position":1,"name":"Home","item":"https:\/\/flamekocamper.ee\/"},{"@type":"ListItem","position":2,"name":"Meist","item":"https:\/\/flamekocamper.ee\/meist\/"},{"@type":"ListItem","position":3,"name":"WEINSBERG"}]},{"@type":"WebSite","@id":"https:\/\/flamekocamper.ee\/#website","url":"https:\/\/flamekocamper.ee\/","name":"Flameko Camper","description":"K&otilde;ik hooldus ja remontt&ouml;&ouml;d Sinu matkaautole ja haagissuvilale. Seda k&otilde;ike nii autole endale kui ka elamuosale!","publisher":{"@id":"https:\/\/flamekocamper.ee\/#organization"},"potentialAction":[{"@type":"SearchAction","target":{"@type":"EntryPoint","urlTemplate":"https:\/\/flamekocamper.ee\/?s={search_term_string}"},"query-input":{"@type":"PropertyValueSpecification","valueRequired":true,"valueName":"search_term_string"}}],"inLanguage":"en-US"},{"@type":"Organization","@id":"https:\/\/flamekocamper.ee\/#organization","name":"Flameko Camper - Flameko O\u00dc","url":"https:\/\/flamekocamper.ee\/","logo":{"@type":"ImageObject","inLanguage":"en-US","@id":"https:\/\/flamekocamper.ee\/#\/schema\/logo\/image\/","url":"https:\/\/flamekocamper.ee\/wp-content\/uploads\/2023\/04\/logo-2.png","contentUrl":"https:\/\/flamekocamper.ee\/wp-content\/uploads\/2023\/04\/logo-2.png","width":400,"height":283,"caption":"Flameko Camper - Flameko O\u00dc"},"image":{"@id":"https:\/\/flamekocamper.ee\/#\/schema\/logo\/image\/"},"sameAs":["https:\/\/www.facebook.com\/flamekocamper","https:\/\/www.instagram.com\/flamekocamper\/"]}]}},"_links":{"self":[{"href":"https:\/\/flamekocamper.ee\/en\/wp-json\/wp\/v2\/pages\/1317","targetHints":{"allow":["GET"]}}],"collection":[{"href":"https:\/\/flamekocamper.ee\/en\/wp-json\/wp\/v2\/pages"}],"about":[{"href":"https:\/\/flamekocamper.ee\/en\/wp-json\/wp\/v2\/types\/page"}],"author":[{"embeddable":true,"href":"https:\/\/flamekocamper.ee\/en\/wp-json\/wp\/v2\/users\/1"}],"replies":[{"embeddable":true,"href":"https:\/\/flamekocamper.ee\/en\/wp-json\/wp\/v2\/comments?post=1317"}],"version-history":[{"count":19,"href":"https:\/\/flamekocamper.ee\/en\/wp-json\/wp\/v2\/pages\/1317\/revisions"}],"predecessor-version":[{"id":1615,"href":"https:\/\/flamekocamper.ee\/en\/wp-json\/wp\/v2\/pages\/1317\/revisions\/1615"}],"up":[{"embeddable":true,"href":"https:\/\/flamekocamper.ee\/en\/wp-json\/wp\/v2\/pages\/263"}],"wp:featuredmedia":[{"embeddable":true,"href":"https:\/\/flamekocamper.ee\/en\/wp-json\/wp\/v2\/media\/1319"}],"wp:attachment":[{"href":"https:\/\/flamekocamper.ee\/en\/wp-json\/wp\/v2\/media?parent=1317"}],"curies":[{"name":"wp","href":"https:\/\/api.w.org\/{rel}","templated":true}]}}