{"id":1353,"date":"2025-10-04T20:38:58","date_gmt":"2025-10-04T17:38:58","guid":{"rendered":"https:\/\/flamekocamper.ee\/?page_id=1353"},"modified":"2025-10-07T09:47:36","modified_gmt":"2025-10-07T06:47:36","slug":"knaus-motorhomes","status":"publish","type":"page","link":"https:\/\/flamekocamper.ee\/en\/meist\/knaus\/knaus-motorhomes\/","title":{"rendered":"KNAUS Motorhomes"},"content":{"rendered":"<div class=\"wp-block-group is-content-justification-space-between is-nowrap is-layout-flex wp-container-core-group-is-layout-0dfbf163 wp-block-group-is-layout-flex\">\n<h2 class=\"wp-block-heading\">Motorhomes<\/h2>\n\n\n\n<div class=\"wp-block-buttons is-content-justification-right is-layout-flex wp-container-core-buttons-is-layout-e67d7449 wp-block-buttons-is-layout-flex\">\n<div class=\"wp-block-button is-style-outline is-style-outline--1\"><a class=\"wp-block-button__link has-pale-cyan-blue-background-color has-background wp-element-button\" href=\"https:\/\/konfigurator.knaustabbert.de\/configurator\/knaus\/de?lang=en&amp;buildTypeKey=MOTORHOME\" style=\"border-radius:10px\" target=\"_blank\" rel=\"noreferrer noopener\">Konfiguraator<\/a><\/div>\n\n\n\n<div class=\"wp-block-button\"><a class=\"wp-block-button__link wp-element-button\" href=\"https:\/\/flamekocamper.ee\/en\/meist\/knaus\/\">Tagasi KNAUS lehele<\/a><\/div>\n<\/div>\n<\/div>\n\n\n\n<div class=\"wp-block-group is-layout-grid wp-container-core-group-is-layout-baef362d wp-block-group-is-layout-grid\">\n<div id=\"wp-block-themeisle-blocks-flip-d621ae54\" class=\"wp-block-themeisle-blocks-flip anim flipY\"><div class=\"o-flip-inner\"><div class=\"o-flip-front\"><div class=\"o-flip-content\"><img decoding=\"async\" class=\"o-img\" src=\"https:\/\/flamekocamper.ee\/wp-content\/uploads\/2025\/10\/kta-knaus-2024-2025-vanti-freisteller1.png\" srcset=\"https:\/\/flamekocamper.ee\/wp-content\/uploads\/2025\/10\/kta-knaus-2024-2025-vanti-freisteller1.png\" alt=\"\"\/><h3>KNAUS\u00a0VAN TI<\/h3><p>Piisavalt suur, et pakkuda ehtsat matkaauto tunnetust, kuid piisavalt kompaktne, et navigeerida m\u00f6\u00f6da k\u00e4\u00e4nulisi rannikuteid. <\/p><\/div><\/div><div class=\"o-flip-back\">\n<h3 class=\"wp-block-heading\">KNAUS&nbsp;VAN TI<\/h3>\n\n\n\n<div class=\"wp-block-buttons is-content-justification-center is-layout-flex wp-container-core-buttons-is-layout-16018d1d wp-block-buttons-is-layout-flex\">\n<div class=\"wp-block-button is-style-fill\"><a class=\"wp-block-button__link wp-element-button\" href=\"https:\/\/www.knaus.com\/en-int\/motorhomes\/van-ti\/highlights\/\" target=\"_blank\" rel=\"noreferrer noopener\">Tootja info<\/a><\/div>\n\n\n\n<div class=\"wp-block-button is-style-fill\"><a class=\"wp-block-button__link wp-element-button\" href=\"https:\/\/konfigurator.knaustabbert.de\/configurator\/knaus\/de?lang=en&amp;buildTypeKey=MOTORHOME&amp;modelKey=R11-VANTI-MJ26\" target=\"_blank\" rel=\"noreferrer noopener\">Konfiguraator<\/a><\/div>\n<\/div>\n<\/div><\/div><\/div>\n\n\n\n<div id=\"wp-block-themeisle-blocks-flip-e163de86\" class=\"wp-block-themeisle-blocks-flip anim flipY\"><div class=\"o-flip-inner\"><div class=\"o-flip-front\"><div class=\"o-flip-content\"><img decoding=\"async\" class=\"o-img\" src=\"https:\/\/flamekocamper.ee\/wp-content\/uploads\/2025\/10\/kta-knaus-2021-2022-vanti-plus-freisteller1.png\" srcset=\"https:\/\/flamekocamper.ee\/wp-content\/uploads\/2025\/10\/kta-knaus-2021-2022-vanti-plus-freisteller1.png\" alt=\"\"\/><h3>KNAUS\u00a0VAN TI PLUS<\/h3><p><strong>T\u00e4iuslik meeskond<\/strong> \u2013 KNAUS VAN TI seeria man\u00f6\u00f6verdusv\u00f5ime koos VW Crafteri eelistega.<\/p><\/div><\/div><div class=\"o-flip-back\">\n<h3 class=\"wp-block-heading\">KNAUS&nbsp;VAN TI PLUS<\/h3>\n\n\n\n<div class=\"wp-block-buttons is-content-justification-center is-layout-flex wp-container-core-buttons-is-layout-16018d1d wp-block-buttons-is-layout-flex\">\n<div class=\"wp-block-button is-style-fill\"><a class=\"wp-block-button__link wp-element-button\" href=\"https:\/\/www.knaus.com\/en-int\/motorhomes\/vanti-plus\/highlights\/\" target=\"_blank\" rel=\"noreferrer noopener\">Tootja info<\/a><\/div>\n\n\n\n<div class=\"wp-block-button is-style-fill\"><a class=\"wp-block-button__link wp-element-button\" href=\"https:\/\/konfigurator.knaustabbert.de\/configurator\/knaus\/de?lang=en&amp;buildTypeKey=MOTORHOME&amp;modelKey=R09-VANTIPLUSVW-MJ26\" target=\"_blank\" rel=\"noreferrer noopener\">Konfiguraator<\/a><\/div>\n<\/div>\n<\/div><\/div><\/div>\n\n\n\n<div id=\"wp-block-themeisle-blocks-flip-52eebbc8\" class=\"wp-block-themeisle-blocks-flip anim flipY\"><div class=\"o-flip-inner\"><div class=\"o-flip-front\"><div class=\"o-flip-content\"><img decoding=\"async\" class=\"o-img\" src=\"https:\/\/flamekocamper.ee\/wp-content\/uploads\/2025\/10\/kta-knaus-2025-2026-liveti-freisteller1.png\" srcset=\"https:\/\/flamekocamper.ee\/wp-content\/uploads\/2025\/10\/kta-knaus-2025-2026-liveti-freisteller1.png\" alt=\"\"\/><h3>KNAUS\u00a0L!VE TI<\/h3><p><strong>Tunne end vabalt, naudi elu, avasta maailma!<\/strong> <\/p><\/div><\/div><div class=\"o-flip-back\">\n<h3 class=\"wp-block-heading\">KNAUS&nbsp;L!VE TI<\/h3>\n\n\n\n<div class=\"wp-block-buttons is-content-justification-center is-layout-flex wp-container-core-buttons-is-layout-16018d1d wp-block-buttons-is-layout-flex\">\n<div class=\"wp-block-button is-style-fill\"><a class=\"wp-block-button__link wp-element-button\" href=\"https:\/\/www.knaus.com\/en-int\/motorhomes\/live-ti\/highlights\/\" target=\"_blank\" rel=\"noreferrer noopener\">Tootja info<\/a><\/div>\n\n\n\n<div class=\"wp-block-button is-style-fill\"><a class=\"wp-block-button__link wp-element-button\" href=\"https:\/\/konfigurator.knaustabbert.de\/configurator\/knaus\/de?lang=en&amp;buildTypeKey=MOTORHOME&amp;modelKey=R05-LIVETI-MJ26\" target=\"_blank\" rel=\"noreferrer noopener\">Konfiguraator<\/a><\/div>\n<\/div>\n<\/div><\/div><\/div>\n\n\n\n<div id=\"wp-block-themeisle-blocks-flip-a6bdf029\" class=\"wp-block-themeisle-blocks-flip anim flipY\"><div class=\"o-flip-inner\"><div class=\"o-flip-front\"><div class=\"o-flip-content\"><img decoding=\"async\" class=\"o-img\" src=\"https:\/\/flamekocamper.ee\/wp-content\/uploads\/2025\/10\/kta-knaus-2024-2025-skyti-freisteller1.png\" srcset=\"https:\/\/flamekocamper.ee\/wp-content\/uploads\/2025\/10\/kta-knaus-2024-2025-skyti-freisteller1.png\" alt=\"\"\/><h3>KNAUS SKY TI<\/h3><p><strong>Mis teeb SKY TI-st eriti erilise poolintegreeritud matkaauto?<\/strong> <\/p><\/div><\/div><div class=\"o-flip-back\">\n<h3 class=\"wp-block-heading\">KNAUS SKY TI<\/h3>\n\n\n\n<div class=\"wp-block-buttons is-content-justification-center is-layout-flex wp-container-core-buttons-is-layout-16018d1d wp-block-buttons-is-layout-flex\">\n<div class=\"wp-block-button is-style-fill\"><a class=\"wp-block-button__link wp-element-button\" href=\"https:\/\/www.knaus.com\/en-int\/motorhomes\/sky-ti\/highlights\/\" target=\"_blank\" rel=\"noreferrer noopener\">Tootja info<\/a><\/div>\n\n\n\n<div class=\"wp-block-button is-style-fill\"><a class=\"wp-block-button__link wp-element-button\" href=\"https:\/\/konfigurator.knaustabbert.de\/configurator\/knaus\/de?lang=en&amp;buildTypeKey=MOTORHOME&amp;modelKey=R16-SKYTI-MJ26\" target=\"_blank\" rel=\"noreferrer noopener\">Konfiguraator<\/a><\/div>\n<\/div>\n<\/div><\/div><\/div>\n\n\n\n<div id=\"wp-block-themeisle-blocks-flip-43e2f342\" class=\"wp-block-themeisle-blocks-flip anim flipY\"><div class=\"o-flip-inner\"><div class=\"o-flip-front\"><div class=\"o-flip-content\"><img decoding=\"async\" class=\"o-img\" src=\"https:\/\/flamekocamper.ee\/wp-content\/uploads\/2025\/10\/kta-knaus-2025-2026-livewave-freisteller1.png\" srcset=\"https:\/\/flamekocamper.ee\/wp-content\/uploads\/2025\/10\/kta-knaus-2025-2026-livewave-freisteller1.png\" alt=\"\"\/><h3>KNAUS\u00a0L!VE WAVE<\/h3><p><strong>Veidi teistsugune TI t\u00f5stetava voodiga<\/strong>.<\/p><\/div><\/div><div class=\"o-flip-back\">\n<h3 class=\"wp-block-heading\">KNAUS&nbsp;L!VE WAVE<\/h3>\n\n\n\n<div class=\"wp-block-buttons is-content-justification-center is-layout-flex wp-container-core-buttons-is-layout-16018d1d wp-block-buttons-is-layout-flex\">\n<div class=\"wp-block-button is-style-fill\"><a class=\"wp-block-button__link wp-element-button\" href=\"https:\/\/www.knaus.com\/en-int\/motorhomes\/live-wave\/highlights\/\" target=\"_blank\" rel=\"noreferrer noopener\">Tootja info<\/a><\/div>\n\n\n\n<div class=\"wp-block-button is-style-fill\"><a class=\"wp-block-button__link wp-element-button\" href=\"https:\/\/konfigurator.knaustabbert.de\/configurator\/knaus\/de?lang=en&amp;buildTypeKey=MOTORHOME&amp;modelKey=R15-LIVEWAVE-MJ26\" target=\"_blank\" rel=\"noreferrer noopener\">Konfiguraator<\/a><\/div>\n<\/div>\n<\/div><\/div><\/div>\n\n\n\n<div id=\"wp-block-themeisle-blocks-flip-ebffba7e\" class=\"wp-block-themeisle-blocks-flip anim flipY\"><div class=\"o-flip-inner\"><div class=\"o-flip-front\"><div class=\"o-flip-content\"><img decoding=\"async\" class=\"o-img\" src=\"https:\/\/flamekocamper.ee\/wp-content\/uploads\/2025\/10\/kta-knaus-2025-2026-livei-freisteller1.png\" srcset=\"https:\/\/flamekocamper.ee\/wp-content\/uploads\/2025\/10\/kta-knaus-2025-2026-livei-freisteller1.png\" alt=\"\"\/><h3>KNAUS\u00a0L!VE I<\/h3><p><strong>Avasta KNAUSi t\u00e4isintegreeritud matkaautode uus p\u00f5lvkond.<\/strong> <\/p><\/div><\/div><div class=\"o-flip-back\">\n<h3 class=\"wp-block-heading\">KNAUS&nbsp;L!VE I<\/h3>\n\n\n\n<div class=\"wp-block-buttons is-content-justification-center is-layout-flex wp-container-core-buttons-is-layout-16018d1d wp-block-buttons-is-layout-flex\">\n<div class=\"wp-block-button is-style-fill\"><a class=\"wp-block-button__link wp-element-button\" href=\"https:\/\/www.knaus.com\/en-int\/motorhomes\/live-i\/highlights\/\" target=\"_blank\" rel=\"noreferrer noopener\">Tootja info<\/a><\/div>\n\n\n\n<div class=\"wp-block-button is-style-fill\"><a class=\"wp-block-button__link wp-element-button\" href=\"https:\/\/konfigurator.knaustabbert.de\/configurator\/knaus\/de?lang=en&amp;buildTypeKey=MOTORHOME&amp;modelKey=R12-LIVEI-MJ26\" target=\"_blank\" rel=\"noreferrer noopener\">Konfiguraator<\/a><\/div>\n<\/div>\n<\/div><\/div><\/div>\n\n\n\n<div id=\"wp-block-themeisle-blocks-flip-73982af5\" class=\"wp-block-themeisle-blocks-flip anim flipY\"><div class=\"o-flip-inner\"><div class=\"o-flip-front\"><div class=\"o-flip-content\"><img decoding=\"async\" class=\"o-img\" src=\"https:\/\/flamekocamper.ee\/wp-content\/uploads\/2025\/10\/kta-knaus-2025-2026-suni-freisteller1.png\" srcset=\"https:\/\/flamekocamper.ee\/wp-content\/uploads\/2025\/10\/kta-knaus-2025-2026-suni-freisteller1.png\" alt=\"\"\/><h3>KNAUS\u00a0SUN I<\/h3><p>Tegu KNAUS-i luksuslik lippulaevaga, mis <strong>esitleb end t\u00e4iuslikult igas detailis<\/strong>. <\/p><\/div><\/div><div class=\"o-flip-back\">\n<h3 class=\"wp-block-heading\">KNAUS&nbsp;SUN I<\/h3>\n\n\n\n<div class=\"wp-block-buttons is-content-justification-center is-layout-flex wp-container-core-buttons-is-layout-16018d1d wp-block-buttons-is-layout-flex\">\n<div class=\"wp-block-button is-style-fill\"><a class=\"wp-block-button__link wp-element-button\" href=\"https:\/\/www.knaus.com\/en-int\/motorhomes\/sun-i\/highlights\/\" target=\"_blank\" rel=\"noreferrer noopener\">Tootja info<\/a><\/div>\n\n\n\n<div class=\"wp-block-button is-style-fill\"><a class=\"wp-block-button__link wp-element-button\" href=\"https:\/\/konfigurator.knaustabbert.de\/configurator\/knaus\/de?lang=en&amp;buildTypeKey=MOTORHOME&amp;modelKey=R03-SUNI-MJ26\" target=\"_blank\" rel=\"noreferrer noopener\">Konfiguraator<\/a><\/div>\n<\/div>\n<\/div><\/div><\/div>\n<\/div>\n\n\n\n<p><\/p>\n\n\n\n<p><\/p>","protected":false},"excerpt":{"rendered":"<p>Motorhomes<\/p>","protected":false},"author":1,"featured_media":1362,"parent":1119,"menu_order":0,"comment_status":"closed","ping_status":"closed","template":"page-full.php","meta":{"_themeisle_gutenberg_block_has_review":false,"footnotes":""},"class_list":["post-1353","page","type-page","status-publish","has-post-thumbnail","hentry"],"yoast_head":"<!-- This site is optimized with the Yoast SEO plugin v27.2 - https:\/\/yoast.com\/product\/yoast-seo-wordpress\/ -->\n<title>KNAUS Motorhomes - Flameko Camper<\/title>\n<meta name=\"robots\" content=\"index, follow, max-snippet:-1, max-image-preview:large, max-video-preview:-1\" \/>\n<link rel=\"canonical\" href=\"https:\/\/flamekocamper.ee\/en\/meist\/knaus\/knaus-motorhomes\/\" \/>\n<meta property=\"og:locale\" content=\"en_US\" \/>\n<meta property=\"og:type\" content=\"article\" \/>\n<meta property=\"og:title\" content=\"KNAUS Motorhomes - Flameko Camper\" \/>\n<meta property=\"og:description\" content=\"Motorhomes\" \/>\n<meta property=\"og:url\" content=\"https:\/\/flamekocamper.ee\/en\/meist\/knaus\/knaus-motorhomes\/\" \/>\n<meta property=\"og:site_name\" content=\"Flameko Camper\" \/>\n<meta property=\"article:publisher\" content=\"https:\/\/www.facebook.com\/flamekocamper\" \/>\n<meta property=\"article:modified_time\" content=\"2025-10-07T06:47:36+00:00\" \/>\n<meta property=\"og:image\" content=\"https:\/\/flamekocamper.ee\/wp-content\/uploads\/2025\/10\/kta-knaus-2025-2026-navigation-wohnmobile1.png\" \/>\n\t<meta property=\"og:image:width\" content=\"388\" \/>\n\t<meta property=\"og:image:height\" content=\"162\" \/>\n\t<meta property=\"og:image:type\" content=\"image\/png\" \/>\n<meta name=\"twitter:card\" content=\"summary_large_image\" \/>\n<meta name=\"twitter:label1\" content=\"Est. reading time\" \/>\n\t<meta name=\"twitter:data1\" content=\"3 minutes\" \/>\n<script type=\"application\/ld+json\" class=\"yoast-schema-graph\">{\"@context\":\"https:\/\/schema.org\",\"@graph\":[{\"@type\":\"WebPage\",\"@id\":\"https:\/\/flamekocamper.ee\/meist\/knaus\/knaus-motorhomes\/\",\"url\":\"https:\/\/flamekocamper.ee\/meist\/knaus\/knaus-motorhomes\/\",\"name\":\"KNAUS Motorhomes - Flameko Camper\",\"isPartOf\":{\"@id\":\"https:\/\/flamekocamper.ee\/#website\"},\"primaryImageOfPage\":{\"@id\":\"https:\/\/flamekocamper.ee\/meist\/knaus\/knaus-motorhomes\/#primaryimage\"},\"image\":{\"@id\":\"https:\/\/flamekocamper.ee\/meist\/knaus\/knaus-motorhomes\/#primaryimage\"},\"thumbnailUrl\":\"https:\/\/flamekocamper.ee\/wp-content\/uploads\/2025\/10\/kta-knaus-2025-2026-navigation-wohnmobile1.png\",\"datePublished\":\"2025-10-04T17:38:58+00:00\",\"dateModified\":\"2025-10-07T06:47:36+00:00\",\"breadcrumb\":{\"@id\":\"https:\/\/flamekocamper.ee\/meist\/knaus\/knaus-motorhomes\/#breadcrumb\"},\"inLanguage\":\"en-US\",\"potentialAction\":[{\"@type\":\"ReadAction\",\"target\":[\"https:\/\/flamekocamper.ee\/meist\/knaus\/knaus-motorhomes\/\"]}]},{\"@type\":\"ImageObject\",\"inLanguage\":\"en-US\",\"@id\":\"https:\/\/flamekocamper.ee\/meist\/knaus\/knaus-motorhomes\/#primaryimage\",\"url\":\"https:\/\/flamekocamper.ee\/wp-content\/uploads\/2025\/10\/kta-knaus-2025-2026-navigation-wohnmobile1.png\",\"contentUrl\":\"https:\/\/flamekocamper.ee\/wp-content\/uploads\/2025\/10\/kta-knaus-2025-2026-navigation-wohnmobile1.png\",\"width\":388,\"height\":162},{\"@type\":\"BreadcrumbList\",\"@id\":\"https:\/\/flamekocamper.ee\/meist\/knaus\/knaus-motorhomes\/#breadcrumb\",\"itemListElement\":[{\"@type\":\"ListItem\",\"position\":1,\"name\":\"Home\",\"item\":\"https:\/\/flamekocamper.ee\/\"},{\"@type\":\"ListItem\",\"position\":2,\"name\":\"Meist\",\"item\":\"https:\/\/flamekocamper.ee\/meist\/\"},{\"@type\":\"ListItem\",\"position\":3,\"name\":\"Knaus\",\"item\":\"https:\/\/flamekocamper.ee\/meist\/knaus\/\"},{\"@type\":\"ListItem\",\"position\":4,\"name\":\"KNAUS Motorhomes\"}]},{\"@type\":\"WebSite\",\"@id\":\"https:\/\/flamekocamper.ee\/#website\",\"url\":\"https:\/\/flamekocamper.ee\/\",\"name\":\"Flameko Camper\",\"description\":\"K&otilde;ik hooldus ja remontt&ouml;&ouml;d Sinu matkaautole ja haagissuvilale. Seda k&otilde;ike nii autole endale kui ka elamuosale!\",\"publisher\":{\"@id\":\"https:\/\/flamekocamper.ee\/#organization\"},\"potentialAction\":[{\"@type\":\"SearchAction\",\"target\":{\"@type\":\"EntryPoint\",\"urlTemplate\":\"https:\/\/flamekocamper.ee\/?s={search_term_string}\"},\"query-input\":{\"@type\":\"PropertyValueSpecification\",\"valueRequired\":true,\"valueName\":\"search_term_string\"}}],\"inLanguage\":\"en-US\"},{\"@type\":\"Organization\",\"@id\":\"https:\/\/flamekocamper.ee\/#organization\",\"name\":\"Flameko Camper - Flameko O\u00dc\",\"url\":\"https:\/\/flamekocamper.ee\/\",\"logo\":{\"@type\":\"ImageObject\",\"inLanguage\":\"en-US\",\"@id\":\"https:\/\/flamekocamper.ee\/#\/schema\/logo\/image\/\",\"url\":\"https:\/\/flamekocamper.ee\/wp-content\/uploads\/2023\/04\/logo-2.png\",\"contentUrl\":\"https:\/\/flamekocamper.ee\/wp-content\/uploads\/2023\/04\/logo-2.png\",\"width\":400,\"height\":283,\"caption\":\"Flameko Camper - Flameko O\u00dc\"},\"image\":{\"@id\":\"https:\/\/flamekocamper.ee\/#\/schema\/logo\/image\/\"},\"sameAs\":[\"https:\/\/www.facebook.com\/flamekocamper\",\"https:\/\/www.instagram.com\/flamekocamper\/\"]}]}<\/script>\n<!-- \/ Yoast SEO plugin. -->","yoast_head_json":{"title":"KNAUS Motorhomes - Flameko Camper","robots":{"index":"index","follow":"follow","max-snippet":"max-snippet:-1","max-image-preview":"max-image-preview:large","max-video-preview":"max-video-preview:-1"},"canonical":"https:\/\/flamekocamper.ee\/en\/meist\/knaus\/knaus-motorhomes\/","og_locale":"en_US","og_type":"article","og_title":"KNAUS Motorhomes - Flameko Camper","og_description":"Motorhomes","og_url":"https:\/\/flamekocamper.ee\/en\/meist\/knaus\/knaus-motorhomes\/","og_site_name":"Flameko Camper","article_publisher":"https:\/\/www.facebook.com\/flamekocamper","article_modified_time":"2025-10-07T06:47:36+00:00","og_image":[{"width":388,"height":162,"url":"https:\/\/flamekocamper.ee\/wp-content\/uploads\/2025\/10\/kta-knaus-2025-2026-navigation-wohnmobile1.png","type":"image\/png"}],"twitter_card":"summary_large_image","twitter_misc":{"Est. reading time":"3 minutes"},"schema":{"@context":"https:\/\/schema.org","@graph":[{"@type":"WebPage","@id":"https:\/\/flamekocamper.ee\/meist\/knaus\/knaus-motorhomes\/","url":"https:\/\/flamekocamper.ee\/meist\/knaus\/knaus-motorhomes\/","name":"KNAUS Motorhomes - Flameko Camper","isPartOf":{"@id":"https:\/\/flamekocamper.ee\/#website"},"primaryImageOfPage":{"@id":"https:\/\/flamekocamper.ee\/meist\/knaus\/knaus-motorhomes\/#primaryimage"},"image":{"@id":"https:\/\/flamekocamper.ee\/meist\/knaus\/knaus-motorhomes\/#primaryimage"},"thumbnailUrl":"https:\/\/flamekocamper.ee\/wp-content\/uploads\/2025\/10\/kta-knaus-2025-2026-navigation-wohnmobile1.png","datePublished":"2025-10-04T17:38:58+00:00","dateModified":"2025-10-07T06:47:36+00:00","breadcrumb":{"@id":"https:\/\/flamekocamper.ee\/meist\/knaus\/knaus-motorhomes\/#breadcrumb"},"inLanguage":"en-US","potentialAction":[{"@type":"ReadAction","target":["https:\/\/flamekocamper.ee\/meist\/knaus\/knaus-motorhomes\/"]}]},{"@type":"ImageObject","inLanguage":"en-US","@id":"https:\/\/flamekocamper.ee\/meist\/knaus\/knaus-motorhomes\/#primaryimage","url":"https:\/\/flamekocamper.ee\/wp-content\/uploads\/2025\/10\/kta-knaus-2025-2026-navigation-wohnmobile1.png","contentUrl":"https:\/\/flamekocamper.ee\/wp-content\/uploads\/2025\/10\/kta-knaus-2025-2026-navigation-wohnmobile1.png","width":388,"height":162},{"@type":"BreadcrumbList","@id":"https:\/\/flamekocamper.ee\/meist\/knaus\/knaus-motorhomes\/#breadcrumb","itemListElement":[{"@type":"ListItem","position":1,"name":"Home","item":"https:\/\/flamekocamper.ee\/"},{"@type":"ListItem","position":2,"name":"Meist","item":"https:\/\/flamekocamper.ee\/meist\/"},{"@type":"ListItem","position":3,"name":"Knaus","item":"https:\/\/flamekocamper.ee\/meist\/knaus\/"},{"@type":"ListItem","position":4,"name":"KNAUS Motorhomes"}]},{"@type":"WebSite","@id":"https:\/\/flamekocamper.ee\/#website","url":"https:\/\/flamekocamper.ee\/","name":"Flameko Camper","description":"K&otilde;ik hooldus ja remontt&ouml;&ouml;d Sinu matkaautole ja haagissuvilale. Seda k&otilde;ike nii autole endale kui ka elamuosale!","publisher":{"@id":"https:\/\/flamekocamper.ee\/#organization"},"potentialAction":[{"@type":"SearchAction","target":{"@type":"EntryPoint","urlTemplate":"https:\/\/flamekocamper.ee\/?s={search_term_string}"},"query-input":{"@type":"PropertyValueSpecification","valueRequired":true,"valueName":"search_term_string"}}],"inLanguage":"en-US"},{"@type":"Organization","@id":"https:\/\/flamekocamper.ee\/#organization","name":"Flameko Camper - Flameko O\u00dc","url":"https:\/\/flamekocamper.ee\/","logo":{"@type":"ImageObject","inLanguage":"en-US","@id":"https:\/\/flamekocamper.ee\/#\/schema\/logo\/image\/","url":"https:\/\/flamekocamper.ee\/wp-content\/uploads\/2023\/04\/logo-2.png","contentUrl":"https:\/\/flamekocamper.ee\/wp-content\/uploads\/2023\/04\/logo-2.png","width":400,"height":283,"caption":"Flameko Camper - Flameko O\u00dc"},"image":{"@id":"https:\/\/flamekocamper.ee\/#\/schema\/logo\/image\/"},"sameAs":["https:\/\/www.facebook.com\/flamekocamper","https:\/\/www.instagram.com\/flamekocamper\/"]}]}},"_links":{"self":[{"href":"https:\/\/flamekocamper.ee\/en\/wp-json\/wp\/v2\/pages\/1353","targetHints":{"allow":["GET"]}}],"collection":[{"href":"https:\/\/flamekocamper.ee\/en\/wp-json\/wp\/v2\/pages"}],"about":[{"href":"https:\/\/flamekocamper.ee\/en\/wp-json\/wp\/v2\/types\/page"}],"author":[{"embeddable":true,"href":"https:\/\/flamekocamper.ee\/en\/wp-json\/wp\/v2\/users\/1"}],"replies":[{"embeddable":true,"href":"https:\/\/flamekocamper.ee\/en\/wp-json\/wp\/v2\/comments?post=1353"}],"version-history":[{"count":9,"href":"https:\/\/flamekocamper.ee\/en\/wp-json\/wp\/v2\/pages\/1353\/revisions"}],"predecessor-version":[{"id":1512,"href":"https:\/\/flamekocamper.ee\/en\/wp-json\/wp\/v2\/pages\/1353\/revisions\/1512"}],"up":[{"embeddable":true,"href":"https:\/\/flamekocamper.ee\/en\/wp-json\/wp\/v2\/pages\/1119"}],"wp:featuredmedia":[{"embeddable":true,"href":"https:\/\/flamekocamper.ee\/en\/wp-json\/wp\/v2\/media\/1362"}],"wp:attachment":[{"href":"https:\/\/flamekocamper.ee\/en\/wp-json\/wp\/v2\/media?parent=1353"}],"curies":[{"name":"wp","href":"https:\/\/api.w.org\/{rel}","templated":true}]}}