{"id":1432,"date":"2025-10-05T00:37:07","date_gmt":"2025-10-04T21:37:07","guid":{"rendered":"https:\/\/flamekocamper.ee\/?page_id=1432"},"modified":"2025-10-07T09:36:20","modified_gmt":"2025-10-07T06:36:20","slug":"weinsberg-camper-vans","status":"publish","type":"page","link":"https:\/\/flamekocamper.ee\/en\/meist\/weinsberg\/weinsberg-camper-vans\/","title":{"rendered":"WEINSBERG Camper Vans"},"content":{"rendered":"\n<div class=\"wp-block-group is-content-justification-space-between is-nowrap is-layout-flex wp-container-core-group-is-layout-0dfbf163 wp-block-group-is-layout-flex\">\n<h2 class=\"wp-block-heading\">Camper Vans<\/h2>\n\n\n\n<div class=\"wp-block-buttons is-content-justification-right is-layout-flex wp-container-core-buttons-is-layout-e67d7449 wp-block-buttons-is-layout-flex\">\n<div class=\"wp-block-button is-style-outline is-style-outline--1\"><a class=\"wp-block-button__link has-pale-cyan-blue-background-color has-background wp-element-button\" href=\"https:\/\/weinsberg.com\/fileadmin\/media\/mj2025-2026\/global\/service\/kataloge-preislisten\/katalog\/camper-van\/kta-weinsberg-2025-2026-katalog-camper-van-en.pdf\" style=\"border-radius:10px\" target=\"_blank\" rel=\"noreferrer noopener\">Kataloog<\/a><\/div>\n\n\n\n<div class=\"wp-block-button is-style-outline is-style-outline--2\"><a class=\"wp-block-button__link has-pale-cyan-blue-background-color has-background wp-element-button\" href=\"https:\/\/konfigurator.knaustabbert.de\/configurator\/weinsberg\/de?lang=en&amp;buildTypeKey=CAVA\" style=\"border-radius:10px\" target=\"_blank\" rel=\"noreferrer noopener\">Konfiguraator<\/a><\/div>\n\n\n\n<div class=\"wp-block-button is-style-fill\"><a class=\"wp-block-button__link wp-element-button\" href=\"https:\/\/flamekocamper.ee\/meist\/weinsberg\/\">Tagasi WEINSBERG lehele<\/a><\/div>\n<\/div>\n<\/div>\n\n\n\n<div class=\"wp-block-group is-layout-grid wp-container-core-group-is-layout-baef362d wp-block-group-is-layout-grid\">\n<div id=\"wp-block-themeisle-blocks-flip-d621ae54\" class=\"wp-block-themeisle-blocks-flip anim flipY\"><div class=\"o-flip-inner\"><div class=\"o-flip-front\"><div class=\"o-flip-content\"><img decoding=\"async\" class=\"o-img\" src=\"https:\/\/flamekocamper.ee\/wp-content\/uploads\/2025\/10\/kta-weinsberg-2024-2025-camper-vans-uebersicht-carabus-teaser1.jpg\" srcset=\"https:\/\/flamekocamper.ee\/wp-content\/uploads\/2025\/10\/kta-weinsberg-2024-2025-camper-vans-uebersicht-carabus-teaser1.jpg\" alt=\"\"\/><h3>CaraBus<\/h3><p>Klass igal teel.<\/p><\/div><\/div><div class=\"o-flip-back\">\n<h3 class=\"wp-block-heading\">CaraBus<\/h3>\n\n\n\n<div class=\"wp-block-buttons is-content-justification-center is-layout-flex wp-container-core-buttons-is-layout-16018d1d wp-block-buttons-is-layout-flex\">\n<div class=\"wp-block-button is-style-fill\"><a class=\"wp-block-button__link wp-element-button\" href=\"https:\/\/weinsberg.com\/en-int\/camper-vans\/carabus\/\" target=\"_blank\" rel=\"noreferrer noopener\">Tootja info<\/a><\/div>\n\n\n\n<div class=\"wp-block-button is-style-fill\"><a class=\"wp-block-button__link wp-element-button\" href=\"https:\/\/konfigurator.knaustabbert.de\/configurator\/weinsberg\/de?lang=en&amp;buildTypeKey=CAVA&amp;modelKey=R47-CARABUS-MJ26\" target=\"_blank\" rel=\"noreferrer noopener\">Konfiguraator<\/a><\/div>\n<\/div>\n<\/div><\/div><\/div>\n\n\n\n<div id=\"wp-block-themeisle-blocks-flip-e163de86\" class=\"wp-block-themeisle-blocks-flip anim flipY\"><div class=\"o-flip-inner\"><div class=\"o-flip-front\"><div class=\"o-flip-content\"><img decoding=\"async\" class=\"o-img\" src=\"https:\/\/flamekocamper.ee\/wp-content\/uploads\/2025\/10\/kta-weinsberg-2024-2025-camper-vans-uebersicht-caratour-teaser1.jpg\" srcset=\"https:\/\/flamekocamper.ee\/wp-content\/uploads\/2025\/10\/kta-weinsberg-2024-2025-camper-vans-uebersicht-caratour-teaser1.jpg\" alt=\"\"\/><h3>CaraBus GREY<\/h3><p>Lahedus, millega s\u00f5itma minna.<\/p><\/div><\/div><div class=\"o-flip-back\">\n<h3 class=\"wp-block-heading\">CaraBus GREY<\/h3>\n\n\n\n<div class=\"wp-block-buttons is-content-justification-center is-layout-flex wp-container-core-buttons-is-layout-16018d1d wp-block-buttons-is-layout-flex\">\n<div class=\"wp-block-button is-style-fill\"><a class=\"wp-block-button__link wp-element-button\" href=\"https:\/\/weinsberg.com\/en-int\/camper-vans\/carabus-grey\/\" target=\"_blank\" rel=\"noreferrer noopener\">Tootja info<\/a><\/div>\n\n\n\n<div class=\"wp-block-button is-style-fill\"><a class=\"wp-block-button__link wp-element-button\" href=\"https:\/\/konfigurator.knaustabbert.de\/configurator\/weinsberg\/de?lang=en&amp;buildTypeKey=CAVA&amp;modelKey=R48-CARABUSGREY-MJ26\" target=\"_blank\" rel=\"noreferrer noopener\">Konfiguraator<\/a><\/div>\n<\/div>\n<\/div><\/div><\/div>\n\n\n\n<div id=\"wp-block-themeisle-blocks-flip-52eebbc8\" class=\"wp-block-themeisle-blocks-flip anim flipY\"><div class=\"o-flip-inner\"><div class=\"o-flip-front\"><div class=\"o-flip-content\"><img decoding=\"async\" class=\"o-img\" src=\"https:\/\/flamekocamper.ee\/wp-content\/uploads\/2025\/10\/kta-weinsberg-2024-2025-camper-vans-uebersicht-edition-fire-teaser1.jpg\" srcset=\"https:\/\/flamekocamper.ee\/wp-content\/uploads\/2025\/10\/kta-weinsberg-2024-2025-camper-vans-uebersicht-edition-fire-teaser1.jpg\" alt=\"\"\/><h3>CaraBus EDITION [FIRE]<\/h3><p>K\u00f5ik, mida vajad. K\u00f5ik on hinna sees. K\u00f5ik on sinu.<\/p><\/div><\/div><div class=\"o-flip-back\">\n<h3 class=\"wp-block-heading\">CaraBus EDITION [FIRE]<\/h3>\n\n\n\n<div class=\"wp-block-buttons is-content-justification-center is-layout-flex wp-container-core-buttons-is-layout-16018d1d wp-block-buttons-is-layout-flex\">\n<div class=\"wp-block-button is-style-fill\"><a class=\"wp-block-button__link wp-element-button\" href=\"https:\/\/weinsberg.com\/en-int\/camper-vans\/edition-fire\/\" target=\"_blank\" rel=\"noreferrer noopener\">Tootja info<\/a><\/div>\n\n\n\n<div class=\"wp-block-button is-style-fill\"><a class=\"wp-block-button__link wp-element-button\" href=\"https:\/\/konfigurator.knaustabbert.de\/configurator\/weinsberg\/de?lang=en&amp;buildTypeKey=CAVA&amp;modelKey=R47-CARABUS-MJ26-EDITIONFIRE\" target=\"_blank\" rel=\"noreferrer noopener\">Konfiguraator<\/a><\/div>\n<\/div>\n<\/div><\/div><\/div>\n\n\n\n<div id=\"wp-block-themeisle-blocks-flip-a6bdf029\" class=\"wp-block-themeisle-blocks-flip anim flipY\"><div class=\"o-flip-inner\"><div class=\"o-flip-front\"><div class=\"o-flip-content\"><img decoding=\"async\" class=\"o-img\" src=\"https:\/\/flamekocamper.ee\/wp-content\/uploads\/2025\/10\/kta-weinsberg-2025-2026-camper-van-uebersicht-grey-edition-fire-teaser1.jpg\" srcset=\"https:\/\/flamekocamper.ee\/wp-content\/uploads\/2025\/10\/kta-weinsberg-2025-2026-camper-van-uebersicht-grey-edition-fire-teaser1.jpg\" alt=\"\"\/><h3>CaraBus GREY EDITION [FIRE]<\/h3><p>K\u00f5ik, mida vajad. K\u00f5ik on hinna sees. K\u00f5ik on sinu.<\/p><\/div><\/div><div class=\"o-flip-back\">\n<h3 class=\"wp-block-heading\">CaraBus GREY EDITION [FIRE]<\/h3>\n\n\n\n<div class=\"wp-block-buttons is-content-justification-center is-layout-flex wp-container-core-buttons-is-layout-16018d1d wp-block-buttons-is-layout-flex\">\n<div class=\"wp-block-button is-style-fill\"><a class=\"wp-block-button__link wp-element-button\" href=\"https:\/\/weinsberg.com\/en-int\/camper-vans\/grey-edition-fire\/\" target=\"_blank\" rel=\"noreferrer noopener\">Tootja info<\/a><\/div>\n\n\n\n<div class=\"wp-block-button is-style-fill\"><a class=\"wp-block-button__link wp-element-button\" href=\"https:\/\/konfigurator.knaustabbert.de\/configurator\/weinsberg\/de?lang=en&amp;buildTypeKey=CAVA&amp;modelKey=R48-CARABUSGREY-MJ26-EDITIONFIRE\" target=\"_blank\" rel=\"noreferrer noopener\">Konfiguraator<\/a><\/div>\n<\/div>\n<\/div><\/div><\/div>\n\n\n\n<div id=\"wp-block-themeisle-blocks-flip-43e2f342\" class=\"wp-block-themeisle-blocks-flip anim flipY\"><div class=\"o-flip-inner\"><div class=\"o-flip-front\"><div class=\"o-flip-content\"><img decoding=\"async\" class=\"o-img\" src=\"https:\/\/flamekocamper.ee\/wp-content\/uploads\/2025\/10\/kta-weinsberg-2024-2025-camper-vans-uebersicht-caralife-teaser1.jpg\" srcset=\"https:\/\/flamekocamper.ee\/wp-content\/uploads\/2025\/10\/kta-weinsberg-2024-2025-camper-vans-uebersicht-caralife-teaser1.jpg\" alt=\"\"\/><h3>CaraLife<\/h3><p>Sinu <strong>#vanielu <\/strong>algab n\u00fc\u00fcd!.<\/p><\/div><\/div><div class=\"o-flip-back\">\n<h3 class=\"wp-block-heading\">CaraLife<\/h3>\n\n\n\n<div class=\"wp-block-buttons is-content-justification-center is-layout-flex wp-container-core-buttons-is-layout-16018d1d wp-block-buttons-is-layout-flex\">\n<div class=\"wp-block-button is-style-fill\"><a class=\"wp-block-button__link wp-element-button\" href=\"https:\/\/weinsberg-caralife.com\/en-int\/\" target=\"_blank\" rel=\"noreferrer noopener\">Tootja info<\/a><\/div>\n\n\n\n<div class=\"wp-block-button is-style-fill\"><a class=\"wp-block-button__link wp-element-button\" href=\"https:\/\/konfigurator.knaustabbert.de\/configurator\/weinsberg\/de?lang=en&amp;buildTypeKey=CAVA&amp;modelKey=R49-CARALIFE-MJ26\" target=\"_blank\" rel=\"noreferrer noopener\">Konfiguraator<\/a><\/div>\n<\/div>\n<\/div><\/div><\/div>\n\n\n\n<div id=\"wp-block-themeisle-blocks-flip-ebffba7e\" class=\"wp-block-themeisle-blocks-flip anim flipY\"><div class=\"o-flip-inner\"><div class=\"o-flip-front\"><div class=\"o-flip-content\"><img decoding=\"async\" class=\"o-img\" src=\"https:\/\/flamekocamper.ee\/wp-content\/uploads\/2025\/10\/kta-weinsberg-2024-2025-camper-vans-uebersicht-xpedition-teaser1.jpg\" srcset=\"https:\/\/flamekocamper.ee\/wp-content\/uploads\/2025\/10\/kta-weinsberg-2024-2025-camper-vans-uebersicht-xpedition-teaser1.jpg\" alt=\"\"\/><h3>X\u2011PEDITION<\/h3><p>Tolm on tema parf\u00fc\u00fcm, v\u00f5imatu on tema j\u00f5ud.<\/p><\/div><\/div><div class=\"o-flip-back\">\n<h3 class=\"wp-block-heading\">X\u2011PEDITION<\/h3>\n\n\n\n<div class=\"wp-block-buttons is-content-justification-center is-layout-flex wp-container-core-buttons-is-layout-16018d1d wp-block-buttons-is-layout-flex\">\n<div class=\"wp-block-button is-style-fill\"><a class=\"wp-block-button__link wp-element-button\" href=\"https:\/\/weinsberg-xpedition.com\/en-int\/\" target=\"_blank\" rel=\"noreferrer noopener\">Tootja info<\/a><\/div>\n\n\n\n<div class=\"wp-block-button is-style-fill\"><a class=\"wp-block-button__link wp-element-button\" href=\"https:\/\/konfigurator.knaustabbert.de\/configurator\/weinsberg\/de?lang=en&amp;buildTypeKey=CAVA&amp;modelKey=R44-X-PEDITION-MJ26\" target=\"_blank\" rel=\"noreferrer noopener\">Konfiguraator<\/a><\/div>\n<\/div>\n<\/div><\/div><\/div>\n\n\n\n<div id=\"wp-block-themeisle-blocks-flip-0cc87293\" class=\"wp-block-themeisle-blocks-flip anim flipY\"><div class=\"o-flip-inner\"><div class=\"o-flip-front\"><div class=\"o-flip-content\"><img decoding=\"async\" class=\"o-img\" src=\"https:\/\/flamekocamper.ee\/wp-content\/uploads\/2025\/10\/kta-weinsberg-2024-2025-camper-vans-uebersicht-aufstelldach-teaser1.jpg\" srcset=\"https:\/\/flamekocamper.ee\/wp-content\/uploads\/2025\/10\/kta-weinsberg-2024-2025-camper-vans-uebersicht-aufstelldach-teaser1.jpg\" alt=\"\"\/><h3>Camper van pop-up roof<\/h3><p>Mugavustsoon kahel korrusel.<\/p><\/div><\/div><div class=\"o-flip-back\">\n<h3 class=\"wp-block-heading\">Camper van pop-up roof<\/h3>\n\n\n\n<div class=\"wp-block-buttons is-content-justification-center is-layout-flex wp-container-core-buttons-is-layout-16018d1d wp-block-buttons-is-layout-flex\">\n<div class=\"wp-block-button is-style-fill\"><a class=\"wp-block-button__link wp-element-button\" href=\"https:\/\/weinsberg.com\/en-int\/camper-vans\/camper-van-pop-up-roof\/\" target=\"_blank\" rel=\"noreferrer noopener\">Tootja info<\/a><\/div>\n<\/div>\n<\/div><\/div><\/div>\n\n\n\n<div id=\"wp-block-themeisle-blocks-flip-cd487087\" class=\"wp-block-themeisle-blocks-flip anim flipY\"><div class=\"o-flip-inner\"><div class=\"o-flip-front\"><div class=\"o-flip-content\"><img decoding=\"async\" class=\"o-img\" src=\"https:\/\/flamekocamper.ee\/wp-content\/uploads\/2025\/10\/kta-weinsberg-2024-2025-camper-vans-uebersicht-outlaw-teaser1.jpg\" srcset=\"https:\/\/flamekocamper.ee\/wp-content\/uploads\/2025\/10\/kta-weinsberg-2024-2025-camper-vans-uebersicht-outlaw-teaser1.jpg\" alt=\"\"\/><h3>[OUTLAW]<\/h3><p>Kirglik universaalseade.<\/p><\/div><\/div><div class=\"o-flip-back\">\n<h3 class=\"wp-block-heading\">[OUTLAW]<\/h3>\n\n\n\n<div class=\"wp-block-buttons is-content-justification-center is-layout-flex wp-container-core-buttons-is-layout-16018d1d wp-block-buttons-is-layout-flex\">\n<div class=\"wp-block-button is-style-fill\"><a class=\"wp-block-button__link wp-element-button\" href=\"https:\/\/weinsberg.com\/en-int\/camper-vans\/carabus-carabus-grey-outlaw\/\" target=\"_blank\" rel=\"noreferrer noopener\">Tootja info<\/a><\/div>\n<\/div>\n<\/div><\/div><\/div>\n<\/div>\n\n\n\n<p><\/p>\n\n\n\n<p><\/p>\n","protected":false},"excerpt":{"rendered":"<p>Camper Vans<\/p>","protected":false},"author":1,"featured_media":1433,"parent":1317,"menu_order":0,"comment_status":"closed","ping_status":"closed","template":"page-full.php","meta":{"_themeisle_gutenberg_block_has_review":false,"footnotes":""},"class_list":["post-1432","page","type-page","status-publish","has-post-thumbnail","hentry"],"yoast_head":"<!-- This site is optimized with the Yoast SEO plugin v27.2 - https:\/\/yoast.com\/product\/yoast-seo-wordpress\/ -->\n<title>WEINSBERG Camper Vans - Flameko Camper<\/title>\n<meta name=\"robots\" content=\"index, follow, max-snippet:-1, max-image-preview:large, max-video-preview:-1\" \/>\n<link rel=\"canonical\" href=\"https:\/\/flamekocamper.ee\/en\/meist\/weinsberg\/weinsberg-camper-vans\/\" \/>\n<meta property=\"og:locale\" content=\"en_US\" \/>\n<meta property=\"og:type\" content=\"article\" \/>\n<meta property=\"og:title\" content=\"WEINSBERG Camper Vans - Flameko Camper\" \/>\n<meta property=\"og:description\" content=\"Camper Vans\" \/>\n<meta property=\"og:url\" content=\"https:\/\/flamekocamper.ee\/en\/meist\/weinsberg\/weinsberg-camper-vans\/\" \/>\n<meta property=\"og:site_name\" content=\"Flameko Camper\" \/>\n<meta property=\"article:publisher\" content=\"https:\/\/www.facebook.com\/flamekocamper\" \/>\n<meta property=\"article:modified_time\" content=\"2025-10-07T06:36:20+00:00\" \/>\n<meta property=\"og:image\" content=\"https:\/\/flamekocamper.ee\/wp-content\/uploads\/2025\/10\/kta-weinsberg-2025-2026-edition-fire-modellfamilie-freisteller1.png\" \/>\n\t<meta property=\"og:image:width\" content=\"283\" \/>\n\t<meta property=\"og:image:height\" content=\"181\" \/>\n\t<meta property=\"og:image:type\" content=\"image\/png\" \/>\n<meta name=\"twitter:card\" content=\"summary_large_image\" \/>\n<meta name=\"twitter:label1\" content=\"Est. reading time\" \/>\n\t<meta name=\"twitter:data1\" content=\"3 minutes\" \/>\n<script type=\"application\/ld+json\" class=\"yoast-schema-graph\">{\"@context\":\"https:\/\/schema.org\",\"@graph\":[{\"@type\":\"WebPage\",\"@id\":\"https:\/\/flamekocamper.ee\/meist\/weinsberg\/weinsberg-camper-vans\/\",\"url\":\"https:\/\/flamekocamper.ee\/meist\/weinsberg\/weinsberg-camper-vans\/\",\"name\":\"WEINSBERG Camper Vans - Flameko Camper\",\"isPartOf\":{\"@id\":\"https:\/\/flamekocamper.ee\/#website\"},\"primaryImageOfPage\":{\"@id\":\"https:\/\/flamekocamper.ee\/meist\/weinsberg\/weinsberg-camper-vans\/#primaryimage\"},\"image\":{\"@id\":\"https:\/\/flamekocamper.ee\/meist\/weinsberg\/weinsberg-camper-vans\/#primaryimage\"},\"thumbnailUrl\":\"https:\/\/flamekocamper.ee\/wp-content\/uploads\/2025\/10\/kta-weinsberg-2025-2026-edition-fire-modellfamilie-freisteller1.png\",\"datePublished\":\"2025-10-04T21:37:07+00:00\",\"dateModified\":\"2025-10-07T06:36:20+00:00\",\"breadcrumb\":{\"@id\":\"https:\/\/flamekocamper.ee\/meist\/weinsberg\/weinsberg-camper-vans\/#breadcrumb\"},\"inLanguage\":\"en-US\",\"potentialAction\":[{\"@type\":\"ReadAction\",\"target\":[\"https:\/\/flamekocamper.ee\/meist\/weinsberg\/weinsberg-camper-vans\/\"]}]},{\"@type\":\"ImageObject\",\"inLanguage\":\"en-US\",\"@id\":\"https:\/\/flamekocamper.ee\/meist\/weinsberg\/weinsberg-camper-vans\/#primaryimage\",\"url\":\"https:\/\/flamekocamper.ee\/wp-content\/uploads\/2025\/10\/kta-weinsberg-2025-2026-edition-fire-modellfamilie-freisteller1.png\",\"contentUrl\":\"https:\/\/flamekocamper.ee\/wp-content\/uploads\/2025\/10\/kta-weinsberg-2025-2026-edition-fire-modellfamilie-freisteller1.png\",\"width\":283,\"height\":181},{\"@type\":\"BreadcrumbList\",\"@id\":\"https:\/\/flamekocamper.ee\/meist\/weinsberg\/weinsberg-camper-vans\/#breadcrumb\",\"itemListElement\":[{\"@type\":\"ListItem\",\"position\":1,\"name\":\"Home\",\"item\":\"https:\/\/flamekocamper.ee\/\"},{\"@type\":\"ListItem\",\"position\":2,\"name\":\"Meist\",\"item\":\"https:\/\/flamekocamper.ee\/meist\/\"},{\"@type\":\"ListItem\",\"position\":3,\"name\":\"WEINSBERG\",\"item\":\"https:\/\/flamekocamper.ee\/meist\/weinsberg\/\"},{\"@type\":\"ListItem\",\"position\":4,\"name\":\"WEINSBERG Camper Vans\"}]},{\"@type\":\"WebSite\",\"@id\":\"https:\/\/flamekocamper.ee\/#website\",\"url\":\"https:\/\/flamekocamper.ee\/\",\"name\":\"Flameko Camper\",\"description\":\"K&otilde;ik hooldus ja remontt&ouml;&ouml;d Sinu matkaautole ja haagissuvilale. Seda k&otilde;ike nii autole endale kui ka elamuosale!\",\"publisher\":{\"@id\":\"https:\/\/flamekocamper.ee\/#organization\"},\"potentialAction\":[{\"@type\":\"SearchAction\",\"target\":{\"@type\":\"EntryPoint\",\"urlTemplate\":\"https:\/\/flamekocamper.ee\/?s={search_term_string}\"},\"query-input\":{\"@type\":\"PropertyValueSpecification\",\"valueRequired\":true,\"valueName\":\"search_term_string\"}}],\"inLanguage\":\"en-US\"},{\"@type\":\"Organization\",\"@id\":\"https:\/\/flamekocamper.ee\/#organization\",\"name\":\"Flameko Camper - Flameko O\u00dc\",\"url\":\"https:\/\/flamekocamper.ee\/\",\"logo\":{\"@type\":\"ImageObject\",\"inLanguage\":\"en-US\",\"@id\":\"https:\/\/flamekocamper.ee\/#\/schema\/logo\/image\/\",\"url\":\"https:\/\/flamekocamper.ee\/wp-content\/uploads\/2023\/04\/logo-2.png\",\"contentUrl\":\"https:\/\/flamekocamper.ee\/wp-content\/uploads\/2023\/04\/logo-2.png\",\"width\":400,\"height\":283,\"caption\":\"Flameko Camper - Flameko O\u00dc\"},\"image\":{\"@id\":\"https:\/\/flamekocamper.ee\/#\/schema\/logo\/image\/\"},\"sameAs\":[\"https:\/\/www.facebook.com\/flamekocamper\",\"https:\/\/www.instagram.com\/flamekocamper\/\"]}]}<\/script>\n<!-- \/ Yoast SEO plugin. -->","yoast_head_json":{"title":"WEINSBERG Camper Vans - Flameko Camper","robots":{"index":"index","follow":"follow","max-snippet":"max-snippet:-1","max-image-preview":"max-image-preview:large","max-video-preview":"max-video-preview:-1"},"canonical":"https:\/\/flamekocamper.ee\/en\/meist\/weinsberg\/weinsberg-camper-vans\/","og_locale":"en_US","og_type":"article","og_title":"WEINSBERG Camper Vans - Flameko Camper","og_description":"Camper Vans","og_url":"https:\/\/flamekocamper.ee\/en\/meist\/weinsberg\/weinsberg-camper-vans\/","og_site_name":"Flameko Camper","article_publisher":"https:\/\/www.facebook.com\/flamekocamper","article_modified_time":"2025-10-07T06:36:20+00:00","og_image":[{"width":283,"height":181,"url":"https:\/\/flamekocamper.ee\/wp-content\/uploads\/2025\/10\/kta-weinsberg-2025-2026-edition-fire-modellfamilie-freisteller1.png","type":"image\/png"}],"twitter_card":"summary_large_image","twitter_misc":{"Est. reading time":"3 minutes"},"schema":{"@context":"https:\/\/schema.org","@graph":[{"@type":"WebPage","@id":"https:\/\/flamekocamper.ee\/meist\/weinsberg\/weinsberg-camper-vans\/","url":"https:\/\/flamekocamper.ee\/meist\/weinsberg\/weinsberg-camper-vans\/","name":"WEINSBERG Camper Vans - Flameko Camper","isPartOf":{"@id":"https:\/\/flamekocamper.ee\/#website"},"primaryImageOfPage":{"@id":"https:\/\/flamekocamper.ee\/meist\/weinsberg\/weinsberg-camper-vans\/#primaryimage"},"image":{"@id":"https:\/\/flamekocamper.ee\/meist\/weinsberg\/weinsberg-camper-vans\/#primaryimage"},"thumbnailUrl":"https:\/\/flamekocamper.ee\/wp-content\/uploads\/2025\/10\/kta-weinsberg-2025-2026-edition-fire-modellfamilie-freisteller1.png","datePublished":"2025-10-04T21:37:07+00:00","dateModified":"2025-10-07T06:36:20+00:00","breadcrumb":{"@id":"https:\/\/flamekocamper.ee\/meist\/weinsberg\/weinsberg-camper-vans\/#breadcrumb"},"inLanguage":"en-US","potentialAction":[{"@type":"ReadAction","target":["https:\/\/flamekocamper.ee\/meist\/weinsberg\/weinsberg-camper-vans\/"]}]},{"@type":"ImageObject","inLanguage":"en-US","@id":"https:\/\/flamekocamper.ee\/meist\/weinsberg\/weinsberg-camper-vans\/#primaryimage","url":"https:\/\/flamekocamper.ee\/wp-content\/uploads\/2025\/10\/kta-weinsberg-2025-2026-edition-fire-modellfamilie-freisteller1.png","contentUrl":"https:\/\/flamekocamper.ee\/wp-content\/uploads\/2025\/10\/kta-weinsberg-2025-2026-edition-fire-modellfamilie-freisteller1.png","width":283,"height":181},{"@type":"BreadcrumbList","@id":"https:\/\/flamekocamper.ee\/meist\/weinsberg\/weinsberg-camper-vans\/#breadcrumb","itemListElement":[{"@type":"ListItem","position":1,"name":"Home","item":"https:\/\/flamekocamper.ee\/"},{"@type":"ListItem","position":2,"name":"Meist","item":"https:\/\/flamekocamper.ee\/meist\/"},{"@type":"ListItem","position":3,"name":"WEINSBERG","item":"https:\/\/flamekocamper.ee\/meist\/weinsberg\/"},{"@type":"ListItem","position":4,"name":"WEINSBERG Camper Vans"}]},{"@type":"WebSite","@id":"https:\/\/flamekocamper.ee\/#website","url":"https:\/\/flamekocamper.ee\/","name":"Flameko Camper","description":"K&otilde;ik hooldus ja remontt&ouml;&ouml;d Sinu matkaautole ja haagissuvilale. Seda k&otilde;ike nii autole endale kui ka elamuosale!","publisher":{"@id":"https:\/\/flamekocamper.ee\/#organization"},"potentialAction":[{"@type":"SearchAction","target":{"@type":"EntryPoint","urlTemplate":"https:\/\/flamekocamper.ee\/?s={search_term_string}"},"query-input":{"@type":"PropertyValueSpecification","valueRequired":true,"valueName":"search_term_string"}}],"inLanguage":"en-US"},{"@type":"Organization","@id":"https:\/\/flamekocamper.ee\/#organization","name":"Flameko Camper - Flameko O\u00dc","url":"https:\/\/flamekocamper.ee\/","logo":{"@type":"ImageObject","inLanguage":"en-US","@id":"https:\/\/flamekocamper.ee\/#\/schema\/logo\/image\/","url":"https:\/\/flamekocamper.ee\/wp-content\/uploads\/2023\/04\/logo-2.png","contentUrl":"https:\/\/flamekocamper.ee\/wp-content\/uploads\/2023\/04\/logo-2.png","width":400,"height":283,"caption":"Flameko Camper - Flameko O\u00dc"},"image":{"@id":"https:\/\/flamekocamper.ee\/#\/schema\/logo\/image\/"},"sameAs":["https:\/\/www.facebook.com\/flamekocamper","https:\/\/www.instagram.com\/flamekocamper\/"]}]}},"_links":{"self":[{"href":"https:\/\/flamekocamper.ee\/en\/wp-json\/wp\/v2\/pages\/1432","targetHints":{"allow":["GET"]}}],"collection":[{"href":"https:\/\/flamekocamper.ee\/en\/wp-json\/wp\/v2\/pages"}],"about":[{"href":"https:\/\/flamekocamper.ee\/en\/wp-json\/wp\/v2\/types\/page"}],"author":[{"embeddable":true,"href":"https:\/\/flamekocamper.ee\/en\/wp-json\/wp\/v2\/users\/1"}],"replies":[{"embeddable":true,"href":"https:\/\/flamekocamper.ee\/en\/wp-json\/wp\/v2\/comments?post=1432"}],"version-history":[{"count":4,"href":"https:\/\/flamekocamper.ee\/en\/wp-json\/wp\/v2\/pages\/1432\/revisions"}],"predecessor-version":[{"id":1503,"href":"https:\/\/flamekocamper.ee\/en\/wp-json\/wp\/v2\/pages\/1432\/revisions\/1503"}],"up":[{"embeddable":true,"href":"https:\/\/flamekocamper.ee\/en\/wp-json\/wp\/v2\/pages\/1317"}],"wp:featuredmedia":[{"embeddable":true,"href":"https:\/\/flamekocamper.ee\/en\/wp-json\/wp\/v2\/media\/1433"}],"wp:attachment":[{"href":"https:\/\/flamekocamper.ee\/en\/wp-json\/wp\/v2\/media?parent=1432"}],"curies":[{"name":"wp","href":"https:\/\/api.w.org\/{rel}","templated":true}]}}