{"id":1600,"date":"2025-10-13T20:57:33","date_gmt":"2025-10-13T17:57:33","guid":{"rendered":"https:\/\/flamekocamper.ee\/?page_id=1600"},"modified":"2025-10-13T20:57:34","modified_gmt":"2025-10-13T17:57:34","slug":"uued-autod","status":"publish","type":"page","link":"https:\/\/flamekocamper.ee\/en\/uued-autod\/","title":{"rendered":"Uued autod"},"content":{"rendered":"<p><strong>Flameko Camper \u2013 Sinu tee unistuste matkaautoni!<\/strong><br>Flameko Camper on <a href=\"https:\/\/flamekocamper.ee\/en\/meist\/knaus\/\">KNAUSi<\/a>, <a href=\"https:\/\/flamekocamper.ee\/en\/meist\/etrusco\/\">Etrusco <\/a>and <a href=\"https:\/\/flamekocamper.ee\/en\/meist\/weinsberg\/\">WEINSBERGi <\/a>ametlik esindaja Eestis. See t\u00e4hendab, et meie kaudu saad tellida just endale sobiva matkaauto v\u00f5i haagise \u2013 t\u00e4pselt sellise, mis vastab sinu vajadustele ja reisiplaanidele.<br><a href=\"https:\/\/flamekocamper.ee\/en\/kontakt\/\">V\u00f5ta meiega \u00fchendust ja leiame koos parima lahenduse sinu j\u00e4rgmisteks seiklusteks!<\/a><\/p>\n\n\n\n<p>Allpool saad tutvuda nende br\u00e4ndide tootekataloogidega.<\/p>\n\n\n\n<hr class=\"wp-block-separator has-alpha-channel-opacity\"\/>\n\n\n\n<div class=\"wp-block-group\"><div class=\"wp-block-group__inner-container is-layout-constrained wp-block-group-is-layout-constrained\">\n<p><strong>KNAUS-i tootekataloogiga saab allpool tutvuda:<\/strong><\/p>\n\n\n\n<div id=\"wp-block-themeisle-blocks-advanced-columns-bc654255\" class=\"wp-block-themeisle-blocks-advanced-columns has-3-columns has-desktop-equal-layout has-tablet-equal-layout has-mobile-collapsedRows-layout has-vertical-unset\"><div class=\"wp-block-themeisle-blocks-advanced-columns-overlay\"><\/div><div class=\"innerblocks-wrap\">\n<div id=\"wp-block-themeisle-blocks-advanced-column-1f60ad69\" class=\"wp-block-themeisle-blocks-advanced-column\">\n<div class=\"wp-block-cover is-light\"><span aria-hidden=\"true\" class=\"wp-block-cover__background has-background-dim-10 has-background-dim\"><\/span><div class=\"wp-block-cover__inner-container is-layout-flow wp-block-cover-is-layout-flow\">\n<div class=\"wp-block-group\"><div class=\"wp-block-group__inner-container is-layout-constrained wp-block-group-is-layout-constrained\">\n<figure class=\"wp-block-image size-full\"><a href=\"https:\/\/flamekocamper.ee\/en\/meist\/knaus\/knaus-motorhomes\/\"><img loading=\"lazy\" decoding=\"async\" width=\"388\" height=\"162\" src=\"https:\/\/flamekocamper.ee\/wp-content\/uploads\/2025\/10\/kta-knaus-2025-2026-navigation-wohnmobile1.png\" alt=\"matkaautode m\u00fc\u00fck\" class=\"wp-image-1362\" srcset=\"https:\/\/flamekocamper.ee\/wp-content\/uploads\/2025\/10\/kta-knaus-2025-2026-navigation-wohnmobile1.png 388w, https:\/\/flamekocamper.ee\/wp-content\/uploads\/2025\/10\/kta-knaus-2025-2026-navigation-wohnmobile1-300x125.png 300w, https:\/\/flamekocamper.ee\/wp-content\/uploads\/2025\/10\/kta-knaus-2025-2026-navigation-wohnmobile1-18x8.png 18w\" sizes=\"auto, (max-width: 388px) 100vw, 388px\" \/><\/a><\/figure>\n\n\n\n<p id=\"wp-block-themeisle-blocks-advanced-heading-916ecca3\" class=\"wp-block-themeisle-blocks-advanced-heading wp-block-themeisle-blocks-advanced-heading-916ecca3\"><strong><a href=\"https:\/\/flamekocamper.ee\/en\/meist\/knaus\/knaus-motorhomes\/\">Motorhomes<\/a><\/strong><\/p>\n<\/div><\/div>\n<\/div><\/div>\n<\/div>\n\n\n\n<div id=\"wp-block-themeisle-blocks-advanced-column-fc15d739\" class=\"wp-block-themeisle-blocks-advanced-column\">\n<div class=\"wp-block-cover is-light\"><span aria-hidden=\"true\" class=\"wp-block-cover__background has-background-dim-10 has-background-dim\"><\/span><div class=\"wp-block-cover__inner-container is-layout-flow wp-block-cover-is-layout-flow\">\n<div class=\"wp-block-group\"><div class=\"wp-block-group__inner-container is-layout-constrained wp-block-group-is-layout-constrained\">\n<figure class=\"wp-block-image size-full\"><a href=\"https:\/\/flamekocamper.ee\/en\/meist\/knaus\/knaus-caravans\/\"><img loading=\"lazy\" decoding=\"async\" width=\"388\" height=\"162\" src=\"https:\/\/flamekocamper.ee\/wp-content\/uploads\/2025\/10\/kta-knaus-2024-2025-wohnwagen1.png\" alt=\"Knaus haagissuvila\" class=\"wp-image-1373\" srcset=\"https:\/\/flamekocamper.ee\/wp-content\/uploads\/2025\/10\/kta-knaus-2024-2025-wohnwagen1.png 388w, https:\/\/flamekocamper.ee\/wp-content\/uploads\/2025\/10\/kta-knaus-2024-2025-wohnwagen1-300x125.png 300w, https:\/\/flamekocamper.ee\/wp-content\/uploads\/2025\/10\/kta-knaus-2024-2025-wohnwagen1-18x8.png 18w\" sizes=\"auto, (max-width: 388px) 100vw, 388px\" \/><\/a><\/figure>\n\n\n\n<p id=\"wp-block-themeisle-blocks-advanced-heading-b0f709a4\" class=\"wp-block-themeisle-blocks-advanced-heading wp-block-themeisle-blocks-advanced-heading-b0f709a4\"><strong><a href=\"https:\/\/flamekocamper.ee\/en\/meist\/knaus\/knaus-caravans\/\">Caravans<\/a><\/strong><\/p>\n<\/div><\/div>\n<\/div><\/div>\n<\/div>\n\n\n\n<div id=\"wp-block-themeisle-blocks-advanced-column-5f401ada\" class=\"wp-block-themeisle-blocks-advanced-column\">\n<div class=\"wp-block-cover is-light\"><span aria-hidden=\"true\" class=\"wp-block-cover__background has-background-dim-10 has-background-dim\"><\/span><div class=\"wp-block-cover__inner-container is-layout-flow wp-block-cover-is-layout-flow\">\n<div class=\"wp-block-group\"><div class=\"wp-block-group__inner-container is-layout-constrained wp-block-group-is-layout-constrained\">\n<figure class=\"wp-block-image size-full\"><a href=\"https:\/\/flamekocamper.ee\/en\/meist\/knaus\/knaus-camper-vans\/\"><img loading=\"lazy\" decoding=\"async\" width=\"388\" height=\"162\" src=\"https:\/\/flamekocamper.ee\/wp-content\/uploads\/2025\/10\/kta-knaus-2025-2026-navigation-camper-vans1.png\" alt=\"matkaauto m\u00fc\u00fck\" class=\"wp-image-1376\" srcset=\"https:\/\/flamekocamper.ee\/wp-content\/uploads\/2025\/10\/kta-knaus-2025-2026-navigation-camper-vans1.png 388w, https:\/\/flamekocamper.ee\/wp-content\/uploads\/2025\/10\/kta-knaus-2025-2026-navigation-camper-vans1-300x125.png 300w, https:\/\/flamekocamper.ee\/wp-content\/uploads\/2025\/10\/kta-knaus-2025-2026-navigation-camper-vans1-18x8.png 18w\" sizes=\"auto, (max-width: 388px) 100vw, 388px\" \/><\/a><\/figure>\n\n\n\n<p id=\"wp-block-themeisle-blocks-advanced-heading-a64531ff\" class=\"wp-block-themeisle-blocks-advanced-heading wp-block-themeisle-blocks-advanced-heading-a64531ff\"><a href=\"https:\/\/flamekocamper.ee\/en\/meist\/knaus\/knaus-camper-vans\/\"><strong>Camper Vans<\/strong><\/a><\/p>\n<\/div><\/div>\n<\/div><\/div>\n<\/div>\n<\/div><\/div>\n<\/div><\/div>\n\n\n\n<hr class=\"wp-block-separator has-alpha-channel-opacity\"\/>\n\n\n\n<div class=\"wp-block-group\"><div class=\"wp-block-group__inner-container is-layout-constrained wp-block-group-is-layout-constrained\">\n<p><strong>WEINSBERG-i <strong>tootekataloogiga saab allpool tutvuda:<\/strong><\/strong><\/p>\n\n\n\n<div id=\"wp-block-themeisle-blocks-advanced-columns-bc654255\" class=\"wp-block-themeisle-blocks-advanced-columns has-3-columns has-desktop-equal-layout has-tablet-equal-layout has-mobile-collapsedRows-layout has-vertical-unset\"><div class=\"wp-block-themeisle-blocks-advanced-columns-overlay\"><\/div><div class=\"innerblocks-wrap\">\n<div id=\"wp-block-themeisle-blocks-advanced-column-1f60ad69\" class=\"wp-block-themeisle-blocks-advanced-column\">\n<div class=\"wp-block-cover is-light\"><span aria-hidden=\"true\" class=\"wp-block-cover__background has-background-dim-10 has-background-dim\"><\/span><div class=\"wp-block-cover__inner-container is-layout-flow wp-block-cover-is-layout-flow\">\n<div class=\"wp-block-group\"><div class=\"wp-block-group__inner-container is-layout-constrained wp-block-group-is-layout-constrained\">\n<figure class=\"wp-block-image size-full\"><a href=\"https:\/\/flamekocamper.ee\/en\/meist\/weinsberg\/weinsberg-motorhomes\/\"><img loading=\"lazy\" decoding=\"async\" width=\"283\" height=\"181\" src=\"https:\/\/flamekocamper.ee\/wp-content\/uploads\/2025\/10\/kta-weinsberg-2024-2025-caracompact-freisteller1.png\" alt=\"\" class=\"wp-image-1421\" srcset=\"https:\/\/flamekocamper.ee\/wp-content\/uploads\/2025\/10\/kta-weinsberg-2024-2025-caracompact-freisteller1.png 283w, https:\/\/flamekocamper.ee\/wp-content\/uploads\/2025\/10\/kta-weinsberg-2024-2025-caracompact-freisteller1-18x12.png 18w\" sizes=\"auto, (max-width: 283px) 100vw, 283px\" \/><\/a><\/figure>\n\n\n\n<p id=\"wp-block-themeisle-blocks-advanced-heading-916ecca3\" class=\"wp-block-themeisle-blocks-advanced-heading wp-block-themeisle-blocks-advanced-heading-916ecca3\"><strong><a href=\"https:\/\/flamekocamper.ee\/en\/meist\/weinsberg\/weinsberg-motorhomes\/\">Motorhomes<\/a><\/strong><\/p>\n<\/div><\/div>\n<\/div><\/div>\n<\/div>\n\n\n\n<div id=\"wp-block-themeisle-blocks-advanced-column-fc15d739\" class=\"wp-block-themeisle-blocks-advanced-column\">\n<div class=\"wp-block-cover is-light\"><span aria-hidden=\"true\" class=\"wp-block-cover__background has-background-dim-10 has-background-dim\"><\/span><div class=\"wp-block-cover__inner-container is-layout-flow wp-block-cover-is-layout-flow\">\n<div class=\"wp-block-group\"><div class=\"wp-block-group__inner-container is-layout-constrained wp-block-group-is-layout-constrained\">\n<figure class=\"wp-block-image size-full\"><a href=\"https:\/\/flamekocamper.ee\/en\/meist\/weinsberg\/weinsberg-caravans\/\"><img loading=\"lazy\" decoding=\"async\" width=\"283\" height=\"181\" src=\"https:\/\/flamekocamper.ee\/wp-content\/uploads\/2025\/10\/kta-weinsberg-2021-2022-caraone-freisteller1.png\" alt=\"\" class=\"wp-image-1423\" srcset=\"https:\/\/flamekocamper.ee\/wp-content\/uploads\/2025\/10\/kta-weinsberg-2021-2022-caraone-freisteller1.png 283w, https:\/\/flamekocamper.ee\/wp-content\/uploads\/2025\/10\/kta-weinsberg-2021-2022-caraone-freisteller1-18x12.png 18w\" sizes=\"auto, (max-width: 283px) 100vw, 283px\" \/><\/a><\/figure>\n\n\n\n<p id=\"wp-block-themeisle-blocks-advanced-heading-b0f709a4\" class=\"wp-block-themeisle-blocks-advanced-heading wp-block-themeisle-blocks-advanced-heading-b0f709a4\"><strong><a href=\"https:\/\/flamekocamper.ee\/en\/meist\/weinsberg\/weinsberg-caravans\/\">Caravans<\/a><\/strong><\/p>\n<\/div><\/div>\n<\/div><\/div>\n<\/div>\n\n\n\n<div id=\"wp-block-themeisle-blocks-advanced-column-5f401ada\" class=\"wp-block-themeisle-blocks-advanced-column\">\n<div class=\"wp-block-cover is-light\"><span aria-hidden=\"true\" class=\"wp-block-cover__background has-background-dim-10 has-background-dim\"><\/span><div class=\"wp-block-cover__inner-container is-layout-flow wp-block-cover-is-layout-flow\">\n<div class=\"wp-block-group\"><div class=\"wp-block-group__inner-container is-layout-constrained wp-block-group-is-layout-constrained\">\n<figure class=\"wp-block-image size-full\"><a href=\"https:\/\/flamekocamper.ee\/en\/meist\/weinsberg\/weinsberg-camper-vans\/\"><img loading=\"lazy\" decoding=\"async\" width=\"283\" height=\"181\" src=\"https:\/\/flamekocamper.ee\/wp-content\/uploads\/2025\/10\/kta-weinsberg-2025-2026-edition-fire-modellfamilie-freisteller1.png\" alt=\"Weinsberg\" class=\"wp-image-1433\" srcset=\"https:\/\/flamekocamper.ee\/wp-content\/uploads\/2025\/10\/kta-weinsberg-2025-2026-edition-fire-modellfamilie-freisteller1.png 283w, https:\/\/flamekocamper.ee\/wp-content\/uploads\/2025\/10\/kta-weinsberg-2025-2026-edition-fire-modellfamilie-freisteller1-18x12.png 18w\" sizes=\"auto, (max-width: 283px) 100vw, 283px\" \/><\/a><\/figure>\n\n\n\n<p id=\"wp-block-themeisle-blocks-advanced-heading-a64531ff\" class=\"wp-block-themeisle-blocks-advanced-heading wp-block-themeisle-blocks-advanced-heading-a64531ff\"><a href=\"https:\/\/flamekocamper.ee\/en\/meist\/weinsberg\/weinsberg-camper-vans\/\"><strong>Camper Vans<\/strong><\/a><\/p>\n<\/div><\/div>\n<\/div><\/div>\n<\/div>\n<\/div><\/div>\n<\/div><\/div>\n\n\n\n<hr class=\"wp-block-separator has-alpha-channel-opacity\"\/>\n\n\n\n<div class=\"wp-block-group\"><div class=\"wp-block-group__inner-container is-layout-constrained wp-block-group-is-layout-constrained\">\n<p><strong>Etrusco tootekataloogiga saab allpool tutvuda:<\/strong><\/p>\n\n\n\n<div id=\"wp-block-themeisle-blocks-advanced-columns-bc654255\" class=\"wp-block-themeisle-blocks-advanced-columns has-3-columns has-desktop-equal-layout has-tablet-equal-layout has-mobile-collapsedRows-layout has-vertical-unset\"><div class=\"wp-block-themeisle-blocks-advanced-columns-overlay\"><\/div><div class=\"innerblocks-wrap\">\n<div id=\"wp-block-themeisle-blocks-advanced-column-1f60ad69\" class=\"wp-block-themeisle-blocks-advanced-column\">\n<div class=\"wp-block-cover is-light\"><span aria-hidden=\"true\" class=\"wp-block-cover__background has-background-dim-10 has-background-dim\"><\/span><div class=\"wp-block-cover__inner-container is-layout-flow wp-block-cover-is-layout-flow\">\n<div class=\"wp-block-group\"><div class=\"wp-block-group__inner-container is-layout-constrained wp-block-group-is-layout-constrained\">\n<figure class=\"wp-block-image size-full\"><a href=\"https:\/\/flamekocamper.ee\/en\/meist\/etrusco_matkaautod\/etrusco-motorhomes\/\"><img loading=\"lazy\" decoding=\"async\" width=\"960\" height=\"600\" src=\"https:\/\/flamekocamper.ee\/wp-content\/uploads\/2025\/10\/etrusco_2022_tec_integrali-3351.webp\" alt=\"\" class=\"wp-image-1476\" srcset=\"https:\/\/flamekocamper.ee\/wp-content\/uploads\/2025\/10\/etrusco_2022_tec_integrali-3351.webp 960w, https:\/\/flamekocamper.ee\/wp-content\/uploads\/2025\/10\/etrusco_2022_tec_integrali-3351-300x188.webp 300w, https:\/\/flamekocamper.ee\/wp-content\/uploads\/2025\/10\/etrusco_2022_tec_integrali-3351-768x480.webp 768w, https:\/\/flamekocamper.ee\/wp-content\/uploads\/2025\/10\/etrusco_2022_tec_integrali-3351-18x12.webp 18w, https:\/\/flamekocamper.ee\/wp-content\/uploads\/2025\/10\/etrusco_2022_tec_integrali-3351-400x250.webp 400w\" sizes=\"auto, (max-width: 960px) 100vw, 960px\" \/><\/a><\/figure>\n\n\n\n<p id=\"wp-block-themeisle-blocks-advanced-heading-916ecca3\" class=\"wp-block-themeisle-blocks-advanced-heading wp-block-themeisle-blocks-advanced-heading-916ecca3\"><strong><a href=\"https:\/\/flamekocamper.ee\/en\/meist\/etrusco_matkaautod\/etrusco-motorhomes\/\">Motorhomes<\/a><\/strong><\/p>\n<\/div><\/div>\n<\/div><\/div>\n<\/div>\n\n\n\n<div id=\"wp-block-themeisle-blocks-advanced-column-5f401ada\" class=\"wp-block-themeisle-blocks-advanced-column\">\n<div class=\"wp-block-cover is-light\"><span aria-hidden=\"true\" class=\"wp-block-cover__background has-background-dim-10 has-background-dim\"><\/span><div class=\"wp-block-cover__inner-container is-layout-flow wp-block-cover-is-layout-flow\">\n<div class=\"wp-block-group\"><div class=\"wp-block-group__inner-container is-layout-constrained wp-block-group-is-layout-constrained\">\n<figure class=\"wp-block-image size-full\"><a href=\"https:\/\/flamekocamper.ee\/en\/meist\/etrusco_matkaautod\/etrusco-camper-van\/\"><img loading=\"lazy\" decoding=\"async\" width=\"960\" height=\"600\" src=\"https:\/\/flamekocamper.ee\/wp-content\/uploads\/2025\/10\/fiat_plus_cv_profile_mg_33991.webp\" alt=\"\" class=\"wp-image-1467\" srcset=\"https:\/\/flamekocamper.ee\/wp-content\/uploads\/2025\/10\/fiat_plus_cv_profile_mg_33991.webp 960w, https:\/\/flamekocamper.ee\/wp-content\/uploads\/2025\/10\/fiat_plus_cv_profile_mg_33991-300x188.webp 300w, https:\/\/flamekocamper.ee\/wp-content\/uploads\/2025\/10\/fiat_plus_cv_profile_mg_33991-768x480.webp 768w, https:\/\/flamekocamper.ee\/wp-content\/uploads\/2025\/10\/fiat_plus_cv_profile_mg_33991-18x12.webp 18w, https:\/\/flamekocamper.ee\/wp-content\/uploads\/2025\/10\/fiat_plus_cv_profile_mg_33991-400x250.webp 400w\" sizes=\"auto, (max-width: 960px) 100vw, 960px\" \/><\/a><\/figure>\n\n\n\n<p id=\"wp-block-themeisle-blocks-advanced-heading-a64531ff\" class=\"wp-block-themeisle-blocks-advanced-heading wp-block-themeisle-blocks-advanced-heading-a64531ff\"><a href=\"https:\/\/flamekocamper.ee\/en\/meist\/etrusco_matkaautod\/etrusco-camper-van\/\"><strong>Camper Vans<\/strong><\/a><\/p>\n<\/div><\/div>\n<\/div><\/div>\n<\/div>\n\n\n\n<div id=\"wp-block-themeisle-blocks-advanced-column-4bad1825\" class=\"wp-block-themeisle-blocks-advanced-column\">\n<div class=\"wp-block-cover is-light\"><span aria-hidden=\"true\" class=\"wp-block-cover__background has-background-dim-10 has-background-dim\"><\/span><div class=\"wp-block-cover__inner-container is-layout-flow wp-block-cover-is-layout-flow\">\n<div class=\"wp-block-group\"><div class=\"wp-block-group__inner-container is-layout-constrained wp-block-group-is-layout-constrained\">\n\n\n<p id=\"wp-block-themeisle-blocks-advanced-heading-bbb9a50f\" class=\"wp-block-themeisle-blocks-advanced-heading wp-block-themeisle-blocks-advanced-heading-bbb9a50f\"> <\/p>\n<\/div><\/div>\n<\/div><\/div>\n<\/div>\n<\/div><\/div>\n<\/div><\/div>","protected":false},"excerpt":{"rendered":"<p>Flameko Camper \u2013 Sinu tee unistuste matkaautoni!Flameko Camper on KNAUSi, Etrusco ja WEINSBERGi ametlik esindaja Eestis. See t\u00e4hendab, et meie kaudu saad tellida just endale sobiva matkaauto v\u00f5i haagise \u2013 t\u00e4pselt sellise, mis vastab sinu vajadustele ja reisiplaanidele.V\u00f5ta meiega \u00fchendust ja leiame koos parima lahenduse sinu j\u00e4rgmisteks seiklusteks! Allpool saad tutvuda nende br\u00e4ndide tootekataloogidega.<\/p>","protected":false},"author":1,"featured_media":0,"parent":0,"menu_order":0,"comment_status":"closed","ping_status":"closed","template":"page-full.php","meta":{"_themeisle_gutenberg_block_has_review":false,"footnotes":""},"class_list":["post-1600","page","type-page","status-publish","hentry"],"yoast_head":"<!-- This site is optimized with the Yoast SEO plugin v27.2 - https:\/\/yoast.com\/product\/yoast-seo-wordpress\/ -->\n<title>Uued autod - Flameko Camper<\/title>\n<meta name=\"robots\" content=\"index, follow, max-snippet:-1, max-image-preview:large, max-video-preview:-1\" \/>\n<link rel=\"canonical\" href=\"https:\/\/flamekocamper.ee\/en\/uued-autod\/\" \/>\n<meta property=\"og:locale\" content=\"en_US\" \/>\n<meta property=\"og:type\" content=\"article\" \/>\n<meta property=\"og:title\" content=\"Uued autod - Flameko Camper\" \/>\n<meta property=\"og:description\" content=\"Flameko Camper \u2013 Sinu tee unistuste matkaautoni!Flameko Camper on KNAUSi, Etrusco ja WEINSBERGi ametlik esindaja Eestis. See t\u00e4hendab, et meie kaudu saad tellida just endale sobiva matkaauto v\u00f5i haagise \u2013 t\u00e4pselt sellise, mis vastab sinu vajadustele ja reisiplaanidele.V\u00f5ta meiega \u00fchendust ja leiame koos parima lahenduse sinu j\u00e4rgmisteks seiklusteks! Allpool saad tutvuda nende br\u00e4ndide tootekataloogidega.\" \/>\n<meta property=\"og:url\" content=\"https:\/\/flamekocamper.ee\/en\/uued-autod\/\" \/>\n<meta property=\"og:site_name\" content=\"Flameko Camper\" \/>\n<meta property=\"article:publisher\" content=\"https:\/\/www.facebook.com\/flamekocamper\" \/>\n<meta property=\"article:modified_time\" content=\"2025-10-13T17:57:34+00:00\" \/>\n<meta name=\"twitter:card\" content=\"summary_large_image\" \/>\n<meta name=\"twitter:label1\" content=\"Est. reading time\" \/>\n\t<meta name=\"twitter:data1\" content=\"3 minutes\" \/>\n<script type=\"application\/ld+json\" class=\"yoast-schema-graph\">{\"@context\":\"https:\/\/schema.org\",\"@graph\":[{\"@type\":\"WebPage\",\"@id\":\"https:\/\/flamekocamper.ee\/uued-autod\/\",\"url\":\"https:\/\/flamekocamper.ee\/uued-autod\/\",\"name\":\"Uued autod - Flameko Camper\",\"isPartOf\":{\"@id\":\"https:\/\/flamekocamper.ee\/#website\"},\"datePublished\":\"2025-10-13T17:57:33+00:00\",\"dateModified\":\"2025-10-13T17:57:34+00:00\",\"breadcrumb\":{\"@id\":\"https:\/\/flamekocamper.ee\/uued-autod\/#breadcrumb\"},\"inLanguage\":\"en-US\",\"potentialAction\":[{\"@type\":\"ReadAction\",\"target\":[\"https:\/\/flamekocamper.ee\/uued-autod\/\"]}]},{\"@type\":\"BreadcrumbList\",\"@id\":\"https:\/\/flamekocamper.ee\/uued-autod\/#breadcrumb\",\"itemListElement\":[{\"@type\":\"ListItem\",\"position\":1,\"name\":\"Home\",\"item\":\"https:\/\/flamekocamper.ee\/\"},{\"@type\":\"ListItem\",\"position\":2,\"name\":\"Uued autod\"}]},{\"@type\":\"WebSite\",\"@id\":\"https:\/\/flamekocamper.ee\/#website\",\"url\":\"https:\/\/flamekocamper.ee\/\",\"name\":\"Flameko Camper\",\"description\":\"K&otilde;ik hooldus ja remontt&ouml;&ouml;d Sinu matkaautole ja haagissuvilale. Seda k&otilde;ike nii autole endale kui ka elamuosale!\",\"publisher\":{\"@id\":\"https:\/\/flamekocamper.ee\/#organization\"},\"potentialAction\":[{\"@type\":\"SearchAction\",\"target\":{\"@type\":\"EntryPoint\",\"urlTemplate\":\"https:\/\/flamekocamper.ee\/?s={search_term_string}\"},\"query-input\":{\"@type\":\"PropertyValueSpecification\",\"valueRequired\":true,\"valueName\":\"search_term_string\"}}],\"inLanguage\":\"en-US\"},{\"@type\":\"Organization\",\"@id\":\"https:\/\/flamekocamper.ee\/#organization\",\"name\":\"Flameko Camper - Flameko O\u00dc\",\"url\":\"https:\/\/flamekocamper.ee\/\",\"logo\":{\"@type\":\"ImageObject\",\"inLanguage\":\"en-US\",\"@id\":\"https:\/\/flamekocamper.ee\/#\/schema\/logo\/image\/\",\"url\":\"https:\/\/flamekocamper.ee\/wp-content\/uploads\/2023\/04\/logo-2.png\",\"contentUrl\":\"https:\/\/flamekocamper.ee\/wp-content\/uploads\/2023\/04\/logo-2.png\",\"width\":400,\"height\":283,\"caption\":\"Flameko Camper - Flameko O\u00dc\"},\"image\":{\"@id\":\"https:\/\/flamekocamper.ee\/#\/schema\/logo\/image\/\"},\"sameAs\":[\"https:\/\/www.facebook.com\/flamekocamper\",\"https:\/\/www.instagram.com\/flamekocamper\/\"]}]}<\/script>\n<!-- \/ Yoast SEO plugin. -->","yoast_head_json":{"title":"Uued autod - Flameko Camper","robots":{"index":"index","follow":"follow","max-snippet":"max-snippet:-1","max-image-preview":"max-image-preview:large","max-video-preview":"max-video-preview:-1"},"canonical":"https:\/\/flamekocamper.ee\/en\/uued-autod\/","og_locale":"en_US","og_type":"article","og_title":"Uued autod - Flameko Camper","og_description":"Flameko Camper \u2013 Sinu tee unistuste matkaautoni!Flameko Camper on KNAUSi, Etrusco ja WEINSBERGi ametlik esindaja Eestis. See t\u00e4hendab, et meie kaudu saad tellida just endale sobiva matkaauto v\u00f5i haagise \u2013 t\u00e4pselt sellise, mis vastab sinu vajadustele ja reisiplaanidele.V\u00f5ta meiega \u00fchendust ja leiame koos parima lahenduse sinu j\u00e4rgmisteks seiklusteks! Allpool saad tutvuda nende br\u00e4ndide tootekataloogidega.","og_url":"https:\/\/flamekocamper.ee\/en\/uued-autod\/","og_site_name":"Flameko Camper","article_publisher":"https:\/\/www.facebook.com\/flamekocamper","article_modified_time":"2025-10-13T17:57:34+00:00","twitter_card":"summary_large_image","twitter_misc":{"Est. reading time":"3 minutes"},"schema":{"@context":"https:\/\/schema.org","@graph":[{"@type":"WebPage","@id":"https:\/\/flamekocamper.ee\/uued-autod\/","url":"https:\/\/flamekocamper.ee\/uued-autod\/","name":"Uued autod - Flameko Camper","isPartOf":{"@id":"https:\/\/flamekocamper.ee\/#website"},"datePublished":"2025-10-13T17:57:33+00:00","dateModified":"2025-10-13T17:57:34+00:00","breadcrumb":{"@id":"https:\/\/flamekocamper.ee\/uued-autod\/#breadcrumb"},"inLanguage":"en-US","potentialAction":[{"@type":"ReadAction","target":["https:\/\/flamekocamper.ee\/uued-autod\/"]}]},{"@type":"BreadcrumbList","@id":"https:\/\/flamekocamper.ee\/uued-autod\/#breadcrumb","itemListElement":[{"@type":"ListItem","position":1,"name":"Home","item":"https:\/\/flamekocamper.ee\/"},{"@type":"ListItem","position":2,"name":"Uued autod"}]},{"@type":"WebSite","@id":"https:\/\/flamekocamper.ee\/#website","url":"https:\/\/flamekocamper.ee\/","name":"Flameko Camper","description":"K&otilde;ik hooldus ja remontt&ouml;&ouml;d Sinu matkaautole ja haagissuvilale. Seda k&otilde;ike nii autole endale kui ka elamuosale!","publisher":{"@id":"https:\/\/flamekocamper.ee\/#organization"},"potentialAction":[{"@type":"SearchAction","target":{"@type":"EntryPoint","urlTemplate":"https:\/\/flamekocamper.ee\/?s={search_term_string}"},"query-input":{"@type":"PropertyValueSpecification","valueRequired":true,"valueName":"search_term_string"}}],"inLanguage":"en-US"},{"@type":"Organization","@id":"https:\/\/flamekocamper.ee\/#organization","name":"Flameko Camper - Flameko O\u00dc","url":"https:\/\/flamekocamper.ee\/","logo":{"@type":"ImageObject","inLanguage":"en-US","@id":"https:\/\/flamekocamper.ee\/#\/schema\/logo\/image\/","url":"https:\/\/flamekocamper.ee\/wp-content\/uploads\/2023\/04\/logo-2.png","contentUrl":"https:\/\/flamekocamper.ee\/wp-content\/uploads\/2023\/04\/logo-2.png","width":400,"height":283,"caption":"Flameko Camper - Flameko O\u00dc"},"image":{"@id":"https:\/\/flamekocamper.ee\/#\/schema\/logo\/image\/"},"sameAs":["https:\/\/www.facebook.com\/flamekocamper","https:\/\/www.instagram.com\/flamekocamper\/"]}]}},"_links":{"self":[{"href":"https:\/\/flamekocamper.ee\/en\/wp-json\/wp\/v2\/pages\/1600","targetHints":{"allow":["GET"]}}],"collection":[{"href":"https:\/\/flamekocamper.ee\/en\/wp-json\/wp\/v2\/pages"}],"about":[{"href":"https:\/\/flamekocamper.ee\/en\/wp-json\/wp\/v2\/types\/page"}],"author":[{"embeddable":true,"href":"https:\/\/flamekocamper.ee\/en\/wp-json\/wp\/v2\/users\/1"}],"replies":[{"embeddable":true,"href":"https:\/\/flamekocamper.ee\/en\/wp-json\/wp\/v2\/comments?post=1600"}],"version-history":[{"count":11,"href":"https:\/\/flamekocamper.ee\/en\/wp-json\/wp\/v2\/pages\/1600\/revisions"}],"predecessor-version":[{"id":1628,"href":"https:\/\/flamekocamper.ee\/en\/wp-json\/wp\/v2\/pages\/1600\/revisions\/1628"}],"wp:attachment":[{"href":"https:\/\/flamekocamper.ee\/en\/wp-json\/wp\/v2\/media?parent=1600"}],"curies":[{"name":"wp","href":"https:\/\/api.w.org\/{rel}","templated":true}]}}