{"id":269,"date":"2023-09-01T14:02:05","date_gmt":"2023-09-01T11:02:05","guid":{"rendered":"https:\/\/flamekocamper.ee\/?page_id=269"},"modified":"2024-05-21T21:23:49","modified_gmt":"2024-05-21T18:23:49","slug":"dometic","status":"publish","type":"page","link":"https:\/\/flamekocamper.ee\/en\/meist\/dometic\/","title":{"rendered":"Dometic"},"content":{"rendered":"<p><strong>Dometic &#8211; <em>tipptasemel mobiilse kodu seadmed<\/em><\/strong><\/p>\n\n\n\n<p>Dometic on juhtiv rahvusvaheline ettev\u00f5te, kes on spetsialiseerunud mobiilse kodu lahendustele, h\u00f5lmates kliimaseadmeid, k\u00fclmikuid, wc-sid ja muid seadmeid mis on loodud spetsiaalselt matkaautode, haagissuvilate, paatide ja muude mobiilsete keskkondade jaoks mis on v\u00e4ljaspool tavap\u00e4rast kodukeskkonda. Tuntud k\u00f5rgekvaliteediliste ja vastupidavate toodete poolest, mis on projekteeritud vastu pidama ekstreemsetes tingimustes ja tagama pikaajalise vastupidavuse.<\/p>\n\n\n\n<p><strong>Tehnoloogiline uuendus &#8211; Dometic traditsioon<\/strong><\/p>\n\n\n\n<p>Ettev\u00f5te on p\u00fchendunud tehnoloogilistele uuendustele, pakkudes klientidele kaasaegseid ja efektiivseid lahendusi, sealhulgas energias\u00e4\u00e4stlikke kliimaseadmeid ja k\u00fclmikuid ja on saavutanud oma valdkonnas juhtiva positsiooni t\u00e4nu j\u00e4rjepidevale tehnoloogilisele arengule ja uuenduslikele toodetele. Dometic p\u00fc\u00fcdleb pidevalt selle poole, et nende tooted muudaksid kasutajate elu lihtsamaks ja mugavamaks, kui nad viibivad kodust eemal.<\/p>\n\n\n\n<p><strong>Tarkvara ja rakendused<\/strong>: <\/p>\n\n\n\n<p><br>Dometic integreerib nutitehnoloogiaid oma toodetesse, pakkudes kasutajatele v\u00f5imalust juhtida ja j\u00e4lgida oma seadmeid nutitelefonide kaudu. See h\u00f5lmab temperatuuri reguleerimist, energia j\u00e4lgimist ja isegi toiduvalmistamise seadmete juhtimist.<\/p>\n\n\n\n<p><strong>Flameko Camper &#8211; teie garantiipartner<\/strong><\/p>\n\n\n\n<p>Flameko Camper on uhke, et meil on ametlik esindus\u00f5igus Dometicule. See v\u00f5imaldab meil pakkuda kvaliteetset hooldust, remonti ja garantiiteenust k\u00f5ikidele seadmetele, ilma et oleks vaja k\u00fclastada s\u00f5iduki ametlikku esindust. Lisaks pakume seadmete m\u00fc\u00fcki ja paigaldust. K\u00fcsi hinnapakkumist!<\/p>\n\n\n\n<p><strong>Flameko Camper - for all campers, regardless of brand.<\/strong><\/p>\n\n\n\n<p>Flameko Camper ei sea piiranguid s\u00f5iduki margile, vanusele, ostukohale ega elamuosa tootjale. Ootame k\u00f5iki, kes vajavad abi Dometic ja k\u00f5ikide teiste seadmetega seotud k\u00fcsimuste ja murede lahendamisel. Helistage ja broneerige aeg ning ootame teid k\u00fclla!<br><br>Hinnap\u00e4ringu saab saata siit:<br><a href=\"https:\/\/flamekocamper.ee\/en\/hinnaparing\/&\/#10;\">https:\/\/flamekocamper.ee\/hinnaparing\/<br><\/a><\/p>","protected":false},"excerpt":{"rendered":"<p>Dometic &#8211; tipptasemel mobiilse kodu seadmed Dometic on juhtiv rahvusvaheline ettev\u00f5te, kes on spetsialiseerunud mobiilse kodu lahendustele, h\u00f5lmates kliimaseadmeid, k\u00fclmikuid, wc-sid ja muid seadmeid mis on loodud spetsiaalselt matkaautode, haagissuvilate, paatide ja muude mobiilsete keskkondade jaoks mis on v\u00e4ljaspool tavap\u00e4rast kodukeskkonda. Tuntud k\u00f5rgekvaliteediliste ja vastupidavate toodete poolest, mis on projekteeritud vastu pidama ekstreemsetes tingimustes ja [&hellip;]<\/p>\n","protected":false},"author":1,"featured_media":212,"parent":263,"menu_order":0,"comment_status":"closed","ping_status":"closed","template":"page-full.php","meta":{"_themeisle_gutenberg_block_has_review":false,"footnotes":""},"class_list":["post-269","page","type-page","status-publish","has-post-thumbnail","hentry"],"yoast_head":"<!-- This site is optimized with the Yoast SEO plugin v27.2 - https:\/\/yoast.com\/product\/yoast-seo-wordpress\/ -->\n<title>Dometic - Flameko Camper<\/title>\n<meta name=\"description\" content=\"Dometic mobiilse kodu lahendused sh kliimaseadmed, k\u00fclmikud, wc-d jne matkaautodele, haagissuvilatele ja muudele mobiilsetele keskkondadele.\" \/>\n<meta name=\"robots\" content=\"index, follow, max-snippet:-1, max-image-preview:large, max-video-preview:-1\" \/>\n<link rel=\"canonical\" href=\"https:\/\/flamekocamper.ee\/en\/meist\/dometic\/\" \/>\n<meta property=\"og:locale\" content=\"en_US\" \/>\n<meta property=\"og:type\" content=\"article\" \/>\n<meta property=\"og:title\" content=\"Dometic - Flameko Camper\" \/>\n<meta property=\"og:description\" content=\"Dometic mobiilse kodu lahendused sh kliimaseadmed, k\u00fclmikud, wc-d jne matkaautodele, haagissuvilatele ja muudele mobiilsetele keskkondadele.\" \/>\n<meta property=\"og:url\" content=\"https:\/\/flamekocamper.ee\/en\/meist\/dometic\/\" \/>\n<meta property=\"og:site_name\" content=\"Flameko Camper\" \/>\n<meta property=\"article:publisher\" content=\"https:\/\/www.facebook.com\/flamekocamper\" \/>\n<meta property=\"article:modified_time\" content=\"2024-05-21T18:23:49+00:00\" \/>\n<meta property=\"og:image\" content=\"https:\/\/flamekocamper.ee\/wp-content\/uploads\/2023\/07\/Dometic-Logo-150px.png\" \/>\n\t<meta property=\"og:image:width\" content=\"150\" \/>\n\t<meta property=\"og:image:height\" content=\"100\" \/>\n\t<meta property=\"og:image:type\" content=\"image\/png\" \/>\n<meta name=\"twitter:card\" content=\"summary_large_image\" \/>\n<meta name=\"twitter:label1\" content=\"Est. reading time\" \/>\n\t<meta name=\"twitter:data1\" content=\"2 minutes\" \/>\n<script type=\"application\/ld+json\" class=\"yoast-schema-graph\">{\"@context\":\"https:\/\/schema.org\",\"@graph\":[{\"@type\":\"WebPage\",\"@id\":\"https:\/\/flamekocamper.ee\/meist\/dometic\/\",\"url\":\"https:\/\/flamekocamper.ee\/meist\/dometic\/\",\"name\":\"Dometic - Flameko Camper\",\"isPartOf\":{\"@id\":\"https:\/\/flamekocamper.ee\/#website\"},\"primaryImageOfPage\":{\"@id\":\"https:\/\/flamekocamper.ee\/meist\/dometic\/#primaryimage\"},\"image\":{\"@id\":\"https:\/\/flamekocamper.ee\/meist\/dometic\/#primaryimage\"},\"thumbnailUrl\":\"https:\/\/flamekocamper.ee\/wp-content\/uploads\/2023\/07\/Dometic-Logo-150px.png\",\"datePublished\":\"2023-09-01T11:02:05+00:00\",\"dateModified\":\"2024-05-21T18:23:49+00:00\",\"description\":\"Dometic mobiilse kodu lahendused sh kliimaseadmed, k\u00fclmikud, wc-d jne matkaautodele, haagissuvilatele ja muudele mobiilsetele keskkondadele.\",\"breadcrumb\":{\"@id\":\"https:\/\/flamekocamper.ee\/meist\/dometic\/#breadcrumb\"},\"inLanguage\":\"en-US\",\"potentialAction\":[{\"@type\":\"ReadAction\",\"target\":[\"https:\/\/flamekocamper.ee\/meist\/dometic\/\"]}]},{\"@type\":\"ImageObject\",\"inLanguage\":\"en-US\",\"@id\":\"https:\/\/flamekocamper.ee\/meist\/dometic\/#primaryimage\",\"url\":\"https:\/\/flamekocamper.ee\/wp-content\/uploads\/2023\/07\/Dometic-Logo-150px.png\",\"contentUrl\":\"https:\/\/flamekocamper.ee\/wp-content\/uploads\/2023\/07\/Dometic-Logo-150px.png\",\"width\":150,\"height\":100,\"caption\":\"Dometic - Tipptasemel Mobiilse Kodu Seadmed\"},{\"@type\":\"BreadcrumbList\",\"@id\":\"https:\/\/flamekocamper.ee\/meist\/dometic\/#breadcrumb\",\"itemListElement\":[{\"@type\":\"ListItem\",\"position\":1,\"name\":\"Home\",\"item\":\"https:\/\/flamekocamper.ee\/\"},{\"@type\":\"ListItem\",\"position\":2,\"name\":\"Meist\",\"item\":\"https:\/\/flamekocamper.ee\/meist\/\"},{\"@type\":\"ListItem\",\"position\":3,\"name\":\"Dometic\"}]},{\"@type\":\"WebSite\",\"@id\":\"https:\/\/flamekocamper.ee\/#website\",\"url\":\"https:\/\/flamekocamper.ee\/\",\"name\":\"Flameko Camper\",\"description\":\"K&otilde;ik hooldus ja remontt&ouml;&ouml;d Sinu matkaautole ja haagissuvilale. Seda k&otilde;ike nii autole endale kui ka elamuosale!\",\"publisher\":{\"@id\":\"https:\/\/flamekocamper.ee\/#organization\"},\"potentialAction\":[{\"@type\":\"SearchAction\",\"target\":{\"@type\":\"EntryPoint\",\"urlTemplate\":\"https:\/\/flamekocamper.ee\/?s={search_term_string}\"},\"query-input\":{\"@type\":\"PropertyValueSpecification\",\"valueRequired\":true,\"valueName\":\"search_term_string\"}}],\"inLanguage\":\"en-US\"},{\"@type\":\"Organization\",\"@id\":\"https:\/\/flamekocamper.ee\/#organization\",\"name\":\"Flameko Camper - Flameko O\u00dc\",\"url\":\"https:\/\/flamekocamper.ee\/\",\"logo\":{\"@type\":\"ImageObject\",\"inLanguage\":\"en-US\",\"@id\":\"https:\/\/flamekocamper.ee\/#\/schema\/logo\/image\/\",\"url\":\"https:\/\/flamekocamper.ee\/wp-content\/uploads\/2023\/04\/logo-2.png\",\"contentUrl\":\"https:\/\/flamekocamper.ee\/wp-content\/uploads\/2023\/04\/logo-2.png\",\"width\":400,\"height\":283,\"caption\":\"Flameko Camper - Flameko O\u00dc\"},\"image\":{\"@id\":\"https:\/\/flamekocamper.ee\/#\/schema\/logo\/image\/\"},\"sameAs\":[\"https:\/\/www.facebook.com\/flamekocamper\",\"https:\/\/www.instagram.com\/flamekocamper\/\"]}]}<\/script>\n<!-- \/ Yoast SEO plugin. -->","yoast_head_json":{"title":"Dometic - Flameko Camper","description":"Dometic mobiilse kodu lahendused sh kliimaseadmed, k\u00fclmikud, wc-d jne matkaautodele, haagissuvilatele ja muudele mobiilsetele keskkondadele.","robots":{"index":"index","follow":"follow","max-snippet":"max-snippet:-1","max-image-preview":"max-image-preview:large","max-video-preview":"max-video-preview:-1"},"canonical":"https:\/\/flamekocamper.ee\/en\/meist\/dometic\/","og_locale":"en_US","og_type":"article","og_title":"Dometic - Flameko Camper","og_description":"Dometic mobiilse kodu lahendused sh kliimaseadmed, k\u00fclmikud, wc-d jne matkaautodele, haagissuvilatele ja muudele mobiilsetele keskkondadele.","og_url":"https:\/\/flamekocamper.ee\/en\/meist\/dometic\/","og_site_name":"Flameko Camper","article_publisher":"https:\/\/www.facebook.com\/flamekocamper","article_modified_time":"2024-05-21T18:23:49+00:00","og_image":[{"width":150,"height":100,"url":"https:\/\/flamekocamper.ee\/wp-content\/uploads\/2023\/07\/Dometic-Logo-150px.png","type":"image\/png"}],"twitter_card":"summary_large_image","twitter_misc":{"Est. reading time":"2 minutes"},"schema":{"@context":"https:\/\/schema.org","@graph":[{"@type":"WebPage","@id":"https:\/\/flamekocamper.ee\/meist\/dometic\/","url":"https:\/\/flamekocamper.ee\/meist\/dometic\/","name":"Dometic - Flameko Camper","isPartOf":{"@id":"https:\/\/flamekocamper.ee\/#website"},"primaryImageOfPage":{"@id":"https:\/\/flamekocamper.ee\/meist\/dometic\/#primaryimage"},"image":{"@id":"https:\/\/flamekocamper.ee\/meist\/dometic\/#primaryimage"},"thumbnailUrl":"https:\/\/flamekocamper.ee\/wp-content\/uploads\/2023\/07\/Dometic-Logo-150px.png","datePublished":"2023-09-01T11:02:05+00:00","dateModified":"2024-05-21T18:23:49+00:00","description":"Dometic mobiilse kodu lahendused sh kliimaseadmed, k\u00fclmikud, wc-d jne matkaautodele, haagissuvilatele ja muudele mobiilsetele keskkondadele.","breadcrumb":{"@id":"https:\/\/flamekocamper.ee\/meist\/dometic\/#breadcrumb"},"inLanguage":"en-US","potentialAction":[{"@type":"ReadAction","target":["https:\/\/flamekocamper.ee\/meist\/dometic\/"]}]},{"@type":"ImageObject","inLanguage":"en-US","@id":"https:\/\/flamekocamper.ee\/meist\/dometic\/#primaryimage","url":"https:\/\/flamekocamper.ee\/wp-content\/uploads\/2023\/07\/Dometic-Logo-150px.png","contentUrl":"https:\/\/flamekocamper.ee\/wp-content\/uploads\/2023\/07\/Dometic-Logo-150px.png","width":150,"height":100,"caption":"Dometic - Tipptasemel Mobiilse Kodu Seadmed"},{"@type":"BreadcrumbList","@id":"https:\/\/flamekocamper.ee\/meist\/dometic\/#breadcrumb","itemListElement":[{"@type":"ListItem","position":1,"name":"Home","item":"https:\/\/flamekocamper.ee\/"},{"@type":"ListItem","position":2,"name":"Meist","item":"https:\/\/flamekocamper.ee\/meist\/"},{"@type":"ListItem","position":3,"name":"Dometic"}]},{"@type":"WebSite","@id":"https:\/\/flamekocamper.ee\/#website","url":"https:\/\/flamekocamper.ee\/","name":"Flameko Camper","description":"K&otilde;ik hooldus ja remontt&ouml;&ouml;d Sinu matkaautole ja haagissuvilale. Seda k&otilde;ike nii autole endale kui ka elamuosale!","publisher":{"@id":"https:\/\/flamekocamper.ee\/#organization"},"potentialAction":[{"@type":"SearchAction","target":{"@type":"EntryPoint","urlTemplate":"https:\/\/flamekocamper.ee\/?s={search_term_string}"},"query-input":{"@type":"PropertyValueSpecification","valueRequired":true,"valueName":"search_term_string"}}],"inLanguage":"en-US"},{"@type":"Organization","@id":"https:\/\/flamekocamper.ee\/#organization","name":"Flameko Camper - Flameko O\u00dc","url":"https:\/\/flamekocamper.ee\/","logo":{"@type":"ImageObject","inLanguage":"en-US","@id":"https:\/\/flamekocamper.ee\/#\/schema\/logo\/image\/","url":"https:\/\/flamekocamper.ee\/wp-content\/uploads\/2023\/04\/logo-2.png","contentUrl":"https:\/\/flamekocamper.ee\/wp-content\/uploads\/2023\/04\/logo-2.png","width":400,"height":283,"caption":"Flameko Camper - Flameko O\u00dc"},"image":{"@id":"https:\/\/flamekocamper.ee\/#\/schema\/logo\/image\/"},"sameAs":["https:\/\/www.facebook.com\/flamekocamper","https:\/\/www.instagram.com\/flamekocamper\/"]}]}},"_links":{"self":[{"href":"https:\/\/flamekocamper.ee\/en\/wp-json\/wp\/v2\/pages\/269","targetHints":{"allow":["GET"]}}],"collection":[{"href":"https:\/\/flamekocamper.ee\/en\/wp-json\/wp\/v2\/pages"}],"about":[{"href":"https:\/\/flamekocamper.ee\/en\/wp-json\/wp\/v2\/types\/page"}],"author":[{"embeddable":true,"href":"https:\/\/flamekocamper.ee\/en\/wp-json\/wp\/v2\/users\/1"}],"replies":[{"embeddable":true,"href":"https:\/\/flamekocamper.ee\/en\/wp-json\/wp\/v2\/comments?post=269"}],"version-history":[{"count":4,"href":"https:\/\/flamekocamper.ee\/en\/wp-json\/wp\/v2\/pages\/269\/revisions"}],"predecessor-version":[{"id":931,"href":"https:\/\/flamekocamper.ee\/en\/wp-json\/wp\/v2\/pages\/269\/revisions\/931"}],"up":[{"embeddable":true,"href":"https:\/\/flamekocamper.ee\/en\/wp-json\/wp\/v2\/pages\/263"}],"wp:featuredmedia":[{"embeddable":true,"href":"https:\/\/flamekocamper.ee\/en\/wp-json\/wp\/v2\/media\/212"}],"wp:attachment":[{"href":"https:\/\/flamekocamper.ee\/en\/wp-json\/wp\/v2\/media?parent=269"}],"curies":[{"name":"wp","href":"https:\/\/api.w.org\/{rel}","templated":true}]}}