{"id":271,"date":"2023-09-07T22:33:41","date_gmt":"2023-09-07T19:33:41","guid":{"rendered":"https:\/\/flamekocamper.ee\/?page_id=271"},"modified":"2026-03-12T13:42:37","modified_gmt":"2026-03-12T11:42:37","slug":"alde","status":"publish","type":"page","link":"https:\/\/flamekocamper.ee\/en\/meist\/alde\/","title":{"rendered":"ALDE"},"content":{"rendered":"<p><strong>ALDE: Heating and air conditioning expert<\/strong><\/p>\n\n\n\n<p>Tunnustatud Rootsi ettev\u00f5te, mis on spetsialiseerunud k\u00fctte- ja kliimaseadmete tootmisele, eriti matkaautodele ja haagissuvilatele. Nad on tuntud oma kvaliteetsete ja uuenduslike s\u00fcsteemide poolest, mis tagavad mugava ja reguleeritava sisekliima s\u00f5idukis.<\/p>\n\n\n\n<p><strong>Decades of experience<\/strong><\/p>\n\n\n\n<p>ALDE has been in the market for decades and has rich experience in manufacturing air conditioners and water based heating system. This experience has led to the creation of high-quality and reliable products that meet the high expectations of motorhome and caravan owners.<\/p>\n\n\n\n<p><strong>Indoor climate control in your hands<\/strong><\/p>\n\n\n\n<p>ALDE offers indoor climate control for motorhomes and caravans, making traveling more comfortable and enjoyable. Their systems are designed to ensure that your vehicle is always at the temperature you want.<\/p>\n\n\n\n<p><strong>Flameko Camper: Your reliable partner<\/strong><\/p>\n\n\n\n<p>Flameko Camper on r\u00f5\u00f5mus, et oleme ALDE kaubam\u00e4rgi ametlik esindaja.. See annab matkaauto ja haagissuvila omanikele kindluse, teades, et k\u00fctte- ja kliimaseadmetega seotud vajadused saavad teostatud otse Flameko Camperi kaudu. See muudab olukorra matkaauto omanike jaoks oluliselt mugavamaks ja lihtsamaks.<\/p>\n\n\n\n<p><strong>Teie s\u00f5iduk, teie valik<\/strong><\/p>\n\n\n\n<p>Flameko Camper does not limit the brand, age, place of purchase or the manufacturer of the housing part of the vehicle. We are ready to assist anyone who needs assistance with ALDE equipment concerns. If your motorhome needs service, book an appointment and we'll do the rest!<\/p>\n\n\n\n<p><strong>Warranty benefits<\/strong><\/p>\n\n\n\n<p>If your vehicle is still under warranty, there is no need to go to the dealership, you can come directly to us. Our experienced team is ready to professionally and efficiently resolve any ALDE warranty concerns.<\/p>\n\n\n\n<p>If your motorhome needs maintenance, book an appointment and we will do the rest!<\/p>\n\n\n\n<p>Your comfort and satisfaction is our number one priority!<br><br>Hinnap\u00e4ringu saab mugavalt teha siit: <br><a href=\"https:\/\/flamekocamper.ee\/en\/hinnaparing\/\">https:\/\/flamekocamper.ee\/hinnaparing\/<\/a><\/p>","protected":false},"excerpt":{"rendered":"<p>ALDE: K\u00fctte- ja kliimaseadmete ekspert Tunnustatud Rootsi ettev\u00f5te, mis on spetsialiseerunud k\u00fctte- ja kliimaseadmete tootmisele, eriti matkaautodele ja haagissuvilatele. Nad on tuntud oma kvaliteetsete ja uuenduslike s\u00fcsteemide poolest, mis tagavad mugava ja reguleeritava sisekliima s\u00f5idukis. Aastak\u00fcmnete pikkune kogemus ALDE on olnud turul juba aastak\u00fcmneid ning neil on rikkalik kogemus kliimaseadmete ja vesip\u00f5hise k\u00fcttes\u00fcsteemi valmistamisel. See [&hellip;]<\/p>\n","protected":false},"author":1,"featured_media":211,"parent":263,"menu_order":0,"comment_status":"closed","ping_status":"closed","template":"page-full.php","meta":{"_themeisle_gutenberg_block_has_review":false,"footnotes":""},"class_list":["post-271","page","type-page","status-publish","has-post-thumbnail","hentry"],"yoast_head":"<!-- This site is optimized with the Yoast SEO plugin v27.2 - https:\/\/yoast.com\/product\/yoast-seo-wordpress\/ -->\n<title>ALDE - Flameko Camper<\/title>\n<meta name=\"description\" content=\"ALDE: K\u00fctte- ja kliimaseadmete ekspert. Ametlik esindaja Flameko Camper. M\u00fc\u00fck, paigaldus ja garantiit\u00f6\u00f6d. K\u00fcsi pakkumist meilt!\" \/>\n<meta name=\"robots\" content=\"index, follow, max-snippet:-1, max-image-preview:large, max-video-preview:-1\" \/>\n<link rel=\"canonical\" href=\"https:\/\/flamekocamper.ee\/en\/meist\/alde\/\" \/>\n<meta property=\"og:locale\" content=\"en_US\" \/>\n<meta property=\"og:type\" content=\"article\" \/>\n<meta property=\"og:title\" content=\"ALDE - Flameko Camper\" \/>\n<meta property=\"og:description\" content=\"ALDE: K\u00fctte- ja kliimaseadmete ekspert. Ametlik esindaja Flameko Camper. M\u00fc\u00fck, paigaldus ja garantiit\u00f6\u00f6d. K\u00fcsi pakkumist meilt!\" \/>\n<meta property=\"og:url\" content=\"https:\/\/flamekocamper.ee\/en\/meist\/alde\/\" \/>\n<meta property=\"og:site_name\" content=\"Flameko Camper\" \/>\n<meta property=\"article:publisher\" content=\"https:\/\/www.facebook.com\/flamekocamper\" \/>\n<meta property=\"article:modified_time\" content=\"2026-03-12T11:42:37+00:00\" \/>\n<meta property=\"og:image\" content=\"https:\/\/flamekocamper.ee\/wp-content\/uploads\/2023\/07\/Alde-Logo-150px.png\" \/>\n\t<meta property=\"og:image:width\" content=\"150\" \/>\n\t<meta property=\"og:image:height\" content=\"100\" \/>\n\t<meta property=\"og:image:type\" content=\"image\/png\" \/>\n<meta name=\"twitter:card\" content=\"summary_large_image\" \/>\n<meta name=\"twitter:label1\" content=\"Est. reading time\" \/>\n\t<meta name=\"twitter:data1\" content=\"2 minutes\" \/>\n<script type=\"application\/ld+json\" class=\"yoast-schema-graph\">{\"@context\":\"https:\/\/schema.org\",\"@graph\":[{\"@type\":\"WebPage\",\"@id\":\"https:\/\/flamekocamper.ee\/meist\/alde\/\",\"url\":\"https:\/\/flamekocamper.ee\/meist\/alde\/\",\"name\":\"ALDE - Flameko Camper\",\"isPartOf\":{\"@id\":\"https:\/\/flamekocamper.ee\/#website\"},\"primaryImageOfPage\":{\"@id\":\"https:\/\/flamekocamper.ee\/meist\/alde\/#primaryimage\"},\"image\":{\"@id\":\"https:\/\/flamekocamper.ee\/meist\/alde\/#primaryimage\"},\"thumbnailUrl\":\"https:\/\/flamekocamper.ee\/wp-content\/uploads\/2023\/07\/Alde-Logo-150px.png\",\"datePublished\":\"2023-09-07T19:33:41+00:00\",\"dateModified\":\"2026-03-12T11:42:37+00:00\",\"description\":\"ALDE: K\u00fctte- ja kliimaseadmete ekspert. Ametlik esindaja Flameko Camper. M\u00fc\u00fck, paigaldus ja garantiit\u00f6\u00f6d. K\u00fcsi pakkumist meilt!\",\"breadcrumb\":{\"@id\":\"https:\/\/flamekocamper.ee\/meist\/alde\/#breadcrumb\"},\"inLanguage\":\"en-US\",\"potentialAction\":[{\"@type\":\"ReadAction\",\"target\":[\"https:\/\/flamekocamper.ee\/meist\/alde\/\"]}]},{\"@type\":\"ImageObject\",\"inLanguage\":\"en-US\",\"@id\":\"https:\/\/flamekocamper.ee\/meist\/alde\/#primaryimage\",\"url\":\"https:\/\/flamekocamper.ee\/wp-content\/uploads\/2023\/07\/Alde-Logo-150px.png\",\"contentUrl\":\"https:\/\/flamekocamper.ee\/wp-content\/uploads\/2023\/07\/Alde-Logo-150px.png\",\"width\":150,\"height\":100,\"caption\":\"ALDE: K\u00fctte- ja kliimaseadmete ekspert\"},{\"@type\":\"BreadcrumbList\",\"@id\":\"https:\/\/flamekocamper.ee\/meist\/alde\/#breadcrumb\",\"itemListElement\":[{\"@type\":\"ListItem\",\"position\":1,\"name\":\"Home\",\"item\":\"https:\/\/flamekocamper.ee\/\"},{\"@type\":\"ListItem\",\"position\":2,\"name\":\"Meist\",\"item\":\"https:\/\/flamekocamper.ee\/meist\/\"},{\"@type\":\"ListItem\",\"position\":3,\"name\":\"ALDE\"}]},{\"@type\":\"WebSite\",\"@id\":\"https:\/\/flamekocamper.ee\/#website\",\"url\":\"https:\/\/flamekocamper.ee\/\",\"name\":\"Flameko Camper\",\"description\":\"K&otilde;ik hooldus ja remontt&ouml;&ouml;d Sinu matkaautole ja haagissuvilale. Seda k&otilde;ike nii autole endale kui ka elamuosale!\",\"publisher\":{\"@id\":\"https:\/\/flamekocamper.ee\/#organization\"},\"potentialAction\":[{\"@type\":\"SearchAction\",\"target\":{\"@type\":\"EntryPoint\",\"urlTemplate\":\"https:\/\/flamekocamper.ee\/?s={search_term_string}\"},\"query-input\":{\"@type\":\"PropertyValueSpecification\",\"valueRequired\":true,\"valueName\":\"search_term_string\"}}],\"inLanguage\":\"en-US\"},{\"@type\":\"Organization\",\"@id\":\"https:\/\/flamekocamper.ee\/#organization\",\"name\":\"Flameko Camper - Flameko O\u00dc\",\"url\":\"https:\/\/flamekocamper.ee\/\",\"logo\":{\"@type\":\"ImageObject\",\"inLanguage\":\"en-US\",\"@id\":\"https:\/\/flamekocamper.ee\/#\/schema\/logo\/image\/\",\"url\":\"https:\/\/flamekocamper.ee\/wp-content\/uploads\/2023\/04\/logo-2.png\",\"contentUrl\":\"https:\/\/flamekocamper.ee\/wp-content\/uploads\/2023\/04\/logo-2.png\",\"width\":400,\"height\":283,\"caption\":\"Flameko Camper - Flameko O\u00dc\"},\"image\":{\"@id\":\"https:\/\/flamekocamper.ee\/#\/schema\/logo\/image\/\"},\"sameAs\":[\"https:\/\/www.facebook.com\/flamekocamper\",\"https:\/\/www.instagram.com\/flamekocamper\/\"]}]}<\/script>\n<!-- \/ Yoast SEO plugin. -->","yoast_head_json":{"title":"ALDE - Flameko Camper","description":"ALDE: K\u00fctte- ja kliimaseadmete ekspert. Ametlik esindaja Flameko Camper. M\u00fc\u00fck, paigaldus ja garantiit\u00f6\u00f6d. K\u00fcsi pakkumist meilt!","robots":{"index":"index","follow":"follow","max-snippet":"max-snippet:-1","max-image-preview":"max-image-preview:large","max-video-preview":"max-video-preview:-1"},"canonical":"https:\/\/flamekocamper.ee\/en\/meist\/alde\/","og_locale":"en_US","og_type":"article","og_title":"ALDE - Flameko Camper","og_description":"ALDE: K\u00fctte- ja kliimaseadmete ekspert. Ametlik esindaja Flameko Camper. M\u00fc\u00fck, paigaldus ja garantiit\u00f6\u00f6d. K\u00fcsi pakkumist meilt!","og_url":"https:\/\/flamekocamper.ee\/en\/meist\/alde\/","og_site_name":"Flameko Camper","article_publisher":"https:\/\/www.facebook.com\/flamekocamper","article_modified_time":"2026-03-12T11:42:37+00:00","og_image":[{"width":150,"height":100,"url":"https:\/\/flamekocamper.ee\/wp-content\/uploads\/2023\/07\/Alde-Logo-150px.png","type":"image\/png"}],"twitter_card":"summary_large_image","twitter_misc":{"Est. reading time":"2 minutes"},"schema":{"@context":"https:\/\/schema.org","@graph":[{"@type":"WebPage","@id":"https:\/\/flamekocamper.ee\/meist\/alde\/","url":"https:\/\/flamekocamper.ee\/meist\/alde\/","name":"ALDE - Flameko Camper","isPartOf":{"@id":"https:\/\/flamekocamper.ee\/#website"},"primaryImageOfPage":{"@id":"https:\/\/flamekocamper.ee\/meist\/alde\/#primaryimage"},"image":{"@id":"https:\/\/flamekocamper.ee\/meist\/alde\/#primaryimage"},"thumbnailUrl":"https:\/\/flamekocamper.ee\/wp-content\/uploads\/2023\/07\/Alde-Logo-150px.png","datePublished":"2023-09-07T19:33:41+00:00","dateModified":"2026-03-12T11:42:37+00:00","description":"ALDE: K\u00fctte- ja kliimaseadmete ekspert. Ametlik esindaja Flameko Camper. M\u00fc\u00fck, paigaldus ja garantiit\u00f6\u00f6d. K\u00fcsi pakkumist meilt!","breadcrumb":{"@id":"https:\/\/flamekocamper.ee\/meist\/alde\/#breadcrumb"},"inLanguage":"en-US","potentialAction":[{"@type":"ReadAction","target":["https:\/\/flamekocamper.ee\/meist\/alde\/"]}]},{"@type":"ImageObject","inLanguage":"en-US","@id":"https:\/\/flamekocamper.ee\/meist\/alde\/#primaryimage","url":"https:\/\/flamekocamper.ee\/wp-content\/uploads\/2023\/07\/Alde-Logo-150px.png","contentUrl":"https:\/\/flamekocamper.ee\/wp-content\/uploads\/2023\/07\/Alde-Logo-150px.png","width":150,"height":100,"caption":"ALDE: K\u00fctte- ja kliimaseadmete ekspert"},{"@type":"BreadcrumbList","@id":"https:\/\/flamekocamper.ee\/meist\/alde\/#breadcrumb","itemListElement":[{"@type":"ListItem","position":1,"name":"Home","item":"https:\/\/flamekocamper.ee\/"},{"@type":"ListItem","position":2,"name":"Meist","item":"https:\/\/flamekocamper.ee\/meist\/"},{"@type":"ListItem","position":3,"name":"ALDE"}]},{"@type":"WebSite","@id":"https:\/\/flamekocamper.ee\/#website","url":"https:\/\/flamekocamper.ee\/","name":"Flameko Camper","description":"K&otilde;ik hooldus ja remontt&ouml;&ouml;d Sinu matkaautole ja haagissuvilale. Seda k&otilde;ike nii autole endale kui ka elamuosale!","publisher":{"@id":"https:\/\/flamekocamper.ee\/#organization"},"potentialAction":[{"@type":"SearchAction","target":{"@type":"EntryPoint","urlTemplate":"https:\/\/flamekocamper.ee\/?s={search_term_string}"},"query-input":{"@type":"PropertyValueSpecification","valueRequired":true,"valueName":"search_term_string"}}],"inLanguage":"en-US"},{"@type":"Organization","@id":"https:\/\/flamekocamper.ee\/#organization","name":"Flameko Camper - Flameko O\u00dc","url":"https:\/\/flamekocamper.ee\/","logo":{"@type":"ImageObject","inLanguage":"en-US","@id":"https:\/\/flamekocamper.ee\/#\/schema\/logo\/image\/","url":"https:\/\/flamekocamper.ee\/wp-content\/uploads\/2023\/04\/logo-2.png","contentUrl":"https:\/\/flamekocamper.ee\/wp-content\/uploads\/2023\/04\/logo-2.png","width":400,"height":283,"caption":"Flameko Camper - Flameko O\u00dc"},"image":{"@id":"https:\/\/flamekocamper.ee\/#\/schema\/logo\/image\/"},"sameAs":["https:\/\/www.facebook.com\/flamekocamper","https:\/\/www.instagram.com\/flamekocamper\/"]}]}},"_links":{"self":[{"href":"https:\/\/flamekocamper.ee\/en\/wp-json\/wp\/v2\/pages\/271","targetHints":{"allow":["GET"]}}],"collection":[{"href":"https:\/\/flamekocamper.ee\/en\/wp-json\/wp\/v2\/pages"}],"about":[{"href":"https:\/\/flamekocamper.ee\/en\/wp-json\/wp\/v2\/types\/page"}],"author":[{"embeddable":true,"href":"https:\/\/flamekocamper.ee\/en\/wp-json\/wp\/v2\/users\/1"}],"replies":[{"embeddable":true,"href":"https:\/\/flamekocamper.ee\/en\/wp-json\/wp\/v2\/comments?post=271"}],"version-history":[{"count":4,"href":"https:\/\/flamekocamper.ee\/en\/wp-json\/wp\/v2\/pages\/271\/revisions"}],"predecessor-version":[{"id":1691,"href":"https:\/\/flamekocamper.ee\/en\/wp-json\/wp\/v2\/pages\/271\/revisions\/1691"}],"up":[{"embeddable":true,"href":"https:\/\/flamekocamper.ee\/en\/wp-json\/wp\/v2\/pages\/263"}],"wp:featuredmedia":[{"embeddable":true,"href":"https:\/\/flamekocamper.ee\/en\/wp-json\/wp\/v2\/media\/211"}],"wp:attachment":[{"href":"https:\/\/flamekocamper.ee\/en\/wp-json\/wp\/v2\/media?parent=271"}],"curies":[{"name":"wp","href":"https:\/\/api.w.org\/{rel}","templated":true}]}}