{"id":273,"date":"2023-09-01T14:03:43","date_gmt":"2023-09-01T11:03:43","guid":{"rendered":"https:\/\/flamekocamper.ee\/?page_id=273"},"modified":"2024-05-21T22:36:45","modified_gmt":"2024-05-21T19:36:45","slug":"solara","status":"publish","type":"page","link":"https:\/\/flamekocamper.ee\/en\/meist\/solara\/","title":{"rendered":"Solara"},"content":{"rendered":"<p><strong>Solara: p\u00e4ikeseenergia eksperdid<\/strong><\/p>\n\n\n\n<p>Solara on juhtiv Saksamaal asuv ettev\u00f5te, mis on spetsialiseerunud p\u00e4ikeseenergia tootmise lahenduste valmistamisele matkaautodesse, haagissuvilatesse, paatidesse, veoautodesse, bussidesse, suvilatesse jne. Ettev\u00f5te on tuntud oma kvaliteetsete ja vastupidavate p\u00e4ikesepaneelide s\u00fcsteemide poolest, mis aitavad toota elektrit s\u00f5iduki kasutamiseks. P\u00e4ikesepaneelid on valmistatud vastama karmidele keskkonnatingimustele ja pakuvad pikaajalist j\u00f5udlust.<\/p>\n\n\n\n<p><strong>Innovative solar panels for motorhomes<\/strong><\/p>\n\n\n\n<p>Solara is famous for its innovative solar panel systems specially designed for motorhomes, caravans and more. These systems are designed to ensure maximum solar energy collection and efficient electricity generation.<\/p>\n\n\n\n<p><strong>Environmentally friendly energy use<\/strong><\/p>\n\n\n\n<p>P\u00e4ikesepaneelid aitavad v\u00e4hendada s\u00f5iduki keskkonnam\u00f5ju, kuna nad kasutavad taastuvat p\u00e4ikeseenergiat. See t\u00e4hendab, et saate nautida s\u00f5itu, teades, et kasutate puhtamat ja keskkonnas\u00f5bralikumat energiat.<\/p>\n\n\n\n<p><strong>Flameko Camper: Your reliable partner for Solara solar panels<\/strong><\/p>\n\n\n\n<p>The official representative status of Flameko Camper for Solara solar panels gives customers an excellent opportunity to receive high-quality solar panels with professional installation and, if necessary, maintenance, repair and warranty service. Our goal is to make using solar panels easy, convenient and accessible to everyone.<\/p>\n\n\n\n<p><strong>For all motorhome owners<\/strong><\/p>\n\n\n\n<p>It is also important that Flameko Camper does not set restrictions on the make, age, place of purchase or the manufacturer of the housing part of the vehicle. This means that we are ready to help all customers who want Solara solar energy solutions for their vehicle.<\/p>\n\n\n\n<p><strong>Warranty benefits<\/strong><\/p>\n\n\n\n<p>If your vehicle is still under warranty, you can handle solar panel acquisition, installation, maintenance, repair and warranty services all in one place - Flameko Camper. This makes the availability of the service more convenient and easier for the customer, because he does not have to go to a separate representative office. <br><\/p>\n\n\n\n<p><strong>We welcome everyone who is interested in Solara solar panels to visit!<br><\/strong><br>Call and make an appointment and come in for a consultation and soon you can start using solar energy in your vehicle!<br><br>Hinnap\u00e4ringu saab mugavalt saata siit:<br><a href=\"https:\/\/flamekocamper.ee\/en\/hinnaparing\/\">https:\/\/flamekocamper.ee\/hinnaparing\/<br><\/a><\/p>","protected":false},"excerpt":{"rendered":"<p>Solara: p\u00e4ikeseenergia eksperdid Solara on juhtiv Saksamaal asuv ettev\u00f5te, mis on spetsialiseerunud p\u00e4ikeseenergia tootmise lahenduste valmistamisele matkaautodesse, haagissuvilatesse, paatidesse, veoautodesse, bussidesse, suvilatesse jne. Ettev\u00f5te on tuntud oma kvaliteetsete ja vastupidavate p\u00e4ikesepaneelide s\u00fcsteemide poolest, mis aitavad toota elektrit s\u00f5iduki kasutamiseks. P\u00e4ikesepaneelid on valmistatud vastama karmidele keskkonnatingimustele ja pakuvad pikaajalist j\u00f5udlust. Innovatiivsed p\u00e4ikesepaneelid matkaautodele Solara on kuulus [&hellip;]<\/p>\n","protected":false},"author":1,"featured_media":213,"parent":263,"menu_order":0,"comment_status":"closed","ping_status":"closed","template":"page-full.php","meta":{"_themeisle_gutenberg_block_has_review":false,"footnotes":""},"class_list":["post-273","page","type-page","status-publish","has-post-thumbnail","hentry"],"yoast_head":"<!-- This site is optimized with the Yoast SEO plugin v27.2 - https:\/\/yoast.com\/product\/yoast-seo-wordpress\/ -->\n<title>Solara - Flameko Camper<\/title>\n<meta name=\"description\" content=\"Solara p\u00e4ikesepaneelid matkaautodesse, haagissuvilatesse, paatidesse, veoautodesse, bussidesse, suvilatesse jne. Vaata siit!\" \/>\n<meta name=\"robots\" content=\"index, follow, max-snippet:-1, max-image-preview:large, max-video-preview:-1\" \/>\n<link rel=\"canonical\" href=\"https:\/\/flamekocamper.ee\/en\/meist\/solara\/\" \/>\n<meta property=\"og:locale\" content=\"en_US\" \/>\n<meta property=\"og:type\" content=\"article\" \/>\n<meta property=\"og:title\" content=\"Solara - Flameko Camper\" \/>\n<meta property=\"og:description\" content=\"Solara p\u00e4ikesepaneelid matkaautodesse, haagissuvilatesse, paatidesse, veoautodesse, bussidesse, suvilatesse jne. Vaata siit!\" \/>\n<meta property=\"og:url\" content=\"https:\/\/flamekocamper.ee\/en\/meist\/solara\/\" \/>\n<meta property=\"og:site_name\" content=\"Flameko Camper\" \/>\n<meta property=\"article:publisher\" content=\"https:\/\/www.facebook.com\/flamekocamper\" \/>\n<meta property=\"article:modified_time\" content=\"2024-05-21T19:36:45+00:00\" \/>\n<meta property=\"og:image\" content=\"https:\/\/flamekocamper.ee\/wp-content\/uploads\/2023\/07\/Solara-Logo-150px.png\" \/>\n\t<meta property=\"og:image:width\" content=\"150\" \/>\n\t<meta property=\"og:image:height\" content=\"100\" \/>\n\t<meta property=\"og:image:type\" content=\"image\/png\" \/>\n<meta name=\"twitter:card\" content=\"summary_large_image\" \/>\n<meta name=\"twitter:label1\" content=\"Est. reading time\" \/>\n\t<meta name=\"twitter:data1\" content=\"2 minutes\" \/>\n<script type=\"application\/ld+json\" class=\"yoast-schema-graph\">{\"@context\":\"https:\/\/schema.org\",\"@graph\":[{\"@type\":\"WebPage\",\"@id\":\"https:\/\/flamekocamper.ee\/meist\/solara\/\",\"url\":\"https:\/\/flamekocamper.ee\/meist\/solara\/\",\"name\":\"Solara - Flameko Camper\",\"isPartOf\":{\"@id\":\"https:\/\/flamekocamper.ee\/#website\"},\"primaryImageOfPage\":{\"@id\":\"https:\/\/flamekocamper.ee\/meist\/solara\/#primaryimage\"},\"image\":{\"@id\":\"https:\/\/flamekocamper.ee\/meist\/solara\/#primaryimage\"},\"thumbnailUrl\":\"https:\/\/flamekocamper.ee\/wp-content\/uploads\/2023\/07\/Solara-Logo-150px.png\",\"datePublished\":\"2023-09-01T11:03:43+00:00\",\"dateModified\":\"2024-05-21T19:36:45+00:00\",\"description\":\"Solara p\u00e4ikesepaneelid matkaautodesse, haagissuvilatesse, paatidesse, veoautodesse, bussidesse, suvilatesse jne. Vaata siit!\",\"breadcrumb\":{\"@id\":\"https:\/\/flamekocamper.ee\/meist\/solara\/#breadcrumb\"},\"inLanguage\":\"en-US\",\"potentialAction\":[{\"@type\":\"ReadAction\",\"target\":[\"https:\/\/flamekocamper.ee\/meist\/solara\/\"]}]},{\"@type\":\"ImageObject\",\"inLanguage\":\"en-US\",\"@id\":\"https:\/\/flamekocamper.ee\/meist\/solara\/#primaryimage\",\"url\":\"https:\/\/flamekocamper.ee\/wp-content\/uploads\/2023\/07\/Solara-Logo-150px.png\",\"contentUrl\":\"https:\/\/flamekocamper.ee\/wp-content\/uploads\/2023\/07\/Solara-Logo-150px.png\",\"width\":150,\"height\":100,\"caption\":\"Solara: P\u00e4ikeseenergia eksperdid\"},{\"@type\":\"BreadcrumbList\",\"@id\":\"https:\/\/flamekocamper.ee\/meist\/solara\/#breadcrumb\",\"itemListElement\":[{\"@type\":\"ListItem\",\"position\":1,\"name\":\"Home\",\"item\":\"https:\/\/flamekocamper.ee\/\"},{\"@type\":\"ListItem\",\"position\":2,\"name\":\"Meist\",\"item\":\"https:\/\/flamekocamper.ee\/meist\/\"},{\"@type\":\"ListItem\",\"position\":3,\"name\":\"Solara\"}]},{\"@type\":\"WebSite\",\"@id\":\"https:\/\/flamekocamper.ee\/#website\",\"url\":\"https:\/\/flamekocamper.ee\/\",\"name\":\"Flameko Camper\",\"description\":\"K&otilde;ik hooldus ja remontt&ouml;&ouml;d Sinu matkaautole ja haagissuvilale. Seda k&otilde;ike nii autole endale kui ka elamuosale!\",\"publisher\":{\"@id\":\"https:\/\/flamekocamper.ee\/#organization\"},\"potentialAction\":[{\"@type\":\"SearchAction\",\"target\":{\"@type\":\"EntryPoint\",\"urlTemplate\":\"https:\/\/flamekocamper.ee\/?s={search_term_string}\"},\"query-input\":{\"@type\":\"PropertyValueSpecification\",\"valueRequired\":true,\"valueName\":\"search_term_string\"}}],\"inLanguage\":\"en-US\"},{\"@type\":\"Organization\",\"@id\":\"https:\/\/flamekocamper.ee\/#organization\",\"name\":\"Flameko Camper - Flameko O\u00dc\",\"url\":\"https:\/\/flamekocamper.ee\/\",\"logo\":{\"@type\":\"ImageObject\",\"inLanguage\":\"en-US\",\"@id\":\"https:\/\/flamekocamper.ee\/#\/schema\/logo\/image\/\",\"url\":\"https:\/\/flamekocamper.ee\/wp-content\/uploads\/2023\/04\/logo-2.png\",\"contentUrl\":\"https:\/\/flamekocamper.ee\/wp-content\/uploads\/2023\/04\/logo-2.png\",\"width\":400,\"height\":283,\"caption\":\"Flameko Camper - Flameko O\u00dc\"},\"image\":{\"@id\":\"https:\/\/flamekocamper.ee\/#\/schema\/logo\/image\/\"},\"sameAs\":[\"https:\/\/www.facebook.com\/flamekocamper\",\"https:\/\/www.instagram.com\/flamekocamper\/\"]}]}<\/script>\n<!-- \/ Yoast SEO plugin. -->","yoast_head_json":{"title":"Solara - Flameko Camper","description":"Solara p\u00e4ikesepaneelid matkaautodesse, haagissuvilatesse, paatidesse, veoautodesse, bussidesse, suvilatesse jne. Vaata siit!","robots":{"index":"index","follow":"follow","max-snippet":"max-snippet:-1","max-image-preview":"max-image-preview:large","max-video-preview":"max-video-preview:-1"},"canonical":"https:\/\/flamekocamper.ee\/en\/meist\/solara\/","og_locale":"en_US","og_type":"article","og_title":"Solara - Flameko Camper","og_description":"Solara p\u00e4ikesepaneelid matkaautodesse, haagissuvilatesse, paatidesse, veoautodesse, bussidesse, suvilatesse jne. Vaata siit!","og_url":"https:\/\/flamekocamper.ee\/en\/meist\/solara\/","og_site_name":"Flameko Camper","article_publisher":"https:\/\/www.facebook.com\/flamekocamper","article_modified_time":"2024-05-21T19:36:45+00:00","og_image":[{"width":150,"height":100,"url":"https:\/\/flamekocamper.ee\/wp-content\/uploads\/2023\/07\/Solara-Logo-150px.png","type":"image\/png"}],"twitter_card":"summary_large_image","twitter_misc":{"Est. reading time":"2 minutes"},"schema":{"@context":"https:\/\/schema.org","@graph":[{"@type":"WebPage","@id":"https:\/\/flamekocamper.ee\/meist\/solara\/","url":"https:\/\/flamekocamper.ee\/meist\/solara\/","name":"Solara - Flameko Camper","isPartOf":{"@id":"https:\/\/flamekocamper.ee\/#website"},"primaryImageOfPage":{"@id":"https:\/\/flamekocamper.ee\/meist\/solara\/#primaryimage"},"image":{"@id":"https:\/\/flamekocamper.ee\/meist\/solara\/#primaryimage"},"thumbnailUrl":"https:\/\/flamekocamper.ee\/wp-content\/uploads\/2023\/07\/Solara-Logo-150px.png","datePublished":"2023-09-01T11:03:43+00:00","dateModified":"2024-05-21T19:36:45+00:00","description":"Solara p\u00e4ikesepaneelid matkaautodesse, haagissuvilatesse, paatidesse, veoautodesse, bussidesse, suvilatesse jne. Vaata siit!","breadcrumb":{"@id":"https:\/\/flamekocamper.ee\/meist\/solara\/#breadcrumb"},"inLanguage":"en-US","potentialAction":[{"@type":"ReadAction","target":["https:\/\/flamekocamper.ee\/meist\/solara\/"]}]},{"@type":"ImageObject","inLanguage":"en-US","@id":"https:\/\/flamekocamper.ee\/meist\/solara\/#primaryimage","url":"https:\/\/flamekocamper.ee\/wp-content\/uploads\/2023\/07\/Solara-Logo-150px.png","contentUrl":"https:\/\/flamekocamper.ee\/wp-content\/uploads\/2023\/07\/Solara-Logo-150px.png","width":150,"height":100,"caption":"Solara: P\u00e4ikeseenergia eksperdid"},{"@type":"BreadcrumbList","@id":"https:\/\/flamekocamper.ee\/meist\/solara\/#breadcrumb","itemListElement":[{"@type":"ListItem","position":1,"name":"Home","item":"https:\/\/flamekocamper.ee\/"},{"@type":"ListItem","position":2,"name":"Meist","item":"https:\/\/flamekocamper.ee\/meist\/"},{"@type":"ListItem","position":3,"name":"Solara"}]},{"@type":"WebSite","@id":"https:\/\/flamekocamper.ee\/#website","url":"https:\/\/flamekocamper.ee\/","name":"Flameko Camper","description":"K&otilde;ik hooldus ja remontt&ouml;&ouml;d Sinu matkaautole ja haagissuvilale. Seda k&otilde;ike nii autole endale kui ka elamuosale!","publisher":{"@id":"https:\/\/flamekocamper.ee\/#organization"},"potentialAction":[{"@type":"SearchAction","target":{"@type":"EntryPoint","urlTemplate":"https:\/\/flamekocamper.ee\/?s={search_term_string}"},"query-input":{"@type":"PropertyValueSpecification","valueRequired":true,"valueName":"search_term_string"}}],"inLanguage":"en-US"},{"@type":"Organization","@id":"https:\/\/flamekocamper.ee\/#organization","name":"Flameko Camper - Flameko O\u00dc","url":"https:\/\/flamekocamper.ee\/","logo":{"@type":"ImageObject","inLanguage":"en-US","@id":"https:\/\/flamekocamper.ee\/#\/schema\/logo\/image\/","url":"https:\/\/flamekocamper.ee\/wp-content\/uploads\/2023\/04\/logo-2.png","contentUrl":"https:\/\/flamekocamper.ee\/wp-content\/uploads\/2023\/04\/logo-2.png","width":400,"height":283,"caption":"Flameko Camper - Flameko O\u00dc"},"image":{"@id":"https:\/\/flamekocamper.ee\/#\/schema\/logo\/image\/"},"sameAs":["https:\/\/www.facebook.com\/flamekocamper","https:\/\/www.instagram.com\/flamekocamper\/"]}]}},"_links":{"self":[{"href":"https:\/\/flamekocamper.ee\/en\/wp-json\/wp\/v2\/pages\/273","targetHints":{"allow":["GET"]}}],"collection":[{"href":"https:\/\/flamekocamper.ee\/en\/wp-json\/wp\/v2\/pages"}],"about":[{"href":"https:\/\/flamekocamper.ee\/en\/wp-json\/wp\/v2\/types\/page"}],"author":[{"embeddable":true,"href":"https:\/\/flamekocamper.ee\/en\/wp-json\/wp\/v2\/users\/1"}],"replies":[{"embeddable":true,"href":"https:\/\/flamekocamper.ee\/en\/wp-json\/wp\/v2\/comments?post=273"}],"version-history":[{"count":3,"href":"https:\/\/flamekocamper.ee\/en\/wp-json\/wp\/v2\/pages\/273\/revisions"}],"predecessor-version":[{"id":942,"href":"https:\/\/flamekocamper.ee\/en\/wp-json\/wp\/v2\/pages\/273\/revisions\/942"}],"up":[{"embeddable":true,"href":"https:\/\/flamekocamper.ee\/en\/wp-json\/wp\/v2\/pages\/263"}],"wp:featuredmedia":[{"embeddable":true,"href":"https:\/\/flamekocamper.ee\/en\/wp-json\/wp\/v2\/media\/213"}],"wp:attachment":[{"href":"https:\/\/flamekocamper.ee\/en\/wp-json\/wp\/v2\/media?parent=273"}],"curies":[{"name":"wp","href":"https:\/\/api.w.org\/{rel}","templated":true}]}}