{"id":275,"date":"2023-09-07T23:19:43","date_gmt":"2023-09-07T20:19:43","guid":{"rendered":"https:\/\/flamekocamper.ee\/?page_id=275"},"modified":"2025-11-11T18:28:52","modified_gmt":"2025-11-11T16:28:52","slug":"truma","status":"publish","type":"page","link":"https:\/\/flamekocamper.ee\/en\/meist\/truma\/","title":{"rendered":"Truma"},"content":{"rendered":"<p><strong>Truma - the creator of comfort for your motorhome and caravan.<\/strong><\/p>\n\n\n\n<p>Saksamaal asuv ettev\u00f5te, mille peamine fookus on vee soojendamise s\u00fcsteemide ning kliimaseadmete tootmine, m\u00f5eldes just matkaautodele, haagissuvilatele, paatidele. Ettev\u00f5te on tuntud oma k\u00f5rgekvaliteediliste ja usaldusv\u00e4\u00e4rsete toodete poolest ning on saanud matkaautode ja haagissuvilate omanike seas \u00fclipopulaarseks.<\/p>\n\n\n\n<p><strong>Why to choose Truma?<\/strong><\/p>\n\n\n\n<p>Truma on tuntud oma diiselk\u00fctte, gaasik\u00fctte ja sooja vee s\u00fcsteemide poolest, mis tagavad mugavuse isegi jahedates ilmastikutingimustes. Samuti pakuvad nad kliimaseadmeid, mis hoiavad s\u00f5iduki sise\u00f5hu meeldivana, tagades sellega nauditava reisikogemuse.<\/p>\n\n\n\n<p>Ettev\u00f5te keskendub pidevalt uuenduslikele energias\u00e4\u00e4stlikele tehnoloogiatele, mis aitavad v\u00e4hendada k\u00fctusekulusid ja muudavad s\u00f5iduki kasutamise efektiivsemaks kasutades k\u00f5rgekvaliteedilisi komponente ja materjale, mis tagavad seadmete vastupidavuse ja pika eluea ka keerulistes tingumustes.<br><br>Miks gaasik\u00fcttel Truma k\u00fctteseade vahetada diiselk\u00fcttel seadme vastu, vaata meie videost:<br><a href=\"https:\/\/www.youtube.com\/watch?v=75WynhSmcZ8\">https:\/\/www.youtube.com\/watch?v=75WynhSmcZ8<\/a><\/p>\n\n\n\n<p><strong>Flameko Camper &#8211; Sinu Truma amelik partner.<\/strong><\/p>\n\n\n\n<p>Oleme Truma ametlikuk partner. Meie missiooniks on pakkuda k\u00f5iki seadmeid ja vajalikke varuosi ning paigaldus, hooldus-, remondi- ja garantiiteenuseid, et teie s\u00f5iduk oleks alati tipptasemel.<\/p>\n\n\n\n<p><strong>Quality maintenance for all motorhomes - without limits!<\/strong><\/p>\n\n\n\n<p>Me ei sea piiranguid s\u00f5iduki margile, vanusele, ostukohale ega elamuosa tootjale. Iga\u00fcks, kes vajab abi Truma seadmetega seotud k\u00fcsimuste ja murede korral, on teretulnud meie hooldus- ja remondit\u00f6\u00f6kotta. Kuna oleme selle kaubam\u00e4rgi ametlik partner siis v\u00f5ib meie poole julgelt p\u00f6\u00f6rduda ka siis kui s\u00f5iduk on veel garantiiperioodis.<\/p>\n\n\n\n<p>Book an appointment and we will take care of your vehicle!<br><br>Saada hinnap\u00e4ring siit:<br><a href=\"https:\/\/flamekocamper.ee\/en\/hinnaparing\/\">https:\/\/flamekocamper.ee\/hinnaparing\/<\/a><\/p>","protected":false},"excerpt":{"rendered":"<p>Truma &#8211; Sinu matkaauto ja haagissuvila mugavuse looja. Saksamaal asuv ettev\u00f5te, mille peamine fookus on vee soojendamise s\u00fcsteemide ning kliimaseadmete tootmine, m\u00f5eldes just matkaautodele, haagissuvilatele, paatidele. Ettev\u00f5te on tuntud oma k\u00f5rgekvaliteediliste ja usaldusv\u00e4\u00e4rsete toodete poolest ning on saanud matkaautode ja haagissuvilate omanike seas \u00fclipopulaarseks. Miks valida Truma? Truma on tuntud oma diiselk\u00fctte, gaasik\u00fctte ja sooja [&hellip;]<\/p>\n","protected":false},"author":1,"featured_media":214,"parent":263,"menu_order":0,"comment_status":"closed","ping_status":"closed","template":"page-full.php","meta":{"_themeisle_gutenberg_block_has_review":false,"footnotes":""},"class_list":["post-275","page","type-page","status-publish","has-post-thumbnail","hentry"],"yoast_head":"<!-- This site is optimized with the Yoast SEO plugin v27.2 - https:\/\/yoast.com\/product\/yoast-seo-wordpress\/ -->\n<title>Truma - Flameko Camper<\/title>\n<meta name=\"description\" content=\"Truma on tuntud energias\u00e4\u00e4stlike gaasik\u00fctte- ja sooja vee s\u00fcsteemide poolest. Flameko Camper \u2013 Sinu Truma partner. Ootame sind k\u00fclla!\" \/>\n<meta name=\"robots\" content=\"index, follow, max-snippet:-1, max-image-preview:large, max-video-preview:-1\" \/>\n<link rel=\"canonical\" href=\"https:\/\/flamekocamper.ee\/en\/meist\/truma\/\" \/>\n<meta property=\"og:locale\" content=\"en_US\" \/>\n<meta property=\"og:type\" content=\"article\" \/>\n<meta property=\"og:title\" content=\"Truma - Flameko Camper\" \/>\n<meta property=\"og:description\" content=\"Truma on tuntud energias\u00e4\u00e4stlike gaasik\u00fctte- ja sooja vee s\u00fcsteemide poolest. Flameko Camper \u2013 Sinu Truma partner. Ootame sind k\u00fclla!\" \/>\n<meta property=\"og:url\" content=\"https:\/\/flamekocamper.ee\/en\/meist\/truma\/\" \/>\n<meta property=\"og:site_name\" content=\"Flameko Camper\" \/>\n<meta property=\"article:publisher\" content=\"https:\/\/www.facebook.com\/flamekocamper\" \/>\n<meta property=\"article:modified_time\" content=\"2025-11-11T16:28:52+00:00\" \/>\n<meta property=\"og:image\" content=\"https:\/\/flamekocamper.ee\/wp-content\/uploads\/2023\/07\/Truma-Logo-150px.png\" \/>\n\t<meta property=\"og:image:width\" content=\"150\" \/>\n\t<meta property=\"og:image:height\" content=\"100\" \/>\n\t<meta property=\"og:image:type\" content=\"image\/png\" \/>\n<meta name=\"twitter:card\" content=\"summary_large_image\" \/>\n<meta name=\"twitter:label1\" content=\"Est. reading time\" \/>\n\t<meta name=\"twitter:data1\" content=\"2 minutes\" \/>\n<script type=\"application\/ld+json\" class=\"yoast-schema-graph\">{\"@context\":\"https:\/\/schema.org\",\"@graph\":[{\"@type\":\"WebPage\",\"@id\":\"https:\/\/flamekocamper.ee\/meist\/truma\/\",\"url\":\"https:\/\/flamekocamper.ee\/meist\/truma\/\",\"name\":\"Truma - Flameko Camper\",\"isPartOf\":{\"@id\":\"https:\/\/flamekocamper.ee\/#website\"},\"primaryImageOfPage\":{\"@id\":\"https:\/\/flamekocamper.ee\/meist\/truma\/#primaryimage\"},\"image\":{\"@id\":\"https:\/\/flamekocamper.ee\/meist\/truma\/#primaryimage\"},\"thumbnailUrl\":\"https:\/\/flamekocamper.ee\/wp-content\/uploads\/2023\/07\/Truma-Logo-150px.png\",\"datePublished\":\"2023-09-07T20:19:43+00:00\",\"dateModified\":\"2025-11-11T16:28:52+00:00\",\"description\":\"Truma on tuntud energias\u00e4\u00e4stlike gaasik\u00fctte- ja sooja vee s\u00fcsteemide poolest. Flameko Camper \u2013 Sinu Truma partner. Ootame sind k\u00fclla!\",\"breadcrumb\":{\"@id\":\"https:\/\/flamekocamper.ee\/meist\/truma\/#breadcrumb\"},\"inLanguage\":\"en-US\",\"potentialAction\":[{\"@type\":\"ReadAction\",\"target\":[\"https:\/\/flamekocamper.ee\/meist\/truma\/\"]}]},{\"@type\":\"ImageObject\",\"inLanguage\":\"en-US\",\"@id\":\"https:\/\/flamekocamper.ee\/meist\/truma\/#primaryimage\",\"url\":\"https:\/\/flamekocamper.ee\/wp-content\/uploads\/2023\/07\/Truma-Logo-150px.png\",\"contentUrl\":\"https:\/\/flamekocamper.ee\/wp-content\/uploads\/2023\/07\/Truma-Logo-150px.png\",\"width\":150,\"height\":100,\"caption\":\"Truma - Sinu matkaauto ja haagissuvila mugavuse looja.\"},{\"@type\":\"BreadcrumbList\",\"@id\":\"https:\/\/flamekocamper.ee\/meist\/truma\/#breadcrumb\",\"itemListElement\":[{\"@type\":\"ListItem\",\"position\":1,\"name\":\"Home\",\"item\":\"https:\/\/flamekocamper.ee\/\"},{\"@type\":\"ListItem\",\"position\":2,\"name\":\"Meist\",\"item\":\"https:\/\/flamekocamper.ee\/meist\/\"},{\"@type\":\"ListItem\",\"position\":3,\"name\":\"Truma\"}]},{\"@type\":\"WebSite\",\"@id\":\"https:\/\/flamekocamper.ee\/#website\",\"url\":\"https:\/\/flamekocamper.ee\/\",\"name\":\"Flameko Camper\",\"description\":\"K&otilde;ik hooldus ja remontt&ouml;&ouml;d Sinu matkaautole ja haagissuvilale. Seda k&otilde;ike nii autole endale kui ka elamuosale!\",\"publisher\":{\"@id\":\"https:\/\/flamekocamper.ee\/#organization\"},\"potentialAction\":[{\"@type\":\"SearchAction\",\"target\":{\"@type\":\"EntryPoint\",\"urlTemplate\":\"https:\/\/flamekocamper.ee\/?s={search_term_string}\"},\"query-input\":{\"@type\":\"PropertyValueSpecification\",\"valueRequired\":true,\"valueName\":\"search_term_string\"}}],\"inLanguage\":\"en-US\"},{\"@type\":\"Organization\",\"@id\":\"https:\/\/flamekocamper.ee\/#organization\",\"name\":\"Flameko Camper - Flameko O\u00dc\",\"url\":\"https:\/\/flamekocamper.ee\/\",\"logo\":{\"@type\":\"ImageObject\",\"inLanguage\":\"en-US\",\"@id\":\"https:\/\/flamekocamper.ee\/#\/schema\/logo\/image\/\",\"url\":\"https:\/\/flamekocamper.ee\/wp-content\/uploads\/2023\/04\/logo-2.png\",\"contentUrl\":\"https:\/\/flamekocamper.ee\/wp-content\/uploads\/2023\/04\/logo-2.png\",\"width\":400,\"height\":283,\"caption\":\"Flameko Camper - Flameko O\u00dc\"},\"image\":{\"@id\":\"https:\/\/flamekocamper.ee\/#\/schema\/logo\/image\/\"},\"sameAs\":[\"https:\/\/www.facebook.com\/flamekocamper\",\"https:\/\/www.instagram.com\/flamekocamper\/\"]}]}<\/script>\n<!-- \/ Yoast SEO plugin. -->","yoast_head_json":{"title":"Truma - Flameko Camper","description":"Truma on tuntud energias\u00e4\u00e4stlike gaasik\u00fctte- ja sooja vee s\u00fcsteemide poolest. Flameko Camper \u2013 Sinu Truma partner. Ootame sind k\u00fclla!","robots":{"index":"index","follow":"follow","max-snippet":"max-snippet:-1","max-image-preview":"max-image-preview:large","max-video-preview":"max-video-preview:-1"},"canonical":"https:\/\/flamekocamper.ee\/en\/meist\/truma\/","og_locale":"en_US","og_type":"article","og_title":"Truma - Flameko Camper","og_description":"Truma on tuntud energias\u00e4\u00e4stlike gaasik\u00fctte- ja sooja vee s\u00fcsteemide poolest. Flameko Camper \u2013 Sinu Truma partner. Ootame sind k\u00fclla!","og_url":"https:\/\/flamekocamper.ee\/en\/meist\/truma\/","og_site_name":"Flameko Camper","article_publisher":"https:\/\/www.facebook.com\/flamekocamper","article_modified_time":"2025-11-11T16:28:52+00:00","og_image":[{"width":150,"height":100,"url":"https:\/\/flamekocamper.ee\/wp-content\/uploads\/2023\/07\/Truma-Logo-150px.png","type":"image\/png"}],"twitter_card":"summary_large_image","twitter_misc":{"Est. reading time":"2 minutes"},"schema":{"@context":"https:\/\/schema.org","@graph":[{"@type":"WebPage","@id":"https:\/\/flamekocamper.ee\/meist\/truma\/","url":"https:\/\/flamekocamper.ee\/meist\/truma\/","name":"Truma - Flameko Camper","isPartOf":{"@id":"https:\/\/flamekocamper.ee\/#website"},"primaryImageOfPage":{"@id":"https:\/\/flamekocamper.ee\/meist\/truma\/#primaryimage"},"image":{"@id":"https:\/\/flamekocamper.ee\/meist\/truma\/#primaryimage"},"thumbnailUrl":"https:\/\/flamekocamper.ee\/wp-content\/uploads\/2023\/07\/Truma-Logo-150px.png","datePublished":"2023-09-07T20:19:43+00:00","dateModified":"2025-11-11T16:28:52+00:00","description":"Truma on tuntud energias\u00e4\u00e4stlike gaasik\u00fctte- ja sooja vee s\u00fcsteemide poolest. Flameko Camper \u2013 Sinu Truma partner. Ootame sind k\u00fclla!","breadcrumb":{"@id":"https:\/\/flamekocamper.ee\/meist\/truma\/#breadcrumb"},"inLanguage":"en-US","potentialAction":[{"@type":"ReadAction","target":["https:\/\/flamekocamper.ee\/meist\/truma\/"]}]},{"@type":"ImageObject","inLanguage":"en-US","@id":"https:\/\/flamekocamper.ee\/meist\/truma\/#primaryimage","url":"https:\/\/flamekocamper.ee\/wp-content\/uploads\/2023\/07\/Truma-Logo-150px.png","contentUrl":"https:\/\/flamekocamper.ee\/wp-content\/uploads\/2023\/07\/Truma-Logo-150px.png","width":150,"height":100,"caption":"Truma - Sinu matkaauto ja haagissuvila mugavuse looja."},{"@type":"BreadcrumbList","@id":"https:\/\/flamekocamper.ee\/meist\/truma\/#breadcrumb","itemListElement":[{"@type":"ListItem","position":1,"name":"Home","item":"https:\/\/flamekocamper.ee\/"},{"@type":"ListItem","position":2,"name":"Meist","item":"https:\/\/flamekocamper.ee\/meist\/"},{"@type":"ListItem","position":3,"name":"Truma"}]},{"@type":"WebSite","@id":"https:\/\/flamekocamper.ee\/#website","url":"https:\/\/flamekocamper.ee\/","name":"Flameko Camper","description":"K&otilde;ik hooldus ja remontt&ouml;&ouml;d Sinu matkaautole ja haagissuvilale. Seda k&otilde;ike nii autole endale kui ka elamuosale!","publisher":{"@id":"https:\/\/flamekocamper.ee\/#organization"},"potentialAction":[{"@type":"SearchAction","target":{"@type":"EntryPoint","urlTemplate":"https:\/\/flamekocamper.ee\/?s={search_term_string}"},"query-input":{"@type":"PropertyValueSpecification","valueRequired":true,"valueName":"search_term_string"}}],"inLanguage":"en-US"},{"@type":"Organization","@id":"https:\/\/flamekocamper.ee\/#organization","name":"Flameko Camper - Flameko O\u00dc","url":"https:\/\/flamekocamper.ee\/","logo":{"@type":"ImageObject","inLanguage":"en-US","@id":"https:\/\/flamekocamper.ee\/#\/schema\/logo\/image\/","url":"https:\/\/flamekocamper.ee\/wp-content\/uploads\/2023\/04\/logo-2.png","contentUrl":"https:\/\/flamekocamper.ee\/wp-content\/uploads\/2023\/04\/logo-2.png","width":400,"height":283,"caption":"Flameko Camper - Flameko O\u00dc"},"image":{"@id":"https:\/\/flamekocamper.ee\/#\/schema\/logo\/image\/"},"sameAs":["https:\/\/www.facebook.com\/flamekocamper","https:\/\/www.instagram.com\/flamekocamper\/"]}]}},"_links":{"self":[{"href":"https:\/\/flamekocamper.ee\/en\/wp-json\/wp\/v2\/pages\/275","targetHints":{"allow":["GET"]}}],"collection":[{"href":"https:\/\/flamekocamper.ee\/en\/wp-json\/wp\/v2\/pages"}],"about":[{"href":"https:\/\/flamekocamper.ee\/en\/wp-json\/wp\/v2\/types\/page"}],"author":[{"embeddable":true,"href":"https:\/\/flamekocamper.ee\/en\/wp-json\/wp\/v2\/users\/1"}],"replies":[{"embeddable":true,"href":"https:\/\/flamekocamper.ee\/en\/wp-json\/wp\/v2\/comments?post=275"}],"version-history":[{"count":6,"href":"https:\/\/flamekocamper.ee\/en\/wp-json\/wp\/v2\/pages\/275\/revisions"}],"predecessor-version":[{"id":1669,"href":"https:\/\/flamekocamper.ee\/en\/wp-json\/wp\/v2\/pages\/275\/revisions\/1669"}],"up":[{"embeddable":true,"href":"https:\/\/flamekocamper.ee\/en\/wp-json\/wp\/v2\/pages\/263"}],"wp:featuredmedia":[{"embeddable":true,"href":"https:\/\/flamekocamper.ee\/en\/wp-json\/wp\/v2\/media\/214"}],"wp:attachment":[{"href":"https:\/\/flamekocamper.ee\/en\/wp-json\/wp\/v2\/media?parent=275"}],"curies":[{"name":"wp","href":"https:\/\/api.w.org\/{rel}","templated":true}]}}