{"id":277,"date":"2023-09-07T22:39:09","date_gmt":"2023-09-07T19:39:09","guid":{"rendered":"https:\/\/flamekocamper.ee\/?page_id=277"},"modified":"2024-05-07T18:17:27","modified_gmt":"2024-05-07T15:17:27","slug":"cinderella","status":"publish","type":"page","link":"https:\/\/flamekocamper.ee\/en\/meist\/cinderella\/","title":{"rendered":"Cinderella"},"content":{"rendered":"<p>Welcome to the world of Cinderella WC, a unique place where the king feels like royalty even when he walks!<\/p>\n\n\n\n<p>Why not bring luxurious comfort and ecological sustainability to your motorhome, caravan, boat, cabin, small house, small hotel, cottage, campsite, camping site or, for example, a place that is difficult to access?<br>With the Cinderella toilet system, it's easier than ever!<\/p>\n\n\n\n<p><strong>Kiire, m\u00e4rkamatu ja murevaba<\/strong><\/p>\n\n\n\n<p>Unusta ebamugavad tualettruumid, mis s\u00f5ltuvad kanalisatsioonist, veest ja purgimisautost. Cinderella WC annab sulle vabaduse paigaldada see kus iganes soovid, ilma muretsemata sanitaars\u00fcsteemide piirangute p\u00e4rast. Need WC-d on veevabad (pole k\u00fclmumisohtu) ja t\u00f6\u00f6tavad elektri v\u00f5i gaasi abil.<br>Kui kasutaja kasutab tualetti, langeb v\u00e4ljaheide p\u00f5lemiskambrisse, kus see p\u00f5letatakse v\u00e4ga k\u00f5rgel temperatuuril. See protsess h\u00e4vitab bakterid ja viirused, j\u00e4ttes alles ainult v\u00e4ikese koguse tuhka. Tuhk on ohutu ja seda saab h\u00f5lpsasti eemaldada. Tualett on saadaval erinevates suurustes ja mudelites. M\u00f5ned mudelid on varustatud erinevate lisafunktsioonidega, k\u00fcsi lisa!<\/p>\n\n\n\n<p><strong>Why choose Cinderella WC?<\/strong><\/p>\n\n\n\n<ol class=\"wp-block-list\" start=\"1\" style=\"list-style-type:1\">\n<li><strong>Ecological sustainability:<\/strong> WC-s\u00fcsteem kasutab energiat\u00f5husat tehnoloogiat, et muuta inimese tualetis k\u00e4imise tulemus ohutuks ja keskkonnas\u00f5bralikuks kompostiks. See v\u00e4hendab oluliselt sinu \u00f6koloogilist jalaj\u00e4lge.<\/li>\n\n\n\n<li><strong>Easy to use:<\/strong> WC on \u00e4\u00e4rmiselt lihtne ja mugav kasutada. Sa ei pea muretsema keeruliste protsesside v\u00f5i puhastust\u00f6\u00f6de p\u00e4rast. K\u00f5ik toimub automaatselt.<\/li>\n\n\n\n<li><strong>Traveling independently:<\/strong> WC v\u00f5imaldab sul reisida iseseisvalt. Sa ei s\u00f5ltu enam \u00fchiskondlikest sanitaars\u00fcsteemidest ega vaja eraldi kanalisatsioonilahendusi.<\/li>\n\n\n\n<li><strong>Quality and reliability:<\/strong> Tuntud oma kvaliteetsete ja vastupidavate s\u00fcsteemide poolest, mis on loodud kestma aastaid. (aastak\u00fcmneid?)<\/li>\n<\/ol>\n\n\n\n<p><strong>N\u00fc\u00fcd on \u00f5ige aeg tuua Cinderella WC matkaautosse, haagissuvilasse, paati, soojakusse, v\u00e4ikemajja, k\u00e4mpingutesse, suvilasse, telkimisplatsile, ajutisse elukohta v\u00f5i keeruliselt ligip\u00e4\u00e4setavale alale.<\/strong> <strong>K\u00f5lab ju h\u00e4sti?<\/strong><\/p>\n\n\n\n<p>Too oma reisidesse innovaatiline mugavus, \u00f6koloogiline s\u00e4\u00e4stlikkus ja vabadus, mida see WC pakub. Cinderella viib su &#8220;situatsiooni&#8221; uuele tasemele, kus k\u00f5ik on puhas, lihtne ja mugav.<br><br>It doesn't matter where the trouble comes from, but you do!<\/p>\n\n\n\n<p><strong>Ootame sind meie juurde Laagrisse Cinderella n\u00e4idisega tutvuma.<\/strong> <br><br>Hinnap\u00e4ringu saab mugavalt teha siit:<br><a href=\"https:\/\/flamekocamper.ee\/en\/hinnaparing\/\">https:\/\/flamekocamper.ee\/hinnaparing\/<\/a><\/p>","protected":false},"excerpt":{"rendered":"<p>Tere tulemast Cinderella WC maailma &#8211; ainulaadsesse kohta, kus kuningas tunneb end kuninglikult, isegi kui ta k\u00e4ib jala! Miks mitte tuua luksuslik mugavus ja \u00f6koloogiline j\u00e4tkusuutlikkus oma matkaautosse, haagissuvilasse, paati, soojakusse, v\u00e4ikemajja, v\u00e4ikehotelli, suvilasse, k\u00e4mpingusse, telkimisplatsile v\u00f5i n\u00e4iteks ka keeruliselt ligip\u00e4\u00e4setavasse kohta?Cinderella WC-s\u00fcsteemiga on see lihtsam kui kunagi varem! Kiire, m\u00e4rkamatu ja murevaba Unusta ebamugavad [&hellip;]<\/p>\n","protected":false},"author":1,"featured_media":243,"parent":263,"menu_order":0,"comment_status":"closed","ping_status":"closed","template":"page-full.php","meta":{"_themeisle_gutenberg_block_has_review":false,"footnotes":""},"class_list":["post-277","page","type-page","status-publish","has-post-thumbnail","hentry"],"yoast_head":"<!-- This site is optimized with the Yoast SEO plugin v27.2 - https:\/\/yoast.com\/product\/yoast-seo-wordpress\/ -->\n<title>Cinderella - Flameko Camper<\/title>\n<meta name=\"description\" content=\"Unusta ebamugavad tualettruumid, mis s\u00f5ltuvad kanalisatsioonist, veest ja purgimisautost. Tule meile k\u00fclla ja tutvu kohapeal Cinderellaga.\" \/>\n<meta name=\"robots\" content=\"index, follow, max-snippet:-1, max-image-preview:large, max-video-preview:-1\" \/>\n<link rel=\"canonical\" href=\"https:\/\/flamekocamper.ee\/en\/meist\/cinderella\/\" \/>\n<meta property=\"og:locale\" content=\"en_US\" \/>\n<meta property=\"og:type\" content=\"article\" \/>\n<meta property=\"og:title\" content=\"Cinderella - Flameko Camper\" \/>\n<meta property=\"og:description\" content=\"Unusta ebamugavad tualettruumid, mis s\u00f5ltuvad kanalisatsioonist, veest ja purgimisautost. Tule meile k\u00fclla ja tutvu kohapeal Cinderellaga.\" \/>\n<meta property=\"og:url\" content=\"https:\/\/flamekocamper.ee\/en\/meist\/cinderella\/\" \/>\n<meta property=\"og:site_name\" content=\"Flameko Camper\" \/>\n<meta property=\"article:publisher\" content=\"https:\/\/www.facebook.com\/flamekocamper\" \/>\n<meta property=\"article:modified_time\" content=\"2024-05-07T15:17:27+00:00\" \/>\n<meta property=\"og:image\" content=\"https:\/\/flamekocamper.ee\/wp-content\/uploads\/2023\/08\/Cindrella-Logo-150px.png\" \/>\n\t<meta property=\"og:image:width\" content=\"150\" \/>\n\t<meta property=\"og:image:height\" content=\"100\" \/>\n\t<meta property=\"og:image:type\" content=\"image\/png\" \/>\n<meta name=\"twitter:card\" content=\"summary_large_image\" \/>\n<meta name=\"twitter:label1\" content=\"Est. reading time\" \/>\n\t<meta name=\"twitter:data1\" content=\"2 minutes\" \/>\n<script type=\"application\/ld+json\" class=\"yoast-schema-graph\">{\"@context\":\"https:\/\/schema.org\",\"@graph\":[{\"@type\":\"WebPage\",\"@id\":\"https:\/\/flamekocamper.ee\/meist\/cinderella\/\",\"url\":\"https:\/\/flamekocamper.ee\/meist\/cinderella\/\",\"name\":\"Cinderella - Flameko Camper\",\"isPartOf\":{\"@id\":\"https:\/\/flamekocamper.ee\/#website\"},\"primaryImageOfPage\":{\"@id\":\"https:\/\/flamekocamper.ee\/meist\/cinderella\/#primaryimage\"},\"image\":{\"@id\":\"https:\/\/flamekocamper.ee\/meist\/cinderella\/#primaryimage\"},\"thumbnailUrl\":\"https:\/\/flamekocamper.ee\/wp-content\/uploads\/2023\/08\/Cindrella-Logo-150px.png\",\"datePublished\":\"2023-09-07T19:39:09+00:00\",\"dateModified\":\"2024-05-07T15:17:27+00:00\",\"description\":\"Unusta ebamugavad tualettruumid, mis s\u00f5ltuvad kanalisatsioonist, veest ja purgimisautost. Tule meile k\u00fclla ja tutvu kohapeal Cinderellaga.\",\"breadcrumb\":{\"@id\":\"https:\/\/flamekocamper.ee\/meist\/cinderella\/#breadcrumb\"},\"inLanguage\":\"en-US\",\"potentialAction\":[{\"@type\":\"ReadAction\",\"target\":[\"https:\/\/flamekocamper.ee\/meist\/cinderella\/\"]}]},{\"@type\":\"ImageObject\",\"inLanguage\":\"en-US\",\"@id\":\"https:\/\/flamekocamper.ee\/meist\/cinderella\/#primaryimage\",\"url\":\"https:\/\/flamekocamper.ee\/wp-content\/uploads\/2023\/08\/Cindrella-Logo-150px.png\",\"contentUrl\":\"https:\/\/flamekocamper.ee\/wp-content\/uploads\/2023\/08\/Cindrella-Logo-150px.png\",\"width\":150,\"height\":100,\"caption\":\"Cinderella WC - Kiire, m\u00e4rkamatu ja murevaba k\u00e4itlus\"},{\"@type\":\"BreadcrumbList\",\"@id\":\"https:\/\/flamekocamper.ee\/meist\/cinderella\/#breadcrumb\",\"itemListElement\":[{\"@type\":\"ListItem\",\"position\":1,\"name\":\"Home\",\"item\":\"https:\/\/flamekocamper.ee\/\"},{\"@type\":\"ListItem\",\"position\":2,\"name\":\"Meist\",\"item\":\"https:\/\/flamekocamper.ee\/meist\/\"},{\"@type\":\"ListItem\",\"position\":3,\"name\":\"Cinderella\"}]},{\"@type\":\"WebSite\",\"@id\":\"https:\/\/flamekocamper.ee\/#website\",\"url\":\"https:\/\/flamekocamper.ee\/\",\"name\":\"Flameko Camper\",\"description\":\"K&otilde;ik hooldus ja remontt&ouml;&ouml;d Sinu matkaautole ja haagissuvilale. Seda k&otilde;ike nii autole endale kui ka elamuosale!\",\"publisher\":{\"@id\":\"https:\/\/flamekocamper.ee\/#organization\"},\"potentialAction\":[{\"@type\":\"SearchAction\",\"target\":{\"@type\":\"EntryPoint\",\"urlTemplate\":\"https:\/\/flamekocamper.ee\/?s={search_term_string}\"},\"query-input\":{\"@type\":\"PropertyValueSpecification\",\"valueRequired\":true,\"valueName\":\"search_term_string\"}}],\"inLanguage\":\"en-US\"},{\"@type\":\"Organization\",\"@id\":\"https:\/\/flamekocamper.ee\/#organization\",\"name\":\"Flameko Camper - Flameko O\u00dc\",\"url\":\"https:\/\/flamekocamper.ee\/\",\"logo\":{\"@type\":\"ImageObject\",\"inLanguage\":\"en-US\",\"@id\":\"https:\/\/flamekocamper.ee\/#\/schema\/logo\/image\/\",\"url\":\"https:\/\/flamekocamper.ee\/wp-content\/uploads\/2023\/04\/logo-2.png\",\"contentUrl\":\"https:\/\/flamekocamper.ee\/wp-content\/uploads\/2023\/04\/logo-2.png\",\"width\":400,\"height\":283,\"caption\":\"Flameko Camper - Flameko O\u00dc\"},\"image\":{\"@id\":\"https:\/\/flamekocamper.ee\/#\/schema\/logo\/image\/\"},\"sameAs\":[\"https:\/\/www.facebook.com\/flamekocamper\",\"https:\/\/www.instagram.com\/flamekocamper\/\"]}]}<\/script>\n<!-- \/ Yoast SEO plugin. -->","yoast_head_json":{"title":"Cinderella - Flameko Camper","description":"Unusta ebamugavad tualettruumid, mis s\u00f5ltuvad kanalisatsioonist, veest ja purgimisautost. Tule meile k\u00fclla ja tutvu kohapeal Cinderellaga.","robots":{"index":"index","follow":"follow","max-snippet":"max-snippet:-1","max-image-preview":"max-image-preview:large","max-video-preview":"max-video-preview:-1"},"canonical":"https:\/\/flamekocamper.ee\/en\/meist\/cinderella\/","og_locale":"en_US","og_type":"article","og_title":"Cinderella - Flameko Camper","og_description":"Unusta ebamugavad tualettruumid, mis s\u00f5ltuvad kanalisatsioonist, veest ja purgimisautost. Tule meile k\u00fclla ja tutvu kohapeal Cinderellaga.","og_url":"https:\/\/flamekocamper.ee\/en\/meist\/cinderella\/","og_site_name":"Flameko Camper","article_publisher":"https:\/\/www.facebook.com\/flamekocamper","article_modified_time":"2024-05-07T15:17:27+00:00","og_image":[{"width":150,"height":100,"url":"https:\/\/flamekocamper.ee\/wp-content\/uploads\/2023\/08\/Cindrella-Logo-150px.png","type":"image\/png"}],"twitter_card":"summary_large_image","twitter_misc":{"Est. reading time":"2 minutes"},"schema":{"@context":"https:\/\/schema.org","@graph":[{"@type":"WebPage","@id":"https:\/\/flamekocamper.ee\/meist\/cinderella\/","url":"https:\/\/flamekocamper.ee\/meist\/cinderella\/","name":"Cinderella - Flameko Camper","isPartOf":{"@id":"https:\/\/flamekocamper.ee\/#website"},"primaryImageOfPage":{"@id":"https:\/\/flamekocamper.ee\/meist\/cinderella\/#primaryimage"},"image":{"@id":"https:\/\/flamekocamper.ee\/meist\/cinderella\/#primaryimage"},"thumbnailUrl":"https:\/\/flamekocamper.ee\/wp-content\/uploads\/2023\/08\/Cindrella-Logo-150px.png","datePublished":"2023-09-07T19:39:09+00:00","dateModified":"2024-05-07T15:17:27+00:00","description":"Unusta ebamugavad tualettruumid, mis s\u00f5ltuvad kanalisatsioonist, veest ja purgimisautost. Tule meile k\u00fclla ja tutvu kohapeal Cinderellaga.","breadcrumb":{"@id":"https:\/\/flamekocamper.ee\/meist\/cinderella\/#breadcrumb"},"inLanguage":"en-US","potentialAction":[{"@type":"ReadAction","target":["https:\/\/flamekocamper.ee\/meist\/cinderella\/"]}]},{"@type":"ImageObject","inLanguage":"en-US","@id":"https:\/\/flamekocamper.ee\/meist\/cinderella\/#primaryimage","url":"https:\/\/flamekocamper.ee\/wp-content\/uploads\/2023\/08\/Cindrella-Logo-150px.png","contentUrl":"https:\/\/flamekocamper.ee\/wp-content\/uploads\/2023\/08\/Cindrella-Logo-150px.png","width":150,"height":100,"caption":"Cinderella WC - Kiire, m\u00e4rkamatu ja murevaba k\u00e4itlus"},{"@type":"BreadcrumbList","@id":"https:\/\/flamekocamper.ee\/meist\/cinderella\/#breadcrumb","itemListElement":[{"@type":"ListItem","position":1,"name":"Home","item":"https:\/\/flamekocamper.ee\/"},{"@type":"ListItem","position":2,"name":"Meist","item":"https:\/\/flamekocamper.ee\/meist\/"},{"@type":"ListItem","position":3,"name":"Cinderella"}]},{"@type":"WebSite","@id":"https:\/\/flamekocamper.ee\/#website","url":"https:\/\/flamekocamper.ee\/","name":"Flameko Camper","description":"K&otilde;ik hooldus ja remontt&ouml;&ouml;d Sinu matkaautole ja haagissuvilale. Seda k&otilde;ike nii autole endale kui ka elamuosale!","publisher":{"@id":"https:\/\/flamekocamper.ee\/#organization"},"potentialAction":[{"@type":"SearchAction","target":{"@type":"EntryPoint","urlTemplate":"https:\/\/flamekocamper.ee\/?s={search_term_string}"},"query-input":{"@type":"PropertyValueSpecification","valueRequired":true,"valueName":"search_term_string"}}],"inLanguage":"en-US"},{"@type":"Organization","@id":"https:\/\/flamekocamper.ee\/#organization","name":"Flameko Camper - Flameko O\u00dc","url":"https:\/\/flamekocamper.ee\/","logo":{"@type":"ImageObject","inLanguage":"en-US","@id":"https:\/\/flamekocamper.ee\/#\/schema\/logo\/image\/","url":"https:\/\/flamekocamper.ee\/wp-content\/uploads\/2023\/04\/logo-2.png","contentUrl":"https:\/\/flamekocamper.ee\/wp-content\/uploads\/2023\/04\/logo-2.png","width":400,"height":283,"caption":"Flameko Camper - Flameko O\u00dc"},"image":{"@id":"https:\/\/flamekocamper.ee\/#\/schema\/logo\/image\/"},"sameAs":["https:\/\/www.facebook.com\/flamekocamper","https:\/\/www.instagram.com\/flamekocamper\/"]}]}},"_links":{"self":[{"href":"https:\/\/flamekocamper.ee\/en\/wp-json\/wp\/v2\/pages\/277","targetHints":{"allow":["GET"]}}],"collection":[{"href":"https:\/\/flamekocamper.ee\/en\/wp-json\/wp\/v2\/pages"}],"about":[{"href":"https:\/\/flamekocamper.ee\/en\/wp-json\/wp\/v2\/types\/page"}],"author":[{"embeddable":true,"href":"https:\/\/flamekocamper.ee\/en\/wp-json\/wp\/v2\/users\/1"}],"replies":[{"embeddable":true,"href":"https:\/\/flamekocamper.ee\/en\/wp-json\/wp\/v2\/comments?post=277"}],"version-history":[{"count":4,"href":"https:\/\/flamekocamper.ee\/en\/wp-json\/wp\/v2\/pages\/277\/revisions"}],"predecessor-version":[{"id":843,"href":"https:\/\/flamekocamper.ee\/en\/wp-json\/wp\/v2\/pages\/277\/revisions\/843"}],"up":[{"embeddable":true,"href":"https:\/\/flamekocamper.ee\/en\/wp-json\/wp\/v2\/pages\/263"}],"wp:featuredmedia":[{"embeddable":true,"href":"https:\/\/flamekocamper.ee\/en\/wp-json\/wp\/v2\/media\/243"}],"wp:attachment":[{"href":"https:\/\/flamekocamper.ee\/en\/wp-json\/wp\/v2\/media?parent=277"}],"curies":[{"name":"wp","href":"https:\/\/api.w.org\/{rel}","templated":true}]}}