{"id":279,"date":"2023-09-07T22:30:37","date_gmt":"2023-09-07T19:30:37","guid":{"rendered":"https:\/\/flamekocamper.ee\/?page_id=279"},"modified":"2024-05-07T18:02:38","modified_gmt":"2024-05-07T15:02:38","slug":"al-ko","status":"publish","type":"page","link":"https:\/\/flamekocamper.ee\/en\/meist\/al-ko\/","title":{"rendered":"AL-KO"},"content":{"rendered":"<p><strong>AL-KO: Experts in suspension and brake systems<\/strong><\/p>\n\n\n\n<p>Saksamaal asuv ettev\u00f5te, mis on p\u00fchendunud vedrustuse ja piduris\u00fcsteemide lahenduste tootmisele s\u00f5idukitele, sealhulgas matkaautodele ja haagissuvilatele. Nende tooted on laialt tuntud oma vastupidavuse ja kvaliteedi poolest ning on loodud vastu pidama erinevates s\u00f5idutingimustes, tagades seel\u00e4bi turvalise ja stabiilse s\u00f5idukogemuse.<\/p>\n\n\n\n<p><strong>Safety and stability above all<\/strong><\/p>\n\n\n\n<p>AL-KO constantly focuses on the development of new technological solutions to improve the safety and stability of vehicles. One example of this is their electronic stability control systems that help reduce sliding and swaying while driving. These systems allow better maneuverability and ensure stable traction, which is especially convenient on longer trips.<\/p>\n\n\n\n<p><strong>Flameko Camper: Your reliable partner<\/strong><\/p>\n\n\n\n<p>Flameko Camper is proud to be a reliable partner and official representative of AL-KO. We offer a wide range of services, including sales, installation, spare parts, maintenance, repair and warranty repair of AL-KO products. Our goal is to be helpful to everyone who appreciates the good condition and safety of their vehicle while on the road.<\/p>\n\n\n\n<p><strong>Your Vehicle, Your Choice<\/strong><\/p>\n\n\n\n<p>The brand, place of purchase, age or manufacturer of your motorhome or caravan are not important to us. All vehicles are welcome and receive professional service from us. Our goal is to ensure that your vehicle is always in top condition, no matter where your next trip takes you.<\/p>\n\n\n\n<p><strong>Warranty benefits<\/strong><\/p>\n\n\n\n<p>If your vehicle is still under warranty, there is no need to go to the dealership, you can come directly to us. Our experienced team is ready to solve all AL-KO warranty concerns professionally and efficiently. <\/p>\n\n\n\n<p>Check out our services, make an appointment and visit us to find the right solutions for your vehicle. Your satisfaction is our top priority!<br><br>Hinnapakkumist saab k\u00fcsida mugavalt siit:<br><a href=\"https:\/\/flamekocamper.ee\/en\/hinnaparing\/\">https:\/\/flamekocamper.ee\/hinnaparing\/<br><\/a><\/p>","protected":false},"excerpt":{"rendered":"<p>AL-KO: Vedrustuse ja piduris\u00fcsteemide eksperdid Saksamaal asuv ettev\u00f5te, mis on p\u00fchendunud vedrustuse ja piduris\u00fcsteemide lahenduste tootmisele s\u00f5idukitele, sealhulgas matkaautodele ja haagissuvilatele. Nende tooted on laialt tuntud oma vastupidavuse ja kvaliteedi poolest ning on loodud vastu pidama erinevates s\u00f5idutingimustes, tagades seel\u00e4bi turvalise ja stabiilse s\u00f5idukogemuse. Ohutus ja stabiilsus eelk\u00f5ige AL-KO keskendub pidevalt uute tehnoloogiliste lahenduste v\u00e4ljat\u00f6\u00f6tamisele, [&hellip;]<\/p>\n","protected":false},"author":1,"featured_media":148,"parent":263,"menu_order":0,"comment_status":"closed","ping_status":"closed","template":"page-full.php","meta":{"_themeisle_gutenberg_block_has_review":false,"footnotes":""},"class_list":["post-279","page","type-page","status-publish","has-post-thumbnail","hentry"],"yoast_head":"<!-- This site is optimized with the Yoast SEO plugin v27.2 - https:\/\/yoast.com\/product\/yoast-seo-wordpress\/ -->\n<title>AL-KO - Flameko Camper<\/title>\n<meta name=\"description\" content=\"Flameko Camper on AL-KO usaldusv\u00e4\u00e4rne partner ja ametlik esindaja. M\u00fc\u00fck, paigaldamine ja k\u00f5ik garantiiga seonduv. K\u00fcsi pakkumist meilt!\" \/>\n<meta name=\"robots\" content=\"index, follow, max-snippet:-1, max-image-preview:large, max-video-preview:-1\" \/>\n<link rel=\"canonical\" href=\"https:\/\/flamekocamper.ee\/en\/meist\/al-ko\/\" \/>\n<meta property=\"og:locale\" content=\"en_US\" \/>\n<meta property=\"og:type\" content=\"article\" \/>\n<meta property=\"og:title\" content=\"AL-KO - Flameko Camper\" \/>\n<meta property=\"og:description\" content=\"Flameko Camper on AL-KO usaldusv\u00e4\u00e4rne partner ja ametlik esindaja. M\u00fc\u00fck, paigaldamine ja k\u00f5ik garantiiga seonduv. K\u00fcsi pakkumist meilt!\" \/>\n<meta property=\"og:url\" content=\"https:\/\/flamekocamper.ee\/en\/meist\/al-ko\/\" \/>\n<meta property=\"og:site_name\" content=\"Flameko Camper\" \/>\n<meta property=\"article:publisher\" content=\"https:\/\/www.facebook.com\/flamekocamper\" \/>\n<meta property=\"article:modified_time\" content=\"2024-05-07T15:02:38+00:00\" \/>\n<meta property=\"og:image\" content=\"https:\/\/flamekocamper.ee\/wp-content\/uploads\/2023\/05\/AL-KO-Claim-4c_mit-Schutzraum-1-e1694114971288.png\" \/>\n\t<meta property=\"og:image:width\" content=\"150\" \/>\n\t<meta property=\"og:image:height\" content=\"69\" \/>\n\t<meta property=\"og:image:type\" content=\"image\/png\" \/>\n<meta name=\"twitter:card\" content=\"summary_large_image\" \/>\n<meta name=\"twitter:label1\" content=\"Est. reading time\" \/>\n\t<meta name=\"twitter:data1\" content=\"2 minutes\" \/>\n<script type=\"application\/ld+json\" class=\"yoast-schema-graph\">{\"@context\":\"https:\/\/schema.org\",\"@graph\":[{\"@type\":\"WebPage\",\"@id\":\"https:\/\/flamekocamper.ee\/meist\/al-ko\/\",\"url\":\"https:\/\/flamekocamper.ee\/meist\/al-ko\/\",\"name\":\"AL-KO - Flameko Camper\",\"isPartOf\":{\"@id\":\"https:\/\/flamekocamper.ee\/#website\"},\"primaryImageOfPage\":{\"@id\":\"https:\/\/flamekocamper.ee\/meist\/al-ko\/#primaryimage\"},\"image\":{\"@id\":\"https:\/\/flamekocamper.ee\/meist\/al-ko\/#primaryimage\"},\"thumbnailUrl\":\"https:\/\/flamekocamper.ee\/wp-content\/uploads\/2023\/05\/AL-KO-Claim-4c_mit-Schutzraum-1-e1694114971288.png\",\"datePublished\":\"2023-09-07T19:30:37+00:00\",\"dateModified\":\"2024-05-07T15:02:38+00:00\",\"description\":\"Flameko Camper on AL-KO usaldusv\u00e4\u00e4rne partner ja ametlik esindaja. M\u00fc\u00fck, paigaldamine ja k\u00f5ik garantiiga seonduv. K\u00fcsi pakkumist meilt!\",\"breadcrumb\":{\"@id\":\"https:\/\/flamekocamper.ee\/meist\/al-ko\/#breadcrumb\"},\"inLanguage\":\"en-US\",\"potentialAction\":[{\"@type\":\"ReadAction\",\"target\":[\"https:\/\/flamekocamper.ee\/meist\/al-ko\/\"]}]},{\"@type\":\"ImageObject\",\"inLanguage\":\"en-US\",\"@id\":\"https:\/\/flamekocamper.ee\/meist\/al-ko\/#primaryimage\",\"url\":\"https:\/\/flamekocamper.ee\/wp-content\/uploads\/2023\/05\/AL-KO-Claim-4c_mit-Schutzraum-1-e1694114971288.png\",\"contentUrl\":\"https:\/\/flamekocamper.ee\/wp-content\/uploads\/2023\/05\/AL-KO-Claim-4c_mit-Schutzraum-1-e1694114971288.png\",\"width\":150,\"height\":69,\"caption\":\"AL-KO: Vedrustuse ja piduris\u00fcsteemide eksperdid\"},{\"@type\":\"BreadcrumbList\",\"@id\":\"https:\/\/flamekocamper.ee\/meist\/al-ko\/#breadcrumb\",\"itemListElement\":[{\"@type\":\"ListItem\",\"position\":1,\"name\":\"Home\",\"item\":\"https:\/\/flamekocamper.ee\/\"},{\"@type\":\"ListItem\",\"position\":2,\"name\":\"Meist\",\"item\":\"https:\/\/flamekocamper.ee\/meist\/\"},{\"@type\":\"ListItem\",\"position\":3,\"name\":\"AL-KO\"}]},{\"@type\":\"WebSite\",\"@id\":\"https:\/\/flamekocamper.ee\/#website\",\"url\":\"https:\/\/flamekocamper.ee\/\",\"name\":\"Flameko Camper\",\"description\":\"K&otilde;ik hooldus ja remontt&ouml;&ouml;d Sinu matkaautole ja haagissuvilale. Seda k&otilde;ike nii autole endale kui ka elamuosale!\",\"publisher\":{\"@id\":\"https:\/\/flamekocamper.ee\/#organization\"},\"potentialAction\":[{\"@type\":\"SearchAction\",\"target\":{\"@type\":\"EntryPoint\",\"urlTemplate\":\"https:\/\/flamekocamper.ee\/?s={search_term_string}\"},\"query-input\":{\"@type\":\"PropertyValueSpecification\",\"valueRequired\":true,\"valueName\":\"search_term_string\"}}],\"inLanguage\":\"en-US\"},{\"@type\":\"Organization\",\"@id\":\"https:\/\/flamekocamper.ee\/#organization\",\"name\":\"Flameko Camper - Flameko O\u00dc\",\"url\":\"https:\/\/flamekocamper.ee\/\",\"logo\":{\"@type\":\"ImageObject\",\"inLanguage\":\"en-US\",\"@id\":\"https:\/\/flamekocamper.ee\/#\/schema\/logo\/image\/\",\"url\":\"https:\/\/flamekocamper.ee\/wp-content\/uploads\/2023\/04\/logo-2.png\",\"contentUrl\":\"https:\/\/flamekocamper.ee\/wp-content\/uploads\/2023\/04\/logo-2.png\",\"width\":400,\"height\":283,\"caption\":\"Flameko Camper - Flameko O\u00dc\"},\"image\":{\"@id\":\"https:\/\/flamekocamper.ee\/#\/schema\/logo\/image\/\"},\"sameAs\":[\"https:\/\/www.facebook.com\/flamekocamper\",\"https:\/\/www.instagram.com\/flamekocamper\/\"]}]}<\/script>\n<!-- \/ Yoast SEO plugin. -->","yoast_head_json":{"title":"AL-KO - Flameko Camper","description":"Flameko Camper on AL-KO usaldusv\u00e4\u00e4rne partner ja ametlik esindaja. M\u00fc\u00fck, paigaldamine ja k\u00f5ik garantiiga seonduv. K\u00fcsi pakkumist meilt!","robots":{"index":"index","follow":"follow","max-snippet":"max-snippet:-1","max-image-preview":"max-image-preview:large","max-video-preview":"max-video-preview:-1"},"canonical":"https:\/\/flamekocamper.ee\/en\/meist\/al-ko\/","og_locale":"en_US","og_type":"article","og_title":"AL-KO - Flameko Camper","og_description":"Flameko Camper on AL-KO usaldusv\u00e4\u00e4rne partner ja ametlik esindaja. M\u00fc\u00fck, paigaldamine ja k\u00f5ik garantiiga seonduv. K\u00fcsi pakkumist meilt!","og_url":"https:\/\/flamekocamper.ee\/en\/meist\/al-ko\/","og_site_name":"Flameko Camper","article_publisher":"https:\/\/www.facebook.com\/flamekocamper","article_modified_time":"2024-05-07T15:02:38+00:00","og_image":[{"width":150,"height":69,"url":"https:\/\/flamekocamper.ee\/wp-content\/uploads\/2023\/05\/AL-KO-Claim-4c_mit-Schutzraum-1-e1694114971288.png","type":"image\/png"}],"twitter_card":"summary_large_image","twitter_misc":{"Est. reading time":"2 minutes"},"schema":{"@context":"https:\/\/schema.org","@graph":[{"@type":"WebPage","@id":"https:\/\/flamekocamper.ee\/meist\/al-ko\/","url":"https:\/\/flamekocamper.ee\/meist\/al-ko\/","name":"AL-KO - Flameko Camper","isPartOf":{"@id":"https:\/\/flamekocamper.ee\/#website"},"primaryImageOfPage":{"@id":"https:\/\/flamekocamper.ee\/meist\/al-ko\/#primaryimage"},"image":{"@id":"https:\/\/flamekocamper.ee\/meist\/al-ko\/#primaryimage"},"thumbnailUrl":"https:\/\/flamekocamper.ee\/wp-content\/uploads\/2023\/05\/AL-KO-Claim-4c_mit-Schutzraum-1-e1694114971288.png","datePublished":"2023-09-07T19:30:37+00:00","dateModified":"2024-05-07T15:02:38+00:00","description":"Flameko Camper on AL-KO usaldusv\u00e4\u00e4rne partner ja ametlik esindaja. M\u00fc\u00fck, paigaldamine ja k\u00f5ik garantiiga seonduv. K\u00fcsi pakkumist meilt!","breadcrumb":{"@id":"https:\/\/flamekocamper.ee\/meist\/al-ko\/#breadcrumb"},"inLanguage":"en-US","potentialAction":[{"@type":"ReadAction","target":["https:\/\/flamekocamper.ee\/meist\/al-ko\/"]}]},{"@type":"ImageObject","inLanguage":"en-US","@id":"https:\/\/flamekocamper.ee\/meist\/al-ko\/#primaryimage","url":"https:\/\/flamekocamper.ee\/wp-content\/uploads\/2023\/05\/AL-KO-Claim-4c_mit-Schutzraum-1-e1694114971288.png","contentUrl":"https:\/\/flamekocamper.ee\/wp-content\/uploads\/2023\/05\/AL-KO-Claim-4c_mit-Schutzraum-1-e1694114971288.png","width":150,"height":69,"caption":"AL-KO: Vedrustuse ja piduris\u00fcsteemide eksperdid"},{"@type":"BreadcrumbList","@id":"https:\/\/flamekocamper.ee\/meist\/al-ko\/#breadcrumb","itemListElement":[{"@type":"ListItem","position":1,"name":"Home","item":"https:\/\/flamekocamper.ee\/"},{"@type":"ListItem","position":2,"name":"Meist","item":"https:\/\/flamekocamper.ee\/meist\/"},{"@type":"ListItem","position":3,"name":"AL-KO"}]},{"@type":"WebSite","@id":"https:\/\/flamekocamper.ee\/#website","url":"https:\/\/flamekocamper.ee\/","name":"Flameko Camper","description":"K&otilde;ik hooldus ja remontt&ouml;&ouml;d Sinu matkaautole ja haagissuvilale. Seda k&otilde;ike nii autole endale kui ka elamuosale!","publisher":{"@id":"https:\/\/flamekocamper.ee\/#organization"},"potentialAction":[{"@type":"SearchAction","target":{"@type":"EntryPoint","urlTemplate":"https:\/\/flamekocamper.ee\/?s={search_term_string}"},"query-input":{"@type":"PropertyValueSpecification","valueRequired":true,"valueName":"search_term_string"}}],"inLanguage":"en-US"},{"@type":"Organization","@id":"https:\/\/flamekocamper.ee\/#organization","name":"Flameko Camper - Flameko O\u00dc","url":"https:\/\/flamekocamper.ee\/","logo":{"@type":"ImageObject","inLanguage":"en-US","@id":"https:\/\/flamekocamper.ee\/#\/schema\/logo\/image\/","url":"https:\/\/flamekocamper.ee\/wp-content\/uploads\/2023\/04\/logo-2.png","contentUrl":"https:\/\/flamekocamper.ee\/wp-content\/uploads\/2023\/04\/logo-2.png","width":400,"height":283,"caption":"Flameko Camper - Flameko O\u00dc"},"image":{"@id":"https:\/\/flamekocamper.ee\/#\/schema\/logo\/image\/"},"sameAs":["https:\/\/www.facebook.com\/flamekocamper","https:\/\/www.instagram.com\/flamekocamper\/"]}]}},"_links":{"self":[{"href":"https:\/\/flamekocamper.ee\/en\/wp-json\/wp\/v2\/pages\/279","targetHints":{"allow":["GET"]}}],"collection":[{"href":"https:\/\/flamekocamper.ee\/en\/wp-json\/wp\/v2\/pages"}],"about":[{"href":"https:\/\/flamekocamper.ee\/en\/wp-json\/wp\/v2\/types\/page"}],"author":[{"embeddable":true,"href":"https:\/\/flamekocamper.ee\/en\/wp-json\/wp\/v2\/users\/1"}],"replies":[{"embeddable":true,"href":"https:\/\/flamekocamper.ee\/en\/wp-json\/wp\/v2\/comments?post=279"}],"version-history":[{"count":4,"href":"https:\/\/flamekocamper.ee\/en\/wp-json\/wp\/v2\/pages\/279\/revisions"}],"predecessor-version":[{"id":837,"href":"https:\/\/flamekocamper.ee\/en\/wp-json\/wp\/v2\/pages\/279\/revisions\/837"}],"up":[{"embeddable":true,"href":"https:\/\/flamekocamper.ee\/en\/wp-json\/wp\/v2\/pages\/263"}],"wp:featuredmedia":[{"embeddable":true,"href":"https:\/\/flamekocamper.ee\/en\/wp-json\/wp\/v2\/media\/148"}],"wp:attachment":[{"href":"https:\/\/flamekocamper.ee\/en\/wp-json\/wp\/v2\/media?parent=279"}],"curies":[{"name":"wp","href":"https:\/\/api.w.org\/{rel}","templated":true}]}}