{"id":463,"date":"2023-10-26T23:33:23","date_gmt":"2023-10-26T20:33:23","guid":{"rendered":"https:\/\/flamekocamper.ee\/?page_id=463"},"modified":"2024-05-13T18:41:00","modified_gmt":"2024-05-13T15:41:00","slug":"thetford","status":"publish","type":"page","link":"https:\/\/flamekocamper.ee\/en\/meist\/thetford\/","title":{"rendered":"Thetford"},"content":{"rendered":"<p>Thetford is a company based in the Netherlands that specializes in the manufacture of equipment for motorhomes and caravans.<\/p>\n\n\n\n<p><strong>Thetford: innovatiivsed ja kvaliteetsed tooted teie matkas\u00f5iduki jaoks<\/strong><\/p>\n\n\n\n<p>Thetford on tuntud kui \u00fcks juhtivaid tootjaid, kes pakub kvaliteetseid sanitaartooted, eriti matkaautode ja haagissuvilate omanikele. Ettev\u00f5te on p\u00fchendunud pakkuma innovaatilisi ja vastupidavaid lahendusi, mis tagavad suurema mugavuse ja funktsionaalsuse teie s\u00f5idukis. <br><br><strong>Tootevalik ja kasutajamugavus<\/strong><br><br>Tootevalik h\u00f5lmab kassettk\u00e4imlaid, keemilisi tualette, veepaake, j\u00e4\u00e4tmemahuteid, k\u00fclmkappe, k\u00f6\u00f6gitehnikat, kraane ja palju muud. Need tooted on disainitud lihtsaks ja efektiivseks kasutamiseks, muutes need ideaalseks valikuks igale mobiilsele kodule. Veepaagid ja keemilised tualetid on loodud vastama reisijate vajadustele tagades, et vesi ja kanalisatsioon pole mureks isegi kaugel kodust. Olgu teie vajadused millised tahes, Thetfordi tootevalikust leiate kindlasti midagi, mis vastab teie ootustele.<br><br><\/p>\n\n\n\n<p><strong>Teekond mugavamaks Thetfordi toodetega<\/strong><\/p>\n\n\n\n<p>Elu matkaautos v\u00f5i haagissuvilas pakub vabadust ja v\u00f5imalust avastada uusi paiku oma tempos. Thetfordi lai tootevalik tagab, et seiklus ei katke ebamugavuste t\u00f5ttu. Keemilised tualetid ja kassettk\u00e4imlad on tippkvaliteediga, pakkudes kasutusmugavust ja h\u00fcgieeni, mis on v\u00f5rreldav koduste lahendustega. Lisaks pakuvad k\u00fclmkapid ja k\u00f6\u00f6giseadmed kodust tuttavat mugavust ja efektiivsust, v\u00f5imaldades teil nautida v\u00e4rskeid toite ja k\u00fclmi jooke s\u00f5ltumata asukohast.<\/p>\n\n\n\n<p><strong>Flameko Camper: Your reliable Thetford partner<\/strong> <strong>Eestis<\/strong><\/p>\n\n\n\n<p>Flameko Camper on ametlik Thetfordi esindaja Eestis ja pakub v\u00f5imalust saada kvaliteetseid Thetfordi tooteid koos professionaalse paigalduse ja hooldusega. Meie asjatundlik meeskond on valmis aitama teid k\u00f5ikides k\u00fcsimustes seoses Thetfordi toodetega, tagades, et teie matkaauto v\u00f5i haagissuvila on varustatud parimaga. <\/p>\n\n\n\n<p>K\u00fclastage meid aadressil Lepatriinu tee 8 Laagris v\u00f5i v\u00f5tke \u00fchendust meie veebilehe kaudu, et saada personaalne hinnapakkumine: <a href=\"https:\/\/flamekocamper.ee\/en\/hinnaparing\/\">https:\/\/flamekocamper.ee\/hinnaparing\/<\/a>.<br><\/p>","protected":false},"excerpt":{"rendered":"<p>Thetford on Hollandis asuv ettev\u00f5te, mis on spetsialiseerunud matkaautode ja haagissuvilate varustuse tootmisele. Thetford: innovatiivsed ja kvaliteetsed tooted teie matkas\u00f5iduki jaoks Thetford on tuntud kui \u00fcks juhtivaid tootjaid, kes pakub kvaliteetseid sanitaartooted, eriti matkaautode ja haagissuvilate omanikele. Ettev\u00f5te on p\u00fchendunud pakkuma innovaatilisi ja vastupidavaid lahendusi, mis tagavad suurema mugavuse ja funktsionaalsuse teie s\u00f5idukis. Tootevalik ja [&hellip;]<\/p>\n","protected":false},"author":1,"featured_media":460,"parent":263,"menu_order":0,"comment_status":"closed","ping_status":"closed","template":"page-full.php","meta":{"_themeisle_gutenberg_block_has_review":false,"footnotes":""},"class_list":["post-463","page","type-page","status-publish","has-post-thumbnail","hentry"],"yoast_head":"<!-- This site is optimized with the Yoast SEO plugin v27.2 - https:\/\/yoast.com\/product\/yoast-seo-wordpress\/ -->\n<title>Thetford - Flameko Camper<\/title>\n<meta name=\"description\" content=\"Flameko Camper on ametlik Thetford esindaja ja pakub kvaliteetseid tooteid koos professionaalse paigalduse ja hooldusega. K\u00fcsi pakkumist!\" \/>\n<meta name=\"robots\" content=\"index, follow, max-snippet:-1, max-image-preview:large, max-video-preview:-1\" \/>\n<link rel=\"canonical\" href=\"https:\/\/flamekocamper.ee\/en\/meist\/thetford\/\" \/>\n<meta property=\"og:locale\" content=\"en_US\" \/>\n<meta property=\"og:type\" content=\"article\" \/>\n<meta property=\"og:title\" content=\"Thetford - Flameko Camper\" \/>\n<meta property=\"og:description\" content=\"Flameko Camper on ametlik Thetford esindaja ja pakub kvaliteetseid tooteid koos professionaalse paigalduse ja hooldusega. K\u00fcsi pakkumist!\" \/>\n<meta property=\"og:url\" content=\"https:\/\/flamekocamper.ee\/en\/meist\/thetford\/\" \/>\n<meta property=\"og:site_name\" content=\"Flameko Camper\" \/>\n<meta property=\"article:publisher\" content=\"https:\/\/www.facebook.com\/flamekocamper\" \/>\n<meta property=\"article:modified_time\" content=\"2024-05-13T15:41:00+00:00\" \/>\n<meta property=\"og:image\" content=\"https:\/\/flamekocamper.ee\/wp-content\/uploads\/2023\/10\/Thetford-logo-150px.png\" \/>\n\t<meta property=\"og:image:width\" content=\"150\" \/>\n\t<meta property=\"og:image:height\" content=\"100\" \/>\n\t<meta property=\"og:image:type\" content=\"image\/png\" \/>\n<meta name=\"twitter:card\" content=\"summary_large_image\" \/>\n<meta name=\"twitter:label1\" content=\"Est. reading time\" \/>\n\t<meta name=\"twitter:data1\" content=\"2 minutes\" \/>\n<script type=\"application\/ld+json\" class=\"yoast-schema-graph\">{\"@context\":\"https:\/\/schema.org\",\"@graph\":[{\"@type\":\"WebPage\",\"@id\":\"https:\/\/flamekocamper.ee\/meist\/thetford\/\",\"url\":\"https:\/\/flamekocamper.ee\/meist\/thetford\/\",\"name\":\"Thetford - Flameko Camper\",\"isPartOf\":{\"@id\":\"https:\/\/flamekocamper.ee\/#website\"},\"primaryImageOfPage\":{\"@id\":\"https:\/\/flamekocamper.ee\/meist\/thetford\/#primaryimage\"},\"image\":{\"@id\":\"https:\/\/flamekocamper.ee\/meist\/thetford\/#primaryimage\"},\"thumbnailUrl\":\"https:\/\/flamekocamper.ee\/wp-content\/uploads\/2023\/10\/Thetford-logo-150px.png\",\"datePublished\":\"2023-10-26T20:33:23+00:00\",\"dateModified\":\"2024-05-13T15:41:00+00:00\",\"description\":\"Flameko Camper on ametlik Thetford esindaja ja pakub kvaliteetseid tooteid koos professionaalse paigalduse ja hooldusega. K\u00fcsi pakkumist!\",\"breadcrumb\":{\"@id\":\"https:\/\/flamekocamper.ee\/meist\/thetford\/#breadcrumb\"},\"inLanguage\":\"en-US\",\"potentialAction\":[{\"@type\":\"ReadAction\",\"target\":[\"https:\/\/flamekocamper.ee\/meist\/thetford\/\"]}]},{\"@type\":\"ImageObject\",\"inLanguage\":\"en-US\",\"@id\":\"https:\/\/flamekocamper.ee\/meist\/thetford\/#primaryimage\",\"url\":\"https:\/\/flamekocamper.ee\/wp-content\/uploads\/2023\/10\/Thetford-logo-150px.png\",\"contentUrl\":\"https:\/\/flamekocamper.ee\/wp-content\/uploads\/2023\/10\/Thetford-logo-150px.png\",\"width\":150,\"height\":100},{\"@type\":\"BreadcrumbList\",\"@id\":\"https:\/\/flamekocamper.ee\/meist\/thetford\/#breadcrumb\",\"itemListElement\":[{\"@type\":\"ListItem\",\"position\":1,\"name\":\"Home\",\"item\":\"https:\/\/flamekocamper.ee\/\"},{\"@type\":\"ListItem\",\"position\":2,\"name\":\"Meist\",\"item\":\"https:\/\/flamekocamper.ee\/meist\/\"},{\"@type\":\"ListItem\",\"position\":3,\"name\":\"Thetford\"}]},{\"@type\":\"WebSite\",\"@id\":\"https:\/\/flamekocamper.ee\/#website\",\"url\":\"https:\/\/flamekocamper.ee\/\",\"name\":\"Flameko Camper\",\"description\":\"K&otilde;ik hooldus ja remontt&ouml;&ouml;d Sinu matkaautole ja haagissuvilale. Seda k&otilde;ike nii autole endale kui ka elamuosale!\",\"publisher\":{\"@id\":\"https:\/\/flamekocamper.ee\/#organization\"},\"potentialAction\":[{\"@type\":\"SearchAction\",\"target\":{\"@type\":\"EntryPoint\",\"urlTemplate\":\"https:\/\/flamekocamper.ee\/?s={search_term_string}\"},\"query-input\":{\"@type\":\"PropertyValueSpecification\",\"valueRequired\":true,\"valueName\":\"search_term_string\"}}],\"inLanguage\":\"en-US\"},{\"@type\":\"Organization\",\"@id\":\"https:\/\/flamekocamper.ee\/#organization\",\"name\":\"Flameko Camper - Flameko O\u00dc\",\"url\":\"https:\/\/flamekocamper.ee\/\",\"logo\":{\"@type\":\"ImageObject\",\"inLanguage\":\"en-US\",\"@id\":\"https:\/\/flamekocamper.ee\/#\/schema\/logo\/image\/\",\"url\":\"https:\/\/flamekocamper.ee\/wp-content\/uploads\/2023\/04\/logo-2.png\",\"contentUrl\":\"https:\/\/flamekocamper.ee\/wp-content\/uploads\/2023\/04\/logo-2.png\",\"width\":400,\"height\":283,\"caption\":\"Flameko Camper - Flameko O\u00dc\"},\"image\":{\"@id\":\"https:\/\/flamekocamper.ee\/#\/schema\/logo\/image\/\"},\"sameAs\":[\"https:\/\/www.facebook.com\/flamekocamper\",\"https:\/\/www.instagram.com\/flamekocamper\/\"]}]}<\/script>\n<!-- \/ Yoast SEO plugin. -->","yoast_head_json":{"title":"Thetford - Flameko Camper","description":"Flameko Camper on ametlik Thetford esindaja ja pakub kvaliteetseid tooteid koos professionaalse paigalduse ja hooldusega. K\u00fcsi pakkumist!","robots":{"index":"index","follow":"follow","max-snippet":"max-snippet:-1","max-image-preview":"max-image-preview:large","max-video-preview":"max-video-preview:-1"},"canonical":"https:\/\/flamekocamper.ee\/en\/meist\/thetford\/","og_locale":"en_US","og_type":"article","og_title":"Thetford - Flameko Camper","og_description":"Flameko Camper on ametlik Thetford esindaja ja pakub kvaliteetseid tooteid koos professionaalse paigalduse ja hooldusega. K\u00fcsi pakkumist!","og_url":"https:\/\/flamekocamper.ee\/en\/meist\/thetford\/","og_site_name":"Flameko Camper","article_publisher":"https:\/\/www.facebook.com\/flamekocamper","article_modified_time":"2024-05-13T15:41:00+00:00","og_image":[{"width":150,"height":100,"url":"https:\/\/flamekocamper.ee\/wp-content\/uploads\/2023\/10\/Thetford-logo-150px.png","type":"image\/png"}],"twitter_card":"summary_large_image","twitter_misc":{"Est. reading time":"2 minutes"},"schema":{"@context":"https:\/\/schema.org","@graph":[{"@type":"WebPage","@id":"https:\/\/flamekocamper.ee\/meist\/thetford\/","url":"https:\/\/flamekocamper.ee\/meist\/thetford\/","name":"Thetford - Flameko Camper","isPartOf":{"@id":"https:\/\/flamekocamper.ee\/#website"},"primaryImageOfPage":{"@id":"https:\/\/flamekocamper.ee\/meist\/thetford\/#primaryimage"},"image":{"@id":"https:\/\/flamekocamper.ee\/meist\/thetford\/#primaryimage"},"thumbnailUrl":"https:\/\/flamekocamper.ee\/wp-content\/uploads\/2023\/10\/Thetford-logo-150px.png","datePublished":"2023-10-26T20:33:23+00:00","dateModified":"2024-05-13T15:41:00+00:00","description":"Flameko Camper on ametlik Thetford esindaja ja pakub kvaliteetseid tooteid koos professionaalse paigalduse ja hooldusega. K\u00fcsi pakkumist!","breadcrumb":{"@id":"https:\/\/flamekocamper.ee\/meist\/thetford\/#breadcrumb"},"inLanguage":"en-US","potentialAction":[{"@type":"ReadAction","target":["https:\/\/flamekocamper.ee\/meist\/thetford\/"]}]},{"@type":"ImageObject","inLanguage":"en-US","@id":"https:\/\/flamekocamper.ee\/meist\/thetford\/#primaryimage","url":"https:\/\/flamekocamper.ee\/wp-content\/uploads\/2023\/10\/Thetford-logo-150px.png","contentUrl":"https:\/\/flamekocamper.ee\/wp-content\/uploads\/2023\/10\/Thetford-logo-150px.png","width":150,"height":100},{"@type":"BreadcrumbList","@id":"https:\/\/flamekocamper.ee\/meist\/thetford\/#breadcrumb","itemListElement":[{"@type":"ListItem","position":1,"name":"Home","item":"https:\/\/flamekocamper.ee\/"},{"@type":"ListItem","position":2,"name":"Meist","item":"https:\/\/flamekocamper.ee\/meist\/"},{"@type":"ListItem","position":3,"name":"Thetford"}]},{"@type":"WebSite","@id":"https:\/\/flamekocamper.ee\/#website","url":"https:\/\/flamekocamper.ee\/","name":"Flameko Camper","description":"K&otilde;ik hooldus ja remontt&ouml;&ouml;d Sinu matkaautole ja haagissuvilale. Seda k&otilde;ike nii autole endale kui ka elamuosale!","publisher":{"@id":"https:\/\/flamekocamper.ee\/#organization"},"potentialAction":[{"@type":"SearchAction","target":{"@type":"EntryPoint","urlTemplate":"https:\/\/flamekocamper.ee\/?s={search_term_string}"},"query-input":{"@type":"PropertyValueSpecification","valueRequired":true,"valueName":"search_term_string"}}],"inLanguage":"en-US"},{"@type":"Organization","@id":"https:\/\/flamekocamper.ee\/#organization","name":"Flameko Camper - Flameko O\u00dc","url":"https:\/\/flamekocamper.ee\/","logo":{"@type":"ImageObject","inLanguage":"en-US","@id":"https:\/\/flamekocamper.ee\/#\/schema\/logo\/image\/","url":"https:\/\/flamekocamper.ee\/wp-content\/uploads\/2023\/04\/logo-2.png","contentUrl":"https:\/\/flamekocamper.ee\/wp-content\/uploads\/2023\/04\/logo-2.png","width":400,"height":283,"caption":"Flameko Camper - Flameko O\u00dc"},"image":{"@id":"https:\/\/flamekocamper.ee\/#\/schema\/logo\/image\/"},"sameAs":["https:\/\/www.facebook.com\/flamekocamper","https:\/\/www.instagram.com\/flamekocamper\/"]}]}},"_links":{"self":[{"href":"https:\/\/flamekocamper.ee\/en\/wp-json\/wp\/v2\/pages\/463","targetHints":{"allow":["GET"]}}],"collection":[{"href":"https:\/\/flamekocamper.ee\/en\/wp-json\/wp\/v2\/pages"}],"about":[{"href":"https:\/\/flamekocamper.ee\/en\/wp-json\/wp\/v2\/types\/page"}],"author":[{"embeddable":true,"href":"https:\/\/flamekocamper.ee\/en\/wp-json\/wp\/v2\/users\/1"}],"replies":[{"embeddable":true,"href":"https:\/\/flamekocamper.ee\/en\/wp-json\/wp\/v2\/comments?post=463"}],"version-history":[{"count":4,"href":"https:\/\/flamekocamper.ee\/en\/wp-json\/wp\/v2\/pages\/463\/revisions"}],"predecessor-version":[{"id":905,"href":"https:\/\/flamekocamper.ee\/en\/wp-json\/wp\/v2\/pages\/463\/revisions\/905"}],"up":[{"embeddable":true,"href":"https:\/\/flamekocamper.ee\/en\/wp-json\/wp\/v2\/pages\/263"}],"wp:featuredmedia":[{"embeddable":true,"href":"https:\/\/flamekocamper.ee\/en\/wp-json\/wp\/v2\/media\/460"}],"wp:attachment":[{"href":"https:\/\/flamekocamper.ee\/en\/wp-json\/wp\/v2\/media?parent=463"}],"curies":[{"name":"wp","href":"https:\/\/api.w.org\/{rel}","templated":true}]}}