{"id":604,"date":"2023-12-08T21:27:40","date_gmt":"2023-12-08T19:27:40","guid":{"rendered":"https:\/\/flamekocamper.ee\/?page_id=604"},"modified":"2024-05-13T18:50:49","modified_gmt":"2024-05-13T15:50:49","slug":"lmc_caravan","status":"publish","type":"page","link":"https:\/\/flamekocamper.ee\/en\/meist\/lmc_caravan\/","title":{"rendered":"LMC Caravan"},"content":{"rendered":"<p><strong>LMC Caravan<\/strong> on pika ajalooga Saksamaa ettev\u00f5te, mis on spetsialiseerunud kvaliteetsete ning funktsionaalsete matkabusside ja haagissuvilate tootmisele. Asutatud rohkem kui 65 aastat tagasi, on LMC t\u00e4naseks tuntud kui \u00fcks juhtivaid haagissuvilate ja matkaautode tootjaid Euroopas, pakkudes tooteid, mis on \u00fchtlasi nii mugavad kui ka innovatiivsed.<\/p>\n\n\n\n<p><strong>Mis T\u00e4hendab LMC?<\/strong><\/p>\n\n\n\n<p>LMC t\u00e4histab &#8220;Lord M\u00fcnsterland Caravan,&#8221; mis viitab ettev\u00f5tte asukohale M\u00fcnsterlandis Saksamaal ja algsele tootevalikule. Alates oma loomisest on LMC p\u00fchendunud pakkuma parimat v\u00f5imalikku elamust teel olles, mis kajastub nende haagissuvilate ja matkabusside k\u00f5rges kvaliteedis ja vastupidavuses.<\/p>\n\n\n\n<p><strong>Tootevalik<\/strong><\/p>\n\n\n\n<p>LMC Caravan pakub laia valikut haagissuvilaid ja matkaautosid, mis on loodud vastama nii l\u00fchiajaliste reiside kui ka pikemate seikluste vajadustele. Iga mudel on varustatud kaasaegsete mugavustega, nagu t\u00e4isfunktsionaalne k\u00f6\u00f6k, avarad elu- ja magamisruumid ning k\u00f5rgtehnoloogilised sanitaars\u00fcsteemid, mis tagavad koduse mugavuse ka k\u00f5ige kaugemates sihtkohtades.<br><br><strong>Kvaliteet ja innovatsioon<\/strong><\/p>\n\n\n\n<p>LMC Caravan&#8217;i tootmisprotsessis kasutatakse ainult parimaid materjale ja uusimaid tehnoloogiaid, et tagada iga s\u00f5iduki vastupidavus ja funktsionaalsus igasugustes ilmastikutingimustes. LMC on tuntud oma uuenduslike lahenduste poolest, nagu vee- ja k\u00fclmakindlad konstruktsioonid, mis tagavad s\u00f5idukite pikaajalise kasutuse ja k\u00f5rge j\u00e4\u00e4kv\u00e4\u00e4rtuse.<\/p>\n\n\n\n<p><strong>Teenused, mida pakume<\/strong><\/p>\n\n\n\n<p>Kui teie haagissuvila v\u00f5i matkaauto vajab hooldust, remonti v\u00f5i soovite lisada lisavarustust, on Flameko Camper teie parim valik. Meie teenused h\u00f5lmavad k\u00f5ike alates regulaarsest hooldusest kuni keerukate alusauto ja elamuosa remondit\u00f6\u00f6deni, samuti pakume laia valikut lisavarustust, mis t\u00e4iendavad teie matkas\u00f5idukit.<br><br>K\u00fclastage meid aadressil Lepatriinu tee 8 Laagri v\u00f5i saatke hinnap\u00e4ring meie veebilehe kaudu:<br><a href=\"https:\/\/flamekocamper.ee\/en\/hinnaparing\/\">https:\/\/flamekocamper.ee\/hinnaparing<\/a><\/p>","protected":false},"excerpt":{"rendered":"<p>LMC Caravan on pika ajalooga Saksamaa ettev\u00f5te, mis on spetsialiseerunud kvaliteetsete ning funktsionaalsete matkabusside ja haagissuvilate tootmisele. Asutatud rohkem kui 65 aastat tagasi, on LMC t\u00e4naseks tuntud kui \u00fcks juhtivaid haagissuvilate ja matkaautode tootjaid Euroopas, pakkudes tooteid, mis on \u00fchtlasi nii mugavad kui ka innovatiivsed. Mis T\u00e4hendab LMC? LMC t\u00e4histab &#8220;Lord M\u00fcnsterland Caravan,&#8221; mis viitab [&hellip;]<\/p>\n","protected":false},"author":1,"featured_media":592,"parent":263,"menu_order":0,"comment_status":"closed","ping_status":"closed","template":"page-full.php","meta":{"_themeisle_gutenberg_block_has_review":false,"footnotes":""},"class_list":["post-604","page","type-page","status-publish","has-post-thumbnail","hentry"],"yoast_head":"<!-- This site is optimized with the Yoast SEO plugin v27.2 - https:\/\/yoast.com\/product\/yoast-seo-wordpress\/ -->\n<title>LMC Caravan - Flameko Camper<\/title>\n<meta name=\"description\" content=\"LMC Caravan on spetsialiseerunud kvaliteetsete, funktsionaalsete matkas\u00f5idukite tootmisele. Flameko Camper on LMC ametlik service partner.\" \/>\n<meta name=\"robots\" content=\"index, follow, max-snippet:-1, max-image-preview:large, max-video-preview:-1\" \/>\n<link rel=\"canonical\" href=\"https:\/\/flamekocamper.ee\/en\/meist\/lmc_caravan\/\" \/>\n<meta property=\"og:locale\" content=\"en_US\" \/>\n<meta property=\"og:type\" content=\"article\" \/>\n<meta property=\"og:title\" content=\"LMC Caravan - Flameko Camper\" \/>\n<meta property=\"og:description\" content=\"LMC Caravan on spetsialiseerunud kvaliteetsete, funktsionaalsete matkas\u00f5idukite tootmisele. Flameko Camper on LMC ametlik service partner.\" \/>\n<meta property=\"og:url\" content=\"https:\/\/flamekocamper.ee\/en\/meist\/lmc_caravan\/\" \/>\n<meta property=\"og:site_name\" content=\"Flameko Camper\" \/>\n<meta property=\"article:publisher\" content=\"https:\/\/www.facebook.com\/flamekocamper\" \/>\n<meta property=\"article:modified_time\" content=\"2024-05-13T15:50:49+00:00\" \/>\n<meta property=\"og:image\" content=\"https:\/\/flamekocamper.ee\/wp-content\/uploads\/2023\/12\/LMC-logox283.png\" \/>\n\t<meta property=\"og:image:width\" content=\"509\" \/>\n\t<meta property=\"og:image:height\" content=\"283\" \/>\n\t<meta property=\"og:image:type\" content=\"image\/png\" \/>\n<meta name=\"twitter:card\" content=\"summary_large_image\" \/>\n<meta name=\"twitter:label1\" content=\"Est. reading time\" \/>\n\t<meta name=\"twitter:data1\" content=\"2 minutes\" \/>\n<script type=\"application\/ld+json\" class=\"yoast-schema-graph\">{\"@context\":\"https:\/\/schema.org\",\"@graph\":[{\"@type\":\"WebPage\",\"@id\":\"https:\/\/flamekocamper.ee\/meist\/lmc_caravan\/\",\"url\":\"https:\/\/flamekocamper.ee\/meist\/lmc_caravan\/\",\"name\":\"LMC Caravan - Flameko Camper\",\"isPartOf\":{\"@id\":\"https:\/\/flamekocamper.ee\/#website\"},\"primaryImageOfPage\":{\"@id\":\"https:\/\/flamekocamper.ee\/meist\/lmc_caravan\/#primaryimage\"},\"image\":{\"@id\":\"https:\/\/flamekocamper.ee\/meist\/lmc_caravan\/#primaryimage\"},\"thumbnailUrl\":\"https:\/\/flamekocamper.ee\/wp-content\/uploads\/2023\/12\/LMC-logox283.png\",\"datePublished\":\"2023-12-08T19:27:40+00:00\",\"dateModified\":\"2024-05-13T15:50:49+00:00\",\"description\":\"LMC Caravan on spetsialiseerunud kvaliteetsete, funktsionaalsete matkas\u00f5idukite tootmisele. Flameko Camper on LMC ametlik service partner.\",\"breadcrumb\":{\"@id\":\"https:\/\/flamekocamper.ee\/meist\/lmc_caravan\/#breadcrumb\"},\"inLanguage\":\"en-US\",\"potentialAction\":[{\"@type\":\"ReadAction\",\"target\":[\"https:\/\/flamekocamper.ee\/meist\/lmc_caravan\/\"]}]},{\"@type\":\"ImageObject\",\"inLanguage\":\"en-US\",\"@id\":\"https:\/\/flamekocamper.ee\/meist\/lmc_caravan\/#primaryimage\",\"url\":\"https:\/\/flamekocamper.ee\/wp-content\/uploads\/2023\/12\/LMC-logox283.png\",\"contentUrl\":\"https:\/\/flamekocamper.ee\/wp-content\/uploads\/2023\/12\/LMC-logox283.png\",\"width\":509,\"height\":283},{\"@type\":\"BreadcrumbList\",\"@id\":\"https:\/\/flamekocamper.ee\/meist\/lmc_caravan\/#breadcrumb\",\"itemListElement\":[{\"@type\":\"ListItem\",\"position\":1,\"name\":\"Home\",\"item\":\"https:\/\/flamekocamper.ee\/\"},{\"@type\":\"ListItem\",\"position\":2,\"name\":\"Meist\",\"item\":\"https:\/\/flamekocamper.ee\/meist\/\"},{\"@type\":\"ListItem\",\"position\":3,\"name\":\"LMC Caravan\"}]},{\"@type\":\"WebSite\",\"@id\":\"https:\/\/flamekocamper.ee\/#website\",\"url\":\"https:\/\/flamekocamper.ee\/\",\"name\":\"Flameko Camper\",\"description\":\"K&otilde;ik hooldus ja remontt&ouml;&ouml;d Sinu matkaautole ja haagissuvilale. Seda k&otilde;ike nii autole endale kui ka elamuosale!\",\"publisher\":{\"@id\":\"https:\/\/flamekocamper.ee\/#organization\"},\"potentialAction\":[{\"@type\":\"SearchAction\",\"target\":{\"@type\":\"EntryPoint\",\"urlTemplate\":\"https:\/\/flamekocamper.ee\/?s={search_term_string}\"},\"query-input\":{\"@type\":\"PropertyValueSpecification\",\"valueRequired\":true,\"valueName\":\"search_term_string\"}}],\"inLanguage\":\"en-US\"},{\"@type\":\"Organization\",\"@id\":\"https:\/\/flamekocamper.ee\/#organization\",\"name\":\"Flameko Camper - Flameko O\u00dc\",\"url\":\"https:\/\/flamekocamper.ee\/\",\"logo\":{\"@type\":\"ImageObject\",\"inLanguage\":\"en-US\",\"@id\":\"https:\/\/flamekocamper.ee\/#\/schema\/logo\/image\/\",\"url\":\"https:\/\/flamekocamper.ee\/wp-content\/uploads\/2023\/04\/logo-2.png\",\"contentUrl\":\"https:\/\/flamekocamper.ee\/wp-content\/uploads\/2023\/04\/logo-2.png\",\"width\":400,\"height\":283,\"caption\":\"Flameko Camper - Flameko O\u00dc\"},\"image\":{\"@id\":\"https:\/\/flamekocamper.ee\/#\/schema\/logo\/image\/\"},\"sameAs\":[\"https:\/\/www.facebook.com\/flamekocamper\",\"https:\/\/www.instagram.com\/flamekocamper\/\"]}]}<\/script>\n<!-- \/ Yoast SEO plugin. -->","yoast_head_json":{"title":"LMC Caravan - Flameko Camper","description":"LMC Caravan on spetsialiseerunud kvaliteetsete, funktsionaalsete matkas\u00f5idukite tootmisele. Flameko Camper on LMC ametlik service partner.","robots":{"index":"index","follow":"follow","max-snippet":"max-snippet:-1","max-image-preview":"max-image-preview:large","max-video-preview":"max-video-preview:-1"},"canonical":"https:\/\/flamekocamper.ee\/en\/meist\/lmc_caravan\/","og_locale":"en_US","og_type":"article","og_title":"LMC Caravan - Flameko Camper","og_description":"LMC Caravan on spetsialiseerunud kvaliteetsete, funktsionaalsete matkas\u00f5idukite tootmisele. Flameko Camper on LMC ametlik service partner.","og_url":"https:\/\/flamekocamper.ee\/en\/meist\/lmc_caravan\/","og_site_name":"Flameko Camper","article_publisher":"https:\/\/www.facebook.com\/flamekocamper","article_modified_time":"2024-05-13T15:50:49+00:00","og_image":[{"width":509,"height":283,"url":"https:\/\/flamekocamper.ee\/wp-content\/uploads\/2023\/12\/LMC-logox283.png","type":"image\/png"}],"twitter_card":"summary_large_image","twitter_misc":{"Est. reading time":"2 minutes"},"schema":{"@context":"https:\/\/schema.org","@graph":[{"@type":"WebPage","@id":"https:\/\/flamekocamper.ee\/meist\/lmc_caravan\/","url":"https:\/\/flamekocamper.ee\/meist\/lmc_caravan\/","name":"LMC Caravan - Flameko Camper","isPartOf":{"@id":"https:\/\/flamekocamper.ee\/#website"},"primaryImageOfPage":{"@id":"https:\/\/flamekocamper.ee\/meist\/lmc_caravan\/#primaryimage"},"image":{"@id":"https:\/\/flamekocamper.ee\/meist\/lmc_caravan\/#primaryimage"},"thumbnailUrl":"https:\/\/flamekocamper.ee\/wp-content\/uploads\/2023\/12\/LMC-logox283.png","datePublished":"2023-12-08T19:27:40+00:00","dateModified":"2024-05-13T15:50:49+00:00","description":"LMC Caravan on spetsialiseerunud kvaliteetsete, funktsionaalsete matkas\u00f5idukite tootmisele. Flameko Camper on LMC ametlik service partner.","breadcrumb":{"@id":"https:\/\/flamekocamper.ee\/meist\/lmc_caravan\/#breadcrumb"},"inLanguage":"en-US","potentialAction":[{"@type":"ReadAction","target":["https:\/\/flamekocamper.ee\/meist\/lmc_caravan\/"]}]},{"@type":"ImageObject","inLanguage":"en-US","@id":"https:\/\/flamekocamper.ee\/meist\/lmc_caravan\/#primaryimage","url":"https:\/\/flamekocamper.ee\/wp-content\/uploads\/2023\/12\/LMC-logox283.png","contentUrl":"https:\/\/flamekocamper.ee\/wp-content\/uploads\/2023\/12\/LMC-logox283.png","width":509,"height":283},{"@type":"BreadcrumbList","@id":"https:\/\/flamekocamper.ee\/meist\/lmc_caravan\/#breadcrumb","itemListElement":[{"@type":"ListItem","position":1,"name":"Home","item":"https:\/\/flamekocamper.ee\/"},{"@type":"ListItem","position":2,"name":"Meist","item":"https:\/\/flamekocamper.ee\/meist\/"},{"@type":"ListItem","position":3,"name":"LMC Caravan"}]},{"@type":"WebSite","@id":"https:\/\/flamekocamper.ee\/#website","url":"https:\/\/flamekocamper.ee\/","name":"Flameko Camper","description":"K&otilde;ik hooldus ja remontt&ouml;&ouml;d Sinu matkaautole ja haagissuvilale. Seda k&otilde;ike nii autole endale kui ka elamuosale!","publisher":{"@id":"https:\/\/flamekocamper.ee\/#organization"},"potentialAction":[{"@type":"SearchAction","target":{"@type":"EntryPoint","urlTemplate":"https:\/\/flamekocamper.ee\/?s={search_term_string}"},"query-input":{"@type":"PropertyValueSpecification","valueRequired":true,"valueName":"search_term_string"}}],"inLanguage":"en-US"},{"@type":"Organization","@id":"https:\/\/flamekocamper.ee\/#organization","name":"Flameko Camper - Flameko O\u00dc","url":"https:\/\/flamekocamper.ee\/","logo":{"@type":"ImageObject","inLanguage":"en-US","@id":"https:\/\/flamekocamper.ee\/#\/schema\/logo\/image\/","url":"https:\/\/flamekocamper.ee\/wp-content\/uploads\/2023\/04\/logo-2.png","contentUrl":"https:\/\/flamekocamper.ee\/wp-content\/uploads\/2023\/04\/logo-2.png","width":400,"height":283,"caption":"Flameko Camper - Flameko O\u00dc"},"image":{"@id":"https:\/\/flamekocamper.ee\/#\/schema\/logo\/image\/"},"sameAs":["https:\/\/www.facebook.com\/flamekocamper","https:\/\/www.instagram.com\/flamekocamper\/"]}]}},"_links":{"self":[{"href":"https:\/\/flamekocamper.ee\/en\/wp-json\/wp\/v2\/pages\/604","targetHints":{"allow":["GET"]}}],"collection":[{"href":"https:\/\/flamekocamper.ee\/en\/wp-json\/wp\/v2\/pages"}],"about":[{"href":"https:\/\/flamekocamper.ee\/en\/wp-json\/wp\/v2\/types\/page"}],"author":[{"embeddable":true,"href":"https:\/\/flamekocamper.ee\/en\/wp-json\/wp\/v2\/users\/1"}],"replies":[{"embeddable":true,"href":"https:\/\/flamekocamper.ee\/en\/wp-json\/wp\/v2\/comments?post=604"}],"version-history":[{"count":5,"href":"https:\/\/flamekocamper.ee\/en\/wp-json\/wp\/v2\/pages\/604\/revisions"}],"predecessor-version":[{"id":907,"href":"https:\/\/flamekocamper.ee\/en\/wp-json\/wp\/v2\/pages\/604\/revisions\/907"}],"up":[{"embeddable":true,"href":"https:\/\/flamekocamper.ee\/en\/wp-json\/wp\/v2\/pages\/263"}],"wp:featuredmedia":[{"embeddable":true,"href":"https:\/\/flamekocamper.ee\/en\/wp-json\/wp\/v2\/media\/592"}],"wp:attachment":[{"href":"https:\/\/flamekocamper.ee\/en\/wp-json\/wp\/v2\/media?parent=604"}],"curies":[{"name":"wp","href":"https:\/\/api.w.org\/{rel}","templated":true}]}}