{"id":632,"date":"2023-12-19T15:57:14","date_gmt":"2023-12-19T13:57:14","guid":{"rendered":"https:\/\/flamekocamper.ee\/?page_id=632"},"modified":"2023-12-19T15:59:50","modified_gmt":"2023-12-19T13:59:50","slug":"esto","status":"publish","type":"page","link":"https:\/\/flamekocamper.ee\/en\/esto\/","title":{"rendered":"ESTO"},"content":{"rendered":"<div id=\"wp-block-themeisle-blocks-flip-5a5176a7\" class=\"wp-block-themeisle-blocks-flip anim flipY\"><div class=\"o-flip-inner\"><div class=\"o-flip-front\"><div class=\"o-flip-content\"><img decoding=\"async\" class=\"o-img\" src=\"https:\/\/flamekocamper.ee\/wp-content\/uploads\/2023\/12\/ESTO-HP-banner.jpg\" srcset=\"https:\/\/flamekocamper.ee\/wp-content\/uploads\/2023\/12\/ESTO-HP-banner.jpg\" alt=\"\"\/><h3>ESTO j\u00e4relmaks<\/h3><p><\/p><\/div><\/div><div class=\"o-flip-back\">\n<p><strong>MIS ON ESTO? <\/strong>ESTO on finantsteenuseid pakkuv ettev\u00f5te, mille algusaeg ulatub aastasse 2016. Br\u00e4nd sai alguse vajadusest uue generatsiooni makselahenduste j\u00e4rele, mis oleksid sobilikud nii l\u00f5pptarbijale kui ka m\u00fc\u00fcjale. T\u00e4na pakub ESTO k\u00f5ige suuremat valikut erinevaid makselahendusi Baltikumis ning ESTO partnerv\u00f5rgustikku kuulub \u00fcle 2600 koost\u00f6\u00f6partneri ja kaupluse ning \u00fcle 300 000 kliendi.<\/p>\n\n\n\n<div class=\"wp-block-buttons is-content-justification-center is-layout-flex wp-container-core-buttons-is-layout-16018d1d wp-block-buttons-is-layout-flex\">\n<div class=\"wp-block-button is-style-fill\"><a class=\"wp-block-button__link wp-element-button\" href=\"https:\/\/flamekocamper.ee\/en\/esto\/esto-jarelmaks\/\">ESTO j\u00e4relmaks<\/a><\/div>\n<\/div>\n\n\n\n<p>Tutvu tingimustega siin: <a href=\"http:\/\/www.esto.ee\">www.esto.ee<\/a><\/p>\n\n\n\n<p>Vajadusel kontakteeruge ESTO AS t\u00f6\u00f6tajaga &#8211; <a href=\"mailto:info@esto.ee\">info@esto.ee<\/a> or <a href=\"http:\/\/www.esto.ee\">www.esto.ee<\/a> LIVE chat-aknas.<strong><\/strong><\/p>\n<\/div><\/div><\/div>\n\n\n\n<div id=\"wp-block-themeisle-blocks-flip-9a3d94b4\" class=\"wp-block-themeisle-blocks-flip anim flipY\"><div class=\"o-flip-inner\"><div class=\"o-flip-front\"><div class=\"o-flip-content\"><img decoding=\"async\" class=\"o-img\" src=\"https:\/\/flamekocamper.ee\/wp-content\/uploads\/2023\/12\/ESTO3-banner.png\" srcset=\"https:\/\/flamekocamper.ee\/wp-content\/uploads\/2023\/12\/ESTO3-banner.png\" alt=\"\"\/><h3>ESTO 3<\/h3><p><\/p><\/div><\/div><div class=\"o-flip-back\">\n<p><strong>MIS ON ESTO? <\/strong>ESTO on finantsteenuseid pakkuv ettev\u00f5te, mille algusaeg ulatub aastasse 2016. Br\u00e4nd sai alguse vajadusest uue generatsiooni makselahenduste j\u00e4rele, mis oleksid sobilikud nii l\u00f5pptarbijale kui ka m\u00fc\u00fcjale. T\u00e4na pakub ESTO k\u00f5ige suuremat valikut erinevaid makselahendusi Baltikumis ning ESTO partnerv\u00f5rgustikku kuulub \u00fcle 2600 koost\u00f6\u00f6partneri ja kaupluse ning \u00fcle 300 000 kliendi.<\/p>\n\n\n\n<div class=\"wp-block-buttons is-content-justification-center is-layout-flex wp-container-core-buttons-is-layout-16018d1d wp-block-buttons-is-layout-flex\">\n<div class=\"wp-block-button is-style-fill\"><a class=\"wp-block-button__link wp-element-button\" href=\"https:\/\/flamekocamper.ee\/en\/esto\/esto-3\/\">ESTO 3<\/a><\/div>\n<\/div>\n\n\n\n<p>Tutvu tingimustega siin: <a href=\"http:\/\/www.esto.ee\">www.esto.ee<\/a><\/p>\n\n\n\n<p>Vajadusel kontakteeruge ESTO AS t\u00f6\u00f6tajaga &#8211; <a href=\"mailto:info@esto.ee\">info@esto.ee<\/a> or <a href=\"http:\/\/www.esto.ee\">www.esto.ee<\/a> LIVE chat-aknas.<strong><\/strong><\/p>\n<\/div><\/div><\/div>","protected":false},"excerpt":{"rendered":"","protected":false},"author":1,"featured_media":0,"parent":0,"menu_order":0,"comment_status":"closed","ping_status":"closed","template":"","meta":{"_themeisle_gutenberg_block_has_review":false,"footnotes":""},"class_list":["post-632","page","type-page","status-publish","hentry"],"yoast_head":"<!-- This site is optimized with the Yoast SEO plugin v27.2 - https:\/\/yoast.com\/product\/yoast-seo-wordpress\/ -->\n<title>ESTO - Flameko Camper<\/title>\n<meta name=\"robots\" content=\"index, follow, max-snippet:-1, max-image-preview:large, max-video-preview:-1\" \/>\n<link rel=\"canonical\" href=\"https:\/\/flamekocamper.ee\/en\/esto\/\" \/>\n<meta property=\"og:locale\" content=\"en_US\" \/>\n<meta property=\"og:type\" content=\"article\" \/>\n<meta property=\"og:title\" content=\"ESTO - Flameko Camper\" \/>\n<meta property=\"og:url\" content=\"https:\/\/flamekocamper.ee\/en\/esto\/\" \/>\n<meta property=\"og:site_name\" content=\"Flameko Camper\" \/>\n<meta property=\"article:publisher\" content=\"https:\/\/www.facebook.com\/flamekocamper\" \/>\n<meta property=\"article:modified_time\" content=\"2023-12-19T13:59:50+00:00\" \/>\n<meta property=\"og:image\" content=\"https:\/\/flamekocamper.ee\/wp-content\/uploads\/2023\/12\/ESTO-HP-banner.jpg\" \/>\n<meta name=\"twitter:card\" content=\"summary_large_image\" \/>\n<meta name=\"twitter:label1\" content=\"Est. reading time\" \/>\n\t<meta name=\"twitter:data1\" content=\"1 minute\" \/>\n<script type=\"application\/ld+json\" class=\"yoast-schema-graph\">{\"@context\":\"https:\/\/schema.org\",\"@graph\":[{\"@type\":\"WebPage\",\"@id\":\"https:\/\/flamekocamper.ee\/esto\/\",\"url\":\"https:\/\/flamekocamper.ee\/esto\/\",\"name\":\"ESTO - Flameko Camper\",\"isPartOf\":{\"@id\":\"https:\/\/flamekocamper.ee\/#website\"},\"primaryImageOfPage\":{\"@id\":\"https:\/\/flamekocamper.ee\/esto\/#primaryimage\"},\"image\":{\"@id\":\"https:\/\/flamekocamper.ee\/esto\/#primaryimage\"},\"thumbnailUrl\":\"https:\/\/flamekocamper.ee\/wp-content\/uploads\/2023\/12\/ESTO-HP-banner.jpg\",\"datePublished\":\"2023-12-19T13:57:14+00:00\",\"dateModified\":\"2023-12-19T13:59:50+00:00\",\"breadcrumb\":{\"@id\":\"https:\/\/flamekocamper.ee\/esto\/#breadcrumb\"},\"inLanguage\":\"en-US\",\"potentialAction\":[{\"@type\":\"ReadAction\",\"target\":[\"https:\/\/flamekocamper.ee\/esto\/\"]}]},{\"@type\":\"ImageObject\",\"inLanguage\":\"en-US\",\"@id\":\"https:\/\/flamekocamper.ee\/esto\/#primaryimage\",\"url\":\"https:\/\/flamekocamper.ee\/wp-content\/uploads\/2023\/12\/ESTO-HP-banner.jpg\",\"contentUrl\":\"https:\/\/flamekocamper.ee\/wp-content\/uploads\/2023\/12\/ESTO-HP-banner.jpg\"},{\"@type\":\"BreadcrumbList\",\"@id\":\"https:\/\/flamekocamper.ee\/esto\/#breadcrumb\",\"itemListElement\":[{\"@type\":\"ListItem\",\"position\":1,\"name\":\"Home\",\"item\":\"https:\/\/flamekocamper.ee\/\"},{\"@type\":\"ListItem\",\"position\":2,\"name\":\"ESTO\"}]},{\"@type\":\"WebSite\",\"@id\":\"https:\/\/flamekocamper.ee\/#website\",\"url\":\"https:\/\/flamekocamper.ee\/\",\"name\":\"Flameko Camper\",\"description\":\"K&otilde;ik hooldus ja remontt&ouml;&ouml;d Sinu matkaautole ja haagissuvilale. Seda k&otilde;ike nii autole endale kui ka elamuosale!\",\"publisher\":{\"@id\":\"https:\/\/flamekocamper.ee\/#organization\"},\"potentialAction\":[{\"@type\":\"SearchAction\",\"target\":{\"@type\":\"EntryPoint\",\"urlTemplate\":\"https:\/\/flamekocamper.ee\/?s={search_term_string}\"},\"query-input\":{\"@type\":\"PropertyValueSpecification\",\"valueRequired\":true,\"valueName\":\"search_term_string\"}}],\"inLanguage\":\"en-US\"},{\"@type\":\"Organization\",\"@id\":\"https:\/\/flamekocamper.ee\/#organization\",\"name\":\"Flameko Camper - Flameko O\u00dc\",\"url\":\"https:\/\/flamekocamper.ee\/\",\"logo\":{\"@type\":\"ImageObject\",\"inLanguage\":\"en-US\",\"@id\":\"https:\/\/flamekocamper.ee\/#\/schema\/logo\/image\/\",\"url\":\"https:\/\/flamekocamper.ee\/wp-content\/uploads\/2023\/04\/logo-2.png\",\"contentUrl\":\"https:\/\/flamekocamper.ee\/wp-content\/uploads\/2023\/04\/logo-2.png\",\"width\":400,\"height\":283,\"caption\":\"Flameko Camper - Flameko O\u00dc\"},\"image\":{\"@id\":\"https:\/\/flamekocamper.ee\/#\/schema\/logo\/image\/\"},\"sameAs\":[\"https:\/\/www.facebook.com\/flamekocamper\",\"https:\/\/www.instagram.com\/flamekocamper\/\"]}]}<\/script>\n<!-- \/ Yoast SEO plugin. -->","yoast_head_json":{"title":"ESTO - Flameko Camper","robots":{"index":"index","follow":"follow","max-snippet":"max-snippet:-1","max-image-preview":"max-image-preview:large","max-video-preview":"max-video-preview:-1"},"canonical":"https:\/\/flamekocamper.ee\/en\/esto\/","og_locale":"en_US","og_type":"article","og_title":"ESTO - Flameko Camper","og_url":"https:\/\/flamekocamper.ee\/en\/esto\/","og_site_name":"Flameko Camper","article_publisher":"https:\/\/www.facebook.com\/flamekocamper","article_modified_time":"2023-12-19T13:59:50+00:00","og_image":[{"url":"https:\/\/flamekocamper.ee\/wp-content\/uploads\/2023\/12\/ESTO-HP-banner.jpg","type":"","width":"","height":""}],"twitter_card":"summary_large_image","twitter_misc":{"Est. reading time":"1 minute"},"schema":{"@context":"https:\/\/schema.org","@graph":[{"@type":"WebPage","@id":"https:\/\/flamekocamper.ee\/esto\/","url":"https:\/\/flamekocamper.ee\/esto\/","name":"ESTO - Flameko Camper","isPartOf":{"@id":"https:\/\/flamekocamper.ee\/#website"},"primaryImageOfPage":{"@id":"https:\/\/flamekocamper.ee\/esto\/#primaryimage"},"image":{"@id":"https:\/\/flamekocamper.ee\/esto\/#primaryimage"},"thumbnailUrl":"https:\/\/flamekocamper.ee\/wp-content\/uploads\/2023\/12\/ESTO-HP-banner.jpg","datePublished":"2023-12-19T13:57:14+00:00","dateModified":"2023-12-19T13:59:50+00:00","breadcrumb":{"@id":"https:\/\/flamekocamper.ee\/esto\/#breadcrumb"},"inLanguage":"en-US","potentialAction":[{"@type":"ReadAction","target":["https:\/\/flamekocamper.ee\/esto\/"]}]},{"@type":"ImageObject","inLanguage":"en-US","@id":"https:\/\/flamekocamper.ee\/esto\/#primaryimage","url":"https:\/\/flamekocamper.ee\/wp-content\/uploads\/2023\/12\/ESTO-HP-banner.jpg","contentUrl":"https:\/\/flamekocamper.ee\/wp-content\/uploads\/2023\/12\/ESTO-HP-banner.jpg"},{"@type":"BreadcrumbList","@id":"https:\/\/flamekocamper.ee\/esto\/#breadcrumb","itemListElement":[{"@type":"ListItem","position":1,"name":"Home","item":"https:\/\/flamekocamper.ee\/"},{"@type":"ListItem","position":2,"name":"ESTO"}]},{"@type":"WebSite","@id":"https:\/\/flamekocamper.ee\/#website","url":"https:\/\/flamekocamper.ee\/","name":"Flameko Camper","description":"K&otilde;ik hooldus ja remontt&ouml;&ouml;d Sinu matkaautole ja haagissuvilale. Seda k&otilde;ike nii autole endale kui ka elamuosale!","publisher":{"@id":"https:\/\/flamekocamper.ee\/#organization"},"potentialAction":[{"@type":"SearchAction","target":{"@type":"EntryPoint","urlTemplate":"https:\/\/flamekocamper.ee\/?s={search_term_string}"},"query-input":{"@type":"PropertyValueSpecification","valueRequired":true,"valueName":"search_term_string"}}],"inLanguage":"en-US"},{"@type":"Organization","@id":"https:\/\/flamekocamper.ee\/#organization","name":"Flameko Camper - Flameko O\u00dc","url":"https:\/\/flamekocamper.ee\/","logo":{"@type":"ImageObject","inLanguage":"en-US","@id":"https:\/\/flamekocamper.ee\/#\/schema\/logo\/image\/","url":"https:\/\/flamekocamper.ee\/wp-content\/uploads\/2023\/04\/logo-2.png","contentUrl":"https:\/\/flamekocamper.ee\/wp-content\/uploads\/2023\/04\/logo-2.png","width":400,"height":283,"caption":"Flameko Camper - Flameko O\u00dc"},"image":{"@id":"https:\/\/flamekocamper.ee\/#\/schema\/logo\/image\/"},"sameAs":["https:\/\/www.facebook.com\/flamekocamper","https:\/\/www.instagram.com\/flamekocamper\/"]}]}},"_links":{"self":[{"href":"https:\/\/flamekocamper.ee\/en\/wp-json\/wp\/v2\/pages\/632","targetHints":{"allow":["GET"]}}],"collection":[{"href":"https:\/\/flamekocamper.ee\/en\/wp-json\/wp\/v2\/pages"}],"about":[{"href":"https:\/\/flamekocamper.ee\/en\/wp-json\/wp\/v2\/types\/page"}],"author":[{"embeddable":true,"href":"https:\/\/flamekocamper.ee\/en\/wp-json\/wp\/v2\/users\/1"}],"replies":[{"embeddable":true,"href":"https:\/\/flamekocamper.ee\/en\/wp-json\/wp\/v2\/comments?post=632"}],"version-history":[{"count":7,"href":"https:\/\/flamekocamper.ee\/en\/wp-json\/wp\/v2\/pages\/632\/revisions"}],"predecessor-version":[{"id":645,"href":"https:\/\/flamekocamper.ee\/en\/wp-json\/wp\/v2\/pages\/632\/revisions\/645"}],"wp:attachment":[{"href":"https:\/\/flamekocamper.ee\/en\/wp-json\/wp\/v2\/media?parent=632"}],"curies":[{"name":"wp","href":"https:\/\/api.w.org\/{rel}","templated":true}]}}