{"id":643,"date":"2023-12-19T15:59:28","date_gmt":"2023-12-19T13:59:28","guid":{"rendered":"https:\/\/flamekocamper.ee\/?page_id=643"},"modified":"2024-05-08T14:25:03","modified_gmt":"2024-05-08T11:25:03","slug":"esto-3","status":"publish","type":"page","link":"https:\/\/flamekocamper.ee\/en\/esto\/esto-3\/","title":{"rendered":"ESTO 3"},"content":{"rendered":"<figure data-wp-context=\"{&quot;imageId&quot;:&quot;69d7037db5d31&quot;}\" data-wp-interactive=\"core\/image\" data-wp-key=\"69d7037db5d31\" class=\"wp-block-image size-full wp-lightbox-container\"><img loading=\"lazy\" decoding=\"async\" width=\"975\" height=\"510\" data-wp-class--hide=\"state.isContentHidden\" data-wp-class--show=\"state.isContentVisible\" data-wp-init=\"callbacks.setButtonStyles\" data-wp-on--click=\"actions.showLightbox\" data-wp-on--load=\"callbacks.setButtonStyles\" data-wp-on-window--resize=\"callbacks.setButtonStyles\" src=\"https:\/\/flamekocamper.ee\/wp-content\/uploads\/2023\/12\/ESTO3-banner.png\" alt=\"\" class=\"wp-image-641\" srcset=\"https:\/\/flamekocamper.ee\/wp-content\/uploads\/2023\/12\/ESTO3-banner.png 975w, https:\/\/flamekocamper.ee\/wp-content\/uploads\/2023\/12\/ESTO3-banner-300x157.png 300w, https:\/\/flamekocamper.ee\/wp-content\/uploads\/2023\/12\/ESTO3-banner-768x402.png 768w, https:\/\/flamekocamper.ee\/wp-content\/uploads\/2023\/12\/ESTO3-banner-18x9.png 18w\" sizes=\"auto, (max-width: 975px) 100vw, 975px\" \/><button\n\t\t\tclass=\"lightbox-trigger\"\n\t\t\ttype=\"button\"\n\t\t\taria-haspopup=\"dialog\"\n\t\t\taria-label=\"Enlarge\"\n\t\t\tdata-wp-init=\"callbacks.initTriggerButton\"\n\t\t\tdata-wp-on--click=\"actions.showLightbox\"\n\t\t\tdata-wp-style--right=\"state.imageButtonRight\"\n\t\t\tdata-wp-style--top=\"state.imageButtonTop\"\n\t\t>\n\t\t\t<svg xmlns=\"http:\/\/www.w3.org\/2000\/svg\" width=\"12\" height=\"12\" fill=\"none\" viewbox=\"0 0 12 12\">\n\t\t\t\t<path fill=\"#fff\" d=\"M2 0a2 2 0 0 0-2 2v2h1.5V2a.5.5 0 0 1 .5-.5h2V0H2Zm2 10.5H2a.5.5 0 0 1-.5-.5V8H0v2a2 2 0 0 0 2 2h2v-1.5ZM8 12v-1.5h2a.5.5 0 0 0 .5-.5V8H12v2a2 2 0 0 1-2 2H8Zm2-12a2 2 0 0 1 2 2v2h-1.5V2a.5.5 0 0 0-.5-.5H8V0h2Z\" \/>\n\t\t\t<\/svg>\n\t\t<\/button><\/figure>\n\n\n\n<p><strong>ESTO 3 makseviis on innovatiivne lahendus, mis v\u00f5imaldab ostu kinnitada ja tasuda mugavalt ning kiirelt &#8211; kolmes v\u00f5rdses osas, ilma lisatasudeta!<\/strong><\/p>\n\n\n\n<p>Vali e-poe kassas oma ostude eest tasumiseks \u00fclimalt populaarne ESTO 3-osaline makseviis!<\/p>\n\n\n\n<p>ESTO 3 aitab jagada ostusumma kuni 3-ks v\u00f5rdseks osaks.<br><\/p>\n\n\n\n<ul class=\"wp-block-list\">\n<li>\u00dchtegi lisatasu ei lisandu.<\/li>\n\n\n\n<li>Lihtsalt kolm v\u00f5rdses osas makset, kolme kuu jooksul.<\/li>\n\n\n\n<li>Esimene makse on alles j\u00e4rgmise kuu 15. kuup\u00e4eval.<\/li>\n<\/ul>\n\n\n\n<p>ESTO 3 makseviisi pakub ja haldab ESTO AS.<strong><\/strong><\/p>\n\n\n\n<p><strong>MIS ON ESTO?<\/strong><\/p>\n\n\n\n<p>ESTO on finantsteenuseid pakkuv ettev\u00f5te, mille algusaeg ulatub aastasse 2016. Br\u00e4nd sai alguse vajadusest uue generatsiooni makselahenduste j\u00e4rele, mis oleksid sobilikud nii l\u00f5pptarbijale kui ka m\u00fc\u00fcjale. T\u00e4na pakub ESTO k\u00f5ige suuremat valikut erinevaid makselahendusi Baltikumis ning ESTO partnerv\u00f5rgustikku kuulub \u00fcle 2600 koost\u00f6\u00f6partneri ja kaupluse ning \u00fcle 300 000 kliendi.<\/p>\n\n\n\n<p>Tutvu tingimustega siin: <a href=\"http:\/\/www.esto.ee\">www.esto.ee<\/a><\/p>\n\n\n\n<p>Vajadusel kontakteeruge ESTO AS t\u00f6\u00f6tajaga &#8211; <a href=\"mailto:info@esto.ee\">info@esto.ee<\/a> or <a href=\"http:\/\/www.esto.ee\">www.esto.ee<\/a> LIVE chat-aknas.<\/p>","protected":false},"excerpt":{"rendered":"<p>ESTO 3 makseviis on innovatiivne lahendus, mis v\u00f5imaldab ostu kinnitada ja tasuda mugavalt ning kiirelt &#8211; kolmes v\u00f5rdses osas, ilma lisatasudeta! Vali e-poe kassas oma ostude eest tasumiseks \u00fclimalt populaarne ESTO 3-osaline makseviis! ESTO 3 aitab jagada ostusumma kuni 3-ks v\u00f5rdseks osaks. ESTO 3 makseviisi pakub ja haldab ESTO AS. MIS ON ESTO? ESTO on [&hellip;]<\/p>\n","protected":false},"author":1,"featured_media":0,"parent":632,"menu_order":0,"comment_status":"closed","ping_status":"closed","template":"","meta":{"_themeisle_gutenberg_block_has_review":false,"footnotes":""},"class_list":["post-643","page","type-page","status-publish","hentry"],"yoast_head":"<!-- This site is optimized with the Yoast SEO plugin v27.2 - https:\/\/yoast.com\/product\/yoast-seo-wordpress\/ -->\n<title>ESTO 3 - Flameko Camper<\/title>\n<meta name=\"robots\" content=\"index, follow, max-snippet:-1, max-image-preview:large, max-video-preview:-1\" \/>\n<link rel=\"canonical\" href=\"https:\/\/flamekocamper.ee\/en\/esto\/esto-3\/\" \/>\n<meta property=\"og:locale\" content=\"en_US\" \/>\n<meta property=\"og:type\" content=\"article\" \/>\n<meta property=\"og:title\" content=\"ESTO 3 - Flameko Camper\" \/>\n<meta property=\"og:description\" content=\"ESTO 3 makseviis on innovatiivne lahendus, mis v\u00f5imaldab ostu kinnitada ja tasuda mugavalt ning kiirelt &#8211; kolmes v\u00f5rdses osas, ilma lisatasudeta! Vali e-poe kassas oma ostude eest tasumiseks \u00fclimalt populaarne ESTO 3-osaline makseviis! ESTO 3 aitab jagada ostusumma kuni 3-ks v\u00f5rdseks osaks. ESTO 3 makseviisi pakub ja haldab ESTO AS. MIS ON ESTO? ESTO on [&hellip;]\" \/>\n<meta property=\"og:url\" content=\"https:\/\/flamekocamper.ee\/en\/esto\/esto-3\/\" \/>\n<meta property=\"og:site_name\" content=\"Flameko Camper\" \/>\n<meta property=\"article:publisher\" content=\"https:\/\/www.facebook.com\/flamekocamper\" \/>\n<meta property=\"article:modified_time\" content=\"2024-05-08T11:25:03+00:00\" \/>\n<meta property=\"og:image\" content=\"https:\/\/flamekocamper.ee\/wp-content\/uploads\/2023\/12\/ESTO3-banner.png\" \/>\n<meta name=\"twitter:card\" content=\"summary_large_image\" \/>\n<meta name=\"twitter:label1\" content=\"Est. reading time\" \/>\n\t<meta name=\"twitter:data1\" content=\"1 minute\" \/>\n<script type=\"application\/ld+json\" class=\"yoast-schema-graph\">{\"@context\":\"https:\/\/schema.org\",\"@graph\":[{\"@type\":\"WebPage\",\"@id\":\"https:\/\/flamekocamper.ee\/esto\/esto-3\/\",\"url\":\"https:\/\/flamekocamper.ee\/esto\/esto-3\/\",\"name\":\"ESTO 3 - Flameko Camper\",\"isPartOf\":{\"@id\":\"https:\/\/flamekocamper.ee\/#website\"},\"primaryImageOfPage\":{\"@id\":\"https:\/\/flamekocamper.ee\/esto\/esto-3\/#primaryimage\"},\"image\":{\"@id\":\"https:\/\/flamekocamper.ee\/esto\/esto-3\/#primaryimage\"},\"thumbnailUrl\":\"https:\/\/flamekocamper.ee\/wp-content\/uploads\/2023\/12\/ESTO3-banner.png\",\"datePublished\":\"2023-12-19T13:59:28+00:00\",\"dateModified\":\"2024-05-08T11:25:03+00:00\",\"breadcrumb\":{\"@id\":\"https:\/\/flamekocamper.ee\/esto\/esto-3\/#breadcrumb\"},\"inLanguage\":\"en-US\",\"potentialAction\":[{\"@type\":\"ReadAction\",\"target\":[\"https:\/\/flamekocamper.ee\/esto\/esto-3\/\"]}]},{\"@type\":\"ImageObject\",\"inLanguage\":\"en-US\",\"@id\":\"https:\/\/flamekocamper.ee\/esto\/esto-3\/#primaryimage\",\"url\":\"https:\/\/flamekocamper.ee\/wp-content\/uploads\/2023\/12\/ESTO3-banner.png\",\"contentUrl\":\"https:\/\/flamekocamper.ee\/wp-content\/uploads\/2023\/12\/ESTO3-banner.png\"},{\"@type\":\"BreadcrumbList\",\"@id\":\"https:\/\/flamekocamper.ee\/esto\/esto-3\/#breadcrumb\",\"itemListElement\":[{\"@type\":\"ListItem\",\"position\":1,\"name\":\"Home\",\"item\":\"https:\/\/flamekocamper.ee\/\"},{\"@type\":\"ListItem\",\"position\":2,\"name\":\"ESTO\",\"item\":\"https:\/\/flamekocamper.ee\/esto\/\"},{\"@type\":\"ListItem\",\"position\":3,\"name\":\"ESTO 3\"}]},{\"@type\":\"WebSite\",\"@id\":\"https:\/\/flamekocamper.ee\/#website\",\"url\":\"https:\/\/flamekocamper.ee\/\",\"name\":\"Flameko Camper\",\"description\":\"K&otilde;ik hooldus ja remontt&ouml;&ouml;d Sinu matkaautole ja haagissuvilale. Seda k&otilde;ike nii autole endale kui ka elamuosale!\",\"publisher\":{\"@id\":\"https:\/\/flamekocamper.ee\/#organization\"},\"potentialAction\":[{\"@type\":\"SearchAction\",\"target\":{\"@type\":\"EntryPoint\",\"urlTemplate\":\"https:\/\/flamekocamper.ee\/?s={search_term_string}\"},\"query-input\":{\"@type\":\"PropertyValueSpecification\",\"valueRequired\":true,\"valueName\":\"search_term_string\"}}],\"inLanguage\":\"en-US\"},{\"@type\":\"Organization\",\"@id\":\"https:\/\/flamekocamper.ee\/#organization\",\"name\":\"Flameko Camper - Flameko O\u00dc\",\"url\":\"https:\/\/flamekocamper.ee\/\",\"logo\":{\"@type\":\"ImageObject\",\"inLanguage\":\"en-US\",\"@id\":\"https:\/\/flamekocamper.ee\/#\/schema\/logo\/image\/\",\"url\":\"https:\/\/flamekocamper.ee\/wp-content\/uploads\/2023\/04\/logo-2.png\",\"contentUrl\":\"https:\/\/flamekocamper.ee\/wp-content\/uploads\/2023\/04\/logo-2.png\",\"width\":400,\"height\":283,\"caption\":\"Flameko Camper - Flameko O\u00dc\"},\"image\":{\"@id\":\"https:\/\/flamekocamper.ee\/#\/schema\/logo\/image\/\"},\"sameAs\":[\"https:\/\/www.facebook.com\/flamekocamper\",\"https:\/\/www.instagram.com\/flamekocamper\/\"]}]}<\/script>\n<!-- \/ Yoast SEO plugin. -->","yoast_head_json":{"title":"ESTO 3 - Flameko Camper","robots":{"index":"index","follow":"follow","max-snippet":"max-snippet:-1","max-image-preview":"max-image-preview:large","max-video-preview":"max-video-preview:-1"},"canonical":"https:\/\/flamekocamper.ee\/en\/esto\/esto-3\/","og_locale":"en_US","og_type":"article","og_title":"ESTO 3 - Flameko Camper","og_description":"ESTO 3 makseviis on innovatiivne lahendus, mis v\u00f5imaldab ostu kinnitada ja tasuda mugavalt ning kiirelt &#8211; kolmes v\u00f5rdses osas, ilma lisatasudeta! Vali e-poe kassas oma ostude eest tasumiseks \u00fclimalt populaarne ESTO 3-osaline makseviis! ESTO 3 aitab jagada ostusumma kuni 3-ks v\u00f5rdseks osaks. ESTO 3 makseviisi pakub ja haldab ESTO AS. MIS ON ESTO? ESTO on [&hellip;]","og_url":"https:\/\/flamekocamper.ee\/en\/esto\/esto-3\/","og_site_name":"Flameko Camper","article_publisher":"https:\/\/www.facebook.com\/flamekocamper","article_modified_time":"2024-05-08T11:25:03+00:00","og_image":[{"url":"https:\/\/flamekocamper.ee\/wp-content\/uploads\/2023\/12\/ESTO3-banner.png","type":"","width":"","height":""}],"twitter_card":"summary_large_image","twitter_misc":{"Est. reading time":"1 minute"},"schema":{"@context":"https:\/\/schema.org","@graph":[{"@type":"WebPage","@id":"https:\/\/flamekocamper.ee\/esto\/esto-3\/","url":"https:\/\/flamekocamper.ee\/esto\/esto-3\/","name":"ESTO 3 - Flameko Camper","isPartOf":{"@id":"https:\/\/flamekocamper.ee\/#website"},"primaryImageOfPage":{"@id":"https:\/\/flamekocamper.ee\/esto\/esto-3\/#primaryimage"},"image":{"@id":"https:\/\/flamekocamper.ee\/esto\/esto-3\/#primaryimage"},"thumbnailUrl":"https:\/\/flamekocamper.ee\/wp-content\/uploads\/2023\/12\/ESTO3-banner.png","datePublished":"2023-12-19T13:59:28+00:00","dateModified":"2024-05-08T11:25:03+00:00","breadcrumb":{"@id":"https:\/\/flamekocamper.ee\/esto\/esto-3\/#breadcrumb"},"inLanguage":"en-US","potentialAction":[{"@type":"ReadAction","target":["https:\/\/flamekocamper.ee\/esto\/esto-3\/"]}]},{"@type":"ImageObject","inLanguage":"en-US","@id":"https:\/\/flamekocamper.ee\/esto\/esto-3\/#primaryimage","url":"https:\/\/flamekocamper.ee\/wp-content\/uploads\/2023\/12\/ESTO3-banner.png","contentUrl":"https:\/\/flamekocamper.ee\/wp-content\/uploads\/2023\/12\/ESTO3-banner.png"},{"@type":"BreadcrumbList","@id":"https:\/\/flamekocamper.ee\/esto\/esto-3\/#breadcrumb","itemListElement":[{"@type":"ListItem","position":1,"name":"Home","item":"https:\/\/flamekocamper.ee\/"},{"@type":"ListItem","position":2,"name":"ESTO","item":"https:\/\/flamekocamper.ee\/esto\/"},{"@type":"ListItem","position":3,"name":"ESTO 3"}]},{"@type":"WebSite","@id":"https:\/\/flamekocamper.ee\/#website","url":"https:\/\/flamekocamper.ee\/","name":"Flameko Camper","description":"K&otilde;ik hooldus ja remontt&ouml;&ouml;d Sinu matkaautole ja haagissuvilale. Seda k&otilde;ike nii autole endale kui ka elamuosale!","publisher":{"@id":"https:\/\/flamekocamper.ee\/#organization"},"potentialAction":[{"@type":"SearchAction","target":{"@type":"EntryPoint","urlTemplate":"https:\/\/flamekocamper.ee\/?s={search_term_string}"},"query-input":{"@type":"PropertyValueSpecification","valueRequired":true,"valueName":"search_term_string"}}],"inLanguage":"en-US"},{"@type":"Organization","@id":"https:\/\/flamekocamper.ee\/#organization","name":"Flameko Camper - Flameko O\u00dc","url":"https:\/\/flamekocamper.ee\/","logo":{"@type":"ImageObject","inLanguage":"en-US","@id":"https:\/\/flamekocamper.ee\/#\/schema\/logo\/image\/","url":"https:\/\/flamekocamper.ee\/wp-content\/uploads\/2023\/04\/logo-2.png","contentUrl":"https:\/\/flamekocamper.ee\/wp-content\/uploads\/2023\/04\/logo-2.png","width":400,"height":283,"caption":"Flameko Camper - Flameko O\u00dc"},"image":{"@id":"https:\/\/flamekocamper.ee\/#\/schema\/logo\/image\/"},"sameAs":["https:\/\/www.facebook.com\/flamekocamper","https:\/\/www.instagram.com\/flamekocamper\/"]}]}},"_links":{"self":[{"href":"https:\/\/flamekocamper.ee\/en\/wp-json\/wp\/v2\/pages\/643","targetHints":{"allow":["GET"]}}],"collection":[{"href":"https:\/\/flamekocamper.ee\/en\/wp-json\/wp\/v2\/pages"}],"about":[{"href":"https:\/\/flamekocamper.ee\/en\/wp-json\/wp\/v2\/types\/page"}],"author":[{"embeddable":true,"href":"https:\/\/flamekocamper.ee\/en\/wp-json\/wp\/v2\/users\/1"}],"replies":[{"embeddable":true,"href":"https:\/\/flamekocamper.ee\/en\/wp-json\/wp\/v2\/comments?post=643"}],"version-history":[{"count":2,"href":"https:\/\/flamekocamper.ee\/en\/wp-json\/wp\/v2\/pages\/643\/revisions"}],"predecessor-version":[{"id":862,"href":"https:\/\/flamekocamper.ee\/en\/wp-json\/wp\/v2\/pages\/643\/revisions\/862"}],"up":[{"embeddable":true,"href":"https:\/\/flamekocamper.ee\/en\/wp-json\/wp\/v2\/pages\/632"}],"wp:attachment":[{"href":"https:\/\/flamekocamper.ee\/en\/wp-json\/wp\/v2\/media?parent=643"}],"curies":[{"name":"wp","href":"https:\/\/api.w.org\/{rel}","templated":true}]}}