{"id":809,"date":"2024-04-26T17:25:15","date_gmt":"2024-04-26T14:25:15","guid":{"rendered":"https:\/\/flamekocamper.ee\/?page_id=809"},"modified":"2024-04-26T17:31:43","modified_gmt":"2024-04-26T14:31:43","slug":"eestikaravan","status":"publish","type":"page","link":"https:\/\/flamekocamper.ee\/en\/eestikaravan\/","title":{"rendered":"Koost\u00f6\u00f6 Eesti Karavan-iga"},"content":{"rendered":"<p>Flameko Camper teeb koost\u00f6\u00f6d klubiga Eesti Karavan.<br>Eesti Karavan on klubi, mis \u00fchendab endas matkas\u00f5idukite omanikke ja huvilisi. Klubi eesm\u00e4rk on edendada matkamist ja karavanielu Eestis. <\/p>\n\n\n\n<p>Lisainfot saab lugeda siit: <a href=\"https:\/\/eestikaravan.eu\">https:\/\/eestikaravan.eu<\/a><\/p>\n\n\n\n<p>Eesti Karavan liikmekaardi omanikud saavad Flameko Camperis soodustust:<br>\u2714\ufe0f lisavarustus ja varuosad kuni -10%<br>\u2714\ufe0f remont- ja hooldust\u00f6\u00f6d kuni -10%<\/p>\n\n\n\n<p>Ootame k\u00fclla \ud83d\ude09<\/p>\n\n\n\n<p>K\u00fcsi hinnapakkumist siit:\u00a0<a href=\"https:\/\/flamekocamper.ee\/en\/hinnaparing\/\">https:\/\/flamekocamper.ee\/hinnaparing\/<\/a><\/p>","protected":false},"excerpt":{"rendered":"<p>Flameko Camper teeb koost\u00f6\u00f6d klubiga Eesti Karavan.Eesti Karavan on klubi, mis \u00fchendab endas matkas\u00f5idukite omanikke ja huvilisi. Klubi eesm\u00e4rk on edendada matkamist ja karavanielu Eestis. Lisainfot saab lugeda siit: https:\/\/eestikaravan.eu Eesti Karavan liikmekaardi omanikud saavad Flameko Camperis soodustust:\u2714\ufe0f lisavarustus ja varuosad kuni -10%\u2714\ufe0f remont- ja hooldust\u00f6\u00f6d kuni -10% Ootame k\u00fclla \ud83d\ude09 K\u00fcsi hinnapakkumist siit:\u00a0https:\/\/flamekocamper.ee\/hinnaparing\/<\/p>","protected":false},"author":1,"featured_media":0,"parent":0,"menu_order":0,"comment_status":"closed","ping_status":"closed","template":"","meta":{"_themeisle_gutenberg_block_has_review":false,"footnotes":""},"class_list":["post-809","page","type-page","status-publish","hentry"],"yoast_head":"<!-- This site is optimized with the Yoast SEO plugin v27.2 - https:\/\/yoast.com\/product\/yoast-seo-wordpress\/ -->\n<title>Koost\u00f6\u00f6 Eesti Karavan-iga - Flameko Camper<\/title>\n<meta name=\"robots\" content=\"index, follow, max-snippet:-1, max-image-preview:large, max-video-preview:-1\" \/>\n<link rel=\"canonical\" href=\"https:\/\/flamekocamper.ee\/en\/eestikaravan\/\" \/>\n<meta property=\"og:locale\" content=\"en_US\" \/>\n<meta property=\"og:type\" content=\"article\" \/>\n<meta property=\"og:title\" content=\"Koost\u00f6\u00f6 Eesti Karavan-iga - Flameko Camper\" \/>\n<meta property=\"og:description\" content=\"Flameko Camper teeb koost\u00f6\u00f6d klubiga Eesti Karavan.Eesti Karavan on klubi, mis \u00fchendab endas matkas\u00f5idukite omanikke ja huvilisi. Klubi eesm\u00e4rk on edendada matkamist ja karavanielu Eestis. Lisainfot saab lugeda siit: https:\/\/eestikaravan.eu Eesti Karavan liikmekaardi omanikud saavad Flameko Camperis soodustust:\u2714\ufe0f lisavarustus ja varuosad kuni -10%\u2714\ufe0f remont- ja hooldust\u00f6\u00f6d kuni -10% Ootame k\u00fclla \ud83d\ude09 K\u00fcsi hinnapakkumist siit:\u00a0https:\/\/flamekocamper.ee\/hinnaparing\/\" \/>\n<meta property=\"og:url\" content=\"https:\/\/flamekocamper.ee\/en\/eestikaravan\/\" \/>\n<meta property=\"og:site_name\" content=\"Flameko Camper\" \/>\n<meta property=\"article:publisher\" content=\"https:\/\/www.facebook.com\/flamekocamper\" \/>\n<meta property=\"article:modified_time\" content=\"2024-04-26T14:31:43+00:00\" \/>\n<meta name=\"twitter:card\" content=\"summary_large_image\" \/>\n<meta name=\"twitter:label1\" content=\"Est. reading time\" \/>\n\t<meta name=\"twitter:data1\" content=\"1 minute\" \/>\n<script type=\"application\/ld+json\" class=\"yoast-schema-graph\">{\"@context\":\"https:\/\/schema.org\",\"@graph\":[{\"@type\":\"WebPage\",\"@id\":\"https:\/\/flamekocamper.ee\/eestikaravan\/\",\"url\":\"https:\/\/flamekocamper.ee\/eestikaravan\/\",\"name\":\"Koost\u00f6\u00f6 Eesti Karavan-iga - Flameko Camper\",\"isPartOf\":{\"@id\":\"https:\/\/flamekocamper.ee\/#website\"},\"datePublished\":\"2024-04-26T14:25:15+00:00\",\"dateModified\":\"2024-04-26T14:31:43+00:00\",\"breadcrumb\":{\"@id\":\"https:\/\/flamekocamper.ee\/eestikaravan\/#breadcrumb\"},\"inLanguage\":\"en-US\",\"potentialAction\":[{\"@type\":\"ReadAction\",\"target\":[\"https:\/\/flamekocamper.ee\/eestikaravan\/\"]}]},{\"@type\":\"BreadcrumbList\",\"@id\":\"https:\/\/flamekocamper.ee\/eestikaravan\/#breadcrumb\",\"itemListElement\":[{\"@type\":\"ListItem\",\"position\":1,\"name\":\"Home\",\"item\":\"https:\/\/flamekocamper.ee\/\"},{\"@type\":\"ListItem\",\"position\":2,\"name\":\"Koost\u00f6\u00f6 Eesti Karavan-iga\"}]},{\"@type\":\"WebSite\",\"@id\":\"https:\/\/flamekocamper.ee\/#website\",\"url\":\"https:\/\/flamekocamper.ee\/\",\"name\":\"Flameko Camper\",\"description\":\"K&otilde;ik hooldus ja remontt&ouml;&ouml;d Sinu matkaautole ja haagissuvilale. Seda k&otilde;ike nii autole endale kui ka elamuosale!\",\"publisher\":{\"@id\":\"https:\/\/flamekocamper.ee\/#organization\"},\"potentialAction\":[{\"@type\":\"SearchAction\",\"target\":{\"@type\":\"EntryPoint\",\"urlTemplate\":\"https:\/\/flamekocamper.ee\/?s={search_term_string}\"},\"query-input\":{\"@type\":\"PropertyValueSpecification\",\"valueRequired\":true,\"valueName\":\"search_term_string\"}}],\"inLanguage\":\"en-US\"},{\"@type\":\"Organization\",\"@id\":\"https:\/\/flamekocamper.ee\/#organization\",\"name\":\"Flameko Camper - Flameko O\u00dc\",\"url\":\"https:\/\/flamekocamper.ee\/\",\"logo\":{\"@type\":\"ImageObject\",\"inLanguage\":\"en-US\",\"@id\":\"https:\/\/flamekocamper.ee\/#\/schema\/logo\/image\/\",\"url\":\"https:\/\/flamekocamper.ee\/wp-content\/uploads\/2023\/04\/logo-2.png\",\"contentUrl\":\"https:\/\/flamekocamper.ee\/wp-content\/uploads\/2023\/04\/logo-2.png\",\"width\":400,\"height\":283,\"caption\":\"Flameko Camper - Flameko O\u00dc\"},\"image\":{\"@id\":\"https:\/\/flamekocamper.ee\/#\/schema\/logo\/image\/\"},\"sameAs\":[\"https:\/\/www.facebook.com\/flamekocamper\",\"https:\/\/www.instagram.com\/flamekocamper\/\"]}]}<\/script>\n<!-- \/ Yoast SEO plugin. -->","yoast_head_json":{"title":"Koost\u00f6\u00f6 Eesti Karavan-iga - Flameko Camper","robots":{"index":"index","follow":"follow","max-snippet":"max-snippet:-1","max-image-preview":"max-image-preview:large","max-video-preview":"max-video-preview:-1"},"canonical":"https:\/\/flamekocamper.ee\/en\/eestikaravan\/","og_locale":"en_US","og_type":"article","og_title":"Koost\u00f6\u00f6 Eesti Karavan-iga - Flameko Camper","og_description":"Flameko Camper teeb koost\u00f6\u00f6d klubiga Eesti Karavan.Eesti Karavan on klubi, mis \u00fchendab endas matkas\u00f5idukite omanikke ja huvilisi. Klubi eesm\u00e4rk on edendada matkamist ja karavanielu Eestis. Lisainfot saab lugeda siit: https:\/\/eestikaravan.eu Eesti Karavan liikmekaardi omanikud saavad Flameko Camperis soodustust:\u2714\ufe0f lisavarustus ja varuosad kuni -10%\u2714\ufe0f remont- ja hooldust\u00f6\u00f6d kuni -10% Ootame k\u00fclla \ud83d\ude09 K\u00fcsi hinnapakkumist siit:\u00a0https:\/\/flamekocamper.ee\/hinnaparing\/","og_url":"https:\/\/flamekocamper.ee\/en\/eestikaravan\/","og_site_name":"Flameko Camper","article_publisher":"https:\/\/www.facebook.com\/flamekocamper","article_modified_time":"2024-04-26T14:31:43+00:00","twitter_card":"summary_large_image","twitter_misc":{"Est. reading time":"1 minute"},"schema":{"@context":"https:\/\/schema.org","@graph":[{"@type":"WebPage","@id":"https:\/\/flamekocamper.ee\/eestikaravan\/","url":"https:\/\/flamekocamper.ee\/eestikaravan\/","name":"Koost\u00f6\u00f6 Eesti Karavan-iga - Flameko Camper","isPartOf":{"@id":"https:\/\/flamekocamper.ee\/#website"},"datePublished":"2024-04-26T14:25:15+00:00","dateModified":"2024-04-26T14:31:43+00:00","breadcrumb":{"@id":"https:\/\/flamekocamper.ee\/eestikaravan\/#breadcrumb"},"inLanguage":"en-US","potentialAction":[{"@type":"ReadAction","target":["https:\/\/flamekocamper.ee\/eestikaravan\/"]}]},{"@type":"BreadcrumbList","@id":"https:\/\/flamekocamper.ee\/eestikaravan\/#breadcrumb","itemListElement":[{"@type":"ListItem","position":1,"name":"Home","item":"https:\/\/flamekocamper.ee\/"},{"@type":"ListItem","position":2,"name":"Koost\u00f6\u00f6 Eesti Karavan-iga"}]},{"@type":"WebSite","@id":"https:\/\/flamekocamper.ee\/#website","url":"https:\/\/flamekocamper.ee\/","name":"Flameko Camper","description":"K&otilde;ik hooldus ja remontt&ouml;&ouml;d Sinu matkaautole ja haagissuvilale. Seda k&otilde;ike nii autole endale kui ka elamuosale!","publisher":{"@id":"https:\/\/flamekocamper.ee\/#organization"},"potentialAction":[{"@type":"SearchAction","target":{"@type":"EntryPoint","urlTemplate":"https:\/\/flamekocamper.ee\/?s={search_term_string}"},"query-input":{"@type":"PropertyValueSpecification","valueRequired":true,"valueName":"search_term_string"}}],"inLanguage":"en-US"},{"@type":"Organization","@id":"https:\/\/flamekocamper.ee\/#organization","name":"Flameko Camper - Flameko O\u00dc","url":"https:\/\/flamekocamper.ee\/","logo":{"@type":"ImageObject","inLanguage":"en-US","@id":"https:\/\/flamekocamper.ee\/#\/schema\/logo\/image\/","url":"https:\/\/flamekocamper.ee\/wp-content\/uploads\/2023\/04\/logo-2.png","contentUrl":"https:\/\/flamekocamper.ee\/wp-content\/uploads\/2023\/04\/logo-2.png","width":400,"height":283,"caption":"Flameko Camper - Flameko O\u00dc"},"image":{"@id":"https:\/\/flamekocamper.ee\/#\/schema\/logo\/image\/"},"sameAs":["https:\/\/www.facebook.com\/flamekocamper","https:\/\/www.instagram.com\/flamekocamper\/"]}]}},"_links":{"self":[{"href":"https:\/\/flamekocamper.ee\/en\/wp-json\/wp\/v2\/pages\/809","targetHints":{"allow":["GET"]}}],"collection":[{"href":"https:\/\/flamekocamper.ee\/en\/wp-json\/wp\/v2\/pages"}],"about":[{"href":"https:\/\/flamekocamper.ee\/en\/wp-json\/wp\/v2\/types\/page"}],"author":[{"embeddable":true,"href":"https:\/\/flamekocamper.ee\/en\/wp-json\/wp\/v2\/users\/1"}],"replies":[{"embeddable":true,"href":"https:\/\/flamekocamper.ee\/en\/wp-json\/wp\/v2\/comments?post=809"}],"version-history":[{"count":2,"href":"https:\/\/flamekocamper.ee\/en\/wp-json\/wp\/v2\/pages\/809\/revisions"}],"predecessor-version":[{"id":812,"href":"https:\/\/flamekocamper.ee\/en\/wp-json\/wp\/v2\/pages\/809\/revisions\/812"}],"wp:attachment":[{"href":"https:\/\/flamekocamper.ee\/en\/wp-json\/wp\/v2\/media?parent=809"}],"curies":[{"name":"wp","href":"https:\/\/api.w.org\/{rel}","templated":true}]}}