{"id":821,"date":"2024-05-08T12:39:57","date_gmt":"2024-05-08T09:39:57","guid":{"rendered":"https:\/\/flamekocamper.ee\/?page_id=821"},"modified":"2024-05-08T13:38:51","modified_gmt":"2024-05-08T10:38:51","slug":"lojaalsusprogramm","status":"publish","type":"page","link":"https:\/\/flamekocamper.ee\/en\/lojaalsusprogramm\/","title":{"rendered":"Lojaalsusprogramm"},"content":{"rendered":"<div class=\"wp-block-image\">\n<figure data-wp-context=\"{&quot;imageId&quot;:&quot;69e62abbd4ec6&quot;}\" data-wp-interactive=\"core\/image\" data-wp-key=\"69e62abbd4ec6\" class=\"alignright size-medium wp-lightbox-container\"><img loading=\"lazy\" decoding=\"async\" width=\"300\" height=\"241\" data-wp-class--hide=\"state.isContentHidden\" data-wp-class--show=\"state.isContentVisible\" data-wp-init=\"callbacks.setButtonStyles\" data-wp-on--click=\"actions.showLightbox\" data-wp-on--load=\"callbacks.setButtonStyles\" data-wp-on-window--resize=\"callbacks.setButtonStyles\" src=\"https:\/\/flamekocamper.ee\/wp-content\/uploads\/2024\/05\/2024-05-08_12-05-40-905-300x241.jpg\" alt=\"Flameko lojaalsusprogramm\" class=\"wp-image-851\" style=\"object-fit:cover\" srcset=\"https:\/\/flamekocamper.ee\/wp-content\/uploads\/2024\/05\/2024-05-08_12-05-40-905-300x241.jpg 300w, https:\/\/flamekocamper.ee\/wp-content\/uploads\/2024\/05\/2024-05-08_12-05-40-905-768x618.jpg 768w, https:\/\/flamekocamper.ee\/wp-content\/uploads\/2024\/05\/2024-05-08_12-05-40-905-15x12.jpg 15w, https:\/\/flamekocamper.ee\/wp-content\/uploads\/2024\/05\/2024-05-08_12-05-40-905.jpg 980w\" sizes=\"auto, (max-width: 300px) 100vw, 300px\" \/><button\n\t\t\tclass=\"lightbox-trigger\"\n\t\t\ttype=\"button\"\n\t\t\taria-haspopup=\"dialog\"\n\t\t\taria-label=\"Enlarge\"\n\t\t\tdata-wp-init=\"callbacks.initTriggerButton\"\n\t\t\tdata-wp-on--click=\"actions.showLightbox\"\n\t\t\tdata-wp-style--right=\"state.imageButtonRight\"\n\t\t\tdata-wp-style--top=\"state.imageButtonTop\"\n\t\t>\n\t\t\t<svg xmlns=\"http:\/\/www.w3.org\/2000\/svg\" width=\"12\" height=\"12\" fill=\"none\" viewbox=\"0 0 12 12\">\n\t\t\t\t<path fill=\"#fff\" d=\"M2 0a2 2 0 0 0-2 2v2h1.5V2a.5.5 0 0 1 .5-.5h2V0H2Zm2 10.5H2a.5.5 0 0 1-.5-.5V8H0v2a2 2 0 0 0 2 2h2v-1.5ZM8 12v-1.5h2a.5.5 0 0 0 .5-.5V8H12v2a2 2 0 0 1-2 2H8Zm2-12a2 2 0 0 1 2 2v2h-1.5V2a.5.5 0 0 0-.5-.5H8V0h2Z\" \/>\n\t\t\t<\/svg>\n\t\t<\/button><\/figure>\n<\/div>\n\n\n<p>Kliendina liitud Flameko lojaalsusprogrammiga automaatselt.<\/p>\n\n\n\n<p>Meil on hea meel, et oled meie klient ning oleme t\u00e4nulikud igakordse k\u00fclastuse eest. Kuna soovime pakkuda kliendile parimat remondi- ja hooldusteenust, siis valime alati Sinu s\u00f5idu -ja matkaautole varuosad ja lisavarustuse, mis oleks parima hinna ja kvaliteedi suhtega. Ligi 20 aastaga oleme saanud selge pildi varuosadest, mida on m\u00f5istlik kasutada. Paraku tuleb tihtipeale valida kallim varuosa, kuna odavam toode lihtsalt ei kesta v\u00f5i ei k\u00f5lba \u00fcldse. Me vaatame alati suurt pilti, et kokkuv\u00f5ttes tuleks soodsam. Kindlasti oleme ka alati avatud personaalselt Sinu soovidele, anna sellest vaid meile teada.<\/p>\n\n\n\n<p>N\u00e4itamaks, et meie jutt kliendi hoolimisest ning lojaalsuse hindamisest ei ole pelgalt jutt, oleme k\u00e4ivitanud Flamekos juba 2018 aasta jaanuarist p\u00fcsikliendi lojaalsusprogrammi. Jah, k\u00f5ik kliendid kes on meid k\u00fclastanud alates 2018 aastast on juba selles programmis sees. Ilmselt oled isegi m\u00e4rganud, et oleme hakanud eraisikust kliente nimeliselt programmi sisestama. Ettev\u00f5tted on olnud nimeliselt juba aegade algusest. K\u00f5ik kliendid kes on meie programmi nimeliselt sisestatud ja saavad nimeliselt arveid on automaatselt meie lojaalsusprogrammis sees.<\/p>\n\n\n\n<p>N\u00fc\u00fcd asjast, nimelt Flameko p\u00fcsikliendi lojaalsusprogrammist.<\/p>\n\n\n\n<p>Meie programm arvestab ise automaatselt 1,5 aastase intervalliga summat, mida oled meie juures Tallinnas ja Laagris Flameko Autohoolduses kui ka Laagri Flameko Camperis tasunud ning arvutab v\u00e4lja Sulle Sinu lojaalsusboonuse.<\/p>\n\n\n\n<p>Tasemeid on neli:<\/p>\n\n\n\n<div class=\"wp-block-group is-vertical is-layout-flex wp-container-core-group-is-layout-8cf370e7 wp-block-group-is-layout-flex\">\n<p><img loading=\"lazy\" decoding=\"async\" height=\"16\" width=\"16\" alt=\"\u2b50\ufe0f\" src=\"https:\/\/static.xx.fbcdn.net\/images\/emoji.php\/v9\/tb4\/1\/16\/2b50.png\">Pronks 150 EUR 1,5 aasta jooksul annab varuosadelt kuni 5% ning remondi- ja hooldust\u00f6\u00f6delt 5%.\ufeff<\/p>\n\n\n\n<p><img loading=\"lazy\" decoding=\"async\" height=\"16\" width=\"16\" alt=\"\u2b50\ufe0f\" src=\"https:\/\/static.xx.fbcdn.net\/images\/emoji.php\/v9\/tb4\/1\/16\/2b50.png\"><img loading=\"lazy\" decoding=\"async\" height=\"16\" width=\"16\" alt=\"\u2b50\ufe0f\" src=\"https:\/\/static.xx.fbcdn.net\/images\/emoji.php\/v9\/tb4\/1\/16\/2b50.png\">H\u00f5be 750 EUR 1,5 aasta jooksul annab varuosadelt kuni 10% ning remondi- ja hooldust\u00f6\u00f6delt 10%.\ufeff<\/p>\n\n\n\n<p><img loading=\"lazy\" decoding=\"async\" height=\"16\" width=\"16\" alt=\"\u2b50\ufe0f\" src=\"https:\/\/static.xx.fbcdn.net\/images\/emoji.php\/v9\/tb4\/1\/16\/2b50.png\"><img loading=\"lazy\" decoding=\"async\" height=\"16\" width=\"16\" alt=\"\u2b50\ufe0f\" src=\"https:\/\/static.xx.fbcdn.net\/images\/emoji.php\/v9\/tb4\/1\/16\/2b50.png\"><img loading=\"lazy\" decoding=\"async\" height=\"16\" width=\"16\" alt=\"\u2b50\ufe0f\" src=\"https:\/\/static.xx.fbcdn.net\/images\/emoji.php\/v9\/tb4\/1\/16\/2b50.png\">Kuld 3000 EUR 1,5 aasta jooksul annab varuosadelt kuni 15% ning remondi- ja hooldust\u00f6\u00f6delt 11%.\ufeff<\/p>\n\n\n\n<p><img loading=\"lazy\" decoding=\"async\" height=\"16\" width=\"16\" alt=\"\u2b50\ufe0f\" src=\"https:\/\/static.xx.fbcdn.net\/images\/emoji.php\/v9\/tb4\/1\/16\/2b50.png\"><img loading=\"lazy\" decoding=\"async\" height=\"16\" width=\"16\" alt=\"\u2b50\ufe0f\" src=\"https:\/\/static.xx.fbcdn.net\/images\/emoji.php\/v9\/tb4\/1\/16\/2b50.png\"><img loading=\"lazy\" decoding=\"async\" height=\"16\" width=\"16\" alt=\"\u2b50\ufe0f\" src=\"https:\/\/static.xx.fbcdn.net\/images\/emoji.php\/v9\/tb4\/1\/16\/2b50.png\"><img loading=\"lazy\" decoding=\"async\" height=\"16\" width=\"16\" alt=\"\u2b50\ufe0f\" src=\"https:\/\/static.xx.fbcdn.net\/images\/emoji.php\/v9\/tb4\/1\/16\/2b50.png\">Platinum 5000 EUR 1,5 aasta jooksul annab varuosadelt kuni 20% ning remondi- ja hooldust\u00f6\u00f6delt 12%.<\/p>\n<\/div>\n\n\n\n<p>See on kinnitus sellest, et hindame iga klienti ja tema lojaalsust. Enam ei pea meie juures kasutama t\u00fc\u00fctut kliendikaarti ja k\u00f5ik toimib automaatselt. Piisab vaid sellest, et Sinu nimi (eraisik v\u00f5i ettev\u00f5te) on meie juures sisestatud ning arve v\u00e4ljastatakse sellele nimele.<\/p>\n\n\n\n<p>Lisaks hindame veel ka perekondi. Nimelt kui \u00fchest perekonnast k\u00e4ivad meie juures mitu autot siis on v\u00f5imalik need autod \u00fche nime alla registreerida. N\u00e4iteks naine\/ mees ja lapsed saavad k\u00f5ik \u00fche nime alla boonust koguda. Eelduseks on siiski sama perekonnanimi auto tehnilises passis ning \u00fcks maksja kelle nimele arve l\u00e4heb.<\/p>\n\n\n\n<p>Lojaalsus on meile eriti t\u00e4htis ka seep\u00e4rast, et kui vaid meie hooldame Sinu s\u00f5idukit, siis me teame mis on tehtud ja mida teha vaja oleks kuna kogu s\u00f5iduki hooldusajalugu on meil olemas. See teeb oluliselt lihtsamaks ka hooldamise ja v\u00f5imalike vigade leidmise! T\u00e4nu sellele oleks meie suurimaks sooviks, et saaksime k\u00f5ik s\u00f5idukiga seotud t\u00f6\u00f6d ise teha &#8211; kokkuv\u00f5tteks on see kasulik nii meile kui ka Sulle ja Sinu s\u00f5idukile!<\/p>","protected":false},"excerpt":{"rendered":"<p>Kliendina liitud Flameko lojaalsusprogrammiga automaatselt. Meil on hea meel, et oled meie klient ning oleme t\u00e4nulikud igakordse k\u00fclastuse eest. Kuna soovime pakkuda kliendile parimat remondi- ja hooldusteenust, siis valime alati Sinu s\u00f5idu -ja matkaautole varuosad ja lisavarustuse, mis oleks parima hinna ja kvaliteedi suhtega. Ligi 20 aastaga oleme saanud selge pildi varuosadest, mida on m\u00f5istlik [&hellip;]<\/p>\n","protected":false},"author":1,"featured_media":0,"parent":0,"menu_order":0,"comment_status":"closed","ping_status":"closed","template":"","meta":{"_themeisle_gutenberg_block_has_review":false,"footnotes":""},"class_list":["post-821","page","type-page","status-publish","hentry"],"yoast_head":"<!-- This site is optimized with the Yoast SEO plugin v27.2 - https:\/\/yoast.com\/product\/yoast-seo-wordpress\/ -->\n<title>Lojaalsusprogramm - Flameko Camper<\/title>\n<meta name=\"robots\" content=\"index, follow, max-snippet:-1, max-image-preview:large, max-video-preview:-1\" \/>\n<link rel=\"canonical\" href=\"https:\/\/flamekocamper.ee\/en\/lojaalsusprogramm\/\" \/>\n<meta property=\"og:locale\" content=\"en_US\" \/>\n<meta property=\"og:type\" content=\"article\" \/>\n<meta property=\"og:title\" content=\"Lojaalsusprogramm - Flameko Camper\" \/>\n<meta property=\"og:description\" content=\"Kliendina liitud Flameko lojaalsusprogrammiga automaatselt. Meil on hea meel, et oled meie klient ning oleme t\u00e4nulikud igakordse k\u00fclastuse eest. Kuna soovime pakkuda kliendile parimat remondi- ja hooldusteenust, siis valime alati Sinu s\u00f5idu -ja matkaautole varuosad ja lisavarustuse, mis oleks parima hinna ja kvaliteedi suhtega. Ligi 20 aastaga oleme saanud selge pildi varuosadest, mida on m\u00f5istlik [&hellip;]\" \/>\n<meta property=\"og:url\" content=\"https:\/\/flamekocamper.ee\/en\/lojaalsusprogramm\/\" \/>\n<meta property=\"og:site_name\" content=\"Flameko Camper\" \/>\n<meta property=\"article:publisher\" content=\"https:\/\/www.facebook.com\/flamekocamper\" \/>\n<meta property=\"article:modified_time\" content=\"2024-05-08T10:38:51+00:00\" \/>\n<meta property=\"og:image\" content=\"https:\/\/flamekocamper.ee\/wp-content\/uploads\/2024\/05\/2024-05-08_12-05-40-905-300x241.jpg\" \/>\n<meta name=\"twitter:card\" content=\"summary_large_image\" \/>\n<meta name=\"twitter:label1\" content=\"Est. reading time\" \/>\n\t<meta name=\"twitter:data1\" content=\"5 minutes\" \/>\n<script type=\"application\/ld+json\" class=\"yoast-schema-graph\">{\"@context\":\"https:\/\/schema.org\",\"@graph\":[{\"@type\":\"WebPage\",\"@id\":\"https:\/\/flamekocamper.ee\/lojaalsusprogramm\/\",\"url\":\"https:\/\/flamekocamper.ee\/lojaalsusprogramm\/\",\"name\":\"Lojaalsusprogramm - Flameko Camper\",\"isPartOf\":{\"@id\":\"https:\/\/flamekocamper.ee\/#website\"},\"primaryImageOfPage\":{\"@id\":\"https:\/\/flamekocamper.ee\/lojaalsusprogramm\/#primaryimage\"},\"image\":{\"@id\":\"https:\/\/flamekocamper.ee\/lojaalsusprogramm\/#primaryimage\"},\"thumbnailUrl\":\"https:\/\/flamekocamper.ee\/wp-content\/uploads\/2024\/05\/2024-05-08_12-05-40-905-300x241.jpg\",\"datePublished\":\"2024-05-08T09:39:57+00:00\",\"dateModified\":\"2024-05-08T10:38:51+00:00\",\"breadcrumb\":{\"@id\":\"https:\/\/flamekocamper.ee\/lojaalsusprogramm\/#breadcrumb\"},\"inLanguage\":\"en-US\",\"potentialAction\":[{\"@type\":\"ReadAction\",\"target\":[\"https:\/\/flamekocamper.ee\/lojaalsusprogramm\/\"]}]},{\"@type\":\"ImageObject\",\"inLanguage\":\"en-US\",\"@id\":\"https:\/\/flamekocamper.ee\/lojaalsusprogramm\/#primaryimage\",\"url\":\"https:\/\/flamekocamper.ee\/wp-content\/uploads\/2024\/05\/2024-05-08_12-05-40-905-300x241.jpg\",\"contentUrl\":\"https:\/\/flamekocamper.ee\/wp-content\/uploads\/2024\/05\/2024-05-08_12-05-40-905-300x241.jpg\"},{\"@type\":\"BreadcrumbList\",\"@id\":\"https:\/\/flamekocamper.ee\/lojaalsusprogramm\/#breadcrumb\",\"itemListElement\":[{\"@type\":\"ListItem\",\"position\":1,\"name\":\"Home\",\"item\":\"https:\/\/flamekocamper.ee\/\"},{\"@type\":\"ListItem\",\"position\":2,\"name\":\"Lojaalsusprogramm\"}]},{\"@type\":\"WebSite\",\"@id\":\"https:\/\/flamekocamper.ee\/#website\",\"url\":\"https:\/\/flamekocamper.ee\/\",\"name\":\"Flameko Camper\",\"description\":\"K&otilde;ik hooldus ja remontt&ouml;&ouml;d Sinu matkaautole ja haagissuvilale. Seda k&otilde;ike nii autole endale kui ka elamuosale!\",\"publisher\":{\"@id\":\"https:\/\/flamekocamper.ee\/#organization\"},\"potentialAction\":[{\"@type\":\"SearchAction\",\"target\":{\"@type\":\"EntryPoint\",\"urlTemplate\":\"https:\/\/flamekocamper.ee\/?s={search_term_string}\"},\"query-input\":{\"@type\":\"PropertyValueSpecification\",\"valueRequired\":true,\"valueName\":\"search_term_string\"}}],\"inLanguage\":\"en-US\"},{\"@type\":\"Organization\",\"@id\":\"https:\/\/flamekocamper.ee\/#organization\",\"name\":\"Flameko Camper - Flameko O\u00dc\",\"url\":\"https:\/\/flamekocamper.ee\/\",\"logo\":{\"@type\":\"ImageObject\",\"inLanguage\":\"en-US\",\"@id\":\"https:\/\/flamekocamper.ee\/#\/schema\/logo\/image\/\",\"url\":\"https:\/\/flamekocamper.ee\/wp-content\/uploads\/2023\/04\/logo-2.png\",\"contentUrl\":\"https:\/\/flamekocamper.ee\/wp-content\/uploads\/2023\/04\/logo-2.png\",\"width\":400,\"height\":283,\"caption\":\"Flameko Camper - Flameko O\u00dc\"},\"image\":{\"@id\":\"https:\/\/flamekocamper.ee\/#\/schema\/logo\/image\/\"},\"sameAs\":[\"https:\/\/www.facebook.com\/flamekocamper\",\"https:\/\/www.instagram.com\/flamekocamper\/\"]}]}<\/script>\n<!-- \/ Yoast SEO plugin. -->","yoast_head_json":{"title":"Lojaalsusprogramm - Flameko Camper","robots":{"index":"index","follow":"follow","max-snippet":"max-snippet:-1","max-image-preview":"max-image-preview:large","max-video-preview":"max-video-preview:-1"},"canonical":"https:\/\/flamekocamper.ee\/en\/lojaalsusprogramm\/","og_locale":"en_US","og_type":"article","og_title":"Lojaalsusprogramm - Flameko Camper","og_description":"Kliendina liitud Flameko lojaalsusprogrammiga automaatselt. Meil on hea meel, et oled meie klient ning oleme t\u00e4nulikud igakordse k\u00fclastuse eest. Kuna soovime pakkuda kliendile parimat remondi- ja hooldusteenust, siis valime alati Sinu s\u00f5idu -ja matkaautole varuosad ja lisavarustuse, mis oleks parima hinna ja kvaliteedi suhtega. Ligi 20 aastaga oleme saanud selge pildi varuosadest, mida on m\u00f5istlik [&hellip;]","og_url":"https:\/\/flamekocamper.ee\/en\/lojaalsusprogramm\/","og_site_name":"Flameko Camper","article_publisher":"https:\/\/www.facebook.com\/flamekocamper","article_modified_time":"2024-05-08T10:38:51+00:00","og_image":[{"url":"https:\/\/flamekocamper.ee\/wp-content\/uploads\/2024\/05\/2024-05-08_12-05-40-905-300x241.jpg","type":"","width":"","height":""}],"twitter_card":"summary_large_image","twitter_misc":{"Est. reading time":"5 minutes"},"schema":{"@context":"https:\/\/schema.org","@graph":[{"@type":"WebPage","@id":"https:\/\/flamekocamper.ee\/lojaalsusprogramm\/","url":"https:\/\/flamekocamper.ee\/lojaalsusprogramm\/","name":"Lojaalsusprogramm - Flameko Camper","isPartOf":{"@id":"https:\/\/flamekocamper.ee\/#website"},"primaryImageOfPage":{"@id":"https:\/\/flamekocamper.ee\/lojaalsusprogramm\/#primaryimage"},"image":{"@id":"https:\/\/flamekocamper.ee\/lojaalsusprogramm\/#primaryimage"},"thumbnailUrl":"https:\/\/flamekocamper.ee\/wp-content\/uploads\/2024\/05\/2024-05-08_12-05-40-905-300x241.jpg","datePublished":"2024-05-08T09:39:57+00:00","dateModified":"2024-05-08T10:38:51+00:00","breadcrumb":{"@id":"https:\/\/flamekocamper.ee\/lojaalsusprogramm\/#breadcrumb"},"inLanguage":"en-US","potentialAction":[{"@type":"ReadAction","target":["https:\/\/flamekocamper.ee\/lojaalsusprogramm\/"]}]},{"@type":"ImageObject","inLanguage":"en-US","@id":"https:\/\/flamekocamper.ee\/lojaalsusprogramm\/#primaryimage","url":"https:\/\/flamekocamper.ee\/wp-content\/uploads\/2024\/05\/2024-05-08_12-05-40-905-300x241.jpg","contentUrl":"https:\/\/flamekocamper.ee\/wp-content\/uploads\/2024\/05\/2024-05-08_12-05-40-905-300x241.jpg"},{"@type":"BreadcrumbList","@id":"https:\/\/flamekocamper.ee\/lojaalsusprogramm\/#breadcrumb","itemListElement":[{"@type":"ListItem","position":1,"name":"Home","item":"https:\/\/flamekocamper.ee\/"},{"@type":"ListItem","position":2,"name":"Lojaalsusprogramm"}]},{"@type":"WebSite","@id":"https:\/\/flamekocamper.ee\/#website","url":"https:\/\/flamekocamper.ee\/","name":"Flameko Camper","description":"K&otilde;ik hooldus ja remontt&ouml;&ouml;d Sinu matkaautole ja haagissuvilale. Seda k&otilde;ike nii autole endale kui ka elamuosale!","publisher":{"@id":"https:\/\/flamekocamper.ee\/#organization"},"potentialAction":[{"@type":"SearchAction","target":{"@type":"EntryPoint","urlTemplate":"https:\/\/flamekocamper.ee\/?s={search_term_string}"},"query-input":{"@type":"PropertyValueSpecification","valueRequired":true,"valueName":"search_term_string"}}],"inLanguage":"en-US"},{"@type":"Organization","@id":"https:\/\/flamekocamper.ee\/#organization","name":"Flameko Camper - Flameko O\u00dc","url":"https:\/\/flamekocamper.ee\/","logo":{"@type":"ImageObject","inLanguage":"en-US","@id":"https:\/\/flamekocamper.ee\/#\/schema\/logo\/image\/","url":"https:\/\/flamekocamper.ee\/wp-content\/uploads\/2023\/04\/logo-2.png","contentUrl":"https:\/\/flamekocamper.ee\/wp-content\/uploads\/2023\/04\/logo-2.png","width":400,"height":283,"caption":"Flameko Camper - Flameko O\u00dc"},"image":{"@id":"https:\/\/flamekocamper.ee\/#\/schema\/logo\/image\/"},"sameAs":["https:\/\/www.facebook.com\/flamekocamper","https:\/\/www.instagram.com\/flamekocamper\/"]}]}},"_links":{"self":[{"href":"https:\/\/flamekocamper.ee\/en\/wp-json\/wp\/v2\/pages\/821","targetHints":{"allow":["GET"]}}],"collection":[{"href":"https:\/\/flamekocamper.ee\/en\/wp-json\/wp\/v2\/pages"}],"about":[{"href":"https:\/\/flamekocamper.ee\/en\/wp-json\/wp\/v2\/types\/page"}],"author":[{"embeddable":true,"href":"https:\/\/flamekocamper.ee\/en\/wp-json\/wp\/v2\/users\/1"}],"replies":[{"embeddable":true,"href":"https:\/\/flamekocamper.ee\/en\/wp-json\/wp\/v2\/comments?post=821"}],"version-history":[{"count":8,"href":"https:\/\/flamekocamper.ee\/en\/wp-json\/wp\/v2\/pages\/821\/revisions"}],"predecessor-version":[{"id":861,"href":"https:\/\/flamekocamper.ee\/en\/wp-json\/wp\/v2\/pages\/821\/revisions\/861"}],"wp:attachment":[{"href":"https:\/\/flamekocamper.ee\/en\/wp-json\/wp\/v2\/media?parent=821"}],"curies":[{"name":"wp","href":"https:\/\/api.w.org\/{rel}","templated":true}]}}