{"id":893,"date":"2024-05-13T17:44:01","date_gmt":"2024-05-13T14:44:01","guid":{"rendered":"https:\/\/flamekocamper.ee\/?page_id=893"},"modified":"2025-10-15T23:00:40","modified_gmt":"2025-10-15T20:00:40","slug":"etrusco","status":"publish","type":"page","link":"https:\/\/flamekocamper.ee\/en\/meist\/etrusco\/","title":{"rendered":"Etrusco"},"content":{"rendered":"<p><strong><strong>Etrusco matkaautod v\u00e4\u00e4rivad avastamist!<\/strong><\/strong><br><br>ETRUSCO on osa tuntud<strong> Hymer Groupist<\/strong>, mis on Euroopa juhtiv matkaautode ja haagissuvilate tootja. Br\u00e4ndi erilisus seisneb selles, et Etrusco \u00fchendab\u00a0<strong>Saksa insenerit\u00f6\u00f6 t\u00e4psuse<\/strong>\u00a0and\u00a0<strong>Itaalia disaini elegantsi<\/strong>\u00a0\u2013 tulemuseks on matkaautod, mis pakuvad \u00fchtaegu\u00a0<strong>praktilisust, mugavust ja emotsiooni<\/strong>.<\/p>\n\n\n\n<p>Iga ETRUSCO matkaauto on loodud selleks, et pakkuda\u00a0<strong>t\u00e4iuslikku reisimiskogemust<\/strong>\u00a0\u2013 olgu su sihtkoht m\u00e4gedes, mere \u00e4\u00e4res v\u00f5i lihtsalt keset vabadust ja r\u00f5\u00f5mu. T\u00e4nu l\u00e4bim\u00f5eldud ruumilahendusele, kvaliteetsetele materjalidele ja moodsale disainile tunned end igal reisil nagu kodus.<br><br><strong>Miks valida ETRUSCO:<\/strong><\/p>\n\n\n\n<ul class=\"wp-block-list\">\n<li><em>Kaunis ja hubane disain<\/em>\u00a0\u2013 hele interj\u00f6\u00f6r, soojad toonid ja modernne viimistlus loovad t\u00f5elise kodutunde.<\/li>\n\n\n\n<li><em>Saksa kvaliteet ja t\u00f6\u00f6kindlus<\/em>\u00a0\u2013 valmistatud Saksamaal, j\u00e4rgides k\u00f5rgeimaid kvaliteedistandardeid.<\/li>\n\n\n\n<li><em>Nutikas ruumikasutus<\/em>\u00a0\u2013 funktsionaalne planeering olenemata matkaauto suurusest..<\/li>\n\n\n\n<li><em>Suurep\u00e4rane hinna ja kvaliteedi suhe<\/em>. Etrusco on p\u00fchendunud pakkuma k\u00f5rge kvaliteediga s\u00f5idukeid konkurentsiv\u00f5imelise hinnaga, et luksus oleks k\u00e4ttesaadav k\u00f5igile.<\/li>\n\n\n\n<li><em>Usaldusv\u00e4\u00e4rne tehnika<\/em>\u00a0\u2013 Truma, Thetford, Dometic ja AL-KO tagavad murevaba kasutuse.<\/li>\n<\/ul>\n\n\n\n<p>ETRUSCO on ideaalne valik neile, kes otsivad&nbsp;<strong>stiilset, mugavat ja usaldusv\u00e4\u00e4rset matkaautot<\/strong>, millega iga teekond muutub elamuseks.<br>Avasta Etrusco \u2013&nbsp;<strong>seal, kus kohtuvad vabadus ja disain.<\/strong><\/p>\n\n\n\n<div class=\"wp-block-group\"><div class=\"wp-block-group__inner-container is-layout-constrained wp-block-group-is-layout-constrained\">\n<p><strong>Etrusco tootekataloogiga saab allpool tutvuda:<\/strong><\/p>\n\n\n\n<div id=\"wp-block-themeisle-blocks-advanced-columns-bc654255\" class=\"wp-block-themeisle-blocks-advanced-columns has-3-columns has-desktop-equal-layout has-tablet-equal-layout has-mobile-collapsedRows-layout has-vertical-unset\"><div class=\"wp-block-themeisle-blocks-advanced-columns-overlay\"><\/div><div class=\"innerblocks-wrap\">\n<div id=\"wp-block-themeisle-blocks-advanced-column-1f60ad69\" class=\"wp-block-themeisle-blocks-advanced-column\">\n<div class=\"wp-block-cover is-light\"><span aria-hidden=\"true\" class=\"wp-block-cover__background has-background-dim-10 has-background-dim\"><\/span><div class=\"wp-block-cover__inner-container is-layout-flow wp-block-cover-is-layout-flow\">\n<div class=\"wp-block-group\"><div class=\"wp-block-group__inner-container is-layout-constrained wp-block-group-is-layout-constrained\">\n<figure class=\"wp-block-image size-full\"><a href=\"https:\/\/flamekocamper.ee\/en\/meist\/etrusco_matkaautod\/etrusco-motorhomes\/\"><img loading=\"lazy\" decoding=\"async\" width=\"960\" height=\"600\" src=\"https:\/\/flamekocamper.ee\/wp-content\/uploads\/2025\/10\/etrusco_2022_tec_integrali-3351.webp\" alt=\"\" class=\"wp-image-1476\" srcset=\"https:\/\/flamekocamper.ee\/wp-content\/uploads\/2025\/10\/etrusco_2022_tec_integrali-3351.webp 960w, https:\/\/flamekocamper.ee\/wp-content\/uploads\/2025\/10\/etrusco_2022_tec_integrali-3351-300x188.webp 300w, https:\/\/flamekocamper.ee\/wp-content\/uploads\/2025\/10\/etrusco_2022_tec_integrali-3351-768x480.webp 768w, https:\/\/flamekocamper.ee\/wp-content\/uploads\/2025\/10\/etrusco_2022_tec_integrali-3351-18x12.webp 18w, https:\/\/flamekocamper.ee\/wp-content\/uploads\/2025\/10\/etrusco_2022_tec_integrali-3351-400x250.webp 400w\" sizes=\"auto, (max-width: 960px) 100vw, 960px\" \/><\/a><\/figure>\n\n\n\n<p id=\"wp-block-themeisle-blocks-advanced-heading-916ecca3\" class=\"wp-block-themeisle-blocks-advanced-heading wp-block-themeisle-blocks-advanced-heading-916ecca3\"><strong><a href=\"https:\/\/flamekocamper.ee\/en\/meist\/etrusco_matkaautod\/etrusco-motorhomes\/\">Motorhomes<\/a><\/strong><\/p>\n<\/div><\/div>\n<\/div><\/div>\n<\/div>\n\n\n\n<div id=\"wp-block-themeisle-blocks-advanced-column-5f401ada\" class=\"wp-block-themeisle-blocks-advanced-column\">\n<div class=\"wp-block-cover is-light\"><span aria-hidden=\"true\" class=\"wp-block-cover__background has-background-dim-10 has-background-dim\"><\/span><div class=\"wp-block-cover__inner-container is-layout-flow wp-block-cover-is-layout-flow\">\n<div class=\"wp-block-group\"><div class=\"wp-block-group__inner-container is-layout-constrained wp-block-group-is-layout-constrained\">\n<figure class=\"wp-block-image size-full\"><a href=\"https:\/\/flamekocamper.ee\/en\/meist\/etrusco_matkaautod\/etrusco-camper-van\/\"><img loading=\"lazy\" decoding=\"async\" width=\"960\" height=\"600\" src=\"https:\/\/flamekocamper.ee\/wp-content\/uploads\/2025\/10\/fiat_plus_cv_profile_mg_33991.webp\" alt=\"\" class=\"wp-image-1467\" srcset=\"https:\/\/flamekocamper.ee\/wp-content\/uploads\/2025\/10\/fiat_plus_cv_profile_mg_33991.webp 960w, https:\/\/flamekocamper.ee\/wp-content\/uploads\/2025\/10\/fiat_plus_cv_profile_mg_33991-300x188.webp 300w, https:\/\/flamekocamper.ee\/wp-content\/uploads\/2025\/10\/fiat_plus_cv_profile_mg_33991-768x480.webp 768w, https:\/\/flamekocamper.ee\/wp-content\/uploads\/2025\/10\/fiat_plus_cv_profile_mg_33991-18x12.webp 18w, https:\/\/flamekocamper.ee\/wp-content\/uploads\/2025\/10\/fiat_plus_cv_profile_mg_33991-400x250.webp 400w\" sizes=\"auto, (max-width: 960px) 100vw, 960px\" \/><\/a><\/figure>\n\n\n\n<p id=\"wp-block-themeisle-blocks-advanced-heading-a64531ff\" class=\"wp-block-themeisle-blocks-advanced-heading wp-block-themeisle-blocks-advanced-heading-a64531ff\"><a href=\"https:\/\/flamekocamper.ee\/en\/meist\/etrusco_matkaautod\/etrusco-camper-van\/\"><strong>Camper Vans<\/strong><\/a><\/p>\n<\/div><\/div>\n<\/div><\/div>\n<\/div>\n\n\n\n<div id=\"wp-block-themeisle-blocks-advanced-column-4bad1825\" class=\"wp-block-themeisle-blocks-advanced-column\">\n<div class=\"wp-block-cover is-light\"><span aria-hidden=\"true\" class=\"wp-block-cover__background has-background-dim-10 has-background-dim\"><\/span><div class=\"wp-block-cover__inner-container is-layout-flow wp-block-cover-is-layout-flow\">\n<div class=\"wp-block-group\"><div class=\"wp-block-group__inner-container is-layout-constrained wp-block-group-is-layout-constrained\">\n\n\n<p id=\"wp-block-themeisle-blocks-advanced-heading-bbb9a50f\" class=\"wp-block-themeisle-blocks-advanced-heading wp-block-themeisle-blocks-advanced-heading-bbb9a50f\"> <\/p>\n<\/div><\/div>\n<\/div><\/div>\n<\/div>\n<\/div><\/div>\n<\/div><\/div>\n\n\n\n<blockquote class=\"wp-block-quote is-layout-flow wp-block-quote-is-layout-flow\">\n<p>Etrusco matkaautod on meil ka kohapeal olemas, <a href=\"http:\/\/flamekocamper.ee\/en\/autod\/?s&amp;make%5B%5D=Etrusco\">vaata k\u00f5iki laos olevaid matkaautosid siit<\/a>.<\/p>\n<\/blockquote>\n\n\n\n<div id=\"wp-block-themeisle-blocks-advanced-columns-7197088a\" class=\"wp-block-themeisle-blocks-advanced-columns has-3-columns has-desktop-equal-layout has-tablet-equal-layout has-mobile-collapsedRows-layout has-reverse-columns-mobile has-vertical-center\"><div class=\"wp-block-themeisle-blocks-advanced-columns-overlay\"><\/div><div class=\"innerblocks-wrap\">\n<div id=\"wp-block-themeisle-blocks-advanced-column-94261031\" class=\"wp-block-themeisle-blocks-advanced-column\">\n<p id=\"wp-block-themeisle-blocks-advanced-heading-7ec07a60\" class=\"wp-block-themeisle-blocks-advanced-heading wp-block-themeisle-blocks-advanced-heading-7ec07a60\"><strong>Etrusco T7300 SB Complete Edition<\/strong><\/p>\n\n\n\n<h3 id=\"wp-block-themeisle-blocks-advanced-heading-a883a748\" class=\"wp-block-themeisle-blocks-advanced-heading wp-block-themeisle-blocks-advanced-heading-a883a748\">Tule tutvuma, see suurep\u00e4rane matkaauto on meie juures kohapeal!<\/h3>\n\n\n\n<p><\/p>\n\n\n\n<div class=\"wp-block-buttons is-content-justification-left is-layout-flex wp-container-core-buttons-is-layout-fdcfc74e wp-block-buttons-is-layout-flex\">\n<div class=\"wp-block-button is-style-primary\"><a class=\"wp-block-button__link wp-element-button\" href=\"https:\/\/flamekocamper.ee\/en\/auto\/etrusco-t7300\/\">Uuri lisaks<\/a><\/div>\n<\/div>\n<\/div>\n\n\n\n<div id=\"wp-block-themeisle-blocks-advanced-column-329f4620\" class=\"wp-block-themeisle-blocks-advanced-column\">\n<p id=\"wp-block-themeisle-blocks-advanced-heading-e5328585\" class=\"wp-block-themeisle-blocks-advanced-heading wp-block-themeisle-blocks-advanced-heading-e5328585\"><strong>Etrusco T 7.3 SF Complete Edition<\/strong><\/p>\n\n\n\n<h3 id=\"wp-block-themeisle-blocks-advanced-heading-186faeb0\" class=\"wp-block-themeisle-blocks-advanced-heading wp-block-themeisle-blocks-advanced-heading-186faeb0\">Complete Selection varustuspaketiga, tule tutvuma!<\/h3>\n\n\n\n<p><\/p>\n\n\n\n<div class=\"wp-block-buttons is-content-justification-left is-layout-flex wp-container-core-buttons-is-layout-fdcfc74e wp-block-buttons-is-layout-flex\">\n<div class=\"wp-block-button is-style-primary\"><a class=\"wp-block-button__link wp-element-button\" href=\"https:\/\/flamekocamper.ee\/en\/auto\/etrusco-t-7-3-sf-complete-selection\/\">Uuri lisaks<\/a><\/div>\n<\/div>\n<\/div>\n\n\n\n<div id=\"wp-block-themeisle-blocks-advanced-column-519e4c46\" class=\"wp-block-themeisle-blocks-advanced-column\">\n<figure data-wp-context=\"{&quot;imageId&quot;:&quot;69d71abb6a40b&quot;}\" data-wp-interactive=\"core\/image\" data-wp-key=\"69d71abb6a40b\" class=\"wp-block-image size-thumbnail wp-lightbox-container\"><img loading=\"lazy\" decoding=\"async\" width=\"150\" height=\"150\" data-wp-class--hide=\"state.isContentHidden\" data-wp-class--show=\"state.isContentVisible\" data-wp-init=\"callbacks.setButtonStyles\" data-wp-on--click=\"actions.showLightbox\" data-wp-on--load=\"callbacks.setButtonStyles\" data-wp-on-window--resize=\"callbacks.setButtonStyles\" src=\"https:\/\/flamekocamper.ee\/wp-content\/uploads\/2024\/06\/447551814_374678022246645_6036585259780650057_n-150x150.jpg\" alt=\"\" class=\"wp-image-981\" srcset=\"https:\/\/flamekocamper.ee\/wp-content\/uploads\/2024\/06\/447551814_374678022246645_6036585259780650057_n-150x150.jpg 150w, https:\/\/flamekocamper.ee\/wp-content\/uploads\/2024\/06\/447551814_374678022246645_6036585259780650057_n-100x100.jpg 100w\" sizes=\"auto, (max-width: 150px) 100vw, 150px\" \/><button\n\t\t\tclass=\"lightbox-trigger\"\n\t\t\ttype=\"button\"\n\t\t\taria-haspopup=\"dialog\"\n\t\t\taria-label=\"Enlarge\"\n\t\t\tdata-wp-init=\"callbacks.initTriggerButton\"\n\t\t\tdata-wp-on--click=\"actions.showLightbox\"\n\t\t\tdata-wp-style--right=\"state.imageButtonRight\"\n\t\t\tdata-wp-style--top=\"state.imageButtonTop\"\n\t\t>\n\t\t\t<svg xmlns=\"http:\/\/www.w3.org\/2000\/svg\" width=\"12\" height=\"12\" fill=\"none\" viewbox=\"0 0 12 12\">\n\t\t\t\t<path fill=\"#fff\" d=\"M2 0a2 2 0 0 0-2 2v2h1.5V2a.5.5 0 0 1 .5-.5h2V0H2Zm2 10.5H2a.5.5 0 0 1-.5-.5V8H0v2a2 2 0 0 0 2 2h2v-1.5ZM8 12v-1.5h2a.5.5 0 0 0 .5-.5V8H12v2a2 2 0 0 1-2 2H8Zm2-12a2 2 0 0 1 2 2v2h-1.5V2a.5.5 0 0 0-.5-.5H8V0h2Z\" \/>\n\t\t\t<\/svg>\n\t\t<\/button><\/figure>\n\n\n\n<figure data-wp-context=\"{&quot;imageId&quot;:&quot;69d71abb6a581&quot;}\" data-wp-interactive=\"core\/image\" data-wp-key=\"69d71abb6a581\" class=\"wp-block-image size-thumbnail wp-lightbox-container\"><img loading=\"lazy\" decoding=\"async\" width=\"150\" height=\"150\" data-wp-class--hide=\"state.isContentHidden\" data-wp-class--show=\"state.isContentVisible\" data-wp-init=\"callbacks.setButtonStyles\" data-wp-on--click=\"actions.showLightbox\" data-wp-on--load=\"callbacks.setButtonStyles\" data-wp-on-window--resize=\"callbacks.setButtonStyles\" src=\"https:\/\/flamekocamper.ee\/wp-content\/uploads\/2024\/10\/189958807-150x150.jpg\" alt=\"\" class=\"wp-image-1103\" srcset=\"https:\/\/flamekocamper.ee\/wp-content\/uploads\/2024\/10\/189958807-150x150.jpg 150w, https:\/\/flamekocamper.ee\/wp-content\/uploads\/2024\/10\/189958807-100x100.jpg 100w\" sizes=\"auto, (max-width: 150px) 100vw, 150px\" \/><button\n\t\t\tclass=\"lightbox-trigger\"\n\t\t\ttype=\"button\"\n\t\t\taria-haspopup=\"dialog\"\n\t\t\taria-label=\"Enlarge\"\n\t\t\tdata-wp-init=\"callbacks.initTriggerButton\"\n\t\t\tdata-wp-on--click=\"actions.showLightbox\"\n\t\t\tdata-wp-style--right=\"state.imageButtonRight\"\n\t\t\tdata-wp-style--top=\"state.imageButtonTop\"\n\t\t>\n\t\t\t<svg xmlns=\"http:\/\/www.w3.org\/2000\/svg\" width=\"12\" height=\"12\" fill=\"none\" viewbox=\"0 0 12 12\">\n\t\t\t\t<path fill=\"#fff\" d=\"M2 0a2 2 0 0 0-2 2v2h1.5V2a.5.5 0 0 1 .5-.5h2V0H2Zm2 10.5H2a.5.5 0 0 1-.5-.5V8H0v2a2 2 0 0 0 2 2h2v-1.5ZM8 12v-1.5h2a.5.5 0 0 0 .5-.5V8H12v2a2 2 0 0 1-2 2H8Zm2-12a2 2 0 0 1 2 2v2h-1.5V2a.5.5 0 0 0-.5-.5H8V0h2Z\" \/>\n\t\t\t<\/svg>\n\t\t<\/button><\/figure>\n<\/div>\n<\/div><\/div>\n\n\n\n<p><strong>Etrusco ametlik esindaja Eestis \u2013 Flameko Camper<\/strong><\/p>\n\n\n\n<p>Flameko Camper on Etrusco ametlik esindaja Eestis. Meie juurest leiate k\u00f5ige uuemad mudelid, pakume kiiret ja kvaliteetset j\u00e4relteenindust, garantiiremonti, hooldust, lisavarustuse paigaldust. Samuti on meil lai valik lisavarustust ja varuosi, et teie Etrusco oleks alati teekonnaks valmis.<\/p>\n\n\n\n<p>V\u00f5tke \u00fchendust v\u00f5i k\u00fclastage meid ja tulge tutvuge matkaautodega kohapeal. Lepatriinu tee 8, Laagri.<\/p>\n\n\n\n<p>Etrusco matkaautode m\u00fc\u00fck ja lisainfo:<br><strong>sale@flamekocamper.ee<\/strong><br>Lisavarustuse, varuosade ja remont -ning hooldust\u00f6\u00f6de hinnap\u00e4ringu saab teha mugavalt siit:<br><a href=\"https:\/\/flamekocamper.ee\/en\/hinnaparing\/\">https:\/\/flamekocamper.ee\/hinnaparing\/<br><\/a><\/p>","protected":false},"excerpt":{"rendered":"<p>Etrusco matkaautod v\u00e4\u00e4rivad avastamist! ETRUSCO on osa tuntud Hymer Groupist, mis on Euroopa juhtiv matkaautode ja haagissuvilate tootja. Br\u00e4ndi erilisus seisneb selles, et Etrusco \u00fchendab\u00a0Saksa insenerit\u00f6\u00f6 t\u00e4psuse\u00a0ja\u00a0Itaalia disaini elegantsi\u00a0\u2013 tulemuseks on matkaautod, mis pakuvad \u00fchtaegu\u00a0praktilisust, mugavust ja emotsiooni. Iga ETRUSCO matkaauto on loodud selleks, et pakkuda\u00a0t\u00e4iuslikku reisimiskogemust\u00a0\u2013 olgu su sihtkoht m\u00e4gedes, mere \u00e4\u00e4res v\u00f5i lihtsalt [&hellip;]<\/p>\n","protected":false},"author":1,"featured_media":894,"parent":263,"menu_order":0,"comment_status":"closed","ping_status":"closed","template":"page-full.php","meta":{"_themeisle_gutenberg_block_has_review":false,"footnotes":""},"class_list":["post-893","page","type-page","status-publish","has-post-thumbnail","hentry"],"yoast_head":"<!-- This site is optimized with the Yoast SEO plugin v27.2 - https:\/\/yoast.com\/product\/yoast-seo-wordpress\/ -->\n<title>Etrusco - Flameko Camper<\/title>\n<meta name=\"description\" content=\"Etrusco matkaautod - ametlik esindaja Flameko Camper. M\u00fc\u00fck, j\u00e4relteenindus, hooldus, lisavarustus -kiirelt ja mugavalt meilt. Vaata siit!\" \/>\n<meta name=\"robots\" content=\"index, follow, max-snippet:-1, max-image-preview:large, max-video-preview:-1\" \/>\n<link rel=\"canonical\" href=\"https:\/\/flamekocamper.ee\/en\/meist\/etrusco\/\" \/>\n<meta property=\"og:locale\" content=\"en_US\" \/>\n<meta property=\"og:type\" content=\"article\" \/>\n<meta property=\"og:title\" content=\"Etrusco - Flameko Camper\" \/>\n<meta property=\"og:description\" content=\"Etrusco matkaautod - ametlik esindaja Flameko Camper. M\u00fc\u00fck, j\u00e4relteenindus, hooldus, lisavarustus -kiirelt ja mugavalt meilt. Vaata siit!\" \/>\n<meta property=\"og:url\" content=\"https:\/\/flamekocamper.ee\/en\/meist\/etrusco\/\" \/>\n<meta property=\"og:site_name\" content=\"Flameko Camper\" \/>\n<meta property=\"article:publisher\" content=\"https:\/\/www.facebook.com\/flamekocamper\" \/>\n<meta property=\"article:modified_time\" content=\"2025-10-15T20:00:40+00:00\" \/>\n<meta property=\"og:image\" content=\"https:\/\/flamekocamper.ee\/wp-content\/uploads\/2024\/05\/etrvsco.png\" \/>\n\t<meta property=\"og:image:width\" content=\"364\" \/>\n\t<meta property=\"og:image:height\" content=\"198\" \/>\n\t<meta property=\"og:image:type\" content=\"image\/png\" \/>\n<meta name=\"twitter:card\" content=\"summary_large_image\" \/>\n<meta name=\"twitter:label1\" content=\"Est. reading time\" \/>\n\t<meta name=\"twitter:data1\" content=\"3 minutes\" \/>\n<script type=\"application\/ld+json\" class=\"yoast-schema-graph\">{\"@context\":\"https:\/\/schema.org\",\"@graph\":[{\"@type\":\"WebPage\",\"@id\":\"https:\/\/flamekocamper.ee\/meist\/etrusco\/\",\"url\":\"https:\/\/flamekocamper.ee\/meist\/etrusco\/\",\"name\":\"Etrusco - Flameko Camper\",\"isPartOf\":{\"@id\":\"https:\/\/flamekocamper.ee\/#website\"},\"primaryImageOfPage\":{\"@id\":\"https:\/\/flamekocamper.ee\/meist\/etrusco\/#primaryimage\"},\"image\":{\"@id\":\"https:\/\/flamekocamper.ee\/meist\/etrusco\/#primaryimage\"},\"thumbnailUrl\":\"https:\/\/flamekocamper.ee\/wp-content\/uploads\/2024\/05\/etrvsco.png\",\"datePublished\":\"2024-05-13T14:44:01+00:00\",\"dateModified\":\"2025-10-15T20:00:40+00:00\",\"description\":\"Etrusco matkaautod - ametlik esindaja Flameko Camper. M\u00fc\u00fck, j\u00e4relteenindus, hooldus, lisavarustus -kiirelt ja mugavalt meilt. Vaata siit!\",\"breadcrumb\":{\"@id\":\"https:\/\/flamekocamper.ee\/meist\/etrusco\/#breadcrumb\"},\"inLanguage\":\"en-US\",\"potentialAction\":[{\"@type\":\"ReadAction\",\"target\":[\"https:\/\/flamekocamper.ee\/meist\/etrusco\/\"]}]},{\"@type\":\"ImageObject\",\"inLanguage\":\"en-US\",\"@id\":\"https:\/\/flamekocamper.ee\/meist\/etrusco\/#primaryimage\",\"url\":\"https:\/\/flamekocamper.ee\/wp-content\/uploads\/2024\/05\/etrvsco.png\",\"contentUrl\":\"https:\/\/flamekocamper.ee\/wp-content\/uploads\/2024\/05\/etrvsco.png\",\"width\":364,\"height\":198,\"caption\":\"Etrusco matkaautod\"},{\"@type\":\"BreadcrumbList\",\"@id\":\"https:\/\/flamekocamper.ee\/meist\/etrusco\/#breadcrumb\",\"itemListElement\":[{\"@type\":\"ListItem\",\"position\":1,\"name\":\"Home\",\"item\":\"https:\/\/flamekocamper.ee\/\"},{\"@type\":\"ListItem\",\"position\":2,\"name\":\"Meist\",\"item\":\"https:\/\/flamekocamper.ee\/meist\/\"},{\"@type\":\"ListItem\",\"position\":3,\"name\":\"Etrusco\"}]},{\"@type\":\"WebSite\",\"@id\":\"https:\/\/flamekocamper.ee\/#website\",\"url\":\"https:\/\/flamekocamper.ee\/\",\"name\":\"Flameko Camper\",\"description\":\"K&otilde;ik hooldus ja remontt&ouml;&ouml;d Sinu matkaautole ja haagissuvilale. Seda k&otilde;ike nii autole endale kui ka elamuosale!\",\"publisher\":{\"@id\":\"https:\/\/flamekocamper.ee\/#organization\"},\"potentialAction\":[{\"@type\":\"SearchAction\",\"target\":{\"@type\":\"EntryPoint\",\"urlTemplate\":\"https:\/\/flamekocamper.ee\/?s={search_term_string}\"},\"query-input\":{\"@type\":\"PropertyValueSpecification\",\"valueRequired\":true,\"valueName\":\"search_term_string\"}}],\"inLanguage\":\"en-US\"},{\"@type\":\"Organization\",\"@id\":\"https:\/\/flamekocamper.ee\/#organization\",\"name\":\"Flameko Camper - Flameko O\u00dc\",\"url\":\"https:\/\/flamekocamper.ee\/\",\"logo\":{\"@type\":\"ImageObject\",\"inLanguage\":\"en-US\",\"@id\":\"https:\/\/flamekocamper.ee\/#\/schema\/logo\/image\/\",\"url\":\"https:\/\/flamekocamper.ee\/wp-content\/uploads\/2023\/04\/logo-2.png\",\"contentUrl\":\"https:\/\/flamekocamper.ee\/wp-content\/uploads\/2023\/04\/logo-2.png\",\"width\":400,\"height\":283,\"caption\":\"Flameko Camper - Flameko O\u00dc\"},\"image\":{\"@id\":\"https:\/\/flamekocamper.ee\/#\/schema\/logo\/image\/\"},\"sameAs\":[\"https:\/\/www.facebook.com\/flamekocamper\",\"https:\/\/www.instagram.com\/flamekocamper\/\"]}]}<\/script>\n<!-- \/ Yoast SEO plugin. -->","yoast_head_json":{"title":"Etrusco - Flameko Camper","description":"Etrusco matkaautod - ametlik esindaja Flameko Camper. M\u00fc\u00fck, j\u00e4relteenindus, hooldus, lisavarustus -kiirelt ja mugavalt meilt. Vaata siit!","robots":{"index":"index","follow":"follow","max-snippet":"max-snippet:-1","max-image-preview":"max-image-preview:large","max-video-preview":"max-video-preview:-1"},"canonical":"https:\/\/flamekocamper.ee\/en\/meist\/etrusco\/","og_locale":"en_US","og_type":"article","og_title":"Etrusco - Flameko Camper","og_description":"Etrusco matkaautod - ametlik esindaja Flameko Camper. M\u00fc\u00fck, j\u00e4relteenindus, hooldus, lisavarustus -kiirelt ja mugavalt meilt. Vaata siit!","og_url":"https:\/\/flamekocamper.ee\/en\/meist\/etrusco\/","og_site_name":"Flameko Camper","article_publisher":"https:\/\/www.facebook.com\/flamekocamper","article_modified_time":"2025-10-15T20:00:40+00:00","og_image":[{"width":364,"height":198,"url":"https:\/\/flamekocamper.ee\/wp-content\/uploads\/2024\/05\/etrvsco.png","type":"image\/png"}],"twitter_card":"summary_large_image","twitter_misc":{"Est. reading time":"3 minutes"},"schema":{"@context":"https:\/\/schema.org","@graph":[{"@type":"WebPage","@id":"https:\/\/flamekocamper.ee\/meist\/etrusco\/","url":"https:\/\/flamekocamper.ee\/meist\/etrusco\/","name":"Etrusco - Flameko Camper","isPartOf":{"@id":"https:\/\/flamekocamper.ee\/#website"},"primaryImageOfPage":{"@id":"https:\/\/flamekocamper.ee\/meist\/etrusco\/#primaryimage"},"image":{"@id":"https:\/\/flamekocamper.ee\/meist\/etrusco\/#primaryimage"},"thumbnailUrl":"https:\/\/flamekocamper.ee\/wp-content\/uploads\/2024\/05\/etrvsco.png","datePublished":"2024-05-13T14:44:01+00:00","dateModified":"2025-10-15T20:00:40+00:00","description":"Etrusco matkaautod - ametlik esindaja Flameko Camper. M\u00fc\u00fck, j\u00e4relteenindus, hooldus, lisavarustus -kiirelt ja mugavalt meilt. Vaata siit!","breadcrumb":{"@id":"https:\/\/flamekocamper.ee\/meist\/etrusco\/#breadcrumb"},"inLanguage":"en-US","potentialAction":[{"@type":"ReadAction","target":["https:\/\/flamekocamper.ee\/meist\/etrusco\/"]}]},{"@type":"ImageObject","inLanguage":"en-US","@id":"https:\/\/flamekocamper.ee\/meist\/etrusco\/#primaryimage","url":"https:\/\/flamekocamper.ee\/wp-content\/uploads\/2024\/05\/etrvsco.png","contentUrl":"https:\/\/flamekocamper.ee\/wp-content\/uploads\/2024\/05\/etrvsco.png","width":364,"height":198,"caption":"Etrusco matkaautod"},{"@type":"BreadcrumbList","@id":"https:\/\/flamekocamper.ee\/meist\/etrusco\/#breadcrumb","itemListElement":[{"@type":"ListItem","position":1,"name":"Home","item":"https:\/\/flamekocamper.ee\/"},{"@type":"ListItem","position":2,"name":"Meist","item":"https:\/\/flamekocamper.ee\/meist\/"},{"@type":"ListItem","position":3,"name":"Etrusco"}]},{"@type":"WebSite","@id":"https:\/\/flamekocamper.ee\/#website","url":"https:\/\/flamekocamper.ee\/","name":"Flameko Camper","description":"K&otilde;ik hooldus ja remontt&ouml;&ouml;d Sinu matkaautole ja haagissuvilale. Seda k&otilde;ike nii autole endale kui ka elamuosale!","publisher":{"@id":"https:\/\/flamekocamper.ee\/#organization"},"potentialAction":[{"@type":"SearchAction","target":{"@type":"EntryPoint","urlTemplate":"https:\/\/flamekocamper.ee\/?s={search_term_string}"},"query-input":{"@type":"PropertyValueSpecification","valueRequired":true,"valueName":"search_term_string"}}],"inLanguage":"en-US"},{"@type":"Organization","@id":"https:\/\/flamekocamper.ee\/#organization","name":"Flameko Camper - Flameko O\u00dc","url":"https:\/\/flamekocamper.ee\/","logo":{"@type":"ImageObject","inLanguage":"en-US","@id":"https:\/\/flamekocamper.ee\/#\/schema\/logo\/image\/","url":"https:\/\/flamekocamper.ee\/wp-content\/uploads\/2023\/04\/logo-2.png","contentUrl":"https:\/\/flamekocamper.ee\/wp-content\/uploads\/2023\/04\/logo-2.png","width":400,"height":283,"caption":"Flameko Camper - Flameko O\u00dc"},"image":{"@id":"https:\/\/flamekocamper.ee\/#\/schema\/logo\/image\/"},"sameAs":["https:\/\/www.facebook.com\/flamekocamper","https:\/\/www.instagram.com\/flamekocamper\/"]}]}},"_links":{"self":[{"href":"https:\/\/flamekocamper.ee\/en\/wp-json\/wp\/v2\/pages\/893","targetHints":{"allow":["GET"]}}],"collection":[{"href":"https:\/\/flamekocamper.ee\/en\/wp-json\/wp\/v2\/pages"}],"about":[{"href":"https:\/\/flamekocamper.ee\/en\/wp-json\/wp\/v2\/types\/page"}],"author":[{"embeddable":true,"href":"https:\/\/flamekocamper.ee\/en\/wp-json\/wp\/v2\/users\/1"}],"replies":[{"embeddable":true,"href":"https:\/\/flamekocamper.ee\/en\/wp-json\/wp\/v2\/comments?post=893"}],"version-history":[{"count":29,"href":"https:\/\/flamekocamper.ee\/en\/wp-json\/wp\/v2\/pages\/893\/revisions"}],"predecessor-version":[{"id":1630,"href":"https:\/\/flamekocamper.ee\/en\/wp-json\/wp\/v2\/pages\/893\/revisions\/1630"}],"up":[{"embeddable":true,"href":"https:\/\/flamekocamper.ee\/en\/wp-json\/wp\/v2\/pages\/263"}],"wp:featuredmedia":[{"embeddable":true,"href":"https:\/\/flamekocamper.ee\/en\/wp-json\/wp\/v2\/media\/894"}],"wp:attachment":[{"href":"https:\/\/flamekocamper.ee\/en\/wp-json\/wp\/v2\/media?parent=893"}],"curies":[{"name":"wp","href":"https:\/\/api.w.org\/{rel}","templated":true}]}}